{"id":12889,"date":"2024-12-12T18:27:44","date_gmt":"2024-12-12T16:27:44","guid":{"rendered":"https:\/\/chiarabevents.com\/?page_id=12889"},"modified":"2024-12-30T17:24:20","modified_gmt":"2024-12-30T15:24:20","slug":"tym","status":"publish","type":"page","link":"https:\/\/chiarabevents.com\/cs\/tym\/","title":{"rendered":"T\u00fdm"},"content":{"rendered":"<div data-elementor-type=\"wp-page\" data-elementor-id=\"12889\" class=\"elementor elementor-12889\">\n\t\t\t\t\t\t<section class=\"elementor-section elementor-top-section elementor-element elementor-element-dad6817 elementor-section-full_width eltdf-elementor-row-grid-section elementor-section-stretched elementor-section-height-default elementor-section-height-default eltdf-parallax-row-no eltdf-content-aligment-left eltdf-disabled-bg-image-bellow-no\" data-id=\"dad6817\" data-element_type=\"section\" data-settings=\"{&quot;background_background&quot;:&quot;classic&quot;,&quot;stretch_section&quot;:&quot;section-stretched&quot;}\">\n\t\t\t\t\t\t<div class=\"elementor-container elementor-column-gap-default\">\n\t\t\t\t\t<div class=\"elementor-column elementor-col-100 elementor-top-column elementor-element elementor-element-46687c1\" data-id=\"46687c1\" data-element_type=\"column\">\n\t\t\t<div class=\"elementor-widget-wrap elementor-element-populated\">\n\t\t\t\t\t\t<div class=\"elementor-element elementor-element-8c31762 elementor-widget elementor-widget-heading\" data-id=\"8c31762\" data-element_type=\"widget\" data-widget_type=\"heading.default\">\n\t\t\t\t<div class=\"elementor-widget-container\">\n\t\t\t\t\t<h2 class=\"elementor-heading-title elementor-size-default\">Seznamte se s t\u00fdmem<\/h2>\t\t\t\t<\/div>\n\t\t\t\t<\/div>\n\t\t\t\t<section class=\"elementor-section elementor-inner-section elementor-element elementor-element-29d7ddc meet-team elementor-section-full_width elementor-section-height-default elementor-section-height-default eltdf-parallax-row-no eltdf-content-aligment-left eltdf-elementor-row-grid-no eltdf-disabled-bg-image-bellow-no\" data-id=\"29d7ddc\" data-element_type=\"section\">\n\t\t\t\t\t\t<div class=\"elementor-container elementor-column-gap-default\">\n\t\t\t\t\t<div class=\"elementor-column elementor-col-25 elementor-inner-column elementor-element elementor-element-e871f29 team-member\" data-id=\"e871f29\" data-element_type=\"column\">\n\t\t\t<div class=\"elementor-widget-wrap elementor-element-populated\">\n\t\t\t\t\t\t<div class=\"elementor-element elementor-element-2c81e5d elementor-widget elementor-widget-image\" data-id=\"2c81e5d\" data-element_type=\"widget\" data-widget_type=\"image.default\">\n\t\t\t\t<div class=\"elementor-widget-container\">\n\t\t\t\t\t\t\t\t\t\t\t\t\t\t\t<img fetchpriority=\"high\" decoding=\"async\" width=\"683\" height=\"1024\" src=\"https:\/\/chiarabevents.com\/wp-content\/uploads\/2024\/12\/imgpsh_fullsize_anim-683x1024.jpg\" class=\"attachment-large size-large wp-image-12892\" alt=\"Elegantn\u00ed \u017eena v profesion\u00e1ln\u00edm stylu, s br\u00fdlemi a \u0161\u00e1tky, kter\u00e1 se specializuje na pl\u00e1nov\u00e1n\u00ed svateb, svatebn\u00ed poradenstv\u00ed, organizaci akc\u00ed, slu\u017eby svatebn\u00ed pl\u00e1nova\u010dky v Mil\u00e1n\u011b a It\u00e1lii.\" srcset=\"https:\/\/chiarabevents.com\/wp-content\/uploads\/2024\/12\/imgpsh_fullsize_anim-683x1024.jpg 683w, https:\/\/chiarabevents.com\/wp-content\/uploads\/2024\/12\/imgpsh_fullsize_anim-200x300.jpg 200w, https:\/\/chiarabevents.com\/wp-content\/uploads\/2024\/12\/imgpsh_fullsize_anim-768x1152.jpg 768w, https:\/\/chiarabevents.com\/wp-content\/uploads\/2024\/12\/imgpsh_fullsize_anim-1024x1536.jpg 1024w, https:\/\/chiarabevents.com\/wp-content\/uploads\/2024\/12\/imgpsh_fullsize_anim-8x12.jpg 8w, https:\/\/chiarabevents.com\/wp-content\/uploads\/2024\/12\/imgpsh_fullsize_anim.jpg 1067w\" sizes=\"(max-width: 683px) 100vw, 683px\" \/>\t\t\t\t\t\t\t\t\t\t\t\t\t\t\t<\/div>\n\t\t\t\t<\/div>\n\t\t\t\t<div class=\"elementor-element elementor-element-baac24f elementor-widget elementor-widget-icon-box\" data-id=\"baac24f\" data-element_type=\"widget\" data-widget_type=\"icon-box.default\">\n\t\t\t\t<div class=\"elementor-widget-container\">\n\t\t\t\t\t\t\t<div class=\"elementor-icon-box-wrapper\">\n\n\t\t\t\n\t\t\t\t\t\t<div class=\"elementor-icon-box-content\">\n\n\t\t\t\t\t\t\t\t\t<h3 class=\"elementor-icon-box-title\">\n\t\t\t\t\t\t<span  >\n\t\t\t\t\t\t\tGraziana L.\t\t\t\t\t\t<\/span>\n\t\t\t\t\t<\/h3>\n\t\t\t\t\n\t\t\t\t\t\t\t\t\t<p class=\"elementor-icon-box-description\">\n\t\t\t\t\t\tPROJEKTOV\u00dd MANA\u017dER A SPECIALISTA NA DESTINACE\n<div class=\"skills\">\nDovednosti:<br>\n<ul style=\"padding: 0\">\n  <li><strong>Odborn\u00fd pl\u00e1nova\u010d radostn\u00fdch okam\u017eik\u016f<\/strong><\/li>\n  <li><strong>Mistr v udr\u017eov\u00e1n\u00ed v\u0161eho (a v\u0161ech) pod kontrolou<\/strong><\/li>\n  <li><strong>V\u00edcejazy\u010dn\u00fd odborn\u00edk<\/strong><\/li>\n<\/ul>\n\n<div class=\"gmail\">\n<div>@grazianalanza\n<\/div>\n\n  <a href=\"mailto:graziana@chiarabevents.com\" style=\"color:#fff\">graziana@chiarabevents.com<\/a>\n<\/div>\n<\/div>\n\n\n\t\t\t\t\t<\/p>\n\t\t\t\t\n\t\t\t<\/div>\n\t\t\t\n\t\t<\/div>\n\t\t\t\t\t\t<\/div>\n\t\t\t\t<\/div>\n\t\t\t\t\t<\/div>\n\t\t<\/div>\n\t\t\t\t<div class=\"elementor-column elementor-col-25 elementor-inner-column elementor-element elementor-element-d556b28 team-member\" data-id=\"d556b28\" data-element_type=\"column\">\n\t\t\t<div class=\"elementor-widget-wrap elementor-element-populated\">\n\t\t\t\t\t\t<div class=\"elementor-element elementor-element-7c92b22 elementor-widget elementor-widget-image\" data-id=\"7c92b22\" data-element_type=\"widget\" data-widget_type=\"image.default\">\n\t\t\t\t<div class=\"elementor-widget-container\">\n\t\t\t\t\t\t\t\t\t\t\t\t\t\t\t<img decoding=\"async\" width=\"683\" height=\"1024\" src=\"https:\/\/chiarabevents.com\/wp-content\/uploads\/2024\/12\/imgpsh_fullsize_anim-4-683x1024.jpg\" class=\"attachment-large size-large wp-image-12974\" alt=\"Elegantn\u00ed \u017eena v \u010dern\u00fdch \u0161atech s b\u00edl\u00fdm \u0161\u00e1tkem, profesion\u00e1lka v oblasti svatebn\u00edho pl\u00e1nov\u00e1n\u00ed, kter\u00e1 p\u0159edstavuje slu\u017eby svatebn\u00edho pl\u00e1nov\u00e1n\u00ed, vyt\u0159\u00edben\u00fd styl a smysl pro detail.\" srcset=\"https:\/\/chiarabevents.com\/wp-content\/uploads\/2024\/12\/imgpsh_fullsize_anim-4-683x1024.jpg 683w, https:\/\/chiarabevents.com\/wp-content\/uploads\/2024\/12\/imgpsh_fullsize_anim-4-200x300.jpg 200w, https:\/\/chiarabevents.com\/wp-content\/uploads\/2024\/12\/imgpsh_fullsize_anim-4-768x1152.jpg 768w, https:\/\/chiarabevents.com\/wp-content\/uploads\/2024\/12\/imgpsh_fullsize_anim-4-1024x1536.jpg 1024w, https:\/\/chiarabevents.com\/wp-content\/uploads\/2024\/12\/imgpsh_fullsize_anim-4-8x12.jpg 8w, https:\/\/chiarabevents.com\/wp-content\/uploads\/2024\/12\/imgpsh_fullsize_anim-4.jpg 1067w\" sizes=\"(max-width: 683px) 100vw, 683px\" \/>\t\t\t\t\t\t\t\t\t\t\t\t\t\t\t<\/div>\n\t\t\t\t<\/div>\n\t\t\t\t<div class=\"elementor-element elementor-element-865dbe5 elementor-widget elementor-widget-icon-box\" data-id=\"865dbe5\" data-element_type=\"widget\" data-widget_type=\"icon-box.default\">\n\t\t\t\t<div class=\"elementor-widget-container\">\n\t\t\t\t\t\t\t<div class=\"elementor-icon-box-wrapper\">\n\n\t\t\t\n\t\t\t\t\t\t<div class=\"elementor-icon-box-content\">\n\n\t\t\t\t\t\t\t\t\t<h3 class=\"elementor-icon-box-title\">\n\t\t\t\t\t\t<span  >\n\t\t\t\t\t\t\tMarta M.\t\t\t\t\t\t<\/span>\n\t\t\t\t\t<\/h3>\n\t\t\t\t\n\t\t\t\t\t\t\t\t\t<p class=\"elementor-icon-box-description\">\n\t\t\t\t\t\tKOORDIN\u00c1TOR PL\u00c1NOV\u00c1N\u00cd A DESIGNU\n\n<div class=\"skills\">\nDovednosti:<br>\n<ul style=\"padding: 0\">\n  <li><strong>Okouzluj\u00edc\u00ed pl\u00e1nova\u010d<\/strong><\/li>\n  <li><strong>Tajn\u00fd agent \u0159e\u0161\u00edc\u00ed probl\u00e9my - \u00farove\u0148 Bonda<\/strong><\/li>\n  <li><strong>Z\u00e1bavn\u00e1 poh\u00e1dkov\u00e1 princezna<\/strong><\/li>\n<\/ul>\n\n<div class=\"gmail\">\n<div>@martinamendolia<\/div>\n\n<a href=\"mailto:marta@chiarabevents.com\" style=\"color: #FFF\">marta@chiarabevents.com<\/a>\n<\/div>\n\n<\/div>\n\n\t\t\t\t\t<\/p>\n\t\t\t\t\n\t\t\t<\/div>\n\t\t\t\n\t\t<\/div>\n\t\t\t\t\t\t<\/div>\n\t\t\t\t<\/div>\n\t\t\t\t\t<\/div>\n\t\t<\/div>\n\t\t\t\t<div class=\"elementor-column elementor-col-25 elementor-inner-column elementor-element elementor-element-b21a709 team-member\" data-id=\"b21a709\" data-element_type=\"column\">\n\t\t\t<div class=\"elementor-widget-wrap elementor-element-populated\">\n\t\t\t\t\t\t<div class=\"elementor-element elementor-element-b53c010 elementor-widget elementor-widget-image\" data-id=\"b53c010\" data-element_type=\"widget\" data-widget_type=\"image.default\">\n\t\t\t\t<div class=\"elementor-widget-container\">\n\t\t\t\t\t\t\t\t\t\t\t\t\t\t\t<img decoding=\"async\" width=\"683\" height=\"1024\" src=\"https:\/\/chiarabevents.com\/wp-content\/uploads\/2024\/12\/imgpsh_fullsize_anim-1-683x1024.jpg\" class=\"attachment-large size-large wp-image-12904\" alt=\"Kr\u00e1sn\u00e1 usm\u011bvav\u00e1 \u017eena v \u010dern\u00e9m saku a pruhovan\u00e9m \u0161\u00e1tku, kter\u00e1 se profesion\u00e1ln\u011b v\u011bnuje pl\u00e1nov\u00e1n\u00ed svateb a p\u0159edstavuje eleganci a styl pro svatby a zvl\u00e1\u0161tn\u00ed ud\u00e1losti.\" srcset=\"https:\/\/chiarabevents.com\/wp-content\/uploads\/2024\/12\/imgpsh_fullsize_anim-1-683x1024.jpg 683w, https:\/\/chiarabevents.com\/wp-content\/uploads\/2024\/12\/imgpsh_fullsize_anim-1-200x300.jpg 200w, https:\/\/chiarabevents.com\/wp-content\/uploads\/2024\/12\/imgpsh_fullsize_anim-1-768x1152.jpg 768w, https:\/\/chiarabevents.com\/wp-content\/uploads\/2024\/12\/imgpsh_fullsize_anim-1-1024x1536.jpg 1024w, https:\/\/chiarabevents.com\/wp-content\/uploads\/2024\/12\/imgpsh_fullsize_anim-1-8x12.jpg 8w, https:\/\/chiarabevents.com\/wp-content\/uploads\/2024\/12\/imgpsh_fullsize_anim-1.jpg 1067w\" sizes=\"(max-width: 683px) 100vw, 683px\" \/>\t\t\t\t\t\t\t\t\t\t\t\t\t\t\t<\/div>\n\t\t\t\t<\/div>\n\t\t\t\t<div class=\"elementor-element elementor-element-92596d2 elementor-widget elementor-widget-icon-box\" data-id=\"92596d2\" data-element_type=\"widget\" data-widget_type=\"icon-box.default\">\n\t\t\t\t<div class=\"elementor-widget-container\">\n\t\t\t\t\t\t\t<div class=\"elementor-icon-box-wrapper\">\n\n\t\t\t\n\t\t\t\t\t\t<div class=\"elementor-icon-box-content\">\n\n\t\t\t\t\t\t\t\t\t<h3 class=\"elementor-icon-box-title\">\n\t\t\t\t\t\t<span  >\n\t\t\t\t\t\t\tMartina G.\t\t\t\t\t\t<\/span>\n\t\t\t\t\t<\/h3>\n\t\t\t\t\n\t\t\t\t\t\t\t\t\t<p class=\"elementor-icon-box-description\">\n\t\t\t\t\t\tDESIGN\u00c9R A TV\u016eRCE AKC\u00cd\n<div class=\"skills\">\nDovednosti:<br>\n<ul style=\"padding: 0\">\n  <li><strong>D\u00edvka s kreativn\u00ed du\u0161\u00ed<\/strong><\/li>\n  <li><strong>Zen soust\u0159ed\u011bn\u00ed<\/strong><\/li>\n  <li><strong>M\u00f3dn\u00ed z\u00e1visl\u00e1k<\/strong><\/li>\n<\/ul>\n\n<div class=\"gmail\">\n<div>@martiinagulloo\n<\/div>\n\n  <a href=\"mailto:martina@chiarabevents.com\" style=\"color: #FFF\">martina@chiarabevents.com<\/a>\n<\/div>\n\n<\/div>\n\n\t\t\t\t\t<\/p>\n\t\t\t\t\n\t\t\t<\/div>\n\t\t\t\n\t\t<\/div>\n\t\t\t\t\t\t<\/div>\n\t\t\t\t<\/div>\n\t\t\t\t\t<\/div>\n\t\t<\/div>\n\t\t\t\t<div class=\"elementor-column elementor-col-25 elementor-inner-column elementor-element elementor-element-8cb3375 team-member\" data-id=\"8cb3375\" data-element_type=\"column\">\n\t\t\t<div class=\"elementor-widget-wrap elementor-element-populated\">\n\t\t\t\t\t\t<div class=\"elementor-element elementor-element-6388aef elementor-widget elementor-widget-image\" data-id=\"6388aef\" data-element_type=\"widget\" data-widget_type=\"image.default\">\n\t\t\t\t<div class=\"elementor-widget-container\">\n\t\t\t\t\t\t\t\t\t\t\t\t\t\t\t<img loading=\"lazy\" decoding=\"async\" width=\"683\" height=\"1024\" src=\"https:\/\/chiarabevents.com\/wp-content\/uploads\/2024\/12\/imgpsh_fullsize_anim-3-683x1024.jpg\" class=\"attachment-large size-large wp-image-12940\" alt=\"Profesion\u00e1ln\u00ed pl\u00e1nov\u00e1n\u00ed svateb a akc\u00ed se stylem a smyslem pro detail | ChiaraB Events Wedding Planner, odborn\u00edk na individu\u00e1ln\u00ed pl\u00e1nov\u00e1n\u00ed svateb a koordinaci elegantn\u00edch akc\u00ed v It\u00e1lii.\" srcset=\"https:\/\/chiarabevents.com\/wp-content\/uploads\/2024\/12\/imgpsh_fullsize_anim-3-683x1024.jpg 683w, https:\/\/chiarabevents.com\/wp-content\/uploads\/2024\/12\/imgpsh_fullsize_anim-3-200x300.jpg 200w, https:\/\/chiarabevents.com\/wp-content\/uploads\/2024\/12\/imgpsh_fullsize_anim-3-768x1152.jpg 768w, https:\/\/chiarabevents.com\/wp-content\/uploads\/2024\/12\/imgpsh_fullsize_anim-3-1024x1536.jpg 1024w, https:\/\/chiarabevents.com\/wp-content\/uploads\/2024\/12\/imgpsh_fullsize_anim-3-8x12.jpg 8w, https:\/\/chiarabevents.com\/wp-content\/uploads\/2024\/12\/imgpsh_fullsize_anim-3.jpg 1067w\" sizes=\"(max-width: 683px) 100vw, 683px\" \/>\t\t\t\t\t\t\t\t\t\t\t\t\t\t\t<\/div>\n\t\t\t\t<\/div>\n\t\t\t\t<div class=\"elementor-element elementor-element-872c42d elementor-widget elementor-widget-icon-box\" data-id=\"872c42d\" data-element_type=\"widget\" data-widget_type=\"icon-box.default\">\n\t\t\t\t<div class=\"elementor-widget-container\">\n\t\t\t\t\t\t\t<div class=\"elementor-icon-box-wrapper\">\n\n\t\t\t\n\t\t\t\t\t\t<div class=\"elementor-icon-box-content\">\n\n\t\t\t\t\t\t\t\t\t<h3 class=\"elementor-icon-box-title\">\n\t\t\t\t\t\t<span  >\n\t\t\t\t\t\t\tAlisa V.\t\t\t\t\t\t<\/span>\n\t\t\t\t\t<\/h3>\n\t\t\t\t\n\t\t\t\t\t\t\t\t\t<p class=\"elementor-icon-box-description\">\n\t\t\t\t\t\tPL\u00c1NOVA\u010c A SPECIALISTA NA DESTINACE\n\n<div class=\"skills\">\nDovednosti:<br>\n<ul style=\"padding: 0\">\n  <li><strong>Mistr spojen\u00ed<\/strong><\/li>\n  <li><strong>Mezin\u00e1rodn\u00ed duch<\/strong><\/li>\n  <li><strong>Chic Trend Influencer<\/strong><\/li>\n<\/ul>\n\n<div class=\"gmail\">\n<div>@alisa90ua\n<\/div>\n\n  <a href=\"mailto:direzione@chiarabevents.com\" style=\"color: #FFF\">direzione@chiarabevents.com<\/a>\n<\/div>\n\n<\/div>\n\n\t\t\t\t\t<\/p>\n\t\t\t\t\n\t\t\t<\/div>\n\t\t\t\n\t\t<\/div>\n\t\t\t\t\t\t<\/div>\n\t\t\t\t<\/div>\n\t\t\t\t\t<\/div>\n\t\t<\/div>\n\t\t\t\t\t<\/div>\n\t\t<\/section>\n\t\t\t\t\t<\/div>\n\t\t<\/div>\n\t\t\t\t\t<\/div>\n\t\t<\/section>\n\t\t\t\t<\/div>","protected":false},"excerpt":{"rendered":"<p>Seznamte se s t\u00fdmem Graziana L. PROJEKTOV\u00c1 MANA\u017dERKA A SPECIALISTKA NA DESTINACE Dovednosti: Odbornice na pl\u00e1nov\u00e1n\u00ed radostn\u00fdch okam\u017eik\u016f Mistryn\u011b v udr\u017eov\u00e1n\u00ed v\u0161eho (a v\u0161ech) pod kontrolou V\u00edcejazy\u010dn\u00e1 expertka @grazianalanza graziana@chiarabevents.com Marta M. PL\u00c1NOVA\u010cKA A KOORDIN\u00c1TORKA DESIGNU Dovednosti: Okouzluj\u00edc\u00ed pl\u00e1nova\u010dka \u0158e\u0161en\u00ed probl\u00e9m\u016f Tajn\u00e1 agentka - Bond Level Z\u00e1bavn\u00e1 princezna V\u00edla @martinamendolia marta@chiarabevents.com Martina G. DESIGN\u00c9RKA A TV\u016eRKYN\u011a AKC\u00cd Dovednosti: Kreativn\u00ed du\u0161e [...]<\/p>","protected":false},"author":1,"featured_media":13333,"parent":0,"menu_order":0,"comment_status":"closed","ping_status":"closed","template":"full-width.php","meta":{"footnotes":""},"class_list":["post-12889","page","type-page","status-publish","has-post-thumbnail","hentry"],"yoast_head":"<!-- This site is optimized with the Yoast SEO Premium plugin v21.8 (Yoast SEO v27.3) - https:\/\/yoast.com\/product\/yoast-seo-premium-wordpress\/ -->\n<title>Team - ChiaraB Events Wedding Planner<\/title>\n<meta name=\"robots\" content=\"index, follow, max-snippet:-1, max-image-preview:large, max-video-preview:-1\" \/>\n<link rel=\"canonical\" href=\"https:\/\/chiarabevents.com\/cs\/tym\/\" \/>\n<meta property=\"og:locale\" content=\"cs_CZ\" \/>\n<meta property=\"og:type\" content=\"article\" \/>\n<meta property=\"og:title\" content=\"Team\" \/>\n<meta property=\"og:description\" content=\"Meet the Team Graziana L. PROJECT MANAGER AND DESTINATIONS SPECIALIST Skills: Expert Planner of Joyful Moments Master of Keeping Everything (and Everyone) in Check Multilingual Expert @grazianalanza graziana@chiarabevents.com Marta M. PLANNER AND DESIGN COORDINATOR Skills: Glamorous Planner Problem-Solving Secret Agent &#8211; Bond Level Fun Fairy Princess @martinamendolia marta@chiarabevents.com Martina G. DESIGNER AND EVENT CREATOR Skills: Creative Soul [&hellip;]\" \/>\n<meta property=\"og:url\" content=\"https:\/\/chiarabevents.com\/cs\/tym\/\" \/>\n<meta property=\"og:site_name\" content=\"ChiaraB Events Wedding Planner\" \/>\n<meta property=\"article:publisher\" content=\"https:\/\/www.facebook.com\/chiarabevent\" \/>\n<meta property=\"article:modified_time\" content=\"2024-12-30T15:24:20+00:00\" \/>\n<meta property=\"og:image\" content=\"https:\/\/chiarabevents.com\/wp-content\/uploads\/2024\/12\/imgpsh_fullsize_anim.jpeg\" \/>\n\t<meta property=\"og:image:width\" content=\"1920\" \/>\n\t<meta property=\"og:image:height\" content=\"928\" \/>\n\t<meta property=\"og:image:type\" content=\"image\/jpeg\" \/>\n<meta name=\"twitter:card\" content=\"summary_large_image\" \/>\n<meta name=\"twitter:label1\" content=\"Est. reading time\" \/>\n\t<meta name=\"twitter:data1\" content=\"1 minute\" \/>\n<script type=\"application\/ld+json\" class=\"yoast-schema-graph\">{\"@context\":\"https:\\\/\\\/schema.org\",\"@graph\":[{\"@type\":\"WebPage\",\"@id\":\"https:\\\/\\\/chiarabevents.com\\\/team\\\/\",\"url\":\"https:\\\/\\\/chiarabevents.com\\\/team\\\/\",\"name\":\"Team - ChiaraB Events Wedding Planner\",\"isPartOf\":{\"@id\":\"https:\\\/\\\/chiarabevents.com\\\/#website\"},\"primaryImageOfPage\":{\"@id\":\"https:\\\/\\\/chiarabevents.com\\\/team\\\/#primaryimage\"},\"image\":{\"@id\":\"https:\\\/\\\/chiarabevents.com\\\/team\\\/#primaryimage\"},\"thumbnailUrl\":\"https:\\\/\\\/chiarabevents.com\\\/wp-content\\\/uploads\\\/2024\\\/12\\\/imgpsh_fullsize_anim.jpeg\",\"datePublished\":\"2024-12-12T16:27:44+00:00\",\"dateModified\":\"2024-12-30T15:24:20+00:00\",\"breadcrumb\":{\"@id\":\"https:\\\/\\\/chiarabevents.com\\\/team\\\/#breadcrumb\"},\"inLanguage\":\"cs-CZ\",\"potentialAction\":[{\"@type\":\"ReadAction\",\"target\":[\"https:\\\/\\\/chiarabevents.com\\\/team\\\/\"]}]},{\"@type\":\"ImageObject\",\"inLanguage\":\"cs-CZ\",\"@id\":\"https:\\\/\\\/chiarabevents.com\\\/team\\\/#primaryimage\",\"url\":\"https:\\\/\\\/chiarabevents.com\\\/wp-content\\\/uploads\\\/2024\\\/12\\\/imgpsh_fullsize_anim.jpeg\",\"contentUrl\":\"https:\\\/\\\/chiarabevents.com\\\/wp-content\\\/uploads\\\/2024\\\/12\\\/imgpsh_fullsize_anim.jpeg\",\"width\":1920,\"height\":928,\"caption\":\"Un team di professionisti dedicato all'organizzazione di matrimoni memorabili, offrendo servizi di planning, coordinamento e design di eventi di lusso in Sicilia.\"},{\"@type\":\"BreadcrumbList\",\"@id\":\"https:\\\/\\\/chiarabevents.com\\\/team\\\/#breadcrumb\",\"itemListElement\":[{\"@type\":\"ListItem\",\"position\":1,\"name\":\"Home\",\"item\":\"https:\\\/\\\/chiarabevents.com\\\/\"},{\"@type\":\"ListItem\",\"position\":2,\"name\":\"Team\"}]},{\"@type\":\"WebSite\",\"@id\":\"https:\\\/\\\/chiarabevents.com\\\/#website\",\"url\":\"https:\\\/\\\/chiarabevents.com\\\/\",\"name\":\"ChiaraB Events Wedding Planner\",\"description\":\"Un meraviglioso percorso fatto insieme\",\"publisher\":{\"@id\":\"https:\\\/\\\/chiarabevents.com\\\/#organization\"},\"potentialAction\":[{\"@type\":\"SearchAction\",\"target\":{\"@type\":\"EntryPoint\",\"urlTemplate\":\"https:\\\/\\\/chiarabevents.com\\\/?s={search_term_string}\"},\"query-input\":{\"@type\":\"PropertyValueSpecification\",\"valueRequired\":true,\"valueName\":\"search_term_string\"}}],\"inLanguage\":\"cs-CZ\"},{\"@type\":\"Organization\",\"@id\":\"https:\\\/\\\/chiarabevents.com\\\/#organization\",\"name\":\"ChiaraB Events Wedding Planner\",\"url\":\"https:\\\/\\\/chiarabevents.com\\\/\",\"logo\":{\"@type\":\"ImageObject\",\"inLanguage\":\"cs-CZ\",\"@id\":\"https:\\\/\\\/chiarabevents.com\\\/#\\\/schema\\\/logo\\\/image\\\/\",\"url\":\"https:\\\/\\\/chiarabevents.com\\\/wp-content\\\/uploads\\\/2023\\\/12\\\/cropped-Monogramma_chiarab.png\",\"contentUrl\":\"https:\\\/\\\/chiarabevents.com\\\/wp-content\\\/uploads\\\/2023\\\/12\\\/cropped-Monogramma_chiarab.png\",\"width\":512,\"height\":512,\"caption\":\"ChiaraB Events Wedding Planner\"},\"image\":{\"@id\":\"https:\\\/\\\/chiarabevents.com\\\/#\\\/schema\\\/logo\\\/image\\\/\"},\"sameAs\":[\"https:\\\/\\\/www.facebook.com\\\/chiarabevent\",\"https:\\\/\\\/www.instagram.com\\\/chiarab_events\\\/\"]}]}<\/script>\n<!-- \/ Yoast SEO Premium plugin. -->","yoast_head_json":{"title":"T\u00fdm - ChiaraB Events Wedding Planner","robots":{"index":"index","follow":"follow","max-snippet":"max-snippet:-1","max-image-preview":"max-image-preview:large","max-video-preview":"max-video-preview:-1"},"canonical":"https:\/\/chiarabevents.com\/cs\/tym\/","og_locale":"cs_CZ","og_type":"article","og_title":"Team","og_description":"Meet the Team Graziana L. PROJECT MANAGER AND DESTINATIONS SPECIALIST Skills: Expert Planner of Joyful Moments Master of Keeping Everything (and Everyone) in Check Multilingual Expert @grazianalanza graziana@chiarabevents.com Marta M. PLANNER AND DESIGN COORDINATOR Skills: Glamorous Planner Problem-Solving Secret Agent &#8211; Bond Level Fun Fairy Princess @martinamendolia marta@chiarabevents.com Martina G. DESIGNER AND EVENT CREATOR Skills: Creative Soul [&hellip;]","og_url":"https:\/\/chiarabevents.com\/cs\/tym\/","og_site_name":"ChiaraB Events Wedding Planner","article_publisher":"https:\/\/www.facebook.com\/chiarabevent","article_modified_time":"2024-12-30T15:24:20+00:00","og_image":[{"width":1920,"height":928,"url":"https:\/\/chiarabevents.com\/wp-content\/uploads\/2024\/12\/imgpsh_fullsize_anim.jpeg","type":"image\/jpeg"}],"twitter_card":"summary_large_image","twitter_misc":{"Est. reading time":"1 minute"},"schema":{"@context":"https:\/\/schema.org","@graph":[{"@type":"WebPage","@id":"https:\/\/chiarabevents.com\/team\/","url":"https:\/\/chiarabevents.com\/team\/","name":"T\u00fdm - ChiaraB Events Wedding Planner","isPartOf":{"@id":"https:\/\/chiarabevents.com\/#website"},"primaryImageOfPage":{"@id":"https:\/\/chiarabevents.com\/team\/#primaryimage"},"image":{"@id":"https:\/\/chiarabevents.com\/team\/#primaryimage"},"thumbnailUrl":"https:\/\/chiarabevents.com\/wp-content\/uploads\/2024\/12\/imgpsh_fullsize_anim.jpeg","datePublished":"2024-12-12T16:27:44+00:00","dateModified":"2024-12-30T15:24:20+00:00","breadcrumb":{"@id":"https:\/\/chiarabevents.com\/team\/#breadcrumb"},"inLanguage":"cs-CZ","potentialAction":[{"@type":"ReadAction","target":["https:\/\/chiarabevents.com\/team\/"]}]},{"@type":"ImageObject","inLanguage":"cs-CZ","@id":"https:\/\/chiarabevents.com\/team\/#primaryimage","url":"https:\/\/chiarabevents.com\/wp-content\/uploads\/2024\/12\/imgpsh_fullsize_anim.jpeg","contentUrl":"https:\/\/chiarabevents.com\/wp-content\/uploads\/2024\/12\/imgpsh_fullsize_anim.jpeg","width":1920,"height":928,"caption":"Un team di professionisti dedicato all'organizzazione di matrimoni memorabili, offrendo servizi di planning, coordinamento e design di eventi di lusso in Sicilia."},{"@type":"BreadcrumbList","@id":"https:\/\/chiarabevents.com\/team\/#breadcrumb","itemListElement":[{"@type":"ListItem","position":1,"name":"Home","item":"https:\/\/chiarabevents.com\/"},{"@type":"ListItem","position":2,"name":"Team"}]},{"@type":"WebSite","@id":"https:\/\/chiarabevents.com\/#website","url":"https:\/\/chiarabevents.com\/","name":"ChiaraB Ud\u00e1losti Svatebn\u00ed pl\u00e1nova\u010d","description":"N\u00e1dhern\u00e1 spole\u010dn\u00e1 cesta","publisher":{"@id":"https:\/\/chiarabevents.com\/#organization"},"potentialAction":[{"@type":"SearchAction","target":{"@type":"EntryPoint","urlTemplate":"https:\/\/chiarabevents.com\/?s={search_term_string}"},"query-input":{"@type":"PropertyValueSpecification","valueRequired":true,"valueName":"search_term_string"}}],"inLanguage":"cs-CZ"},{"@type":"Organization","@id":"https:\/\/chiarabevents.com\/#organization","name":"ChiaraB Ud\u00e1losti Svatebn\u00ed pl\u00e1nova\u010d","url":"https:\/\/chiarabevents.com\/","logo":{"@type":"ImageObject","inLanguage":"cs-CZ","@id":"https:\/\/chiarabevents.com\/#\/schema\/logo\/image\/","url":"https:\/\/chiarabevents.com\/wp-content\/uploads\/2023\/12\/cropped-Monogramma_chiarab.png","contentUrl":"https:\/\/chiarabevents.com\/wp-content\/uploads\/2023\/12\/cropped-Monogramma_chiarab.png","width":512,"height":512,"caption":"ChiaraB Events Wedding Planner"},"image":{"@id":"https:\/\/chiarabevents.com\/#\/schema\/logo\/image\/"},"sameAs":["https:\/\/www.facebook.com\/chiarabevent","https:\/\/www.instagram.com\/chiarab_events\/"]}]}},"_links":{"self":[{"href":"https:\/\/chiarabevents.com\/cs\/wp-json\/wp\/v2\/pages\/12889","targetHints":{"allow":["GET"]}}],"collection":[{"href":"https:\/\/chiarabevents.com\/cs\/wp-json\/wp\/v2\/pages"}],"about":[{"href":"https:\/\/chiarabevents.com\/cs\/wp-json\/wp\/v2\/types\/page"}],"author":[{"embeddable":true,"href":"https:\/\/chiarabevents.com\/cs\/wp-json\/wp\/v2\/users\/1"}],"replies":[{"embeddable":true,"href":"https:\/\/chiarabevents.com\/cs\/wp-json\/wp\/v2\/comments?post=12889"}],"version-history":[{"count":0,"href":"https:\/\/chiarabevents.com\/cs\/wp-json\/wp\/v2\/pages\/12889\/revisions"}],"wp:featuredmedia":[{"embeddable":true,"href":"https:\/\/chiarabevents.com\/cs\/wp-json\/wp\/v2\/media\/13333"}],"wp:attachment":[{"href":"https:\/\/chiarabevents.com\/cs\/wp-json\/wp\/v2\/media?parent=12889"}],"curies":[{"name":"wp","href":"https:\/\/api.w.org\/{rel}","templated":true}]}}