{"id":13371,"date":"2025-01-14T13:31:31","date_gmt":"2025-01-14T11:31:31","guid":{"rendered":"https:\/\/chiarabevents.com\/?page_id=13371"},"modified":"2025-02-04T13:46:39","modified_gmt":"2025-02-04T11:46:39","slug":"zadost-o-informace","status":"publish","type":"page","link":"https:\/\/chiarabevents.com\/cs\/zadost-o-informace\/","title":{"rendered":"\u017d\u00e1dost o informace"},"content":{"rendered":"<div data-elementor-type=\"wp-page\" data-elementor-id=\"13371\" class=\"elementor elementor-13371\">\n\t\t\t\t\t\t<section class=\"elementor-section elementor-top-section elementor-element elementor-element-b17ebdd elementor-section-full_width eltdf-elementor-row-grid-section elementor-section-height-default elementor-section-height-default eltdf-parallax-row-no eltdf-content-aligment-left eltdf-disabled-bg-image-bellow-no\" data-id=\"b17ebdd\" data-element_type=\"section\">\n\t\t\t\t\t\t<div class=\"elementor-container elementor-column-gap-default\">\n\t\t\t\t\t<div class=\"elementor-column elementor-col-100 elementor-top-column elementor-element elementor-element-246a66d\" data-id=\"246a66d\" data-element_type=\"column\">\n\t\t\t<div class=\"elementor-widget-wrap elementor-element-populated\">\n\t\t\t\t\t\t<div class=\"elementor-element elementor-element-e45d8ee elementor-widget elementor-widget-eltdf_section_title\" data-id=\"e45d8ee\" data-element_type=\"widget\" data-widget_type=\"eltdf_section_title.default\">\n\t\t\t\t<div class=\"elementor-widget-container\">\n\t\t\t\t\t<div class=\"eltdf-section-title-holder\" style=\"text-align: center\">\n\t<div class=\"eltdf-st-inner\">\n\t\t\t\t\t\t\t<h2 class=\"eltdf-st-title\" >\n\t\t\t\tVy\u017e\u00e1dat si informace\t\t\t\t\t\t\t<\/h2>\n\t\t\t\t\t\t\t<h3  class=\"eltdf-st-subtitle\" style=\"text-transform: none;font-style: italic;color: #84847C\">\n\t\t\t\t<span>\n\t\t\t\t\tVypl\u0148te formul\u00e1\u0159 pro jak\u00e9koli informace\t\t\t\t\t\t\t\t\t<\/span>\n\t\t\t<\/h3>\n\t\t\t\t\t\t\t<\/div>\n<\/div>\t\t\t\t<\/div>\n\t\t\t\t<\/div>\n\t\t\t\t<div class=\"elementor-element elementor-element-60e0254 elementor-widget elementor-widget-spacer\" data-id=\"60e0254\" data-element_type=\"widget\" data-widget_type=\"spacer.default\">\n\t\t\t\t<div class=\"elementor-widget-container\">\n\t\t\t\t\t\t\t<div class=\"elementor-spacer\">\n\t\t\t<div class=\"elementor-spacer-inner\"><\/div>\n\t\t<\/div>\n\t\t\t\t\t\t<\/div>\n\t\t\t\t<\/div>\n\t\t\t\t<section class=\"elementor-section elementor-inner-section elementor-element elementor-element-833ce60 elementor-section-full_width elementor-section-height-default elementor-section-height-default eltdf-parallax-row-no eltdf-content-aligment-left eltdf-elementor-row-grid-no eltdf-disabled-bg-image-bellow-no\" data-id=\"833ce60\" data-element_type=\"section\">\n\t\t\t\t\t\t<div class=\"elementor-container elementor-column-gap-default\">\n\t\t\t\t\t<div class=\"elementor-column elementor-col-100 elementor-inner-column elementor-element elementor-element-9fe72cf\" data-id=\"9fe72cf\" data-element_type=\"column\" data-settings=\"{&quot;background_background&quot;:&quot;classic&quot;}\">\n\t\t\t<div class=\"elementor-widget-wrap elementor-element-populated\">\n\t\t\t\t\t\t<div class=\"elementor-element elementor-element-e962dfe elementor-widget elementor-widget-eltdf_cf7\" data-id=\"e962dfe\" data-element_type=\"widget\" data-widget_type=\"eltdf_cf7.default\">\n\t\t\t\t<div class=\"elementor-widget-container\">\n\t\t\t\t\t    \n<div class=\"wpcf7 no-js\" id=\"wpcf7-f5548-o1\" lang=\"en-US\" dir=\"ltr\" data-wpcf7-id=\"5548\">\n<div class=\"screen-reader-response\"><p role=\"status\" aria-live=\"polite\" aria-atomic=\"true\"><\/p> <ul><\/ul><\/div>\n<form action=\"\/cs\/wp-json\/wp\/v2\/pages\/13371#wpcf7-f5548-o1\" method=\"post\" class=\"wpcf7-form init default\" aria-label=\"Contact form\" novalidate=\"novalidate\" data-status=\"init\" data-trp-original-action=\"\/cs\/wp-json\/wp\/v2\/pages\/13371#wpcf7-f5548-o1\">\n<fieldset class=\"hidden-fields-container\"><input type=\"hidden\" name=\"_wpcf7\" value=\"5548\" \/><input type=\"hidden\" name=\"_wpcf7_version\" value=\"6.1.5\" \/><input type=\"hidden\" name=\"_wpcf7_locale\" value=\"en_US\" \/><input type=\"hidden\" name=\"_wpcf7_unit_tag\" value=\"wpcf7-f5548-o1\" \/><input type=\"hidden\" name=\"_wpcf7_container_post\" value=\"0\" \/><input type=\"hidden\" name=\"_wpcf7_posted_data_hash\" value=\"\" \/>\n<\/fieldset>\n<div class=\"eltdf-custom-cf\">\n<div class=\"eltdf-grid-list eltdf-two-columns eltdf-normal-space clearfix\"><div class=\"eltdf-outer-space\">\n<div class=\"eltdf-item-space\"><span class=\"wpcf7-form-control-wrap\" data-name=\"your-name\"><input size=\"40\" maxlength=\"400\" class=\"wpcf7-form-control wpcf7-text wpcf7-validates-as-required\" aria-required=\"true\" aria-invalid=\"false\" placeholder=\"jm\u00e9no*\" value=\"\" type=\"text\" name=\"your-name\" \/><\/span><\/div>\n<div class=\"eltdf-item-space\"><span class=\"wpcf7-form-control-wrap\" data-name=\"your-partner\"><input size=\"40\" maxlength=\"400\" class=\"wpcf7-form-control wpcf7-text\" aria-invalid=\"false\" placeholder=\"jm\u00e9no va\u0161eho partnera\" value=\"\" type=\"text\" name=\"your-partner\" \/><\/span><\/div>\n<div class=\"eltdf-item-space\"><span class=\"wpcf7-form-control-wrap\" data-name=\"your-email\"><input size=\"40\" maxlength=\"400\" class=\"wpcf7-form-control wpcf7-email wpcf7-validates-as-required wpcf7-text wpcf7-validates-as-email\" aria-required=\"true\" aria-invalid=\"false\" placeholder=\"e-mail*\" value=\"\" type=\"email\" name=\"your-email\" \/><\/span><\/div>\n<div class=\"eltdf-item-space\"><span class=\"wpcf7-form-control-wrap\" data-name=\"your-phone\"><input size=\"40\" maxlength=\"400\" class=\"wpcf7-form-control wpcf7-tel wpcf7-validates-as-required wpcf7-text wpcf7-validates-as-tel\" aria-required=\"true\" aria-invalid=\"false\" placeholder=\"telefon* (s p\u0159edvolbou zem\u011b)\" value=\"\" type=\"tel\" name=\"your-phone\" \/><\/span><\/div>\n<div class=\"eltdf-item-space\"><span class=\"wpcf7-form-control-wrap\" data-name=\"your-country\"><input size=\"40\" maxlength=\"400\" class=\"wpcf7-form-control wpcf7-text wpcf7-validates-as-required\" aria-required=\"true\" aria-invalid=\"false\" placeholder=\"st\u00e1tn\u00ed p\u0159\u00edslu\u0161nost*\" value=\"\" type=\"text\" name=\"your-country\" \/><\/span><\/div>\n<div class=\"eltdf-item-space\"><span class=\"wpcf7-form-control-wrap\" data-name=\"your-social\"><input size=\"40\" maxlength=\"400\" class=\"wpcf7-form-control wpcf7-text\" aria-invalid=\"false\" placeholder=\"soci\u00e1ln\u00ed profil\" value=\"\" type=\"text\" name=\"your-social\" \/><\/span><\/div>\n<div class=\"eltdf-item-space\"><span class=\"wpcf7-form-control-wrap\" data-name=\"your-date\"><input size=\"40\" maxlength=\"400\" class=\"wpcf7-form-control wpcf7-text wpcf7-validates-as-required\" aria-required=\"true\" aria-invalid=\"false\" placeholder=\"datum ud\u00e1losti*\" value=\"\" type=\"text\" name=\"your-date\" \/><\/span><\/div>\n<div class=\"eltdf-item-space\"><span class=\"wpcf7-form-control-wrap\" data-name=\"your-guests\"><input size=\"40\" maxlength=\"400\" class=\"wpcf7-form-control wpcf7-text wpcf7-validates-as-required\" aria-required=\"true\" aria-invalid=\"false\" placeholder=\"ide\u00e1ln\u00ed po\u010det host\u016f*\" value=\"\" type=\"text\" name=\"your-guests\" \/><\/span><\/div>\n<div class=\"eltdf-item-space\"><span class=\"wpcf7-form-control-wrap\" data-name=\"your-destination\"><input size=\"40\" maxlength=\"400\" class=\"wpcf7-form-control wpcf7-text wpcf7-validates-as-required\" aria-required=\"true\" aria-invalid=\"false\" placeholder=\"C\u00edl(e)*\" value=\"\" type=\"text\" name=\"your-destination\" \/><\/span><\/div>\n<div class=\"eltdf-item-space\"><span class=\"wpcf7-form-control-wrap\" data-name=\"your-budget\"><input size=\"40\" maxlength=\"400\" class=\"wpcf7-form-control wpcf7-text\" aria-invalid=\"false\" placeholder=\"Rozsah rozpo\u010dtu akce\" value=\"\" type=\"text\" name=\"your-budget\" \/><\/span><\/div>\n<div class=\"eltdf-item-space\"><span class=\"wpcf7-form-control-wrap\" data-name=\"your-vision\"><textarea cols=\"40\" rows=\"6\" maxlength=\"2000\" class=\"wpcf7-form-control wpcf7-textarea\" aria-invalid=\"false\" placeholder=\"Pov\u011bzte mi o sv\u00e9 vizi\" name=\"your-vision\"><\/textarea><\/span><\/div>\n<div class=\"eltdf-item-space\"><span class=\"wpcf7-form-control-wrap\" data-name=\"your-what\"><textarea cols=\"40\" rows=\"6\" maxlength=\"2000\" class=\"wpcf7-form-control wpcf7-textarea\" aria-invalid=\"false\" placeholder=\"\u0158ekni mi, co chce\u0161 a co nechce\u0161.\" name=\"your-what\"><\/textarea><\/span><\/div>\n<\/div>\n<\/div>\n<button class=\"wpcf7-form-control wpcf7-submit eltdf-btn eltdf-btn-large eltdf-btn-solid\" type=\"submit\"><span class=\"eltdf-btn-text\">Odeslat<\/span><\/button>\n<\/div><div class=\"wpcf7-response-output\" aria-hidden=\"true\"><\/div>\n<input type=\"hidden\" name=\"trp-form-language\" value=\"cs\"\/><\/form>\n<\/div>\n\t\t\t\t<\/div>\n\t\t\t\t<\/div>\n\t\t\t\t\t<\/div>\n\t\t<\/div>\n\t\t\t\t\t<\/div>\n\t\t<\/section>\n\t\t\t\t\t<\/div>\n\t\t<\/div>\n\t\t\t\t\t<\/div>\n\t\t<\/section>\n\t\t\t\t<\/div>","protected":false},"excerpt":{"rendered":"<p>\u017d\u00e1dost o informace Vypl\u0148te formul\u00e1\u0159 a z\u00edskejte jak\u00e9koli informace.<\/p>","protected":false},"author":1,"featured_media":0,"parent":0,"menu_order":0,"comment_status":"closed","ping_status":"closed","template":"","meta":{"footnotes":""},"class_list":["post-13371","page","type-page","status-publish","hentry"],"yoast_head":"<!-- This site is optimized with the Yoast SEO Premium plugin v21.8 (Yoast SEO v27.3) - https:\/\/yoast.com\/product\/yoast-seo-premium-wordpress\/ -->\n<title>Richiesta Informazioni - ChiaraB Events Wedding Planner<\/title>\n<meta name=\"robots\" content=\"index, follow, max-snippet:-1, max-image-preview:large, max-video-preview:-1\" \/>\n<link rel=\"canonical\" href=\"https:\/\/chiarabevents.com\/cs\/zadost-o-informace\/\" \/>\n<meta property=\"og:locale\" content=\"cs_CZ\" \/>\n<meta property=\"og:type\" content=\"article\" \/>\n<meta property=\"og:title\" content=\"Richiesta Informazioni\" \/>\n<meta property=\"og:description\" content=\"Richiedi Informazioni Compila il form per qualsiasi informazione Invia\" \/>\n<meta property=\"og:url\" content=\"https:\/\/chiarabevents.com\/cs\/zadost-o-informace\/\" \/>\n<meta property=\"og:site_name\" content=\"ChiaraB Events Wedding Planner\" \/>\n<meta property=\"article:publisher\" content=\"https:\/\/www.facebook.com\/chiarabevent\" \/>\n<meta property=\"article:modified_time\" content=\"2025-02-04T11:46:39+00:00\" \/>\n<meta name=\"twitter:card\" content=\"summary_large_image\" \/>\n<meta name=\"twitter:label1\" content=\"Odhadovan\u00e1 doba \u010dten\u00ed\" \/>\n\t<meta name=\"twitter:data1\" content=\"1 minute\" \/>\n<script type=\"application\/ld+json\" class=\"yoast-schema-graph\">{\"@context\":\"https:\\\/\\\/schema.org\",\"@graph\":[{\"@type\":\"WebPage\",\"@id\":\"https:\\\/\\\/chiarabevents.com\\\/richiesta-informazioni\\\/\",\"url\":\"https:\\\/\\\/chiarabevents.com\\\/richiesta-informazioni\\\/\",\"name\":\"Richiesta Informazioni - ChiaraB Events Wedding Planner\",\"isPartOf\":{\"@id\":\"https:\\\/\\\/chiarabevents.com\\\/#website\"},\"datePublished\":\"2025-01-14T11:31:31+00:00\",\"dateModified\":\"2025-02-04T11:46:39+00:00\",\"breadcrumb\":{\"@id\":\"https:\\\/\\\/chiarabevents.com\\\/richiesta-informazioni\\\/#breadcrumb\"},\"inLanguage\":\"cs-CZ\",\"potentialAction\":[{\"@type\":\"ReadAction\",\"target\":[\"https:\\\/\\\/chiarabevents.com\\\/richiesta-informazioni\\\/\"]}]},{\"@type\":\"BreadcrumbList\",\"@id\":\"https:\\\/\\\/chiarabevents.com\\\/richiesta-informazioni\\\/#breadcrumb\",\"itemListElement\":[{\"@type\":\"ListItem\",\"position\":1,\"name\":\"Home\",\"item\":\"https:\\\/\\\/chiarabevents.com\\\/\"},{\"@type\":\"ListItem\",\"position\":2,\"name\":\"Richiesta Informazioni\"}]},{\"@type\":\"WebSite\",\"@id\":\"https:\\\/\\\/chiarabevents.com\\\/#website\",\"url\":\"https:\\\/\\\/chiarabevents.com\\\/\",\"name\":\"ChiaraB Events Wedding Planner\",\"description\":\"Un meraviglioso percorso fatto insieme\",\"publisher\":{\"@id\":\"https:\\\/\\\/chiarabevents.com\\\/#organization\"},\"potentialAction\":[{\"@type\":\"SearchAction\",\"target\":{\"@type\":\"EntryPoint\",\"urlTemplate\":\"https:\\\/\\\/chiarabevents.com\\\/?s={search_term_string}\"},\"query-input\":{\"@type\":\"PropertyValueSpecification\",\"valueRequired\":true,\"valueName\":\"search_term_string\"}}],\"inLanguage\":\"cs-CZ\"},{\"@type\":\"Organization\",\"@id\":\"https:\\\/\\\/chiarabevents.com\\\/#organization\",\"name\":\"ChiaraB Events Wedding Planner\",\"url\":\"https:\\\/\\\/chiarabevents.com\\\/\",\"logo\":{\"@type\":\"ImageObject\",\"inLanguage\":\"cs-CZ\",\"@id\":\"https:\\\/\\\/chiarabevents.com\\\/#\\\/schema\\\/logo\\\/image\\\/\",\"url\":\"https:\\\/\\\/chiarabevents.com\\\/wp-content\\\/uploads\\\/2023\\\/12\\\/cropped-Monogramma_chiarab.png\",\"contentUrl\":\"https:\\\/\\\/chiarabevents.com\\\/wp-content\\\/uploads\\\/2023\\\/12\\\/cropped-Monogramma_chiarab.png\",\"width\":512,\"height\":512,\"caption\":\"ChiaraB Events Wedding Planner\"},\"image\":{\"@id\":\"https:\\\/\\\/chiarabevents.com\\\/#\\\/schema\\\/logo\\\/image\\\/\"},\"sameAs\":[\"https:\\\/\\\/www.facebook.com\\\/chiarabevent\",\"https:\\\/\\\/www.instagram.com\\\/chiarab_events\\\/\"]}]}<\/script>\n<!-- \/ Yoast SEO Premium plugin. -->","yoast_head_json":{"title":"\u017d\u00e1dost o informace - ChiaraB Events Wedding Planner","robots":{"index":"index","follow":"follow","max-snippet":"max-snippet:-1","max-image-preview":"max-image-preview:large","max-video-preview":"max-video-preview:-1"},"canonical":"https:\/\/chiarabevents.com\/cs\/zadost-o-informace\/","og_locale":"cs_CZ","og_type":"article","og_title":"Richiesta Informazioni","og_description":"Richiedi Informazioni Compila il form per qualsiasi informazione Invia","og_url":"https:\/\/chiarabevents.com\/cs\/zadost-o-informace\/","og_site_name":"ChiaraB Events Wedding Planner","article_publisher":"https:\/\/www.facebook.com\/chiarabevent","article_modified_time":"2025-02-04T11:46:39+00:00","twitter_card":"summary_large_image","twitter_misc":{"Odhadovan\u00e1 doba \u010dten\u00ed":"1 minute"},"schema":{"@context":"https:\/\/schema.org","@graph":[{"@type":"WebPage","@id":"https:\/\/chiarabevents.com\/richiesta-informazioni\/","url":"https:\/\/chiarabevents.com\/richiesta-informazioni\/","name":"\u017d\u00e1dost o informace - ChiaraB Events Wedding Planner","isPartOf":{"@id":"https:\/\/chiarabevents.com\/#website"},"datePublished":"2025-01-14T11:31:31+00:00","dateModified":"2025-02-04T11:46:39+00:00","breadcrumb":{"@id":"https:\/\/chiarabevents.com\/richiesta-informazioni\/#breadcrumb"},"inLanguage":"cs-CZ","potentialAction":[{"@type":"ReadAction","target":["https:\/\/chiarabevents.com\/richiesta-informazioni\/"]}]},{"@type":"BreadcrumbList","@id":"https:\/\/chiarabevents.com\/richiesta-informazioni\/#breadcrumb","itemListElement":[{"@type":"ListItem","position":1,"name":"Home","item":"https:\/\/chiarabevents.com\/"},{"@type":"ListItem","position":2,"name":"Richiesta Informazioni"}]},{"@type":"WebSite","@id":"https:\/\/chiarabevents.com\/#website","url":"https:\/\/chiarabevents.com\/","name":"ChiaraB Ud\u00e1losti Svatebn\u00ed pl\u00e1nova\u010d","description":"N\u00e1dhern\u00e1 spole\u010dn\u00e1 cesta","publisher":{"@id":"https:\/\/chiarabevents.com\/#organization"},"potentialAction":[{"@type":"SearchAction","target":{"@type":"EntryPoint","urlTemplate":"https:\/\/chiarabevents.com\/?s={search_term_string}"},"query-input":{"@type":"PropertyValueSpecification","valueRequired":true,"valueName":"search_term_string"}}],"inLanguage":"cs-CZ"},{"@type":"Organization","@id":"https:\/\/chiarabevents.com\/#organization","name":"ChiaraB Ud\u00e1losti Svatebn\u00ed pl\u00e1nova\u010d","url":"https:\/\/chiarabevents.com\/","logo":{"@type":"ImageObject","inLanguage":"cs-CZ","@id":"https:\/\/chiarabevents.com\/#\/schema\/logo\/image\/","url":"https:\/\/chiarabevents.com\/wp-content\/uploads\/2023\/12\/cropped-Monogramma_chiarab.png","contentUrl":"https:\/\/chiarabevents.com\/wp-content\/uploads\/2023\/12\/cropped-Monogramma_chiarab.png","width":512,"height":512,"caption":"ChiaraB Events Wedding Planner"},"image":{"@id":"https:\/\/chiarabevents.com\/#\/schema\/logo\/image\/"},"sameAs":["https:\/\/www.facebook.com\/chiarabevent","https:\/\/www.instagram.com\/chiarab_events\/"]}]}},"_links":{"self":[{"href":"https:\/\/chiarabevents.com\/cs\/wp-json\/wp\/v2\/pages\/13371","targetHints":{"allow":["GET"]}}],"collection":[{"href":"https:\/\/chiarabevents.com\/cs\/wp-json\/wp\/v2\/pages"}],"about":[{"href":"https:\/\/chiarabevents.com\/cs\/wp-json\/wp\/v2\/types\/page"}],"author":[{"embeddable":true,"href":"https:\/\/chiarabevents.com\/cs\/wp-json\/wp\/v2\/users\/1"}],"replies":[{"embeddable":true,"href":"https:\/\/chiarabevents.com\/cs\/wp-json\/wp\/v2\/comments?post=13371"}],"version-history":[{"count":0,"href":"https:\/\/chiarabevents.com\/cs\/wp-json\/wp\/v2\/pages\/13371\/revisions"}],"wp:attachment":[{"href":"https:\/\/chiarabevents.com\/cs\/wp-json\/wp\/v2\/media?parent=13371"}],"curies":[{"name":"wp","href":"https:\/\/api.w.org\/{rel}","templated":true}]}}