{"id":34418,"date":"2026-02-26T01:11:57","date_gmt":"2026-02-25T23:11:57","guid":{"rendered":"https:\/\/chiarabevents.com\/"},"modified":"2026-03-03T15:17:22","modified_gmt":"2026-03-03T13:17:22","slug":"destination-wedding-sicilia","status":"publish","type":"page","link":"https:\/\/chiarabevents.com\/cs\/destination-wedding-sicilia\/","title":{"rendered":"Svatba na destinaci Sic\u00edlie"},"content":{"rendered":"","protected":false},"excerpt":{"rendered":"","protected":false},"author":1,"featured_media":34321,"parent":0,"menu_order":0,"comment_status":"closed","ping_status":"closed","template":"page-destination-wedding.php","meta":{"footnotes":""},"class_list":["post-34418","page","type-page","status-publish","has-post-thumbnail","hentry"],"yoast_head":"<!-- This site is optimized with the Yoast SEO Premium plugin v21.8 (Yoast SEO v27.3) - https:\/\/yoast.com\/product\/yoast-seo-premium-wordpress\/ -->\n<title>Destination Wedding Sicilia: Sogna il Matrimonio Perfetto<\/title>\n<meta name=\"description\" content=\"Scopri il destination wedding in Sicilia, la location ideale per un matrimonio da favola. Prenota ora il tuo giorno speciale!\" \/>\n<meta name=\"robots\" content=\"index, follow, max-snippet:-1, max-image-preview:large, max-video-preview:-1\" \/>\n<link rel=\"canonical\" href=\"https:\/\/chiarabevents.com\/cs\/destination-wedding-sicilia\/\" \/>\n<meta property=\"og:locale\" content=\"cs_CZ\" \/>\n<meta property=\"og:type\" content=\"article\" \/>\n<meta property=\"og:title\" content=\"Destination wedding sicilia\" \/>\n<meta property=\"og:description\" content=\"Scopri il destination wedding in Sicilia, la location ideale per un matrimonio da favola. Prenota ora il tuo giorno speciale!\" \/>\n<meta property=\"og:url\" content=\"https:\/\/chiarabevents.com\/cs\/destination-wedding-sicilia\/\" \/>\n<meta property=\"og:site_name\" content=\"ChiaraB Events Wedding Planner\" \/>\n<meta property=\"article:publisher\" content=\"https:\/\/www.facebook.com\/chiarabevent\" \/>\n<meta property=\"article:modified_time\" content=\"2026-03-03T13:17:22+00:00\" \/>\n<meta property=\"og:image\" content=\"https:\/\/chiarabevents.com\/wp-content\/uploads\/2026\/02\/2989-MV-gapweddingphotos-scaled.jpg\" \/>\n\t<meta property=\"og:image:width\" content=\"1707\" \/>\n\t<meta property=\"og:image:height\" content=\"2560\" \/>\n\t<meta property=\"og:image:type\" content=\"image\/jpeg\" \/>\n<meta name=\"twitter:card\" content=\"summary_large_image\" \/>\n<meta name=\"twitter:label1\" content=\"Est. reading time\" \/>\n\t<meta name=\"twitter:data1\" content=\"1 minute\" \/>\n<script type=\"application\/ld+json\" class=\"yoast-schema-graph\">{\"@context\":\"https:\\\/\\\/schema.org\",\"@graph\":[{\"@type\":\"WebPage\",\"@id\":\"https:\\\/\\\/chiarabevents.com\\\/destination-wedding-sicilia\\\/\",\"url\":\"https:\\\/\\\/chiarabevents.com\\\/destination-wedding-sicilia\\\/\",\"name\":\"Destination Wedding Sicilia: Sogna il Matrimonio Perfetto\",\"isPartOf\":{\"@id\":\"https:\\\/\\\/chiarabevents.com\\\/#website\"},\"primaryImageOfPage\":{\"@id\":\"https:\\\/\\\/chiarabevents.com\\\/destination-wedding-sicilia\\\/#primaryimage\"},\"image\":{\"@id\":\"https:\\\/\\\/chiarabevents.com\\\/destination-wedding-sicilia\\\/#primaryimage\"},\"thumbnailUrl\":\"https:\\\/\\\/chiarabevents.com\\\/wp-content\\\/uploads\\\/2026\\\/02\\\/2989-MV-gapweddingphotos-scaled.jpg\",\"datePublished\":\"2026-02-25T23:11:57+00:00\",\"dateModified\":\"2026-03-03T13:17:22+00:00\",\"description\":\"Scopri il destination wedding in Sicilia, la location ideale per un matrimonio da favola. Prenota ora il tuo giorno speciale!\",\"breadcrumb\":{\"@id\":\"https:\\\/\\\/chiarabevents.com\\\/destination-wedding-sicilia\\\/#breadcrumb\"},\"inLanguage\":\"cs-CZ\",\"potentialAction\":[{\"@type\":\"ReadAction\",\"target\":[\"https:\\\/\\\/chiarabevents.com\\\/destination-wedding-sicilia\\\/\"]}]},{\"@type\":\"ImageObject\",\"inLanguage\":\"cs-CZ\",\"@id\":\"https:\\\/\\\/chiarabevents.com\\\/destination-wedding-sicilia\\\/#primaryimage\",\"url\":\"https:\\\/\\\/chiarabevents.com\\\/wp-content\\\/uploads\\\/2026\\\/02\\\/2989-MV-gapweddingphotos-scaled.jpg\",\"contentUrl\":\"https:\\\/\\\/chiarabevents.com\\\/wp-content\\\/uploads\\\/2026\\\/02\\\/2989-MV-gapweddingphotos-scaled.jpg\",\"width\":1707,\"height\":2560,\"caption\":\"Momento emozionante tra la sposa e la damigella prima del matrimonio, con cane al seguito, in un ambiente luminoso e elegante, perfetto per servizi di wedding planning e organizzazione eventi.\"},{\"@type\":\"BreadcrumbList\",\"@id\":\"https:\\\/\\\/chiarabevents.com\\\/destination-wedding-sicilia\\\/#breadcrumb\",\"itemListElement\":[{\"@type\":\"ListItem\",\"position\":1,\"name\":\"Home\",\"item\":\"https:\\\/\\\/chiarabevents.com\\\/\"},{\"@type\":\"ListItem\",\"position\":2,\"name\":\"Destination wedding sicilia\"}]},{\"@type\":\"WebSite\",\"@id\":\"https:\\\/\\\/chiarabevents.com\\\/#website\",\"url\":\"https:\\\/\\\/chiarabevents.com\\\/\",\"name\":\"ChiaraB Events Wedding Planner\",\"description\":\"Un meraviglioso percorso fatto insieme\",\"publisher\":{\"@id\":\"https:\\\/\\\/chiarabevents.com\\\/#organization\"},\"potentialAction\":[{\"@type\":\"SearchAction\",\"target\":{\"@type\":\"EntryPoint\",\"urlTemplate\":\"https:\\\/\\\/chiarabevents.com\\\/?s={search_term_string}\"},\"query-input\":{\"@type\":\"PropertyValueSpecification\",\"valueRequired\":true,\"valueName\":\"search_term_string\"}}],\"inLanguage\":\"cs-CZ\"},{\"@type\":\"Organization\",\"@id\":\"https:\\\/\\\/chiarabevents.com\\\/#organization\",\"name\":\"ChiaraB Events Wedding Planner\",\"url\":\"https:\\\/\\\/chiarabevents.com\\\/\",\"logo\":{\"@type\":\"ImageObject\",\"inLanguage\":\"cs-CZ\",\"@id\":\"https:\\\/\\\/chiarabevents.com\\\/#\\\/schema\\\/logo\\\/image\\\/\",\"url\":\"https:\\\/\\\/chiarabevents.com\\\/wp-content\\\/uploads\\\/2023\\\/12\\\/cropped-Monogramma_chiarab.png\",\"contentUrl\":\"https:\\\/\\\/chiarabevents.com\\\/wp-content\\\/uploads\\\/2023\\\/12\\\/cropped-Monogramma_chiarab.png\",\"width\":512,\"height\":512,\"caption\":\"ChiaraB Events Wedding Planner\"},\"image\":{\"@id\":\"https:\\\/\\\/chiarabevents.com\\\/#\\\/schema\\\/logo\\\/image\\\/\"},\"sameAs\":[\"https:\\\/\\\/www.facebook.com\\\/chiarabevent\",\"https:\\\/\\\/www.instagram.com\\\/chiarab_events\\\/\"]}]}<\/script>\n<!-- \/ Yoast SEO Premium plugin. -->","yoast_head_json":{"title":"Svatba na Sic\u00edlii: Sn\u011bte o dokonal\u00e9 svatb\u011b","description":"Objevte svatebn\u00ed destinaci na Sic\u00edlii, ide\u00e1ln\u00ed m\u00edsto pro poh\u00e1dkovou svatbu. Rezervujte si nyn\u00ed sv\u016fj v\u00fdjime\u010dn\u00fd den!","robots":{"index":"index","follow":"follow","max-snippet":"max-snippet:-1","max-image-preview":"max-image-preview:large","max-video-preview":"max-video-preview:-1"},"canonical":"https:\/\/chiarabevents.com\/cs\/destination-wedding-sicilia\/","og_locale":"cs_CZ","og_type":"article","og_title":"Destination wedding sicilia","og_description":"Scopri il destination wedding in Sicilia, la location ideale per un matrimonio da favola. Prenota ora il tuo giorno speciale!","og_url":"https:\/\/chiarabevents.com\/cs\/destination-wedding-sicilia\/","og_site_name":"ChiaraB Events Wedding Planner","article_publisher":"https:\/\/www.facebook.com\/chiarabevent","article_modified_time":"2026-03-03T13:17:22+00:00","og_image":[{"width":1707,"height":2560,"url":"https:\/\/chiarabevents.com\/wp-content\/uploads\/2026\/02\/2989-MV-gapweddingphotos-scaled.jpg","type":"image\/jpeg"}],"twitter_card":"summary_large_image","twitter_misc":{"Est. reading time":"1 minute"},"schema":{"@context":"https:\/\/schema.org","@graph":[{"@type":"WebPage","@id":"https:\/\/chiarabevents.com\/destination-wedding-sicilia\/","url":"https:\/\/chiarabevents.com\/destination-wedding-sicilia\/","name":"Svatba na Sic\u00edlii: Sn\u011bte o dokonal\u00e9 svatb\u011b","isPartOf":{"@id":"https:\/\/chiarabevents.com\/#website"},"primaryImageOfPage":{"@id":"https:\/\/chiarabevents.com\/destination-wedding-sicilia\/#primaryimage"},"image":{"@id":"https:\/\/chiarabevents.com\/destination-wedding-sicilia\/#primaryimage"},"thumbnailUrl":"https:\/\/chiarabevents.com\/wp-content\/uploads\/2026\/02\/2989-MV-gapweddingphotos-scaled.jpg","datePublished":"2026-02-25T23:11:57+00:00","dateModified":"2026-03-03T13:17:22+00:00","description":"Objevte svatebn\u00ed destinaci na Sic\u00edlii, ide\u00e1ln\u00ed m\u00edsto pro poh\u00e1dkovou svatbu. Rezervujte si nyn\u00ed sv\u016fj v\u00fdjime\u010dn\u00fd den!","breadcrumb":{"@id":"https:\/\/chiarabevents.com\/destination-wedding-sicilia\/#breadcrumb"},"inLanguage":"cs-CZ","potentialAction":[{"@type":"ReadAction","target":["https:\/\/chiarabevents.com\/destination-wedding-sicilia\/"]}]},{"@type":"ImageObject","inLanguage":"cs-CZ","@id":"https:\/\/chiarabevents.com\/destination-wedding-sicilia\/#primaryimage","url":"https:\/\/chiarabevents.com\/wp-content\/uploads\/2026\/02\/2989-MV-gapweddingphotos-scaled.jpg","contentUrl":"https:\/\/chiarabevents.com\/wp-content\/uploads\/2026\/02\/2989-MV-gapweddingphotos-scaled.jpg","width":1707,"height":2560,"caption":"Momento emozionante tra la sposa e la damigella prima del matrimonio, con cane al seguito, in un ambiente luminoso e elegante, perfetto per servizi di wedding planning e organizzazione eventi."},{"@type":"BreadcrumbList","@id":"https:\/\/chiarabevents.com\/destination-wedding-sicilia\/#breadcrumb","itemListElement":[{"@type":"ListItem","position":1,"name":"Home","item":"https:\/\/chiarabevents.com\/"},{"@type":"ListItem","position":2,"name":"Destination wedding sicilia"}]},{"@type":"WebSite","@id":"https:\/\/chiarabevents.com\/#website","url":"https:\/\/chiarabevents.com\/","name":"ChiaraB Ud\u00e1losti Svatebn\u00ed pl\u00e1nova\u010d","description":"N\u00e1dhern\u00e1 spole\u010dn\u00e1 cesta","publisher":{"@id":"https:\/\/chiarabevents.com\/#organization"},"potentialAction":[{"@type":"SearchAction","target":{"@type":"EntryPoint","urlTemplate":"https:\/\/chiarabevents.com\/?s={search_term_string}"},"query-input":{"@type":"PropertyValueSpecification","valueRequired":true,"valueName":"search_term_string"}}],"inLanguage":"cs-CZ"},{"@type":"Organization","@id":"https:\/\/chiarabevents.com\/#organization","name":"ChiaraB Ud\u00e1losti Svatebn\u00ed pl\u00e1nova\u010d","url":"https:\/\/chiarabevents.com\/","logo":{"@type":"ImageObject","inLanguage":"cs-CZ","@id":"https:\/\/chiarabevents.com\/#\/schema\/logo\/image\/","url":"https:\/\/chiarabevents.com\/wp-content\/uploads\/2023\/12\/cropped-Monogramma_chiarab.png","contentUrl":"https:\/\/chiarabevents.com\/wp-content\/uploads\/2023\/12\/cropped-Monogramma_chiarab.png","width":512,"height":512,"caption":"ChiaraB Events Wedding Planner"},"image":{"@id":"https:\/\/chiarabevents.com\/#\/schema\/logo\/image\/"},"sameAs":["https:\/\/www.facebook.com\/chiarabevent","https:\/\/www.instagram.com\/chiarab_events\/"]}]}},"_links":{"self":[{"href":"https:\/\/chiarabevents.com\/cs\/wp-json\/wp\/v2\/pages\/34418","targetHints":{"allow":["GET"]}}],"collection":[{"href":"https:\/\/chiarabevents.com\/cs\/wp-json\/wp\/v2\/pages"}],"about":[{"href":"https:\/\/chiarabevents.com\/cs\/wp-json\/wp\/v2\/types\/page"}],"author":[{"embeddable":true,"href":"https:\/\/chiarabevents.com\/cs\/wp-json\/wp\/v2\/users\/1"}],"replies":[{"embeddable":true,"href":"https:\/\/chiarabevents.com\/cs\/wp-json\/wp\/v2\/comments?post=34418"}],"version-history":[{"count":2,"href":"https:\/\/chiarabevents.com\/cs\/wp-json\/wp\/v2\/pages\/34418\/revisions"}],"predecessor-version":[{"id":34452,"href":"https:\/\/chiarabevents.com\/cs\/wp-json\/wp\/v2\/pages\/34418\/revisions\/34452"}],"wp:featuredmedia":[{"embeddable":true,"href":"https:\/\/chiarabevents.com\/cs\/wp-json\/wp\/v2\/media\/34321"}],"wp:attachment":[{"href":"https:\/\/chiarabevents.com\/cs\/wp-json\/wp\/v2\/media?parent=34418"}],"curies":[{"name":"wp","href":"https:\/\/api.w.org\/{rel}","templated":true}]}}