{"id":8082,"date":"2024-05-11T07:11:37","date_gmt":"2024-05-11T07:11:37","guid":{"rendered":"https:\/\/chiarabevents.com\/?page_id=8082"},"modified":"2024-12-08T11:28:27","modified_gmt":"2024-12-08T09:28:27","slug":"faq","status":"publish","type":"page","link":"https:\/\/chiarabevents.com\/cs\/faq\/","title":{"rendered":"\u010cASTO KLADEN\u00c9 DOTAZY"},"content":{"rendered":"<h2>FAQ - \u010casto kladen\u00e9 ot\u00e1zky o akc\u00edch ChiaraB<\/h2>\n<h4>1. <strong>Pro\u010d bych si m\u011bl najmout svatebn\u00edho pl\u00e1nova\u010de?<\/strong><\/h4>\n<p>A <a href=\"https:\/\/chiarabevents.com\/cs\/\">pl\u00e1nov\u00e1n\u00ed svateb<\/a> m\u016f\u017ee znamenat rozd\u00edl mezi stresuj\u00edc\u00edm dnem a dokonale koordinovanou akc\u00ed. Profesion\u00e1ln\u00ed pl\u00e1nova\u010d:<\/p>\n<ul>\n<li><strong>\u0160et\u0159\u00ed \u010das:<\/strong> Spravuje ve\u0161kerou komunikaci a term\u00edny s dodavateli, tak\u017ee se m\u016f\u017eete soust\u0159edit na to nejd\u016fle\u017eit\u011bj\u0161\u00ed.<\/li>\n<li><strong>Sni\u017euje stres:<\/strong> Star\u00e1 se o logistick\u00e9 detaily a \u0159e\u0161\u00ed p\u0159\u00edpadn\u00e9 probl\u00e9my.<\/li>\n<li><strong>Nab\u00edz\u00ed odborn\u00e9 poradenstv\u00ed:<\/strong> M\u00e1 zku\u0161enosti v oboru a dok\u00e1\u017ee v\u00e1s prov\u00e9st z\u00e1sadn\u00edmi rozhodnut\u00edmi a pom\u016f\u017ee v\u00e1m dodr\u017eet rozpo\u010det.<\/li>\n<li><strong>P\u0159izp\u016fsoben\u00ed ud\u00e1losti:<\/strong> D\u00edky poradenstv\u00ed v oblasti stylu, designu a organizace se va\u0161e p\u0159edstavy stanou skute\u010dnost\u00ed.<\/li>\n<\/ul>\n<h4>2. <strong>Jak\u00e9 slu\u017eby ChiaraB Events nab\u00edz\u00ed?<\/strong><\/h4>\n<p>Nab\u00edz\u00edme celou \u0159adu slu\u017eeb, v\u010detn\u011b:<\/p>\n<ul>\n<li><strong>Kompletn\u00ed organizace:<\/strong> Od pl\u00e1nov\u00e1n\u00ed a\u017e po realizaci se postar\u00e1me o ka\u017ed\u00fd detail a zajist\u00edme, aby v\u0161e bylo koordinov\u00e1no.<\/li>\n<li><strong>Koordinace dne:<\/strong> V den kon\u00e1n\u00ed akce se postar\u00e1me o v\u0161echny logistick\u00e9 aspekty a zajist\u00edme, aby v\u0161e prob\u011bhlo podle pl\u00e1nu.<\/li>\n<li><strong>\u010c\u00e1ste\u010dn\u00e9 poradenstv\u00ed:<\/strong> Pokud jste ji\u017e za\u010dali s pl\u00e1nov\u00e1n\u00edm, ale pot\u0159ebujete poradit, poskytneme v\u00e1m rady, kter\u00e9 v\u00e1m pomohou projekt dokon\u010dit.<\/li>\n<li><strong><a href=\"https:\/\/chiarabevents.com\/cs\/proc-si-vybrat-svatbu-v-destinaci-a-jak-ji-zorganizovat\/\">Destina\u010dn\u00ed svatba<\/a>:<\/strong> Pl\u00e1nov\u00e1n\u00ed a koordinace <a href=\"https:\/\/chiarabevents.com\/cs\/trendy-a-styly\/svatby-na-plazi-tipy-pro-vysnenou-udalost\/\">svatby<\/a> na r\u016fzn\u00fdch m\u00edstech It\u00e1lie.<\/li>\n<li><strong>Kreativn\u00ed design:<\/strong> Vytv\u00e1\u0159en\u00ed jedine\u010dn\u00fdch motiv\u016f a dekorac\u00ed, kter\u00e9 odr\u00e1\u017eej\u00ed va\u0161i osobnost.<\/li>\n<\/ul>\n<h4>3. <strong>Kdy m\u00e1m za\u010d\u00edt pl\u00e1novat svatbu?<\/strong><\/h4>\n<p>V ide\u00e1ln\u00edm p\u0159\u00edpad\u011b by pl\u00e1nov\u00e1n\u00ed m\u011blo za\u010d\u00edt alespo\u0148 12-18 m\u011bs\u00edc\u016f p\u0159ed pl\u00e1novan\u00fdm datem. To v\u00e1m poskytne dostatek \u010dasu na nalezen\u00ed spr\u00e1vn\u00e9ho m\u00edsta, zaji\u0161t\u011bn\u00ed preferovan\u00fdch dodavatel\u016f a organizaci v\u0161ech detail\u016f, ani\u017e byste museli sp\u011bchat. Pokud v\u0161ak m\u00e1te m\u00e9n\u011b \u010dasu, m\u016f\u017eeme v\u00e1m i tak pomoci zorganizovat n\u00e1dhernou ud\u00e1lost.<\/p>\n<h4>4. <strong>Mohu si najmout svatebn\u00edho pl\u00e1nova\u010de, kdy\u017e u\u017e m\u00e1m vybran\u00e9 dodavatele?<\/strong><\/h4>\n<p>Rozhodn\u011b! Pokud jste si ji\u017e vybrali n\u011bkter\u00e9 dodavatele, budeme s nimi spolupracovat, aby bylo v\u0161e dob\u0159e slad\u011bno. Do pl\u00e1nov\u00e1n\u00ed m\u016f\u017eeme zas\u00e1hnout kdykoli a pomoci v\u00e1m se zbytkem procesu.<\/p>\n<h4>5. <strong>Kdo se postar\u00e1 o p\u0159\u00edpadn\u00e9 probl\u00e9my ve svatebn\u00ed den?<\/strong><\/h4>\n<p>Na\u0161e <a href=\"https:\/\/chiarabevents.com\/cs\/tym\/\">t\u00fdm<\/a> bude na m\u00edst\u011b a postar\u00e1 se o v\u0161echny aspekty svatby, v\u010detn\u011b \u0159e\u0161en\u00ed probl\u00e9m\u016f na posledn\u00ed chv\u00edli. Na\u0161e zku\u0161enosti n\u00e1m umo\u017e\u0148uj\u00ed p\u0159edv\u00eddat a p\u0159edch\u00e1zet mnoha probl\u00e9m\u016fm, ale v\u017edy jsme p\u0159ipraveni na v\u0161echny nep\u0159edv\u00eddan\u00e9 probl\u00e9my, abychom zajistili hladk\u00fd pr\u016fb\u011bh.<\/p>\n<h4>6. <strong>Jak mohu zajistit, aby moje svatba byla jedine\u010dn\u00e1?<\/strong><\/h4>\n<p>Kl\u00ed\u010dem k jedine\u010dn\u00e9 svatb\u011b je individu\u00e1ln\u00ed pl\u00e1nov\u00e1n\u00ed a kreativn\u00ed design. V ChiaraB Events pozorn\u011b naslouch\u00e1me va\u0161im p\u0159edstav\u00e1m a navrhujeme prvky, kter\u00e9 odr\u00e1\u017eej\u00ed va\u0161i osobnost. D\u00edky spolupr\u00e1ci s kreativn\u00edmi dodavateli a na\u0161\u00edm t\u00fdmem design\u00e9r\u016f vytvo\u0159\u00edme z\u00e1\u017eitek na m\u00edru, kter\u00fd ve v\u00e1s a va\u0161ich hostech zanech\u00e1 nesmazateln\u00fd dojem.<\/p>\n<h4>7. <strong>Kolik stoj\u00ed svatebn\u00ed pl\u00e1nova\u010d?<\/strong><\/h4>\n<p>Cena se li\u0161\u00ed v z\u00e1vislosti na typu po\u017eadovan\u00e9 slu\u017eby a slo\u017eitosti akce. Po \u00favodn\u00ed bezplatn\u00e9 konzultaci, kter\u00e1 v\u00e1m pom\u016f\u017ee pochopit va\u0161e pot\u0159eby, v\u00e1m poskytneme podrobnou a transparentn\u00ed cenovou nab\u00eddku. Na\u0161\u00edm c\u00edlem je nab\u00eddnout v\u00e1m nejlep\u0161\u00ed mo\u017enou hodnotu v r\u00e1mci va\u0161eho rozpo\u010dtu.<\/p>\n<h4>8. <strong>Jak se vejdu do sv\u00e9ho rozpo\u010dtu?<\/strong><\/h4>\n<p>Zde je n\u011bkolik tip\u016f, jak dodr\u017eet rozpo\u010det:<\/p>\n<ul>\n<li><strong>Priority:<\/strong> Zjist\u011bte, kter\u00e9 aspekty jsou pro v\u00e1s nejd\u016fle\u017eit\u011bj\u0161\u00ed, a investujte v\u00edce do t\u011bchto oblast\u00ed.<\/li>\n<li><strong>Po\u010det host\u016f:<\/strong> Sn\u00ed\u017een\u00ed po\u010dtu host\u016f je jedn\u00edm z nejjednodu\u0161\u0161\u00edch zp\u016fsob\u016f kontroly n\u00e1klad\u016f.<\/li>\n<li><strong>Flexibilita:<\/strong> V\u00fdb\u011br m\u00e9n\u011b obl\u00edben\u00e9ho term\u00ednu nebo vhodn\u011bj\u0161\u00edho m\u00edsta m\u016f\u017ee v\u00fdrazn\u011b sn\u00ed\u017eit n\u00e1klady.<\/li>\n<li><strong>Odborn\u00e9 konzultace:<\/strong> Svatebn\u00ed pl\u00e1nova\u010d v\u00e1m pom\u016f\u017ee naj\u00edt kvalitn\u00ed dodavatele v r\u00e1mci va\u0161eho rozpo\u010dtu.<\/li>\n<\/ul>\n<h4>9. <strong>Spolupracuje ChiaraB Events s konkr\u00e9tn\u00edmi dodavateli?<\/strong><\/h4>\n<p>M\u00e1me zavedenou s\u00ed\u0165 d\u016fv\u011bryhodn\u00fdch dodavatel\u016f, se kter\u00fdmi \u010dasto spolupracujeme, ale jsme v\u017edy otev\u0159eni nov\u00e9 spolupr\u00e1ci. Pokud ji\u017e m\u00e1te preferovan\u00e9 dodavatele nebo si chcete vybrat jin\u00e9 dodavatele, r\u00e1di s nimi budeme spolupracovat, abychom zajistili bezprobl\u00e9movou spolupr\u00e1ci.<\/p>\n<h4>10. <strong>Nab\u00edz\u00edte slu\u017eby pro svatby v c\u00edlov\u00fdch destinac\u00edch?<\/strong><\/h4>\n<p>Ano, specializujeme se tak\u00e9 na svatby v nejkr\u00e1sn\u011bj\u0161\u00edch lokalit\u00e1ch It\u00e1lie. Postar\u00e1me se za v\u00e1s o ve\u0161kerou logistiku, od rezervace m\u00edsta a\u017e po organizaci dopravy a ubytov\u00e1n\u00ed, tak\u017ee se m\u016f\u017eete soust\u0159edit na oslavu.<\/p>\n<h4>11. <strong>Je nutn\u00fd koordin\u00e1tor svatebn\u00edho dne?<\/strong><\/h4>\n<p>Koordin\u00e1tor svatebn\u00edho dne je nezbytn\u00fd pro zaji\u0161t\u011bn\u00ed hladk\u00e9ho pr\u016fb\u011bhu v\u0161eho. Zaji\u0161\u0165uje, aby ka\u017ed\u00fd detail prob\u011bhl podle pl\u00e1nu, a \u0159e\u0161\u00ed p\u0159\u00edpadn\u00e9 probl\u00e9my v re\u00e1ln\u00e9m \u010dase. Z\u00e1rove\u0148 v\u00e1m a va\u0161\u00ed rodin\u011b umo\u017en\u00ed u\u017e\u00edt si den bez starost\u00ed.<\/p>\n<h4>12. <strong>Jak prob\u00edh\u00e1 komunikace b\u011bhem pl\u00e1nov\u00e1n\u00ed?<\/strong><\/h4>\n<p>Preferujeme neust\u00e1lou a transparentn\u00ed komunikaci se z\u00e1kazn\u00edky. Vytv\u00e1\u0159\u00edme komunika\u010dn\u00ed pl\u00e1n, kter\u00fd zahrnuje e-maily, telefonn\u00ed hovory a pravideln\u00e9 sch\u016fzky, na kter\u00fdch prob\u00edr\u00e1me pokrok. Zp\u016fsob komunikace p\u0159izp\u016fsobujeme preferenc\u00edm ka\u017ed\u00e9ho z\u00e1kazn\u00edka.<\/p>\n<h4>13. <strong>Jak si mohu objednat ChiaraB Events na svou svatbu?<\/strong><\/h4>\n<p>M\u016f\u017eete n\u00e1s kontaktovat prost\u0159ednictv\u00edm formul\u00e1\u0159e na na\u0161ich webov\u00fdch str\u00e1nk\u00e1ch nebo e-mailem a objednat si bezplatnou \u00favodn\u00ed konzultaci. Po konzultaci v\u00e1m poskytneme podrobnou cenovou nab\u00eddku a pl\u00e1n prac\u00ed pro zah\u00e1jen\u00ed procesu pl\u00e1nov\u00e1n\u00ed.<\/p>\n<h4>14. <strong>Jak\u00e1 bezpe\u010dnostn\u00ed opat\u0159en\u00ed byla p\u0159ijata b\u011bhem pandemie COVID-19?<\/strong><\/h4>\n<p>Dodr\u017eujeme v\u0161echny m\u00edstn\u00ed a n\u00e1rodn\u00ed sm\u011brnice, abychom zajistili bezpe\u010dnost v\u0161ech \u00fa\u010dastn\u00edk\u016f. To zahrnuje soci\u00e1ln\u00ed odstup, pou\u017e\u00edv\u00e1n\u00ed osobn\u00edch ochrann\u00fdch pom\u016fcek a dezinfekci prostor. Krom\u011b toho \u00fazce spolupracujeme s m\u00edstem kon\u00e1n\u00ed a dodavateli na zaveden\u00ed bezpe\u010dnostn\u00edch opat\u0159en\u00ed specifick\u00fdch pro va\u0161i svatbu.<\/p>\n<h4>15. <strong>Jak mohu sv\u00e9 man\u017eelstv\u00ed u\u010dinit udr\u017eiteln\u011bj\u0161\u00edm?<\/strong><\/h4>\n<p>Zde je n\u011bkolik n\u00e1pad\u016f na ekologickou svatbu:<\/p>\n<ul>\n<li><strong>Opakovan\u011b pou\u017eiteln\u00e9 dekorace:<\/strong> Pou\u017e\u00edvejte dekorace, kter\u00e9 lze znovu pou\u017e\u00edt nebo recyklovat.<\/li>\n<li><strong><a href=\"https:\/\/chiarabevents.com\/cs\/pruvodci-a-tipy\/tipy-pro-vyber-dokonaleho-dodavatele-jidla-pro-vasi-svatbu-na-sicilskem-poloostrove\/\">Catering<\/a> m\u00edstn\u00ed:<\/strong> Vyb\u00edrejte si dodavatele potravin, kte\u0159\u00ed pou\u017e\u00edvaj\u00ed m\u00edstn\u00ed a sez\u00f3nn\u00ed suroviny.<\/li>\n<li><strong>Digit\u00e1ln\u00ed pozv\u00e1nky:<\/strong> Zva\u017ete elektronick\u00e9 pozv\u00e1nky, abyste sn\u00ed\u017eili spot\u0159ebu pap\u00edru.<\/li>\n<li><strong>D\u00e1rky solidarity:<\/strong> Nab\u00eddn\u011bte svatebn\u00ed dary, kter\u00e9 podporuj\u00ed charitativn\u00ed \u00fa\u010dely.<\/li>\n<\/ul>\n<h4>16. <strong>Mohu b\u011bhem pl\u00e1nov\u00e1n\u00ed zm\u011bnit n\u00e1zor na detaily ud\u00e1losti?<\/strong><\/h4>\n<p>Ano, ch\u00e1peme, \u017ee preference a okolnosti se mohou m\u011bnit. Jsme flexibiln\u00ed a budeme s v\u00e1mi spolupracovat na odpov\u00eddaj\u00edc\u00ed aktualizaci pl\u00e1nu, p\u0159i\u010dem\u017e v\u017edy budeme pe\u010dliv\u011b sledovat rozpo\u010det a na\u010dasov\u00e1n\u00ed.<\/p>\n<h4>17. <strong>M\u00e1te zku\u0161enosti s man\u017eelstv\u00edmi r\u016fzn\u00fdch kultur a n\u00e1bo\u017eenstv\u00ed?<\/strong><\/h4>\n<p>Ano, organizovali jsme svatby r\u016fzn\u00fdch kultur a n\u00e1bo\u017eenstv\u00ed. Respektujeme jedine\u010dn\u00e9 tradice ka\u017ed\u00e9ho klienta a sna\u017e\u00edme se tyto detaily autenticky za\u010dlenit do ud\u00e1losti.<\/p>\n<h4>18. <strong>Jak\u00e9 trendy ve svatb\u00e1ch v posledn\u00ed dob\u011b pozorujete?<\/strong><\/h4>\n<p>Mezi nejnov\u011bj\u0161\u00ed trendy pat\u0159\u00ed:<\/p>\n<ul>\n<li><strong>Intimn\u00ed man\u017eelstv\u00ed:<\/strong> Mal\u00e9 svatby s mal\u00fdm po\u010dtem host\u016f.<\/li>\n<li><strong>V\u00fdrazn\u00e9 barvy:<\/strong> Jasn\u00e1 paleta barev, jako je smaragdov\u011b zelen\u00e1, rub\u00ednov\u011b \u010derven\u00e1 a zlat\u00e1.<\/li>\n<li><strong>P\u0159\u00edrodn\u00ed dekorace:<\/strong> Pou\u017eit\u00ed divok\u00fdch kv\u011btin a organick\u00fdch prvk\u016f k v\u00fdzdob\u011b prostor.<\/li>\n<li><strong>Z\u00e1\u017eitky pro hosty:<\/strong> <a href=\"https:\/\/chiarabevents.com\/cs\/udalosti\/\">Ud\u00e1losti<\/a> na m\u00edru host\u016fm, jako jsou ochutn\u00e1vky v\u00edn a \u017eiv\u00e1 hudba.<\/li>\n<\/ul>\n<h4>19. <strong>Nab\u00edz\u00edte slu\u017eby kreativn\u00edho designu odd\u011blen\u011b od pl\u00e1nov\u00e1n\u00ed?<\/strong><\/h4>\n<p>Ano, n\u00e1\u0161 t\u00fdm design\u00e9r\u016f m\u016f\u017ee vytvo\u0159it projekt dekorace na m\u00edru, i kdy\u017e nepot\u0159ebujete kompletn\u00ed pl\u00e1novac\u00ed slu\u017eby. M\u016f\u017eeme v\u00e1m pomoci s motivy, barvami, rozvr\u017een\u00edm a vybaven\u00edm, abychom zajistili jednotn\u00fd vzhled.<\/p>\n<h4>20. <strong>V \u010dem se ChiaraB Events li\u0161\u00ed od ostatn\u00edch organiz\u00e1tor\u016f svateb?<\/strong><\/h4>\n<p>N\u00e1\u0161 individu\u00e1ln\u00ed p\u0159\u00edstup zam\u011b\u0159en\u00fd na detaily n\u00e1s odli\u0161uje. \u00dazce spolupracujeme s na\u0161imi klienty, pozorn\u011b naslouch\u00e1me jejich p\u0159\u00e1n\u00edm a vytv\u00e1\u0159\u00edme pl\u00e1n na m\u00edru, kter\u00fd odr\u00e1\u017e\u00ed jejich p\u0159edstavy. Na\u0161e zku\u0161enosti a s\u00ed\u0165 d\u016fv\u011bryhodn\u00fdch dodavatel\u016f n\u00e1m nav\u00edc umo\u017e\u0148uj\u00ed nab\u00eddnout vysoce kvalitn\u00ed slu\u017eby a kreativn\u00ed \u0159e\u0161en\u00ed ka\u017ed\u00e9 pl\u00e1novac\u00ed v\u00fdzvy.<\/p>","protected":false},"excerpt":{"rendered":"<p>FAQ &#8211; Domande Frequenti su ChiaraB Events 1. Perch\u00e9 dovrei assumere un wedding planner? Un wedding planner pu\u00f2 fare la differenza tra una giornata stressante e un evento perfettamente coordinato. Un planner professionista: Risparmia Tempo: Gestisce tutte le comunicazioni e le scadenze con i fornitori, consentendo a te di concentrarti su ci\u00f2 che \u00e8 pi\u00f9 importante. Riduce [&hellip;]<\/p>","protected":false},"author":2,"featured_media":0,"parent":0,"menu_order":0,"comment_status":"closed","ping_status":"closed","template":"","meta":{"footnotes":""},"class_list":["post-8082","page","type-page","status-publish","hentry"],"yoast_head":"<!-- This site is optimized with the Yoast SEO Premium plugin v21.8 (Yoast SEO v27.3) - https:\/\/yoast.com\/product\/yoast-seo-premium-wordpress\/ -->\n<title>FAQ - ChiaraB Events Wedding Planner<\/title>\n<meta name=\"description\" content=\"Trova le risposte alle domande pi\u00f9 comuni sul wedding planner, sui costi e sui suggerimenti per la programmazione del tuo giorno speciale.\" \/>\n<meta name=\"robots\" content=\"index, follow, max-snippet:-1, max-image-preview:large, max-video-preview:-1\" \/>\n<link rel=\"canonical\" href=\"https:\/\/chiarabevents.com\/cs\/faq\/\" \/>\n<meta property=\"og:locale\" content=\"cs_CZ\" \/>\n<meta property=\"og:type\" content=\"article\" \/>\n<meta property=\"og:title\" content=\"FAQ\" \/>\n<meta property=\"og:description\" content=\"Trova le risposte alle domande pi\u00f9 comuni sul wedding planner, sui costi e sui suggerimenti per la programmazione del tuo giorno speciale.\" \/>\n<meta property=\"og:url\" content=\"https:\/\/chiarabevents.com\/cs\/faq\/\" \/>\n<meta property=\"og:site_name\" content=\"ChiaraB Events Wedding Planner\" \/>\n<meta property=\"article:publisher\" content=\"https:\/\/www.facebook.com\/chiarabevent\" \/>\n<meta property=\"article:modified_time\" content=\"2024-12-08T09:28:27+00:00\" \/>\n<meta name=\"twitter:card\" content=\"summary_large_image\" \/>\n<meta name=\"twitter:label1\" content=\"Est. reading time\" \/>\n\t<meta name=\"twitter:data1\" content=\"7 minutes\" \/>\n<script type=\"application\/ld+json\" class=\"yoast-schema-graph\">{\"@context\":\"https:\\\/\\\/schema.org\",\"@graph\":[{\"@type\":\"WebPage\",\"@id\":\"https:\\\/\\\/chiarabevents.com\\\/faq\\\/\",\"url\":\"https:\\\/\\\/chiarabevents.com\\\/faq\\\/\",\"name\":\"FAQ - ChiaraB Events Wedding Planner\",\"isPartOf\":{\"@id\":\"https:\\\/\\\/chiarabevents.com\\\/#website\"},\"datePublished\":\"2024-05-11T07:11:37+00:00\",\"dateModified\":\"2024-12-08T09:28:27+00:00\",\"description\":\"Trova le risposte alle domande pi\u00f9 comuni sul wedding planner, sui costi e sui suggerimenti per la programmazione del tuo giorno speciale.\",\"breadcrumb\":{\"@id\":\"https:\\\/\\\/chiarabevents.com\\\/faq\\\/#breadcrumb\"},\"inLanguage\":\"cs-CZ\",\"potentialAction\":[{\"@type\":\"ReadAction\",\"target\":[\"https:\\\/\\\/chiarabevents.com\\\/faq\\\/\"]}]},{\"@type\":\"BreadcrumbList\",\"@id\":\"https:\\\/\\\/chiarabevents.com\\\/faq\\\/#breadcrumb\",\"itemListElement\":[{\"@type\":\"ListItem\",\"position\":1,\"name\":\"Home\",\"item\":\"https:\\\/\\\/chiarabevents.com\\\/\"},{\"@type\":\"ListItem\",\"position\":2,\"name\":\"FAQ\"}]},{\"@type\":\"WebSite\",\"@id\":\"https:\\\/\\\/chiarabevents.com\\\/#website\",\"url\":\"https:\\\/\\\/chiarabevents.com\\\/\",\"name\":\"ChiaraB Events Wedding Planner\",\"description\":\"Un meraviglioso percorso fatto insieme\",\"publisher\":{\"@id\":\"https:\\\/\\\/chiarabevents.com\\\/#organization\"},\"potentialAction\":[{\"@type\":\"SearchAction\",\"target\":{\"@type\":\"EntryPoint\",\"urlTemplate\":\"https:\\\/\\\/chiarabevents.com\\\/?s={search_term_string}\"},\"query-input\":{\"@type\":\"PropertyValueSpecification\",\"valueRequired\":true,\"valueName\":\"search_term_string\"}}],\"inLanguage\":\"cs-CZ\"},{\"@type\":\"Organization\",\"@id\":\"https:\\\/\\\/chiarabevents.com\\\/#organization\",\"name\":\"ChiaraB Events Wedding Planner\",\"url\":\"https:\\\/\\\/chiarabevents.com\\\/\",\"logo\":{\"@type\":\"ImageObject\",\"inLanguage\":\"cs-CZ\",\"@id\":\"https:\\\/\\\/chiarabevents.com\\\/#\\\/schema\\\/logo\\\/image\\\/\",\"url\":\"https:\\\/\\\/chiarabevents.com\\\/wp-content\\\/uploads\\\/2023\\\/12\\\/cropped-Monogramma_chiarab.png\",\"contentUrl\":\"https:\\\/\\\/chiarabevents.com\\\/wp-content\\\/uploads\\\/2023\\\/12\\\/cropped-Monogramma_chiarab.png\",\"width\":512,\"height\":512,\"caption\":\"ChiaraB Events Wedding Planner\"},\"image\":{\"@id\":\"https:\\\/\\\/chiarabevents.com\\\/#\\\/schema\\\/logo\\\/image\\\/\"},\"sameAs\":[\"https:\\\/\\\/www.facebook.com\\\/chiarabevent\",\"https:\\\/\\\/www.instagram.com\\\/chiarab_events\\\/\"]}]}<\/script>\n<!-- \/ Yoast SEO Premium plugin. -->","yoast_head_json":{"title":"\u010casto kladen\u00e9 ot\u00e1zky - ChiaraB Events Wedding Planner","description":"Najd\u011bte odpov\u011bdi na nej\u010dast\u011bj\u0161\u00ed ot\u00e1zky t\u00fdkaj\u00edc\u00ed se pl\u00e1nov\u00e1n\u00ed svateb, n\u00e1klad\u016f a tip\u016f pro pl\u00e1nov\u00e1n\u00ed va\u0161eho v\u00fdjime\u010dn\u00e9ho dne.","robots":{"index":"index","follow":"follow","max-snippet":"max-snippet:-1","max-image-preview":"max-image-preview:large","max-video-preview":"max-video-preview:-1"},"canonical":"https:\/\/chiarabevents.com\/cs\/faq\/","og_locale":"cs_CZ","og_type":"article","og_title":"FAQ","og_description":"Trova le risposte alle domande pi\u00f9 comuni sul wedding planner, sui costi e sui suggerimenti per la programmazione del tuo giorno speciale.","og_url":"https:\/\/chiarabevents.com\/cs\/faq\/","og_site_name":"ChiaraB Events Wedding Planner","article_publisher":"https:\/\/www.facebook.com\/chiarabevent","article_modified_time":"2024-12-08T09:28:27+00:00","twitter_card":"summary_large_image","twitter_misc":{"Est. reading time":"7 minutes"},"schema":{"@context":"https:\/\/schema.org","@graph":[{"@type":"WebPage","@id":"https:\/\/chiarabevents.com\/faq\/","url":"https:\/\/chiarabevents.com\/faq\/","name":"\u010casto kladen\u00e9 ot\u00e1zky - ChiaraB Events Wedding Planner","isPartOf":{"@id":"https:\/\/chiarabevents.com\/#website"},"datePublished":"2024-05-11T07:11:37+00:00","dateModified":"2024-12-08T09:28:27+00:00","description":"Najd\u011bte odpov\u011bdi na nej\u010dast\u011bj\u0161\u00ed ot\u00e1zky t\u00fdkaj\u00edc\u00ed se pl\u00e1nov\u00e1n\u00ed svateb, n\u00e1klad\u016f a tip\u016f pro pl\u00e1nov\u00e1n\u00ed va\u0161eho v\u00fdjime\u010dn\u00e9ho dne.","breadcrumb":{"@id":"https:\/\/chiarabevents.com\/faq\/#breadcrumb"},"inLanguage":"cs-CZ","potentialAction":[{"@type":"ReadAction","target":["https:\/\/chiarabevents.com\/faq\/"]}]},{"@type":"BreadcrumbList","@id":"https:\/\/chiarabevents.com\/faq\/#breadcrumb","itemListElement":[{"@type":"ListItem","position":1,"name":"Home","item":"https:\/\/chiarabevents.com\/"},{"@type":"ListItem","position":2,"name":"FAQ"}]},{"@type":"WebSite","@id":"https:\/\/chiarabevents.com\/#website","url":"https:\/\/chiarabevents.com\/","name":"ChiaraB Ud\u00e1losti Svatebn\u00ed pl\u00e1nova\u010d","description":"N\u00e1dhern\u00e1 spole\u010dn\u00e1 cesta","publisher":{"@id":"https:\/\/chiarabevents.com\/#organization"},"potentialAction":[{"@type":"SearchAction","target":{"@type":"EntryPoint","urlTemplate":"https:\/\/chiarabevents.com\/?s={search_term_string}"},"query-input":{"@type":"PropertyValueSpecification","valueRequired":true,"valueName":"search_term_string"}}],"inLanguage":"cs-CZ"},{"@type":"Organization","@id":"https:\/\/chiarabevents.com\/#organization","name":"ChiaraB Ud\u00e1losti Svatebn\u00ed pl\u00e1nova\u010d","url":"https:\/\/chiarabevents.com\/","logo":{"@type":"ImageObject","inLanguage":"cs-CZ","@id":"https:\/\/chiarabevents.com\/#\/schema\/logo\/image\/","url":"https:\/\/chiarabevents.com\/wp-content\/uploads\/2023\/12\/cropped-Monogramma_chiarab.png","contentUrl":"https:\/\/chiarabevents.com\/wp-content\/uploads\/2023\/12\/cropped-Monogramma_chiarab.png","width":512,"height":512,"caption":"ChiaraB Events Wedding Planner"},"image":{"@id":"https:\/\/chiarabevents.com\/#\/schema\/logo\/image\/"},"sameAs":["https:\/\/www.facebook.com\/chiarabevent","https:\/\/www.instagram.com\/chiarab_events\/"]}]}},"_links":{"self":[{"href":"https:\/\/chiarabevents.com\/cs\/wp-json\/wp\/v2\/pages\/8082","targetHints":{"allow":["GET"]}}],"collection":[{"href":"https:\/\/chiarabevents.com\/cs\/wp-json\/wp\/v2\/pages"}],"about":[{"href":"https:\/\/chiarabevents.com\/cs\/wp-json\/wp\/v2\/types\/page"}],"author":[{"embeddable":true,"href":"https:\/\/chiarabevents.com\/cs\/wp-json\/wp\/v2\/users\/2"}],"replies":[{"embeddable":true,"href":"https:\/\/chiarabevents.com\/cs\/wp-json\/wp\/v2\/comments?post=8082"}],"version-history":[{"count":0,"href":"https:\/\/chiarabevents.com\/cs\/wp-json\/wp\/v2\/pages\/8082\/revisions"}],"wp:attachment":[{"href":"https:\/\/chiarabevents.com\/cs\/wp-json\/wp\/v2\/media?parent=8082"}],"curies":[{"name":"wp","href":"https:\/\/api.w.org\/{rel}","templated":true}]}}