{"id":1402,"date":"2019-12-05T14:03:34","date_gmt":"2019-12-05T14:03:34","guid":{"rendered":"https:\/\/solene.qodeinteractive.com\/elementor\/?page_id=1402"},"modified":"2024-12-30T15:00:38","modified_gmt":"2024-12-30T13:00:38","slug":"hvem-de-er","status":"publish","type":"page","link":"https:\/\/chiarabevents.com\/da\/hvem-de-er\/","title":{"rendered":"Hvem jeg er"},"content":{"rendered":"<div data-elementor-type=\"wp-page\" data-elementor-id=\"1402\" class=\"elementor elementor-1402\">\n\t\t\t\t\t\t<section class=\"elementor-section elementor-top-section elementor-element elementor-element-66de222 elementor-section-boxed elementor-section-height-default elementor-section-height-default eltdf-parallax-row-no eltdf-content-aligment-left eltdf-elementor-row-grid-no eltdf-disabled-bg-image-bellow-no\" data-id=\"66de222\" data-element_type=\"section\">\n\t\t\t\t\t\t<div class=\"elementor-container elementor-column-gap-default\">\n\t\t\t\t\t<div class=\"elementor-column elementor-col-100 elementor-top-column elementor-element elementor-element-57d2bba\" data-id=\"57d2bba\" data-element_type=\"column\">\n\t\t\t<div class=\"elementor-widget-wrap\">\n\t\t\t\t\t\t\t<\/div>\n\t\t<\/div>\n\t\t\t\t\t<\/div>\n\t\t<\/section>\n\t\t\t\t<section class=\"elementor-section elementor-top-section elementor-element elementor-element-fe4a6dd elementor-section-boxed elementor-section-height-default elementor-section-height-default eltdf-parallax-row-no eltdf-content-aligment-left eltdf-elementor-row-grid-no eltdf-disabled-bg-image-bellow-no\" data-id=\"fe4a6dd\" data-element_type=\"section\">\n\t\t\t\t\t\t<div class=\"elementor-container elementor-column-gap-default\">\n\t\t\t\t\t<div class=\"elementor-column elementor-col-100 elementor-top-column elementor-element elementor-element-ad79567\" data-id=\"ad79567\" data-element_type=\"column\">\n\t\t\t<div class=\"elementor-widget-wrap elementor-element-populated\">\n\t\t\t\t\t\t<div class=\"elementor-element elementor-element-c122d09 elementor-widget elementor-widget-eltdf_section_title\" data-id=\"c122d09\" data-element_type=\"widget\" data-widget_type=\"eltdf_section_title.default\">\n\t\t\t\t<div class=\"elementor-widget-container\">\n\t\t\t\t\t<div class=\"eltdf-section-title-holder\" style=\"text-align: center\">\n\t<div class=\"eltdf-st-inner\">\n\t\t\t\t\t\t\t<h1 class=\"eltdf-st-title\" >\n\t\t\t\tMig og min familie\t\t\t\t\t\t\t<\/h1>\n\t\t\t\t\t\t\t<h2  class=\"eltdf-st-subtitle\" style=\"text-transform: none\">\n\t\t\t\t<span>\n\t\t\t\t\tChiaraB Begivenheder\t\t\t\t\t\t\t\t\t<\/span>\n\t\t\t<\/h2>\n\t\t\t\t\t\t\t<\/div>\n<\/div>\t\t\t\t<\/div>\n\t\t\t\t<\/div>\n\t\t\t\t\t<\/div>\n\t\t<\/div>\n\t\t\t\t\t<\/div>\n\t\t<\/section>\n\t\t\t\t<section class=\"elementor-section elementor-top-section elementor-element elementor-element-50a5694 elementor-section-boxed elementor-section-height-default elementor-section-height-default eltdf-parallax-row-no eltdf-content-aligment-left eltdf-elementor-row-grid-no eltdf-disabled-bg-image-bellow-no\" data-id=\"50a5694\" data-element_type=\"section\">\n\t\t\t\t\t\t<div class=\"elementor-container elementor-column-gap-default\">\n\t\t\t\t\t<div class=\"elementor-column elementor-col-50 elementor-top-column elementor-element elementor-element-8959660\" data-id=\"8959660\" data-element_type=\"column\">\n\t\t\t<div class=\"elementor-widget-wrap elementor-element-populated\">\n\t\t\t\t\t\t<section class=\"elementor-section elementor-inner-section elementor-element elementor-element-c582f94 elementor-section-boxed elementor-section-height-default elementor-section-height-default eltdf-parallax-row-no eltdf-content-aligment-left eltdf-elementor-row-grid-no eltdf-disabled-bg-image-bellow-no\" data-id=\"c582f94\" data-element_type=\"section\">\n\t\t\t\t\t\t<div class=\"elementor-container elementor-column-gap-default\">\n\t\t\t\t\t<div class=\"elementor-column elementor-col-100 elementor-inner-column elementor-element elementor-element-f145e5b\" data-id=\"f145e5b\" data-element_type=\"column\">\n\t\t\t<div class=\"elementor-widget-wrap elementor-element-populated\">\n\t\t\t\t\t\t<div class=\"elementor-element elementor-element-6c92998 elementor-widget elementor-widget-image\" data-id=\"6c92998\" data-element_type=\"widget\" data-widget_type=\"image.default\">\n\t\t\t\t<div class=\"elementor-widget-container\">\n\t\t\t\t\t\t\t\t\t\t\t\t\t\t\t<img fetchpriority=\"high\" decoding=\"async\" width=\"1024\" height=\"681\" src=\"https:\/\/chiarabevents.com\/wp-content\/uploads\/2023\/11\/DSC_7457-1024x681.jpg\" class=\"attachment-large size-large wp-image-7384\" alt=\"Julemand med b\u00f8rn, juledekorationer til f\u00f8dselsdagsfester, ops\u00e6tning af arrangementer, bryllupsplanl\u00e6gger og bryllupskoordinator, ChiaraB Events.\" srcset=\"https:\/\/chiarabevents.com\/wp-content\/uploads\/2023\/11\/DSC_7457-1024x681.jpg 1024w, https:\/\/chiarabevents.com\/wp-content\/uploads\/2023\/11\/DSC_7457-300x200.jpg 300w, https:\/\/chiarabevents.com\/wp-content\/uploads\/2023\/11\/DSC_7457-768x511.jpg 768w, https:\/\/chiarabevents.com\/wp-content\/uploads\/2023\/11\/DSC_7457-1536x1022.jpg 1536w\" sizes=\"(max-width: 1024px) 100vw, 1024px\" \/>\t\t\t\t\t\t\t\t\t\t\t\t\t\t\t<\/div>\n\t\t\t\t<\/div>\n\t\t\t\t<div class=\"elementor-element elementor-element-c5e78da elementor-widget__width-initial elementor-widget elementor-widget-image\" data-id=\"c5e78da\" data-element_type=\"widget\" data-widget_type=\"image.default\">\n\t\t\t\t<div class=\"elementor-widget-container\">\n\t\t\t\t\t\t\t\t\t\t\t\t\t\t\t<img decoding=\"async\" width=\"683\" height=\"1024\" src=\"https:\/\/chiarabevents.com\/wp-content\/uploads\/2023\/11\/DSC_7574-683x1024.jpg\" class=\"attachment-large size-large wp-image-7381\" alt=\"Sp\u00e6ndende bryllupsplanl\u00e6gning mellem to mennesker med elegante juledekorationer og hyggelig atmosf\u00e6re.\" srcset=\"https:\/\/chiarabevents.com\/wp-content\/uploads\/2023\/11\/DSC_7574-683x1024.jpg 683w, https:\/\/chiarabevents.com\/wp-content\/uploads\/2023\/11\/DSC_7574-200x300.jpg 200w, https:\/\/chiarabevents.com\/wp-content\/uploads\/2023\/11\/DSC_7574-768x1152.jpg 768w, https:\/\/chiarabevents.com\/wp-content\/uploads\/2023\/11\/DSC_7574-1024x1536.jpg 1024w, https:\/\/chiarabevents.com\/wp-content\/uploads\/2023\/11\/DSC_7574-1365x2048.jpg 1365w, https:\/\/chiarabevents.com\/wp-content\/uploads\/2023\/11\/DSC_7574-scaled.jpg 1707w\" sizes=\"(max-width: 683px) 100vw, 683px\" \/>\t\t\t\t\t\t\t\t\t\t\t\t\t\t\t<\/div>\n\t\t\t\t<\/div>\n\t\t\t\t\t<\/div>\n\t\t<\/div>\n\t\t\t\t\t<\/div>\n\t\t<\/section>\n\t\t\t\t\t<\/div>\n\t\t<\/div>\n\t\t\t\t<div class=\"elementor-column elementor-col-50 elementor-top-column elementor-element elementor-element-e2e780f\" data-id=\"e2e780f\" data-element_type=\"column\">\n\t\t\t<div class=\"elementor-widget-wrap elementor-element-populated\">\n\t\t\t\t\t\t<div class=\"elementor-element elementor-element-521b45d elementor-widget__width-initial elementor-widget elementor-widget-text-editor\" data-id=\"521b45d\" data-element_type=\"widget\" data-widget_type=\"text-editor.default\">\n\t\t\t\t<div class=\"elementor-widget-container\">\n\t\t\t\t\t\t\t\t\t<p>Hej, jeg hedder Chiara, jeg er eventskaber, men ogs\u00e5 hustru og mor til tre vidunderlige b\u00f8rn. Jeg tror meget p\u00e5 familien og henter styrke og energi fra den hver dag i mit arbejde. Jeg er f\u00f8dt og opvokset i <a href=\"https:\/\/chiarabevents.com\/da\/trends-og-stilarter\/at-blive-gift-pa-de-aeoliske-oer-aegteskab-mellem-hav-og-vulkaner\/\">Sicilien<\/a> og organisere <a href=\"https:\/\/chiarabevents.com\/da\/begivenheder\/\">begivenheder<\/a> nutidig og moderne stil. Jeg har altid \u00f8nsket at v\u00e6re en <a href=\"https:\/\/chiarabevents.com\/da\/\">Bryllupsplanl\u00e6gger<\/a>. Efter mange \u00e5rs studier i veterin\u00e6rmedicin besluttede jeg, at jeg m\u00e5tte give min dr\u00f8m en chance, og her er jeg s\u00e5. I \u00e5renes l\u00f8b har jeg f\u00e5et erfaring inden for eventverdenen. Efter flere efteruddannelseskurser hos de bedste italienske event- og bryllupsplanl\u00e6ggere har jeg opn\u00e5et ekspertise inden for logistik og eventforhold. For nylig er jeg ogs\u00e5 dykket ned i blomsternes vidunderlige verden takket v\u00e6re min deltagelse i tr\u00e6ningskurser og MASTER Classes med de bedste italienske blomsterdesignere.<br \/>I dag stiller jeg al min uddannelse og erfaring til r\u00e5dighed for par, som stoler p\u00e5 mig, n\u00e5r de skal have deres smukkeste dag. Takket v\u00e6re min viden inden for blomsteromr\u00e5det kan jeg samarbejde med blomsterdesignere b\u00e5de i planl\u00e6gningsfasen og i udf\u00f8relsesfasen p\u00e5 bryllupsdagen. Min opm\u00e6rksomhed er rettet mod begivenhedens sk\u00f8nhed og detaljen, men ogs\u00e5 mod studiet og organiseringen af logistikken med det form\u00e5l at opn\u00e5 fuld synergi mellem alle leverand\u00f8rer, hvilket er afg\u00f8rende for at opn\u00e5 den bedste gennemf\u00f8relse af begivenheden.<br \/>Tak til alle de <a href=\"https:\/\/chiarabevents.com\/da\/hold\/\">hold<\/a> Jeg form\u00e5r at opfylde alle \u00f8nsker fra det kommende brudepar. Jeg planl\u00e6gger hele arrangementet med henblik p\u00e5 at opfylde parrets \u00f8nsker, men lader mig ogs\u00e5 lede af god smag og k\u00e6rlighed. Jeg f\u00f8ler mig som en farverig sj\u00e6l, og med et \u00f8je p\u00e5 tidens trends og et p\u00e5 det kommende brudepars \u00f8nsker er jeg altid p\u00e5 udkig efter den fedeste palet og de mest elegante og sofistikerede nuancer, fordi jeg mener, at det rigtige farvevalg er grundl\u00e6ggende for at karakterisere en begivenhed og g\u00f8re den unik og speciel. Intet er overladt til tilf\u00e6ldighederne, vi arbejder som et team med det ene form\u00e5l at g\u00f8re din smukkeste dag til virkelighed. Jeg planl\u00e6gger, koordinerer og kuraterer b\u00e5de borgerlige og religi\u00f8se bryllupper samt symbolske bryllupper, men ogs\u00e5 bryllupper, hvor man g\u00e5r fra hinanden i mit smukke land.<\/p>\t\t\t\t\t\t\t\t<\/div>\n\t\t\t\t<\/div>\n\t\t\t\t<div class=\"elementor-element elementor-element-4fa92ca elementor-widget elementor-widget-image\" data-id=\"4fa92ca\" data-element_type=\"widget\" data-widget_type=\"image.default\">\n\t\t\t\t<div class=\"elementor-widget-container\">\n\t\t\t\t\t\t\t\t\t\t\t\t\t\t\t<img decoding=\"async\" width=\"1024\" height=\"683\" src=\"https:\/\/chiarabevents.com\/wp-content\/uploads\/2023\/11\/DSC_7677-1024x683.jpg\" class=\"attachment-large size-large wp-image-7382\" alt=\"Juletr\u00e6 pyntet med pink og hvid pynt, omgivet af gaver og figurer, med en glad familie, der beundrer det, i et hyggeligt rum, der er indrettet til juleferien.\" srcset=\"https:\/\/chiarabevents.com\/wp-content\/uploads\/2023\/11\/DSC_7677-1024x683.jpg 1024w, https:\/\/chiarabevents.com\/wp-content\/uploads\/2023\/11\/DSC_7677-300x200.jpg 300w, https:\/\/chiarabevents.com\/wp-content\/uploads\/2023\/11\/DSC_7677-768x512.jpg 768w, https:\/\/chiarabevents.com\/wp-content\/uploads\/2023\/11\/DSC_7677-1536x1024.jpg 1536w\" sizes=\"(max-width: 1024px) 100vw, 1024px\" \/>\t\t\t\t\t\t\t\t\t\t\t\t\t\t\t<\/div>\n\t\t\t\t<\/div>\n\t\t\t\t\t<\/div>\n\t\t<\/div>\n\t\t\t\t\t<\/div>\n\t\t<\/section>\n\t\t\t\t<\/div>","protected":false},"excerpt":{"rendered":"<p>Mig og min familie ChiaraB Events &lt;\/h2&gt; Hej, jeg hedder Chiara, jeg er eventskaber, men ogs&aring; hustru og mor til tre vidunderlige b&oslash;rn. Jeg tror meget p&aring; familien og henter styrke og energi fra den hver dag i mit arbejde. Jeg er f&oslash;dt og opvokset p&aring; Sicilien, og jeg organiserer events i en nutidig og moderne stil. Jeg har altid [...]<\/p>","protected":false},"author":2,"featured_media":7384,"parent":0,"menu_order":0,"comment_status":"closed","ping_status":"closed","template":"","meta":{"footnotes":""},"class_list":["post-1402","page","type-page","status-publish","has-post-thumbnail","hentry"],"yoast_head":"<!-- This site is optimized with the Yoast SEO Premium plugin v21.8 (Yoast SEO v27.3) - https:\/\/yoast.com\/product\/yoast-seo-premium-wordpress\/ -->\n<title>Chiara Beninati - ChiaraB Events Wedding Planner<\/title>\n<meta name=\"description\" content=\"Sono Chiara, sono una Event Creator ma anche moglie e madre di tre meravigliosi bimbi. Credo molto nella famiglia e ne traggo ogni giorno la forza\" \/>\n<meta name=\"robots\" content=\"index, follow, max-snippet:-1, max-image-preview:large, max-video-preview:-1\" \/>\n<link rel=\"canonical\" href=\"https:\/\/chiarabevents.com\/da\/hvem-de-er\/\" \/>\n<meta property=\"og:locale\" content=\"da_DK\" \/>\n<meta property=\"og:type\" content=\"article\" \/>\n<meta property=\"og:title\" content=\"Chi Sono\" \/>\n<meta property=\"og:description\" content=\"Sono Chiara, sono una Event Creator ma anche moglie e madre di tre meravigliosi bimbi. Credo molto nella famiglia e ne traggo ogni giorno la forza\" \/>\n<meta property=\"og:url\" content=\"https:\/\/chiarabevents.com\/da\/hvem-de-er\/\" \/>\n<meta property=\"og:site_name\" content=\"ChiaraB Events Wedding Planner\" \/>\n<meta property=\"article:publisher\" content=\"https:\/\/www.facebook.com\/chiarabevent\" \/>\n<meta property=\"article:modified_time\" content=\"2024-12-30T13:00:38+00:00\" \/>\n<meta property=\"og:image\" content=\"https:\/\/chiarabevents.com\/wp-content\/uploads\/2023\/11\/DSC_7457.jpg\" \/>\n\t<meta property=\"og:image:width\" content=\"2000\" \/>\n\t<meta property=\"og:image:height\" content=\"1331\" \/>\n\t<meta property=\"og:image:type\" content=\"image\/jpeg\" \/>\n<meta name=\"twitter:card\" content=\"summary_large_image\" \/>\n<meta name=\"twitter:label1\" content=\"Est. reading time\" \/>\n\t<meta name=\"twitter:data1\" content=\"3 minutes\" \/>\n<script type=\"application\/ld+json\" class=\"yoast-schema-graph\">{\"@context\":\"https:\\\/\\\/schema.org\",\"@graph\":[{\"@type\":\"WebPage\",\"@id\":\"https:\\\/\\\/chiarabevents.com\\\/chi-sono\\\/\",\"url\":\"https:\\\/\\\/chiarabevents.com\\\/chi-sono\\\/\",\"name\":\"Chiara Beninati - ChiaraB Events Wedding Planner\",\"isPartOf\":{\"@id\":\"https:\\\/\\\/chiarabevents.com\\\/#website\"},\"primaryImageOfPage\":{\"@id\":\"https:\\\/\\\/chiarabevents.com\\\/chi-sono\\\/#primaryimage\"},\"image\":{\"@id\":\"https:\\\/\\\/chiarabevents.com\\\/chi-sono\\\/#primaryimage\"},\"thumbnailUrl\":\"https:\\\/\\\/chiarabevents.com\\\/wp-content\\\/uploads\\\/2023\\\/11\\\/DSC_7457.jpg\",\"datePublished\":\"2019-12-05T14:03:34+00:00\",\"dateModified\":\"2024-12-30T13:00:38+00:00\",\"description\":\"Sono Chiara, sono una Event Creator ma anche moglie e madre di tre meravigliosi bimbi. Credo molto nella famiglia e ne traggo ogni giorno la forza\",\"breadcrumb\":{\"@id\":\"https:\\\/\\\/chiarabevents.com\\\/chi-sono\\\/#breadcrumb\"},\"inLanguage\":\"da-DK\",\"potentialAction\":[{\"@type\":\"ReadAction\",\"target\":[\"https:\\\/\\\/chiarabevents.com\\\/chi-sono\\\/\"]}]},{\"@type\":\"ImageObject\",\"inLanguage\":\"da-DK\",\"@id\":\"https:\\\/\\\/chiarabevents.com\\\/chi-sono\\\/#primaryimage\",\"url\":\"https:\\\/\\\/chiarabevents.com\\\/wp-content\\\/uploads\\\/2023\\\/11\\\/DSC_7457.jpg\",\"contentUrl\":\"https:\\\/\\\/chiarabevents.com\\\/wp-content\\\/uploads\\\/2023\\\/11\\\/DSC_7457.jpg\",\"width\":2000,\"height\":1331,\"caption\":\"Babbo Natale con bambini, decorazioni natalizie per feste di compleanno, allestimenti di eventi, wedding planner e coordinatrice matrimoni, ChiaraB Events.\"},{\"@type\":\"BreadcrumbList\",\"@id\":\"https:\\\/\\\/chiarabevents.com\\\/chi-sono\\\/#breadcrumb\",\"itemListElement\":[{\"@type\":\"ListItem\",\"position\":1,\"name\":\"Home\",\"item\":\"https:\\\/\\\/chiarabevents.com\\\/\"},{\"@type\":\"ListItem\",\"position\":2,\"name\":\"Chi Sono\"}]},{\"@type\":\"WebSite\",\"@id\":\"https:\\\/\\\/chiarabevents.com\\\/#website\",\"url\":\"https:\\\/\\\/chiarabevents.com\\\/\",\"name\":\"ChiaraB Events Wedding Planner\",\"description\":\"Un meraviglioso percorso fatto insieme\",\"publisher\":{\"@id\":\"https:\\\/\\\/chiarabevents.com\\\/#organization\"},\"potentialAction\":[{\"@type\":\"SearchAction\",\"target\":{\"@type\":\"EntryPoint\",\"urlTemplate\":\"https:\\\/\\\/chiarabevents.com\\\/?s={search_term_string}\"},\"query-input\":{\"@type\":\"PropertyValueSpecification\",\"valueRequired\":true,\"valueName\":\"search_term_string\"}}],\"inLanguage\":\"da-DK\"},{\"@type\":\"Organization\",\"@id\":\"https:\\\/\\\/chiarabevents.com\\\/#organization\",\"name\":\"ChiaraB Events Wedding Planner\",\"url\":\"https:\\\/\\\/chiarabevents.com\\\/\",\"logo\":{\"@type\":\"ImageObject\",\"inLanguage\":\"da-DK\",\"@id\":\"https:\\\/\\\/chiarabevents.com\\\/#\\\/schema\\\/logo\\\/image\\\/\",\"url\":\"https:\\\/\\\/chiarabevents.com\\\/wp-content\\\/uploads\\\/2023\\\/12\\\/cropped-Monogramma_chiarab.png\",\"contentUrl\":\"https:\\\/\\\/chiarabevents.com\\\/wp-content\\\/uploads\\\/2023\\\/12\\\/cropped-Monogramma_chiarab.png\",\"width\":512,\"height\":512,\"caption\":\"ChiaraB Events Wedding Planner\"},\"image\":{\"@id\":\"https:\\\/\\\/chiarabevents.com\\\/#\\\/schema\\\/logo\\\/image\\\/\"},\"sameAs\":[\"https:\\\/\\\/www.facebook.com\\\/chiarabevent\",\"https:\\\/\\\/www.instagram.com\\\/chiarab_events\\\/\"]}]}<\/script>\n<!-- \/ Yoast SEO Premium plugin. -->","yoast_head_json":{"title":"Chiara Beninati - ChiaraB Events Wedding Planner","description":"Jeg hedder Chiara, jeg er eventskaber, men ogs\u00e5 hustru og mor til tre vidunderlige b\u00f8rn. Jeg tror st\u00e6rkt p\u00e5 familien og henter styrke fra den hver dag.","robots":{"index":"index","follow":"follow","max-snippet":"max-snippet:-1","max-image-preview":"max-image-preview:large","max-video-preview":"max-video-preview:-1"},"canonical":"https:\/\/chiarabevents.com\/da\/hvem-de-er\/","og_locale":"da_DK","og_type":"article","og_title":"Chi Sono","og_description":"Sono Chiara, sono una Event Creator ma anche moglie e madre di tre meravigliosi bimbi. Credo molto nella famiglia e ne traggo ogni giorno la forza","og_url":"https:\/\/chiarabevents.com\/da\/hvem-de-er\/","og_site_name":"ChiaraB Events Wedding Planner","article_publisher":"https:\/\/www.facebook.com\/chiarabevent","article_modified_time":"2024-12-30T13:00:38+00:00","og_image":[{"width":2000,"height":1331,"url":"https:\/\/chiarabevents.com\/wp-content\/uploads\/2023\/11\/DSC_7457.jpg","type":"image\/jpeg"}],"twitter_card":"summary_large_image","twitter_misc":{"Est. reading time":"3 minutes"},"schema":{"@context":"https:\/\/schema.org","@graph":[{"@type":"WebPage","@id":"https:\/\/chiarabevents.com\/chi-sono\/","url":"https:\/\/chiarabevents.com\/chi-sono\/","name":"Chiara Beninati - ChiaraB Events Wedding Planner","isPartOf":{"@id":"https:\/\/chiarabevents.com\/#website"},"primaryImageOfPage":{"@id":"https:\/\/chiarabevents.com\/chi-sono\/#primaryimage"},"image":{"@id":"https:\/\/chiarabevents.com\/chi-sono\/#primaryimage"},"thumbnailUrl":"https:\/\/chiarabevents.com\/wp-content\/uploads\/2023\/11\/DSC_7457.jpg","datePublished":"2019-12-05T14:03:34+00:00","dateModified":"2024-12-30T13:00:38+00:00","description":"Jeg hedder Chiara, jeg er eventskaber, men ogs\u00e5 hustru og mor til tre vidunderlige b\u00f8rn. Jeg tror st\u00e6rkt p\u00e5 familien og henter styrke fra den hver dag.","breadcrumb":{"@id":"https:\/\/chiarabevents.com\/chi-sono\/#breadcrumb"},"inLanguage":"da-DK","potentialAction":[{"@type":"ReadAction","target":["https:\/\/chiarabevents.com\/chi-sono\/"]}]},{"@type":"ImageObject","inLanguage":"da-DK","@id":"https:\/\/chiarabevents.com\/chi-sono\/#primaryimage","url":"https:\/\/chiarabevents.com\/wp-content\/uploads\/2023\/11\/DSC_7457.jpg","contentUrl":"https:\/\/chiarabevents.com\/wp-content\/uploads\/2023\/11\/DSC_7457.jpg","width":2000,"height":1331,"caption":"Babbo Natale con bambini, decorazioni natalizie per feste di compleanno, allestimenti di eventi, wedding planner e coordinatrice matrimoni, ChiaraB Events."},{"@type":"BreadcrumbList","@id":"https:\/\/chiarabevents.com\/chi-sono\/#breadcrumb","itemListElement":[{"@type":"ListItem","position":1,"name":"Home","item":"https:\/\/chiarabevents.com\/"},{"@type":"ListItem","position":2,"name":"Chi Sono"}]},{"@type":"WebSite","@id":"https:\/\/chiarabevents.com\/#website","url":"https:\/\/chiarabevents.com\/","name":"ChiaraB Events Bryllupsplanl\u00e6gger","description":"En vidunderlig rejse sammen","publisher":{"@id":"https:\/\/chiarabevents.com\/#organization"},"potentialAction":[{"@type":"SearchAction","target":{"@type":"EntryPoint","urlTemplate":"https:\/\/chiarabevents.com\/?s={search_term_string}"},"query-input":{"@type":"PropertyValueSpecification","valueRequired":true,"valueName":"search_term_string"}}],"inLanguage":"da-DK"},{"@type":"Organization","@id":"https:\/\/chiarabevents.com\/#organization","name":"ChiaraB Events Bryllupsplanl\u00e6gger","url":"https:\/\/chiarabevents.com\/","logo":{"@type":"ImageObject","inLanguage":"da-DK","@id":"https:\/\/chiarabevents.com\/#\/schema\/logo\/image\/","url":"https:\/\/chiarabevents.com\/wp-content\/uploads\/2023\/12\/cropped-Monogramma_chiarab.png","contentUrl":"https:\/\/chiarabevents.com\/wp-content\/uploads\/2023\/12\/cropped-Monogramma_chiarab.png","width":512,"height":512,"caption":"ChiaraB Events Wedding Planner"},"image":{"@id":"https:\/\/chiarabevents.com\/#\/schema\/logo\/image\/"},"sameAs":["https:\/\/www.facebook.com\/chiarabevent","https:\/\/www.instagram.com\/chiarab_events\/"]}]}},"_links":{"self":[{"href":"https:\/\/chiarabevents.com\/da\/wp-json\/wp\/v2\/pages\/1402","targetHints":{"allow":["GET"]}}],"collection":[{"href":"https:\/\/chiarabevents.com\/da\/wp-json\/wp\/v2\/pages"}],"about":[{"href":"https:\/\/chiarabevents.com\/da\/wp-json\/wp\/v2\/types\/page"}],"author":[{"embeddable":true,"href":"https:\/\/chiarabevents.com\/da\/wp-json\/wp\/v2\/users\/2"}],"replies":[{"embeddable":true,"href":"https:\/\/chiarabevents.com\/da\/wp-json\/wp\/v2\/comments?post=1402"}],"version-history":[{"count":0,"href":"https:\/\/chiarabevents.com\/da\/wp-json\/wp\/v2\/pages\/1402\/revisions"}],"wp:featuredmedia":[{"embeddable":true,"href":"https:\/\/chiarabevents.com\/da\/wp-json\/wp\/v2\/media\/7384"}],"wp:attachment":[{"href":"https:\/\/chiarabevents.com\/da\/wp-json\/wp\/v2\/media?parent=1402"}],"curies":[{"name":"wp","href":"https:\/\/api.w.org\/{rel}","templated":true}]}}