{"id":8082,"date":"2024-05-11T07:11:37","date_gmt":"2024-05-11T07:11:37","guid":{"rendered":"https:\/\/chiarabevents.com\/?page_id=8082"},"modified":"2024-12-08T11:28:27","modified_gmt":"2024-12-08T09:28:27","slug":"sporgsmal","status":"publish","type":"page","link":"https:\/\/chiarabevents.com\/da\/sporgsmal\/","title":{"rendered":"OFTE STILLEDE SP\u00d8RGSM\u00c5L"},"content":{"rendered":"<h2>FAQ - Ofte stillede sp\u00f8rgsm\u00e5l om ChiaraB-begivenheder<\/h2>\n<h4>1. <strong>Hvorfor skal jeg hyre en bryllupsplanl\u00e6gger?<\/strong><\/h4>\n<p>A <a href=\"https:\/\/chiarabevents.com\/da\/\">bryllupsplanl\u00e6gger<\/a> kan g\u00f8re forskellen mellem en stresset dag og en perfekt koordineret begivenhed. En professionel planl\u00e6gger:<\/p>\n<ul>\n<li><strong>Sparer tid:<\/strong> Det styrer al kommunikation og alle deadlines med leverand\u00f8rer, s\u00e5 du kan fokusere p\u00e5 det, der er vigtigst.<\/li>\n<li><strong>Reducerer stress:<\/strong> Han tager sig af de logistiske detaljer og l\u00f8ser de problemer, der m\u00e5tte opst\u00e5.<\/li>\n<li><strong>Den tilbyder ekspertr\u00e5dgivning:<\/strong> Han har erfaring i branchen og kan guide dig gennem vigtige beslutninger og hj\u00e6lpe dig med at holde dig inden for budgettet.<\/li>\n<li><strong>Tilpas begivenheden:<\/strong> Det g\u00f8r din vision til virkelighed gennem r\u00e5dgivning om stil, design og organisation.<\/li>\n<\/ul>\n<h4>2. <strong>Hvilke tjenester tilbyder ChiaraB Events?<\/strong><\/h4>\n<p>Vi tilbyder et komplet udvalg af tjenester, herunder:<\/p>\n<ul>\n<li><strong>Komplet organisation:<\/strong> Fra planl\u00e6gning til udf\u00f8relse tager vi os af alle detaljer og s\u00f8rger for, at alt er koordineret.<\/li>\n<li><strong>Dagens koordinering:<\/strong> Vi h\u00e5ndterer alle logistiske aspekter p\u00e5 dagen for arrangementet og sikrer, at alt g\u00e5r efter planen.<\/li>\n<li><strong>Delvis r\u00e5dgivning:<\/strong> Hvis du allerede er begyndt at planl\u00e6gge, men har brug for vejledning, kan vi hj\u00e6lpe dig med at gennemf\u00f8re projektet.<\/li>\n<li><strong><a href=\"https:\/\/chiarabevents.com\/da\/destination-bryllup-ting-hvorfor-vaelge-det-og-hvordan-man-organiserer-det\/\">Bryllup p\u00e5 destinationen<\/a>:<\/strong> Planl\u00e6gning og koordinering af <a href=\"https:\/\/chiarabevents.com\/da\/trends-og-stilarter\/strandbryllup-tips-til-en-drommebegivenhed\/\">Bryllupper<\/a> forskellige steder i Italien.<\/li>\n<li><strong>Kreativt design:<\/strong> At skabe unikke temaer og dekorationer, der afspejler din personlighed.<\/li>\n<\/ul>\n<h4>3. <strong>Hvorn\u00e5r skal jeg begynde at planl\u00e6gge mit bryllup?<\/strong><\/h4>\n<p>Ideelt set b\u00f8r planl\u00e6gningen starte mindst 12-18 m\u00e5neder f\u00f8r den planlagte dato. Det giver tid nok til at finde det rigtige sted, sikre de foretrukne leverand\u00f8rer og organisere alle detaljerne uden at forhaste sig. Men hvis du har mindre tid, kan vi stadig hj\u00e6lpe dig med at organisere en vidunderlig begivenhed.<\/p>\n<h4>4. <strong>Kan jeg hyre en bryllupsplanl\u00e6gger, hvis jeg allerede har valgt nogle leverand\u00f8rer?<\/strong><\/h4>\n<p>Helt sikkert! Hvis du allerede har valgt nogle leverand\u00f8rer, arbejder vi sammen med dem for at sikre, at alt er godt koordineret. Vi kan gribe ind p\u00e5 et hvilket som helst tidspunkt i planl\u00e6gningen for at hj\u00e6lpe dig med resten af processen.<\/p>\n<h4>5. <strong>Hvem tager sig af eventuelle problemer p\u00e5 bryllupsdagen?<\/strong><\/h4>\n<p>Vores <a href=\"https:\/\/chiarabevents.com\/da\/hold\/\">hold<\/a> vil v\u00e6re p\u00e5 stedet for at h\u00e5ndtere alle aspekter af brylluppet, herunder at l\u00f8se eventuelle problemer i sidste \u00f8jeblik. Vores erfaring giver os mulighed for at forudse og forebygge mange problemer, men vi er altid forberedt p\u00e5 uforudsete udfordringer for at sikre, at alt forl\u00f8ber glat.<\/p>\n<h4>6. <strong>Hvordan kan jeg sikre mig, at mit bryllup er unikt?<\/strong><\/h4>\n<p>N\u00f8glen til et unikt bryllup er personlig planl\u00e6gning og kreativt design. Hos ChiaraB Events lytter vi n\u00f8je til jeres ideer og foresl\u00e5r elementer, der afspejler jeres personlighed. Gennem samarbejde med kreative leverand\u00f8rer og vores designteam skaber vi en skr\u00e6ddersyet oplevelse, som vil g\u00f8re et uudsletteligt indtryk p\u00e5 dig og dine g\u00e6ster.<\/p>\n<h4>7. <strong>Hvor meget koster en bryllupsplanl\u00e6gger?<\/strong><\/h4>\n<p>Omkostningerne varierer afh\u00e6ngigt af den type service, der kr\u00e6ves, og arrangementets kompleksitet. Efter en indledende gratis konsultation for at forst\u00e5 dine behov giver vi et detaljeret og gennemsigtigt tilbud. Vores m\u00e5l er at tilbyde dig den bedst mulige v\u00e6rdi inden for dit budget.<\/p>\n<h4>8. <strong>Hvordan kan jeg holde mig inden for mit budget?<\/strong><\/h4>\n<p>Her er nogle tips til at holde budgettet:<\/p>\n<ul>\n<li><strong>Prioriteringer:<\/strong> Find ud af, hvilke aspekter der er vigtigst for dig, og invester mere i de omr\u00e5der.<\/li>\n<li><strong>Antal g\u00e6ster:<\/strong> At reducere antallet af g\u00e6ster er en af de nemmeste m\u00e5der at kontrollere omkostningerne p\u00e5.<\/li>\n<li><strong>Fleksibilitet:<\/strong> At v\u00e6lge en mindre popul\u00e6r dato eller et mere praktisk sted kan reducere omkostningerne betydeligt.<\/li>\n<li><strong>Professionel r\u00e5dgivning:<\/strong> En bryllupsplanl\u00e6gger kan hj\u00e6lpe dig med at finde kvalitetsleverand\u00f8rer inden for dit budget.<\/li>\n<\/ul>\n<h4>9. <strong>Arbejder ChiaraB Events med bestemte leverand\u00f8rer?<\/strong><\/h4>\n<p>Vi har et etableret netv\u00e6rk af betroede leverand\u00f8rer, som vi ofte arbejder sammen med, men vi er altid \u00e5bne over for nye samarbejder. Hvis du allerede har foretrukne leverand\u00f8rer eller gerne vil v\u00e6lge andre leverand\u00f8rer, samarbejder vi gerne med dem for at sikre en god oplevelse.<\/p>\n<h4>10. <strong>Tilbyder du tjenester til destinationsbryllupper?<\/strong><\/h4>\n<p>Ja, vi har ogs\u00e5 specialiseret os i destinationsbryllupper p\u00e5 nogle af de smukkeste steder i Italien. Vi tager os af al logistikken for jer, fra booking af stedet til organisering af transport og indkvartering, s\u00e5 I kan koncentrere jer om festen.<\/p>\n<h4>11. <strong>Er det n\u00f8dvendigt med en koordinator p\u00e5 bryllupsdagen?<\/strong><\/h4>\n<p>En koordinator p\u00e5 bryllupsdagen er vigtig for at sikre, at alt g\u00e5r glat. Han s\u00f8rger for, at alle detaljer bliver udf\u00f8rt efter planen, og l\u00f8ser eventuelle problemer i realtid. Han giver ogs\u00e5 dig og din familie mulighed for at nyde dagen uden bekymringer.<\/p>\n<h4>12. <strong>Hvordan h\u00e5ndteres kommunikationen under planl\u00e6gningen?<\/strong><\/h4>\n<p>Vi foretr\u00e6kker konstant og gennemsigtig kommunikation med vores kunder. Vi udarbejder en kommunikationsplan, der omfatter e-mails, telefonopkald og regelm\u00e6ssige m\u00f8der for at diskutere fremskridt. Vi tilpasser kommunikationsmetoden til den enkelte kundes pr\u00e6ferencer.<\/p>\n<h4>13. <strong>Hvordan kan jeg booke ChiaraB Events til mit bryllup?<\/strong><\/h4>\n<p>Du kan kontakte os via formularen p\u00e5 vores hjemmeside eller via e-mail for at bestille en gratis indledende konsultation. Efter konsultationen giver vi dig et detaljeret tilbud og en arbejdsplan, s\u00e5 du kan starte planl\u00e6gningsprocessen.<\/p>\n<h4>14. <strong>Hvilke sikkerhedsforanstaltninger blev der truffet under COVID-19-pandemien?<\/strong><\/h4>\n<p>Vi f\u00f8lger alle lokale og nationale retningslinjer for at sikre alle deltageres sikkerhed. Det omfatter social distancering, brug af personlige v\u00e6rnemidler og sanering af lokaler. Derudover arbejder vi t\u00e6t sammen med stedet og leverand\u00f8rerne om at implementere sikkerhedsforanstaltninger, der er specifikke for jeres bryllup.<\/p>\n<h4>15. <strong>Hvordan kan jeg g\u00f8re mit \u00e6gteskab mere b\u00e6redygtigt?<\/strong><\/h4>\n<p>Her er nogle ideer til et milj\u00f8venligt bryllup:<\/p>\n<ul>\n<li><strong>Genanvendelige dekorationer:<\/strong> Brug dekorationer, der kan genbruges eller genanvendes.<\/li>\n<li><strong><a href=\"https:\/\/chiarabevents.com\/da\/guides-og-tips\/tips-til-at-vaelge-det-perfekte-cateringfirma-til-dit-bryllup-pa-sicilien\/\">Catering<\/a> lokal:<\/strong> V\u00e6lg madleverand\u00f8rer, der bruger lokale og s\u00e6sonbestemte ingredienser.<\/li>\n<li><strong>Digitale invitationer:<\/strong> Overvej elektroniske invitationer for at reducere papirforbruget.<\/li>\n<li><strong>Solidaritetsgaver:<\/strong> Giv bryllupsgaver, der st\u00f8tter velg\u00f8rende form\u00e5l.<\/li>\n<\/ul>\n<h4>16. <strong>Kan jeg \u00e6ndre mening om eventdetaljer under planl\u00e6gningen?<\/strong><\/h4>\n<p>Ja, vi forst\u00e5r, at pr\u00e6ferencer og omst\u00e6ndigheder kan \u00e6ndre sig. Vi er fleksible og vil samarbejde med dig om at opdatere planen i overensstemmelse hermed, idet vi altid holder \u00f8je med budget og timing.<\/p>\n<h4>17. <strong>Har du erfaring med \u00e6gteskaber mellem forskellige kulturer og religioner?<\/strong><\/h4>\n<p>Ja, vi har arrangeret bryllupper i forskellige kulturer og religioner. Vi respekterer hver kundes unikke traditioner og g\u00f8r vores bedste for at indarbejde disse detaljer autentisk i begivenheden.<\/p>\n<h4>18. <strong>Hvilke trends ser du i bryllupper for tiden?<\/strong><\/h4>\n<p>Nogle af de seneste tendenser omfatter:<\/p>\n<ul>\n<li><strong>Intime \u00e6gteskaber:<\/strong> Sm\u00e5 bryllupper med en lille g\u00e6steliste.<\/li>\n<li><strong>Dristige farver:<\/strong> Lyse farvepaletter som smaragdgr\u00f8n, rubinr\u00f8d og guld.<\/li>\n<li><strong>Naturlige dekorationer:<\/strong> Brug af vilde blomster og organiske elementer til at dekorere rum.<\/li>\n<li><strong>Oplevelser for g\u00e6ster:<\/strong> <a href=\"https:\/\/chiarabevents.com\/da\/begivenheder\/\">Begivenheder<\/a> skr\u00e6ddersyet til at involvere g\u00e6sterne, f.eks. vinsmagninger og levende musik.<\/li>\n<\/ul>\n<h4>19. <strong>Tilbyder du kreative designtjenester separat fra planl\u00e6gning?<\/strong><\/h4>\n<p>Ja, vores designteam kan skabe et skr\u00e6ddersyet dekorationsprojekt, selv hvis du ikke har brug for fuld planl\u00e6gning. Vi kan hj\u00e6lpe dig med temaer, farver, layout og indretning for at sikre et sammenh\u00e6ngende look.<\/p>\n<h4>20. <strong>Hvad adskiller ChiaraB Events fra andre bryllupsplanl\u00e6ggere?<\/strong><\/h4>\n<p>Vores personlige, detaljeorienterede tilgang adskiller os fra andre. Vi arbejder t\u00e6t sammen med vores kunder, lytter n\u00f8je til deres pr\u00e6ferencer og udarbejder en skr\u00e6ddersyet plan, der afspejler deres vision. Derudover giver vores erfaring og netv\u00e6rk af p\u00e5lidelige leverand\u00f8rer os mulighed for at tilbyde tjenester af h\u00f8j kvalitet og kreative l\u00f8sninger p\u00e5 enhver planl\u00e6gningsudfordring.<\/p>","protected":false},"excerpt":{"rendered":"<p>FAQ &#8211; Domande Frequenti su ChiaraB Events 1. Perch\u00e9 dovrei assumere un wedding planner? Un wedding planner pu\u00f2 fare la differenza tra una giornata stressante e un evento perfettamente coordinato. Un planner professionista: Risparmia Tempo: Gestisce tutte le comunicazioni e le scadenze con i fornitori, consentendo a te di concentrarti su ci\u00f2 che \u00e8 pi\u00f9 importante. Riduce [&hellip;]<\/p>","protected":false},"author":2,"featured_media":0,"parent":0,"menu_order":0,"comment_status":"closed","ping_status":"closed","template":"","meta":{"footnotes":""},"class_list":["post-8082","page","type-page","status-publish","hentry"],"yoast_head":"<!-- This site is optimized with the Yoast SEO Premium plugin v21.8 (Yoast SEO v27.3) - https:\/\/yoast.com\/product\/yoast-seo-premium-wordpress\/ -->\n<title>FAQ - ChiaraB Events Wedding Planner<\/title>\n<meta name=\"description\" content=\"Trova le risposte alle domande pi\u00f9 comuni sul wedding planner, sui costi e sui suggerimenti per la programmazione del tuo giorno speciale.\" \/>\n<meta name=\"robots\" content=\"index, follow, max-snippet:-1, max-image-preview:large, max-video-preview:-1\" \/>\n<link rel=\"canonical\" href=\"https:\/\/chiarabevents.com\/da\/sporgsmal\/\" \/>\n<meta property=\"og:locale\" content=\"da_DK\" \/>\n<meta property=\"og:type\" content=\"article\" \/>\n<meta property=\"og:title\" content=\"FAQ\" \/>\n<meta property=\"og:description\" content=\"Trova le risposte alle domande pi\u00f9 comuni sul wedding planner, sui costi e sui suggerimenti per la programmazione del tuo giorno speciale.\" \/>\n<meta property=\"og:url\" content=\"https:\/\/chiarabevents.com\/da\/sporgsmal\/\" \/>\n<meta property=\"og:site_name\" content=\"ChiaraB Events Wedding Planner\" \/>\n<meta property=\"article:publisher\" content=\"https:\/\/www.facebook.com\/chiarabevent\" \/>\n<meta property=\"article:modified_time\" content=\"2024-12-08T09:28:27+00:00\" \/>\n<meta name=\"twitter:card\" content=\"summary_large_image\" \/>\n<meta name=\"twitter:label1\" content=\"Est. reading time\" \/>\n\t<meta name=\"twitter:data1\" content=\"7 minutes\" \/>\n<script type=\"application\/ld+json\" class=\"yoast-schema-graph\">{\"@context\":\"https:\\\/\\\/schema.org\",\"@graph\":[{\"@type\":\"WebPage\",\"@id\":\"https:\\\/\\\/chiarabevents.com\\\/faq\\\/\",\"url\":\"https:\\\/\\\/chiarabevents.com\\\/faq\\\/\",\"name\":\"FAQ - ChiaraB Events Wedding Planner\",\"isPartOf\":{\"@id\":\"https:\\\/\\\/chiarabevents.com\\\/#website\"},\"datePublished\":\"2024-05-11T07:11:37+00:00\",\"dateModified\":\"2024-12-08T09:28:27+00:00\",\"description\":\"Trova le risposte alle domande pi\u00f9 comuni sul wedding planner, sui costi e sui suggerimenti per la programmazione del tuo giorno speciale.\",\"breadcrumb\":{\"@id\":\"https:\\\/\\\/chiarabevents.com\\\/faq\\\/#breadcrumb\"},\"inLanguage\":\"da-DK\",\"potentialAction\":[{\"@type\":\"ReadAction\",\"target\":[\"https:\\\/\\\/chiarabevents.com\\\/faq\\\/\"]}]},{\"@type\":\"BreadcrumbList\",\"@id\":\"https:\\\/\\\/chiarabevents.com\\\/faq\\\/#breadcrumb\",\"itemListElement\":[{\"@type\":\"ListItem\",\"position\":1,\"name\":\"Home\",\"item\":\"https:\\\/\\\/chiarabevents.com\\\/\"},{\"@type\":\"ListItem\",\"position\":2,\"name\":\"FAQ\"}]},{\"@type\":\"WebSite\",\"@id\":\"https:\\\/\\\/chiarabevents.com\\\/#website\",\"url\":\"https:\\\/\\\/chiarabevents.com\\\/\",\"name\":\"ChiaraB Events Wedding Planner\",\"description\":\"Un meraviglioso percorso fatto insieme\",\"publisher\":{\"@id\":\"https:\\\/\\\/chiarabevents.com\\\/#organization\"},\"potentialAction\":[{\"@type\":\"SearchAction\",\"target\":{\"@type\":\"EntryPoint\",\"urlTemplate\":\"https:\\\/\\\/chiarabevents.com\\\/?s={search_term_string}\"},\"query-input\":{\"@type\":\"PropertyValueSpecification\",\"valueRequired\":true,\"valueName\":\"search_term_string\"}}],\"inLanguage\":\"da-DK\"},{\"@type\":\"Organization\",\"@id\":\"https:\\\/\\\/chiarabevents.com\\\/#organization\",\"name\":\"ChiaraB Events Wedding Planner\",\"url\":\"https:\\\/\\\/chiarabevents.com\\\/\",\"logo\":{\"@type\":\"ImageObject\",\"inLanguage\":\"da-DK\",\"@id\":\"https:\\\/\\\/chiarabevents.com\\\/#\\\/schema\\\/logo\\\/image\\\/\",\"url\":\"https:\\\/\\\/chiarabevents.com\\\/wp-content\\\/uploads\\\/2023\\\/12\\\/cropped-Monogramma_chiarab.png\",\"contentUrl\":\"https:\\\/\\\/chiarabevents.com\\\/wp-content\\\/uploads\\\/2023\\\/12\\\/cropped-Monogramma_chiarab.png\",\"width\":512,\"height\":512,\"caption\":\"ChiaraB Events Wedding Planner\"},\"image\":{\"@id\":\"https:\\\/\\\/chiarabevents.com\\\/#\\\/schema\\\/logo\\\/image\\\/\"},\"sameAs\":[\"https:\\\/\\\/www.facebook.com\\\/chiarabevent\",\"https:\\\/\\\/www.instagram.com\\\/chiarab_events\\\/\"]}]}<\/script>\n<!-- \/ Yoast SEO Premium plugin. -->","yoast_head_json":{"title":"Ofte stillede sp\u00f8rgsm\u00e5l - ChiaraB Events Wedding Planner","description":"Find svar p\u00e5 de mest almindelige sp\u00f8rgsm\u00e5l om bryllupsplanl\u00e6ggere, omkostninger og tips til planl\u00e6gning af din s\u00e6rlige dag.","robots":{"index":"index","follow":"follow","max-snippet":"max-snippet:-1","max-image-preview":"max-image-preview:large","max-video-preview":"max-video-preview:-1"},"canonical":"https:\/\/chiarabevents.com\/da\/sporgsmal\/","og_locale":"da_DK","og_type":"article","og_title":"FAQ","og_description":"Trova le risposte alle domande pi\u00f9 comuni sul wedding planner, sui costi e sui suggerimenti per la programmazione del tuo giorno speciale.","og_url":"https:\/\/chiarabevents.com\/da\/sporgsmal\/","og_site_name":"ChiaraB Events Wedding Planner","article_publisher":"https:\/\/www.facebook.com\/chiarabevent","article_modified_time":"2024-12-08T09:28:27+00:00","twitter_card":"summary_large_image","twitter_misc":{"Est. reading time":"7 minutes"},"schema":{"@context":"https:\/\/schema.org","@graph":[{"@type":"WebPage","@id":"https:\/\/chiarabevents.com\/faq\/","url":"https:\/\/chiarabevents.com\/faq\/","name":"Ofte stillede sp\u00f8rgsm\u00e5l - ChiaraB Events Wedding Planner","isPartOf":{"@id":"https:\/\/chiarabevents.com\/#website"},"datePublished":"2024-05-11T07:11:37+00:00","dateModified":"2024-12-08T09:28:27+00:00","description":"Find svar p\u00e5 de mest almindelige sp\u00f8rgsm\u00e5l om bryllupsplanl\u00e6ggere, omkostninger og tips til planl\u00e6gning af din s\u00e6rlige dag.","breadcrumb":{"@id":"https:\/\/chiarabevents.com\/faq\/#breadcrumb"},"inLanguage":"da-DK","potentialAction":[{"@type":"ReadAction","target":["https:\/\/chiarabevents.com\/faq\/"]}]},{"@type":"BreadcrumbList","@id":"https:\/\/chiarabevents.com\/faq\/#breadcrumb","itemListElement":[{"@type":"ListItem","position":1,"name":"Home","item":"https:\/\/chiarabevents.com\/"},{"@type":"ListItem","position":2,"name":"FAQ"}]},{"@type":"WebSite","@id":"https:\/\/chiarabevents.com\/#website","url":"https:\/\/chiarabevents.com\/","name":"ChiaraB Events Bryllupsplanl\u00e6gger","description":"En vidunderlig rejse sammen","publisher":{"@id":"https:\/\/chiarabevents.com\/#organization"},"potentialAction":[{"@type":"SearchAction","target":{"@type":"EntryPoint","urlTemplate":"https:\/\/chiarabevents.com\/?s={search_term_string}"},"query-input":{"@type":"PropertyValueSpecification","valueRequired":true,"valueName":"search_term_string"}}],"inLanguage":"da-DK"},{"@type":"Organization","@id":"https:\/\/chiarabevents.com\/#organization","name":"ChiaraB Events Bryllupsplanl\u00e6gger","url":"https:\/\/chiarabevents.com\/","logo":{"@type":"ImageObject","inLanguage":"da-DK","@id":"https:\/\/chiarabevents.com\/#\/schema\/logo\/image\/","url":"https:\/\/chiarabevents.com\/wp-content\/uploads\/2023\/12\/cropped-Monogramma_chiarab.png","contentUrl":"https:\/\/chiarabevents.com\/wp-content\/uploads\/2023\/12\/cropped-Monogramma_chiarab.png","width":512,"height":512,"caption":"ChiaraB Events Wedding Planner"},"image":{"@id":"https:\/\/chiarabevents.com\/#\/schema\/logo\/image\/"},"sameAs":["https:\/\/www.facebook.com\/chiarabevent","https:\/\/www.instagram.com\/chiarab_events\/"]}]}},"_links":{"self":[{"href":"https:\/\/chiarabevents.com\/da\/wp-json\/wp\/v2\/pages\/8082","targetHints":{"allow":["GET"]}}],"collection":[{"href":"https:\/\/chiarabevents.com\/da\/wp-json\/wp\/v2\/pages"}],"about":[{"href":"https:\/\/chiarabevents.com\/da\/wp-json\/wp\/v2\/types\/page"}],"author":[{"embeddable":true,"href":"https:\/\/chiarabevents.com\/da\/wp-json\/wp\/v2\/users\/2"}],"replies":[{"embeddable":true,"href":"https:\/\/chiarabevents.com\/da\/wp-json\/wp\/v2\/comments?post=8082"}],"version-history":[{"count":0,"href":"https:\/\/chiarabevents.com\/da\/wp-json\/wp\/v2\/pages\/8082\/revisions"}],"wp:attachment":[{"href":"https:\/\/chiarabevents.com\/da\/wp-json\/wp\/v2\/media?parent=8082"}],"curies":[{"name":"wp","href":"https:\/\/api.w.org\/{rel}","templated":true}]}}