{"id":1402,"date":"2019-12-05T14:03:34","date_gmt":"2019-12-05T14:03:34","guid":{"rendered":"https:\/\/solene.qodeinteractive.com\/elementor\/?page_id=1402"},"modified":"2024-12-30T15:00:38","modified_gmt":"2024-12-30T13:00:38","slug":"wer-sie-sind","status":"publish","type":"page","link":"https:\/\/chiarabevents.com\/de\/wer-sie-sind\/","title":{"rendered":"Wer ich bin"},"content":{"rendered":"<div data-elementor-type=\"wp-page\" data-elementor-id=\"1402\" class=\"elementor elementor-1402\">\n\t\t\t\t\t\t<section class=\"elementor-section elementor-top-section elementor-element elementor-element-66de222 elementor-section-boxed elementor-section-height-default elementor-section-height-default eltdf-parallax-row-no eltdf-content-aligment-left eltdf-elementor-row-grid-no eltdf-disabled-bg-image-bellow-no\" data-id=\"66de222\" data-element_type=\"section\">\n\t\t\t\t\t\t<div class=\"elementor-container elementor-column-gap-default\">\n\t\t\t\t\t<div class=\"elementor-column elementor-col-100 elementor-top-column elementor-element elementor-element-57d2bba\" data-id=\"57d2bba\" data-element_type=\"column\">\n\t\t\t<div class=\"elementor-widget-wrap\">\n\t\t\t\t\t\t\t<\/div>\n\t\t<\/div>\n\t\t\t\t\t<\/div>\n\t\t<\/section>\n\t\t\t\t<section class=\"elementor-section elementor-top-section elementor-element elementor-element-fe4a6dd elementor-section-boxed elementor-section-height-default elementor-section-height-default eltdf-parallax-row-no eltdf-content-aligment-left eltdf-elementor-row-grid-no eltdf-disabled-bg-image-bellow-no\" data-id=\"fe4a6dd\" data-element_type=\"section\">\n\t\t\t\t\t\t<div class=\"elementor-container elementor-column-gap-default\">\n\t\t\t\t\t<div class=\"elementor-column elementor-col-100 elementor-top-column elementor-element elementor-element-ad79567\" data-id=\"ad79567\" data-element_type=\"column\">\n\t\t\t<div class=\"elementor-widget-wrap elementor-element-populated\">\n\t\t\t\t\t\t<div class=\"elementor-element elementor-element-c122d09 elementor-widget elementor-widget-eltdf_section_title\" data-id=\"c122d09\" data-element_type=\"widget\" data-widget_type=\"eltdf_section_title.default\">\n\t\t\t\t<div class=\"elementor-widget-container\">\n\t\t\t\t\t<div class=\"eltdf-section-title-holder\" style=\"text-align: center\">\n\t<div class=\"eltdf-st-inner\">\n\t\t\t\t\t\t\t<h1 class=\"eltdf-st-title\" >\n\t\t\t\tIch &amp; meine Familie\t\t\t\t\t\t\t<\/h1>\n\t\t\t\t\t\t\t<h2  class=\"eltdf-st-subtitle\" style=\"text-transform: none\">\n\t\t\t\t<span>\n\t\t\t\t\tChiaraB Ereignisse\t\t\t\t\t\t\t\t\t<\/span>\n\t\t\t<\/h2>\n\t\t\t\t\t\t\t<\/div>\n<\/div>\t\t\t\t<\/div>\n\t\t\t\t<\/div>\n\t\t\t\t\t<\/div>\n\t\t<\/div>\n\t\t\t\t\t<\/div>\n\t\t<\/section>\n\t\t\t\t<section class=\"elementor-section elementor-top-section elementor-element elementor-element-50a5694 elementor-section-boxed elementor-section-height-default elementor-section-height-default eltdf-parallax-row-no eltdf-content-aligment-left eltdf-elementor-row-grid-no eltdf-disabled-bg-image-bellow-no\" data-id=\"50a5694\" data-element_type=\"section\">\n\t\t\t\t\t\t<div class=\"elementor-container elementor-column-gap-default\">\n\t\t\t\t\t<div class=\"elementor-column elementor-col-50 elementor-top-column elementor-element elementor-element-8959660\" data-id=\"8959660\" data-element_type=\"column\">\n\t\t\t<div class=\"elementor-widget-wrap elementor-element-populated\">\n\t\t\t\t\t\t<section class=\"elementor-section elementor-inner-section elementor-element elementor-element-c582f94 elementor-section-boxed elementor-section-height-default elementor-section-height-default eltdf-parallax-row-no eltdf-content-aligment-left eltdf-elementor-row-grid-no eltdf-disabled-bg-image-bellow-no\" data-id=\"c582f94\" data-element_type=\"section\">\n\t\t\t\t\t\t<div class=\"elementor-container elementor-column-gap-default\">\n\t\t\t\t\t<div class=\"elementor-column elementor-col-100 elementor-inner-column elementor-element elementor-element-f145e5b\" data-id=\"f145e5b\" data-element_type=\"column\">\n\t\t\t<div class=\"elementor-widget-wrap elementor-element-populated\">\n\t\t\t\t\t\t<div class=\"elementor-element elementor-element-6c92998 elementor-widget elementor-widget-image\" data-id=\"6c92998\" data-element_type=\"widget\" data-widget_type=\"image.default\">\n\t\t\t\t<div class=\"elementor-widget-container\">\n\t\t\t\t\t\t\t\t\t\t\t\t\t\t\t<img fetchpriority=\"high\" decoding=\"async\" width=\"1024\" height=\"681\" src=\"https:\/\/chiarabevents.com\/wp-content\/uploads\/2023\/11\/DSC_7457-1024x681.jpg\" class=\"attachment-large size-large wp-image-7384\" alt=\"Weihnachtsmann mit Kindern, Weihnachtsdekoration f\u00fcr Geburtstagsfeiern, Veranstaltungsorganisation, Hochzeitsplaner und Hochzeitskoordinator, ChiaraB Events.\" srcset=\"https:\/\/chiarabevents.com\/wp-content\/uploads\/2023\/11\/DSC_7457-1024x681.jpg 1024w, https:\/\/chiarabevents.com\/wp-content\/uploads\/2023\/11\/DSC_7457-300x200.jpg 300w, https:\/\/chiarabevents.com\/wp-content\/uploads\/2023\/11\/DSC_7457-768x511.jpg 768w, https:\/\/chiarabevents.com\/wp-content\/uploads\/2023\/11\/DSC_7457-1536x1022.jpg 1536w\" sizes=\"(max-width: 1024px) 100vw, 1024px\" \/>\t\t\t\t\t\t\t\t\t\t\t\t\t\t\t<\/div>\n\t\t\t\t<\/div>\n\t\t\t\t<div class=\"elementor-element elementor-element-c5e78da elementor-widget__width-initial elementor-widget elementor-widget-image\" data-id=\"c5e78da\" data-element_type=\"widget\" data-widget_type=\"image.default\">\n\t\t\t\t<div class=\"elementor-widget-container\">\n\t\t\t\t\t\t\t\t\t\t\t\t\t\t\t<img decoding=\"async\" width=\"683\" height=\"1024\" src=\"https:\/\/chiarabevents.com\/wp-content\/uploads\/2023\/11\/DSC_7574-683x1024.jpg\" class=\"attachment-large size-large wp-image-7381\" alt=\"Aufregende Hochzeitsplanung zwischen zwei Menschen mit eleganter Weihnachtsdekoration und gem\u00fctlicher Atmosph\u00e4re.\" srcset=\"https:\/\/chiarabevents.com\/wp-content\/uploads\/2023\/11\/DSC_7574-683x1024.jpg 683w, https:\/\/chiarabevents.com\/wp-content\/uploads\/2023\/11\/DSC_7574-200x300.jpg 200w, https:\/\/chiarabevents.com\/wp-content\/uploads\/2023\/11\/DSC_7574-768x1152.jpg 768w, https:\/\/chiarabevents.com\/wp-content\/uploads\/2023\/11\/DSC_7574-1024x1536.jpg 1024w, https:\/\/chiarabevents.com\/wp-content\/uploads\/2023\/11\/DSC_7574-1365x2048.jpg 1365w, https:\/\/chiarabevents.com\/wp-content\/uploads\/2023\/11\/DSC_7574-scaled.jpg 1707w\" sizes=\"(max-width: 683px) 100vw, 683px\" \/>\t\t\t\t\t\t\t\t\t\t\t\t\t\t\t<\/div>\n\t\t\t\t<\/div>\n\t\t\t\t\t<\/div>\n\t\t<\/div>\n\t\t\t\t\t<\/div>\n\t\t<\/section>\n\t\t\t\t\t<\/div>\n\t\t<\/div>\n\t\t\t\t<div class=\"elementor-column elementor-col-50 elementor-top-column elementor-element elementor-element-e2e780f\" data-id=\"e2e780f\" data-element_type=\"column\">\n\t\t\t<div class=\"elementor-widget-wrap elementor-element-populated\">\n\t\t\t\t\t\t<div class=\"elementor-element elementor-element-521b45d elementor-widget__width-initial elementor-widget elementor-widget-text-editor\" data-id=\"521b45d\" data-element_type=\"widget\" data-widget_type=\"text-editor.default\">\n\t\t\t\t<div class=\"elementor-widget-container\">\n\t\t\t\t\t\t\t\t\t<p>Hallo, ich bin Chiara, ich bin Event Creator, aber auch Ehefrau und Mutter von drei wunderbaren Kindern. Ich glaube fest an die Familie und sch\u00f6pfe aus ihr jeden Tag Kraft und Energie f\u00fcr meine Arbeit. Geboren und aufgewachsen bin ich in <a href=\"https:\/\/chiarabevents.com\/de\/trends-und-stile\/heiraten-auf-den-aolischen-inseln-heiraten-zwischen-meer-und-vulkanen\/\">Sizilien<\/a> und veranstalten <a href=\"https:\/\/chiarabevents.com\/de\/veranstaltungen-2\/\">Veranstaltungen<\/a> zeitgen\u00f6ssischen und modernen Stil. Ich wollte schon immer ein <a href=\"https:\/\/chiarabevents.com\/de\/\">Wedding Planner<\/a>. Nach einem jahrelangen Studium der Veterin\u00e4rmedizin beschloss ich, meinem Traum eine Chance zu geben, und hier bin ich nun. Im Laufe der Jahre habe ich Erfahrungen in der Welt der Veranstaltungen gesammelt. Nach mehreren Fortbildungskursen bei den besten italienischen Event- und Hochzeitsplanern habe ich mir Fachwissen im Bereich der Logistik und der Eventbeziehungen angeeignet. Seit kurzem bin ich auch in die wunderbare Welt der Blumen eingetaucht, dank meiner Teilnahme an Fortbildungskursen und floralen MASTER Classes bei den besten italienischen Blumendesignern.<br \/>Heute stelle ich meine gesamte Ausbildung und Erfahrung in den Dienst der Paare, die sich f\u00fcr ihren sch\u00f6nsten Tag auf mich verlassen. Dank meiner Kenntnisse auf dem Gebiet der Floristik kann ich sowohl in der Planungsphase als auch in der Realisierungsphase am Hochzeitstag mit Blumendesignern zusammenarbeiten. Mein Augenmerk liegt auf der Sch\u00f6nheit des Ereignisses und der Liebe zum Detail, aber auch auf der Untersuchung und Organisation der Logistik mit dem Ziel einer vollst\u00e4ndigen Synergie aller Lieferanten, die f\u00fcr eine optimale Umsetzung des Ereignisses von grundlegender Bedeutung ist.<br \/>Dank an alle <a href=\"https:\/\/chiarabevents.com\/de\/team\/\">Team<\/a> Ich schaffe es, jeden Wunsch des Brautpaares zu erf\u00fcllen. Ich plane die gesamte Veranstaltung mit dem Ziel, die W\u00fcnsche des Paares zu erf\u00fcllen, mich aber auch von gutem Geschmack und Liebe leiten zu lassen. Ich f\u00fchle mich wie eine bunte Seele und bin, mit einem Auge auf die aktuellen Trends und einem auf die W\u00fcnsche des Brautpaares, immer auf der Suche nach der coolsten Palette und den elegantesten und raffiniertesten Farbt\u00f6nen, denn ich glaube, dass die richtige Farbwahl von grundlegender Bedeutung ist, um eine Veranstaltung zu charakterisieren und sie einzigartig und besonders zu machen. Nichts wird dem Zufall \u00fcberlassen, wir arbeiten als Team mit dem einzigen Ziel, Ihren sch\u00f6nsten Tag Wirklichkeit werden zu lassen. Ich plane, koordiniere und kuratiere sowohl standesamtliche und kirchliche als auch symbolische Hochzeiten, aber auch Durchbr\u00fcche in meinem sch\u00f6nen Land.<\/p>\t\t\t\t\t\t\t\t<\/div>\n\t\t\t\t<\/div>\n\t\t\t\t<div class=\"elementor-element elementor-element-4fa92ca elementor-widget elementor-widget-image\" data-id=\"4fa92ca\" data-element_type=\"widget\" data-widget_type=\"image.default\">\n\t\t\t\t<div class=\"elementor-widget-container\">\n\t\t\t\t\t\t\t\t\t\t\t\t\t\t\t<img decoding=\"async\" width=\"1024\" height=\"683\" src=\"https:\/\/chiarabevents.com\/wp-content\/uploads\/2023\/11\/DSC_7677-1024x683.jpg\" class=\"attachment-large size-large wp-image-7382\" alt=\"Ein mit rosa und wei\u00dfen Ornamenten geschm\u00fcckter Weihnachtsbaum, umgeben von Geschenken und Figuren, der von einer gl\u00fccklichen Familie in einem gem\u00fctlichen, weihnachtlich dekorierten Zimmer bewundert wird.\" srcset=\"https:\/\/chiarabevents.com\/wp-content\/uploads\/2023\/11\/DSC_7677-1024x683.jpg 1024w, https:\/\/chiarabevents.com\/wp-content\/uploads\/2023\/11\/DSC_7677-300x200.jpg 300w, https:\/\/chiarabevents.com\/wp-content\/uploads\/2023\/11\/DSC_7677-768x512.jpg 768w, https:\/\/chiarabevents.com\/wp-content\/uploads\/2023\/11\/DSC_7677-1536x1024.jpg 1536w\" sizes=\"(max-width: 1024px) 100vw, 1024px\" \/>\t\t\t\t\t\t\t\t\t\t\t\t\t\t\t<\/div>\n\t\t\t\t<\/div>\n\t\t\t\t\t<\/div>\n\t\t<\/div>\n\t\t\t\t\t<\/div>\n\t\t<\/section>\n\t\t\t\t<\/div>","protected":false},"excerpt":{"rendered":"<p>Me &amp; my Family ChiaraB Events &lt;\/h2&gt; Salve sono Chiara, sono una Event Creator ma anche moglie e madre di tre meravigliosi bimbi. Credo molto nella famiglia e ne traggo ogni giorno la forza e l&rsquo;energia per il mio lavoro. Sono nata e cresciuta in Sicilia ed organizzo eventi dallo stile contemporaneo e moderno. Da sempre [&hellip;]<\/p>","protected":false},"author":2,"featured_media":7384,"parent":0,"menu_order":0,"comment_status":"closed","ping_status":"closed","template":"","meta":{"footnotes":""},"class_list":["post-1402","page","type-page","status-publish","has-post-thumbnail","hentry"],"yoast_head":"<!-- This site is optimized with the Yoast SEO Premium plugin v21.8 (Yoast SEO v27.3) - https:\/\/yoast.com\/product\/yoast-seo-premium-wordpress\/ -->\n<title>Chiara Beninati - ChiaraB Events Wedding Planner<\/title>\n<meta name=\"description\" content=\"Sono Chiara, sono una Event Creator ma anche moglie e madre di tre meravigliosi bimbi. Credo molto nella famiglia e ne traggo ogni giorno la forza\" \/>\n<meta name=\"robots\" content=\"index, follow, max-snippet:-1, max-image-preview:large, max-video-preview:-1\" \/>\n<link rel=\"canonical\" href=\"https:\/\/chiarabevents.com\/de\/wer-sie-sind\/\" \/>\n<meta property=\"og:locale\" content=\"de_DE\" \/>\n<meta property=\"og:type\" content=\"article\" \/>\n<meta property=\"og:title\" content=\"Chi Sono\" \/>\n<meta property=\"og:description\" content=\"Sono Chiara, sono una Event Creator ma anche moglie e madre di tre meravigliosi bimbi. Credo molto nella famiglia e ne traggo ogni giorno la forza\" \/>\n<meta property=\"og:url\" content=\"https:\/\/chiarabevents.com\/de\/wer-sie-sind\/\" \/>\n<meta property=\"og:site_name\" content=\"ChiaraB Events Wedding Planner\" \/>\n<meta property=\"article:publisher\" content=\"https:\/\/www.facebook.com\/chiarabevent\" \/>\n<meta property=\"article:modified_time\" content=\"2024-12-30T13:00:38+00:00\" \/>\n<meta property=\"og:image\" content=\"https:\/\/chiarabevents.com\/wp-content\/uploads\/2023\/11\/DSC_7457.jpg\" \/>\n\t<meta property=\"og:image:width\" content=\"2000\" \/>\n\t<meta property=\"og:image:height\" content=\"1331\" \/>\n\t<meta property=\"og:image:type\" content=\"image\/jpeg\" \/>\n<meta name=\"twitter:card\" content=\"summary_large_image\" \/>\n<meta name=\"twitter:label1\" content=\"Est. reading time\" \/>\n\t<meta name=\"twitter:data1\" content=\"3 minutes\" \/>\n<script type=\"application\/ld+json\" class=\"yoast-schema-graph\">{\"@context\":\"https:\\\/\\\/schema.org\",\"@graph\":[{\"@type\":\"WebPage\",\"@id\":\"https:\\\/\\\/chiarabevents.com\\\/chi-sono\\\/\",\"url\":\"https:\\\/\\\/chiarabevents.com\\\/chi-sono\\\/\",\"name\":\"Chiara Beninati - ChiaraB Events Wedding Planner\",\"isPartOf\":{\"@id\":\"https:\\\/\\\/chiarabevents.com\\\/#website\"},\"primaryImageOfPage\":{\"@id\":\"https:\\\/\\\/chiarabevents.com\\\/chi-sono\\\/#primaryimage\"},\"image\":{\"@id\":\"https:\\\/\\\/chiarabevents.com\\\/chi-sono\\\/#primaryimage\"},\"thumbnailUrl\":\"https:\\\/\\\/chiarabevents.com\\\/wp-content\\\/uploads\\\/2023\\\/11\\\/DSC_7457.jpg\",\"datePublished\":\"2019-12-05T14:03:34+00:00\",\"dateModified\":\"2024-12-30T13:00:38+00:00\",\"description\":\"Sono Chiara, sono una Event Creator ma anche moglie e madre di tre meravigliosi bimbi. Credo molto nella famiglia e ne traggo ogni giorno la forza\",\"breadcrumb\":{\"@id\":\"https:\\\/\\\/chiarabevents.com\\\/chi-sono\\\/#breadcrumb\"},\"inLanguage\":\"de-DE\",\"potentialAction\":[{\"@type\":\"ReadAction\",\"target\":[\"https:\\\/\\\/chiarabevents.com\\\/chi-sono\\\/\"]}]},{\"@type\":\"ImageObject\",\"inLanguage\":\"de-DE\",\"@id\":\"https:\\\/\\\/chiarabevents.com\\\/chi-sono\\\/#primaryimage\",\"url\":\"https:\\\/\\\/chiarabevents.com\\\/wp-content\\\/uploads\\\/2023\\\/11\\\/DSC_7457.jpg\",\"contentUrl\":\"https:\\\/\\\/chiarabevents.com\\\/wp-content\\\/uploads\\\/2023\\\/11\\\/DSC_7457.jpg\",\"width\":2000,\"height\":1331,\"caption\":\"Babbo Natale con bambini, decorazioni natalizie per feste di compleanno, allestimenti di eventi, wedding planner e coordinatrice matrimoni, ChiaraB Events.\"},{\"@type\":\"BreadcrumbList\",\"@id\":\"https:\\\/\\\/chiarabevents.com\\\/chi-sono\\\/#breadcrumb\",\"itemListElement\":[{\"@type\":\"ListItem\",\"position\":1,\"name\":\"Home\",\"item\":\"https:\\\/\\\/chiarabevents.com\\\/\"},{\"@type\":\"ListItem\",\"position\":2,\"name\":\"Chi Sono\"}]},{\"@type\":\"WebSite\",\"@id\":\"https:\\\/\\\/chiarabevents.com\\\/#website\",\"url\":\"https:\\\/\\\/chiarabevents.com\\\/\",\"name\":\"ChiaraB Events Wedding Planner\",\"description\":\"Un meraviglioso percorso fatto insieme\",\"publisher\":{\"@id\":\"https:\\\/\\\/chiarabevents.com\\\/#organization\"},\"potentialAction\":[{\"@type\":\"SearchAction\",\"target\":{\"@type\":\"EntryPoint\",\"urlTemplate\":\"https:\\\/\\\/chiarabevents.com\\\/?s={search_term_string}\"},\"query-input\":{\"@type\":\"PropertyValueSpecification\",\"valueRequired\":true,\"valueName\":\"search_term_string\"}}],\"inLanguage\":\"de-DE\"},{\"@type\":\"Organization\",\"@id\":\"https:\\\/\\\/chiarabevents.com\\\/#organization\",\"name\":\"ChiaraB Events Wedding Planner\",\"url\":\"https:\\\/\\\/chiarabevents.com\\\/\",\"logo\":{\"@type\":\"ImageObject\",\"inLanguage\":\"de-DE\",\"@id\":\"https:\\\/\\\/chiarabevents.com\\\/#\\\/schema\\\/logo\\\/image\\\/\",\"url\":\"https:\\\/\\\/chiarabevents.com\\\/wp-content\\\/uploads\\\/2023\\\/12\\\/cropped-Monogramma_chiarab.png\",\"contentUrl\":\"https:\\\/\\\/chiarabevents.com\\\/wp-content\\\/uploads\\\/2023\\\/12\\\/cropped-Monogramma_chiarab.png\",\"width\":512,\"height\":512,\"caption\":\"ChiaraB Events Wedding Planner\"},\"image\":{\"@id\":\"https:\\\/\\\/chiarabevents.com\\\/#\\\/schema\\\/logo\\\/image\\\/\"},\"sameAs\":[\"https:\\\/\\\/www.facebook.com\\\/chiarabevent\",\"https:\\\/\\\/www.instagram.com\\\/chiarab_events\\\/\"]}]}<\/script>\n<!-- \/ Yoast SEO Premium plugin. -->","yoast_head_json":{"title":"Chiara Beninati - ChiaraB Events Hochzeitsplanerin","description":"Ich bin Chiara, ich bin Event Creator, aber auch Ehefrau und Mutter von drei wunderbaren Kindern. Ich glaube fest an die Familie und sch\u00f6pfe jeden Tag Kraft aus ihr.","robots":{"index":"index","follow":"follow","max-snippet":"max-snippet:-1","max-image-preview":"max-image-preview:large","max-video-preview":"max-video-preview:-1"},"canonical":"https:\/\/chiarabevents.com\/de\/wer-sie-sind\/","og_locale":"de_DE","og_type":"article","og_title":"Chi Sono","og_description":"Sono Chiara, sono una Event Creator ma anche moglie e madre di tre meravigliosi bimbi. Credo molto nella famiglia e ne traggo ogni giorno la forza","og_url":"https:\/\/chiarabevents.com\/de\/wer-sie-sind\/","og_site_name":"ChiaraB Events Wedding Planner","article_publisher":"https:\/\/www.facebook.com\/chiarabevent","article_modified_time":"2024-12-30T13:00:38+00:00","og_image":[{"width":2000,"height":1331,"url":"https:\/\/chiarabevents.com\/wp-content\/uploads\/2023\/11\/DSC_7457.jpg","type":"image\/jpeg"}],"twitter_card":"summary_large_image","twitter_misc":{"Est. reading time":"3 minutes"},"schema":{"@context":"https:\/\/schema.org","@graph":[{"@type":"WebPage","@id":"https:\/\/chiarabevents.com\/chi-sono\/","url":"https:\/\/chiarabevents.com\/chi-sono\/","name":"Chiara Beninati - ChiaraB Events Hochzeitsplanerin","isPartOf":{"@id":"https:\/\/chiarabevents.com\/#website"},"primaryImageOfPage":{"@id":"https:\/\/chiarabevents.com\/chi-sono\/#primaryimage"},"image":{"@id":"https:\/\/chiarabevents.com\/chi-sono\/#primaryimage"},"thumbnailUrl":"https:\/\/chiarabevents.com\/wp-content\/uploads\/2023\/11\/DSC_7457.jpg","datePublished":"2019-12-05T14:03:34+00:00","dateModified":"2024-12-30T13:00:38+00:00","description":"Ich bin Chiara, ich bin Event Creator, aber auch Ehefrau und Mutter von drei wunderbaren Kindern. Ich glaube fest an die Familie und sch\u00f6pfe jeden Tag Kraft aus ihr.","breadcrumb":{"@id":"https:\/\/chiarabevents.com\/chi-sono\/#breadcrumb"},"inLanguage":"de-DE","potentialAction":[{"@type":"ReadAction","target":["https:\/\/chiarabevents.com\/chi-sono\/"]}]},{"@type":"ImageObject","inLanguage":"de-DE","@id":"https:\/\/chiarabevents.com\/chi-sono\/#primaryimage","url":"https:\/\/chiarabevents.com\/wp-content\/uploads\/2023\/11\/DSC_7457.jpg","contentUrl":"https:\/\/chiarabevents.com\/wp-content\/uploads\/2023\/11\/DSC_7457.jpg","width":2000,"height":1331,"caption":"Babbo Natale con bambini, decorazioni natalizie per feste di compleanno, allestimenti di eventi, wedding planner e coordinatrice matrimoni, ChiaraB Events."},{"@type":"BreadcrumbList","@id":"https:\/\/chiarabevents.com\/chi-sono\/#breadcrumb","itemListElement":[{"@type":"ListItem","position":1,"name":"Home","item":"https:\/\/chiarabevents.com\/"},{"@type":"ListItem","position":2,"name":"Chi Sono"}]},{"@type":"WebSite","@id":"https:\/\/chiarabevents.com\/#website","url":"https:\/\/chiarabevents.com\/","name":"ChiaraB Events Hochzeitsplanerin","description":"Eine wunderbare gemeinsame Reise","publisher":{"@id":"https:\/\/chiarabevents.com\/#organization"},"potentialAction":[{"@type":"SearchAction","target":{"@type":"EntryPoint","urlTemplate":"https:\/\/chiarabevents.com\/?s={search_term_string}"},"query-input":{"@type":"PropertyValueSpecification","valueRequired":true,"valueName":"search_term_string"}}],"inLanguage":"de-DE"},{"@type":"Organization","@id":"https:\/\/chiarabevents.com\/#organization","name":"ChiaraB Events Hochzeitsplanerin","url":"https:\/\/chiarabevents.com\/","logo":{"@type":"ImageObject","inLanguage":"de-DE","@id":"https:\/\/chiarabevents.com\/#\/schema\/logo\/image\/","url":"https:\/\/chiarabevents.com\/wp-content\/uploads\/2023\/12\/cropped-Monogramma_chiarab.png","contentUrl":"https:\/\/chiarabevents.com\/wp-content\/uploads\/2023\/12\/cropped-Monogramma_chiarab.png","width":512,"height":512,"caption":"ChiaraB Events Wedding Planner"},"image":{"@id":"https:\/\/chiarabevents.com\/#\/schema\/logo\/image\/"},"sameAs":["https:\/\/www.facebook.com\/chiarabevent","https:\/\/www.instagram.com\/chiarab_events\/"]}]}},"_links":{"self":[{"href":"https:\/\/chiarabevents.com\/de\/wp-json\/wp\/v2\/pages\/1402","targetHints":{"allow":["GET"]}}],"collection":[{"href":"https:\/\/chiarabevents.com\/de\/wp-json\/wp\/v2\/pages"}],"about":[{"href":"https:\/\/chiarabevents.com\/de\/wp-json\/wp\/v2\/types\/page"}],"author":[{"embeddable":true,"href":"https:\/\/chiarabevents.com\/de\/wp-json\/wp\/v2\/users\/2"}],"replies":[{"embeddable":true,"href":"https:\/\/chiarabevents.com\/de\/wp-json\/wp\/v2\/comments?post=1402"}],"version-history":[{"count":0,"href":"https:\/\/chiarabevents.com\/de\/wp-json\/wp\/v2\/pages\/1402\/revisions"}],"wp:featuredmedia":[{"embeddable":true,"href":"https:\/\/chiarabevents.com\/de\/wp-json\/wp\/v2\/media\/7384"}],"wp:attachment":[{"href":"https:\/\/chiarabevents.com\/de\/wp-json\/wp\/v2\/media?parent=1402"}],"curies":[{"name":"wp","href":"https:\/\/api.w.org\/{rel}","templated":true}]}}