{"id":2531,"date":"2020-01-14T15:05:45","date_gmt":"2020-01-14T15:05:45","guid":{"rendered":"https:\/\/solene.qodeinteractive.com\/elementor\/?page_id=2531"},"modified":"2024-12-09T05:41:49","modified_gmt":"2024-12-09T03:41:49","slug":"planifique-su-boda","status":"publish","type":"page","link":"https:\/\/chiarabevents.com\/es\/planifique-su-boda\/","title":{"rendered":"Planifiquemos tu boda"},"content":{"rendered":"<div data-elementor-type=\"wp-page\" data-elementor-id=\"2531\" class=\"elementor elementor-2531\">\n\t\t\t\t\t\t<section class=\"elementor-section elementor-top-section elementor-element elementor-element-30922dea elementor-section-boxed elementor-section-height-default elementor-section-height-default eltdf-parallax-row-no eltdf-content-aligment-left eltdf-elementor-row-grid-no eltdf-disabled-bg-image-bellow-no\" data-id=\"30922dea\" data-element_type=\"section\">\n\t\t\t\t\t\t<div class=\"elementor-container elementor-column-gap-no\">\n\t\t\t\t\t<div class=\"elementor-column elementor-col-100 elementor-top-column elementor-element elementor-element-7a77bbcd\" data-id=\"7a77bbcd\" data-element_type=\"column\">\n\t\t\t<div class=\"elementor-widget-wrap elementor-element-populated\">\n\t\t\t\t\t\t<div class=\"elementor-element elementor-element-18c8438 elementor-widget elementor-widget-eltdf_portfolio_list\" data-id=\"18c8438\" data-element_type=\"widget\" data-widget_type=\"eltdf_portfolio_list.default\">\n\t\t\t\t<div class=\"elementor-widget-container\">\n\t\t\t\t\t<div class=\"eltdf-portfolio-list-holder eltdf-grid-list eltdf-pl-gallery eltdf-three-columns eltdf-normal-space eltdf-disable-bottom-space eltdf-pl-gallery-overlay     eltdf-pl-pag-infinite-scroll\"  data-type=\"gallery\" data-number-of-columns=\"three\" data-space-between-items=\"normal\" data-number-of-items=\"9\" data-image-proportions=\"full\" data-enable-image-shadow=\"no\" data-category=\"wedding\" data-orderby=\"date\" data-order=\"ASC\" data-item-style=\"gallery-overlay\" data-enable-title=\"yes\" data-title-tag=\"h3\" data-enable-category=\"yes\" data-enable-count-images=\"yes\" data-enable-excerpt=\"no\" data-pagination-type=\"infinite-scroll\" data-filter=\"no\" data-enable-article-animation=\"no\" data-portfolio-slider-on=\"no\" data-enable-loop=\"yes\" data-enable-autoplay=\"yes\" data-slider-speed=\"5000\" data-slider-speed-animation=\"600\" data-enable-navigation=\"yes\" data-enable-pagination=\"yes\" data-main-title-tag=\"h3\" data-max-num-pages=\"1\" data-next-page=\"2\">\n\t\t<div class=\"eltdf-pl-inner eltdf-outer-space  clearfix\">\n\t\t<article class=\"eltdf-pl-item eltdf-item-space  post-34246 portfolio-item type-portfolio-item status-publish has-post-thumbnail hentry portfolio-category-wedding\" >\n\t<div class=\"eltdf-pl-item-inner\">\n\t\t<div class=\"eltdf-pli-image\">\n\t<img fetchpriority=\"high\" decoding=\"async\" width=\"640\" height=\"427\" src=\"https:\/\/chiarabevents.com\/wp-content\/uploads\/2026\/02\/KenyaDarko-281-1.jpeg\" class=\"attachment-full size-full wp-post-image\" alt=\"Pareja de novios con vestido de boda con fondo natural, durante la ceremonia al aire libre, en un paisaje con palmeras y vegetaci\u00f3n, en estilo rom\u00e1ntico y elegante.\" srcset=\"https:\/\/chiarabevents.com\/wp-content\/uploads\/2026\/02\/KenyaDarko-281-1.jpeg 640w, https:\/\/chiarabevents.com\/wp-content\/uploads\/2026\/02\/KenyaDarko-281-1-300x200.jpeg 300w, https:\/\/chiarabevents.com\/wp-content\/uploads\/2026\/02\/KenyaDarko-281-1-18x12.jpeg 18w\" sizes=\"(max-width: 640px) 100vw, 640px\" \/><\/div>\n<div class=\"eltdf-pli-text-holder\">\n\t<div class=\"eltdf-pli-text-wrapper\">\n\t\t<div class=\"eltdf-pli-text\">\n\t\t\t\t\t<div class=\"eltdf-pli-category-holder\">\n\t\t\t\t\t\t\t<a itemprop=\"url\" class=\"eltdf-pli-category\" href=\"https:\/\/chiarabevents.com\/es\/categoria-de-cartera\/boda\/\">Boda<\/a>\n\t\t\t\t\t<\/div>\n\t\t\t\t\n\t\t\t\t<h3 itemprop=\"name\" class=\"eltdf-pli-title entry-title\" >\n\t\tDarko &amp; Kenia\t<\/h3>\n\t\t\t\n\t\t\t\t\t\t\n\t\t\t\t\t<\/div>\n\t<\/div>\n<\/div>\n\t\t<a itemprop=\"url\" class=\"eltdf-pli-link eltdf-block-drag-link\" href=\"https:\/\/chiarabevents.com\/es\/elemento-de-cartera\/darko-kenia\/\" target=\"_self\"><\/a>\n\t<\/div>\n<\/article><article class=\"eltdf-pl-item eltdf-item-space  post-33862 portfolio-item type-portfolio-item status-publish has-post-thumbnail hentry portfolio-category-wedding\" >\n\t<div class=\"eltdf-pl-item-inner\">\n\t\t<div class=\"eltdf-pli-image\">\n\t<img decoding=\"async\" width=\"480\" height=\"321\" src=\"https:\/\/chiarabevents.com\/wp-content\/uploads\/2024\/12\/shadi-1.jpg\" class=\"attachment-full size-full wp-post-image\" alt=\"Pareja de novios felices durante la boda de Shadi y Behnam, organizada por ChiaraB Events, wedding planner profesional, en un ambiente al aire libre con amigos y familia.\" srcset=\"https:\/\/chiarabevents.com\/wp-content\/uploads\/2024\/12\/shadi-1.jpg 480w, https:\/\/chiarabevents.com\/wp-content\/uploads\/2024\/12\/shadi-1-300x201.jpg 300w, https:\/\/chiarabevents.com\/wp-content\/uploads\/2024\/12\/shadi-1-18x12.jpg 18w\" sizes=\"(max-width: 480px) 100vw, 480px\" \/><\/div>\n<div class=\"eltdf-pli-text-holder\">\n\t<div class=\"eltdf-pli-text-wrapper\">\n\t\t<div class=\"eltdf-pli-text\">\n\t\t\t\t\t<div class=\"eltdf-pli-category-holder\">\n\t\t\t\t\t\t\t<a itemprop=\"url\" class=\"eltdf-pli-category\" href=\"https:\/\/chiarabevents.com\/es\/categoria-de-cartera\/boda\/\">Boda<\/a>\n\t\t\t\t\t<\/div>\n\t\t\t\t\n\t\t\t\t<h3 itemprop=\"name\" class=\"eltdf-pli-title entry-title\" >\n\t\tShadi y Behnam\t<\/h3>\n\t\t\t\n\t\t\t\t\t\t\n\t\t\t\t\t<\/div>\n\t<\/div>\n<\/div>\n\t\t<a itemprop=\"url\" class=\"eltdf-pli-link eltdf-block-drag-link\" href=\"https:\/\/chiarabevents.com\/es\/elemento-de-cartera\/shadi-behnam\/\" target=\"_self\"><\/a>\n\t<\/div>\n<\/article><article class=\"eltdf-pl-item eltdf-item-space  post-33907 portfolio-item type-portfolio-item status-publish has-post-thumbnail hentry portfolio-category-wedding\" >\n\t<div class=\"eltdf-pl-item-inner\">\n\t\t<div class=\"eltdf-pli-image\">\n\t<img decoding=\"async\" width=\"640\" height=\"427\" src=\"https:\/\/chiarabevents.com\/wp-content\/uploads\/2024\/12\/Philip-Katherine-032.jpeg\" class=\"attachment-full size-full wp-post-image\" alt=\"Novia con vestido de novia blanco, sentada en un sof\u00e1, con detalles refinados y un velo, en un ambiente elegante.\" srcset=\"https:\/\/chiarabevents.com\/wp-content\/uploads\/2024\/12\/Philip-Katherine-032.jpeg 640w, https:\/\/chiarabevents.com\/wp-content\/uploads\/2024\/12\/Philip-Katherine-032-300x200.jpeg 300w, https:\/\/chiarabevents.com\/wp-content\/uploads\/2024\/12\/Philip-Katherine-032-18x12.jpeg 18w\" sizes=\"(max-width: 640px) 100vw, 640px\" \/><\/div>\n<div class=\"eltdf-pli-text-holder\">\n\t<div class=\"eltdf-pli-text-wrapper\">\n\t\t<div class=\"eltdf-pli-text\">\n\t\t\t\t\t<div class=\"eltdf-pli-category-holder\">\n\t\t\t\t\t\t\t<a itemprop=\"url\" class=\"eltdf-pli-category\" href=\"https:\/\/chiarabevents.com\/es\/categoria-de-cartera\/boda\/\">Boda<\/a>\n\t\t\t\t\t<\/div>\n\t\t\t\t\n\t\t\t\t<h3 itemprop=\"name\" class=\"eltdf-pli-title entry-title\" >\n\t\tPhilip y Katherine\t<\/h3>\n\t\t\t\n\t\t\t\t\t\t\n\t\t\t\t\t<\/div>\n\t<\/div>\n<\/div>\n\t\t<a itemprop=\"url\" class=\"eltdf-pli-link eltdf-block-drag-link\" href=\"https:\/\/chiarabevents.com\/es\/elemento-de-cartera\/philip-katherine\/\" target=\"_self\"><\/a>\n\t<\/div>\n<\/article><article class=\"eltdf-pl-item eltdf-item-space  post-33939 portfolio-item type-portfolio-item status-publish has-post-thumbnail hentry portfolio-category-wedding\" >\n\t<div class=\"eltdf-pl-item-inner\">\n\t\t<div class=\"eltdf-pli-image\">\n\t<img loading=\"lazy\" decoding=\"async\" width=\"2048\" height=\"1365\" src=\"https:\/\/chiarabevents.com\/wp-content\/uploads\/2026\/01\/Alm-10330-VMF05153-1.jpg\" class=\"attachment-full size-full wp-post-image\" alt=\"Novios felices que se abrazan durante la recepci\u00f3n de la boda en un lugar elegante decorado con luces c\u00e1lidas y flores, perfecto para planificaci\u00f3n de bodas y eventos especiales.\" srcset=\"https:\/\/chiarabevents.com\/wp-content\/uploads\/2026\/01\/Alm-10330-VMF05153-1.jpg 2048w, https:\/\/chiarabevents.com\/wp-content\/uploads\/2026\/01\/Alm-10330-VMF05153-1-300x200.jpg 300w, https:\/\/chiarabevents.com\/wp-content\/uploads\/2026\/01\/Alm-10330-VMF05153-1-1024x683.jpg 1024w, https:\/\/chiarabevents.com\/wp-content\/uploads\/2026\/01\/Alm-10330-VMF05153-1-768x512.jpg 768w, https:\/\/chiarabevents.com\/wp-content\/uploads\/2026\/01\/Alm-10330-VMF05153-1-1536x1024.jpg 1536w, https:\/\/chiarabevents.com\/wp-content\/uploads\/2026\/01\/Alm-10330-VMF05153-1-18x12.jpg 18w\" sizes=\"(max-width: 2048px) 100vw, 2048px\" \/><\/div>\n<div class=\"eltdf-pli-text-holder\">\n\t<div class=\"eltdf-pli-text-wrapper\">\n\t\t<div class=\"eltdf-pli-text\">\n\t\t\t\t\t<div class=\"eltdf-pli-category-holder\">\n\t\t\t\t\t\t\t<a itemprop=\"url\" class=\"eltdf-pli-category\" href=\"https:\/\/chiarabevents.com\/es\/categoria-de-cartera\/boda\/\">Boda<\/a>\n\t\t\t\t\t<\/div>\n\t\t\t\t\n\t\t\t\t<h3 itemprop=\"name\" class=\"eltdf-pli-title entry-title\" >\n\t\tNico &amp; Erica\t<\/h3>\n\t\t\t\n\t\t\t\t\t\t\n\t\t\t\t\t<\/div>\n\t<\/div>\n<\/div>\n\t\t<a itemprop=\"url\" class=\"eltdf-pli-link eltdf-block-drag-link\" href=\"https:\/\/chiarabevents.com\/es\/elemento-de-cartera\/nico-erica\/\" target=\"_self\"><\/a>\n\t<\/div>\n<\/article><article class=\"eltdf-pl-item eltdf-item-space  post-34244 portfolio-item type-portfolio-item status-publish has-post-thumbnail hentry portfolio-category-wedding\" >\n\t<div class=\"eltdf-pl-item-inner\">\n\t\t<div class=\"eltdf-pli-image\">\n\t<img loading=\"lazy\" decoding=\"async\" width=\"640\" height=\"427\" src=\"https:\/\/chiarabevents.com\/wp-content\/uploads\/2026\/03\/8569-MV-gapweddingphotos.jpeg\" class=\"attachment-full size-full wp-post-image\" alt=\"Novios en vestido de novia y traje, de la mano, caminan entre mesas decoradas para una boda al aire libre, con ambiente rom\u00e1ntico y detalles elegantes.\" srcset=\"https:\/\/chiarabevents.com\/wp-content\/uploads\/2026\/03\/8569-MV-gapweddingphotos.jpeg 640w, https:\/\/chiarabevents.com\/wp-content\/uploads\/2026\/03\/8569-MV-gapweddingphotos-300x200.jpeg 300w, https:\/\/chiarabevents.com\/wp-content\/uploads\/2026\/03\/8569-MV-gapweddingphotos-18x12.jpeg 18w\" sizes=\"(max-width: 640px) 100vw, 640px\" \/><\/div>\n<div class=\"eltdf-pli-text-holder\">\n\t<div class=\"eltdf-pli-text-wrapper\">\n\t\t<div class=\"eltdf-pli-text\">\n\t\t\t\t\t<div class=\"eltdf-pli-category-holder\">\n\t\t\t\t\t\t\t<a itemprop=\"url\" class=\"eltdf-pli-category\" href=\"https:\/\/chiarabevents.com\/es\/categoria-de-cartera\/boda\/\">Boda<\/a>\n\t\t\t\t\t<\/div>\n\t\t\t\t\n\t\t\t\t<h3 itemprop=\"name\" class=\"eltdf-pli-title entry-title\" >\n\t\tValerio &amp; Miryam\t<\/h3>\n\t\t\t\n\t\t\t\t\t\t\n\t\t\t\t\t<\/div>\n\t<\/div>\n<\/div>\n\t\t<a itemprop=\"url\" class=\"eltdf-pli-link eltdf-block-drag-link\" href=\"https:\/\/chiarabevents.com\/es\/elemento-de-cartera\/valerio-miryam\/\" target=\"_self\"><\/a>\n\t<\/div>\n<\/article><article class=\"eltdf-pl-item eltdf-item-space  post-34245 portfolio-item type-portfolio-item status-publish has-post-thumbnail hentry portfolio-category-wedding\" >\n\t<div class=\"eltdf-pl-item-inner\">\n\t\t<div class=\"eltdf-pli-image\">\n\t<img loading=\"lazy\" decoding=\"async\" width=\"427\" height=\"285\" src=\"https:\/\/chiarabevents.com\/wp-content\/uploads\/2026\/03\/ivan-2.jpg\" class=\"attachment-full size-full wp-post-image\" alt=\"Pareja de novios felices abrazados durante la boda, con ambiente rom\u00e1ntico y festivo.\" srcset=\"https:\/\/chiarabevents.com\/wp-content\/uploads\/2026\/03\/ivan-2.jpg 427w, https:\/\/chiarabevents.com\/wp-content\/uploads\/2026\/03\/ivan-2-300x200.jpg 300w, https:\/\/chiarabevents.com\/wp-content\/uploads\/2026\/03\/ivan-2-18x12.jpg 18w\" sizes=\"(max-width: 427px) 100vw, 427px\" \/><\/div>\n<div class=\"eltdf-pli-text-holder\">\n\t<div class=\"eltdf-pli-text-wrapper\">\n\t\t<div class=\"eltdf-pli-text\">\n\t\t\t\t\t<div class=\"eltdf-pli-category-holder\">\n\t\t\t\t\t\t\t<a itemprop=\"url\" class=\"eltdf-pli-category\" href=\"https:\/\/chiarabevents.com\/es\/categoria-de-cartera\/boda\/\">Boda<\/a>\n\t\t\t\t\t<\/div>\n\t\t\t\t\n\t\t\t\t<h3 itemprop=\"name\" class=\"eltdf-pli-title entry-title\" >\n\t\tIvan &amp; Marialuisa\t<\/h3>\n\t\t\t\n\t\t\t\t\t\t\n\t\t\t\t\t<\/div>\n\t<\/div>\n<\/div>\n\t\t<a itemprop=\"url\" class=\"eltdf-pli-link eltdf-block-drag-link\" href=\"https:\/\/chiarabevents.com\/es\/elemento-de-cartera\/ivan-marialuisa\/\" target=\"_self\"><\/a>\n\t<\/div>\n<\/article><article class=\"eltdf-pl-item eltdf-item-space  post-34963 portfolio-item type-portfolio-item status-publish has-post-thumbnail hentry portfolio-category-wedding\" >\n\t<div class=\"eltdf-pl-item-inner\">\n\t\t<div class=\"eltdf-pli-image\">\n\t<img loading=\"lazy\" decoding=\"async\" width=\"2560\" height=\"1707\" src=\"https:\/\/chiarabevents.com\/wp-content\/uploads\/2026\/03\/IMG_7820-scaled.jpg\" class=\"attachment-full size-full wp-post-image\" alt=\"Pareja de novios que se besa con el velo largo durante la boda, en un contexto urbano elegante.\" srcset=\"https:\/\/chiarabevents.com\/wp-content\/uploads\/2026\/03\/IMG_7820-scaled.jpg 2560w, https:\/\/chiarabevents.com\/wp-content\/uploads\/2026\/03\/IMG_7820-300x200.jpg 300w, https:\/\/chiarabevents.com\/wp-content\/uploads\/2026\/03\/IMG_7820-1024x683.jpg 1024w, https:\/\/chiarabevents.com\/wp-content\/uploads\/2026\/03\/IMG_7820-768x512.jpg 768w, https:\/\/chiarabevents.com\/wp-content\/uploads\/2026\/03\/IMG_7820-1536x1024.jpg 1536w, https:\/\/chiarabevents.com\/wp-content\/uploads\/2026\/03\/IMG_7820-18x12.jpg 18w\" sizes=\"(max-width: 2560px) 100vw, 2560px\" \/><\/div>\n<div class=\"eltdf-pli-text-holder\">\n\t<div class=\"eltdf-pli-text-wrapper\">\n\t\t<div class=\"eltdf-pli-text\">\n\t\t\t\t\t<div class=\"eltdf-pli-category-holder\">\n\t\t\t\t\t\t\t<a itemprop=\"url\" class=\"eltdf-pli-category\" href=\"https:\/\/chiarabevents.com\/es\/categoria-de-cartera\/boda\/\">Boda<\/a>\n\t\t\t\t\t<\/div>\n\t\t\t\t\n\t\t\t\t<h3 itemprop=\"name\" class=\"eltdf-pli-title entry-title\" >\n\t\tAlberto &amp; Valeria\t<\/h3>\n\t\t\t\n\t\t\t\t\t\t\n\t\t\t\t\t<\/div>\n\t<\/div>\n<\/div>\n\t\t<a itemprop=\"url\" class=\"eltdf-pli-link eltdf-block-drag-link\" href=\"https:\/\/chiarabevents.com\/es\/elemento-de-cartera\/alberto-valeria\/\" target=\"_self\"><\/a>\n\t<\/div>\n<\/article><article class=\"eltdf-pl-item eltdf-item-space  post-6693 portfolio-item type-portfolio-item status-publish has-post-thumbnail hentry portfolio-category-wedding\" >\n\t<div class=\"eltdf-pl-item-inner\">\n\t\t<div class=\"eltdf-pli-image\">\n\t<img loading=\"lazy\" decoding=\"async\" width=\"1200\" height=\"800\" src=\"https:\/\/chiarabevents.com\/wp-content\/uploads\/2023\/10\/IMG_3373-3.jpg\" class=\"attachment-full size-full wp-post-image\" alt=\"Hermosa pareja de novios en un acogedor sal\u00f3n de bodas decorado con elegantes flores rosas y un entorno rom\u00e1ntico.\" srcset=\"https:\/\/chiarabevents.com\/wp-content\/uploads\/2023\/10\/IMG_3373-3.jpg 1200w, https:\/\/chiarabevents.com\/wp-content\/uploads\/2023\/10\/IMG_3373-3-300x200.jpg 300w, https:\/\/chiarabevents.com\/wp-content\/uploads\/2023\/10\/IMG_3373-3-1024x683.jpg 1024w, https:\/\/chiarabevents.com\/wp-content\/uploads\/2023\/10\/IMG_3373-3-768x512.jpg 768w\" sizes=\"(max-width: 1200px) 100vw, 1200px\" \/><\/div>\n<div class=\"eltdf-pli-text-holder\">\n\t<div class=\"eltdf-pli-text-wrapper\">\n\t\t<div class=\"eltdf-pli-text\">\n\t\t\t\t\t<div class=\"eltdf-pli-category-holder\">\n\t\t\t\t\t\t\t<a itemprop=\"url\" class=\"eltdf-pli-category\" href=\"https:\/\/chiarabevents.com\/es\/categoria-de-cartera\/boda\/\">Boda<\/a>\n\t\t\t\t\t<\/div>\n\t\t\t\t\n\t\t\t\t<h3 itemprop=\"name\" class=\"eltdf-pli-title entry-title\" >\n\t\tMarc &amp; Paola\t<\/h3>\n\t\t\t\n\t\t\t\t\t\t\n\t\t\t\t\t<\/div>\n\t<\/div>\n<\/div>\n\t\t<a itemprop=\"url\" class=\"eltdf-pli-link eltdf-block-drag-link\" href=\"https:\/\/chiarabevents.com\/es\/elemento-de-cartera\/marca-paola\/\" target=\"_self\"><\/a>\n\t<\/div>\n<\/article><article class=\"eltdf-pl-item eltdf-item-space  post-6663 portfolio-item type-portfolio-item status-publish has-post-thumbnail hentry portfolio-category-wedding\" >\n\t<div class=\"eltdf-pl-item-inner\">\n\t\t<div class=\"eltdf-pli-image\">\n\t<img loading=\"lazy\" decoding=\"async\" width=\"1600\" height=\"1066\" src=\"https:\/\/chiarabevents.com\/wp-content\/uploads\/2023\/10\/1cd5546a-1b8d-4a4c-81a5-0d1484c9db07.jpg\" class=\"attachment-full size-full wp-post-image\" alt=\"Fotograf\u00eda de una pareja de novios bes\u00e1ndose, rodeados por un arco floral de rosas y hortensias, durante una boda decorada y organizada por ChiaraB Events Wedding Planner.\" srcset=\"https:\/\/chiarabevents.com\/wp-content\/uploads\/2023\/10\/1cd5546a-1b8d-4a4c-81a5-0d1484c9db07.jpg 1600w, https:\/\/chiarabevents.com\/wp-content\/uploads\/2023\/10\/1cd5546a-1b8d-4a4c-81a5-0d1484c9db07-300x200.jpg 300w, https:\/\/chiarabevents.com\/wp-content\/uploads\/2023\/10\/1cd5546a-1b8d-4a4c-81a5-0d1484c9db07-1024x682.jpg 1024w, https:\/\/chiarabevents.com\/wp-content\/uploads\/2023\/10\/1cd5546a-1b8d-4a4c-81a5-0d1484c9db07-768x512.jpg 768w, https:\/\/chiarabevents.com\/wp-content\/uploads\/2023\/10\/1cd5546a-1b8d-4a4c-81a5-0d1484c9db07-1536x1023.jpg 1536w\" sizes=\"(max-width: 1600px) 100vw, 1600px\" \/><\/div>\n<div class=\"eltdf-pli-text-holder\">\n\t<div class=\"eltdf-pli-text-wrapper\">\n\t\t<div class=\"eltdf-pli-text\">\n\t\t\t\t\t<div class=\"eltdf-pli-category-holder\">\n\t\t\t\t\t\t\t<a itemprop=\"url\" class=\"eltdf-pli-category\" href=\"https:\/\/chiarabevents.com\/es\/categoria-de-cartera\/boda\/\">Boda<\/a>\n\t\t\t\t\t<\/div>\n\t\t\t\t\n\t\t\t\t<h3 itemprop=\"name\" class=\"eltdf-pli-title entry-title\" >\n\t\tChristian y Federica\t<\/h3>\n\t\t\t\n\t\t\t\t\t\t\n\t\t\t\t\t<\/div>\n\t<\/div>\n<\/div>\n\t\t<a itemprop=\"url\" class=\"eltdf-pli-link eltdf-block-drag-link\" href=\"https:\/\/chiarabevents.com\/es\/elemento-de-cartera\/federica-christiana\/\" target=\"_self\"><\/a>\n\t<\/div>\n<\/article>\t<\/div>\n\t\n\t<\/div>\t\t\t\t<\/div>\n\t\t\t\t<\/div>\n\t\t\t\t<div class=\"elementor-element elementor-element-5b7169f7 elementor-widget elementor-widget-text-editor\" data-id=\"5b7169f7\" data-element_type=\"widget\" data-widget_type=\"text-editor.default\">\n\t\t\t\t<div class=\"elementor-widget-container\">\n\t\t\t\t\t\t\t\t\t<br \/>\n\t\t\t\t\t\t\t\t<\/div>\n\t\t\t\t<\/div>\n\t\t\t\t\t<\/div>\n\t\t<\/div>\n\t\t\t\t\t<\/div>\n\t\t<\/section>\n\t\t\t\t<\/div>","protected":false},"excerpt":{"rendered":"","protected":false},"author":2,"featured_media":0,"parent":0,"menu_order":0,"comment_status":"closed","ping_status":"closed","template":"","meta":{"footnotes":""},"class_list":["post-2531","page","type-page","status-publish","hentry"],"yoast_head":"<!-- This site is optimized with the Yoast SEO Premium plugin v21.8 (Yoast SEO v27.3) - https:\/\/yoast.com\/product\/yoast-seo-premium-wordpress\/ -->\n<title>Let&#039;s Plan Your Wedding - ChiaraB Events Wedding Planner<\/title>\n<meta name=\"description\" content=\"Creiamo eventi unici e indimenticabili. Dalle nozze da sogno alle celebrazioni speciali, trasformiamo le tue idee in realt\u00e0 con eleganza e creativit\u00e0.\" \/>\n<meta name=\"robots\" content=\"index, follow, max-snippet:-1, max-image-preview:large, max-video-preview:-1\" \/>\n<link rel=\"canonical\" href=\"https:\/\/chiarabevents.com\/es\/planifique-su-boda\/\" \/>\n<meta property=\"og:locale\" content=\"es_ES\" \/>\n<meta property=\"og:type\" content=\"article\" \/>\n<meta property=\"og:title\" content=\"Let&#039;s Plan Your Wedding\" \/>\n<meta property=\"og:description\" content=\"Creiamo eventi unici e indimenticabili. Dalle nozze da sogno alle celebrazioni speciali, trasformiamo le tue idee in realt\u00e0 con eleganza e creativit\u00e0.\" \/>\n<meta property=\"og:url\" content=\"https:\/\/chiarabevents.com\/es\/planifique-su-boda\/\" \/>\n<meta property=\"og:site_name\" content=\"ChiaraB Events Wedding Planner\" \/>\n<meta property=\"article:publisher\" content=\"https:\/\/www.facebook.com\/chiarabevent\" \/>\n<meta property=\"article:modified_time\" content=\"2024-12-09T03:41:49+00:00\" \/>\n<meta name=\"twitter:card\" content=\"summary_large_image\" \/>\n<script type=\"application\/ld+json\" class=\"yoast-schema-graph\">{\"@context\":\"https:\\\/\\\/schema.org\",\"@graph\":[{\"@type\":\"WebPage\",\"@id\":\"https:\\\/\\\/chiarabevents.com\\\/en\\\/lets-plan-your-wedding\\\/\",\"url\":\"https:\\\/\\\/chiarabevents.com\\\/en\\\/lets-plan-your-wedding\\\/\",\"name\":\"Let's Plan Your Wedding - ChiaraB Events Wedding Planner\",\"isPartOf\":{\"@id\":\"https:\\\/\\\/chiarabevents.com\\\/#website\"},\"datePublished\":\"2020-01-14T15:05:45+00:00\",\"dateModified\":\"2024-12-09T03:41:49+00:00\",\"description\":\"Creiamo eventi unici e indimenticabili. Dalle nozze da sogno alle celebrazioni speciali, trasformiamo le tue idee in realt\u00e0 con eleganza e creativit\u00e0.\",\"breadcrumb\":{\"@id\":\"https:\\\/\\\/chiarabevents.com\\\/en\\\/lets-plan-your-wedding\\\/#breadcrumb\"},\"inLanguage\":\"es-ES\",\"potentialAction\":[{\"@type\":\"ReadAction\",\"target\":[\"https:\\\/\\\/chiarabevents.com\\\/en\\\/lets-plan-your-wedding\\\/\"]}]},{\"@type\":\"BreadcrumbList\",\"@id\":\"https:\\\/\\\/chiarabevents.com\\\/en\\\/lets-plan-your-wedding\\\/#breadcrumb\",\"itemListElement\":[{\"@type\":\"ListItem\",\"position\":1,\"name\":\"Home\",\"item\":\"https:\\\/\\\/chiarabevents.com\\\/\"},{\"@type\":\"ListItem\",\"position\":2,\"name\":\"Let&#8217;s Plan Your Wedding\"}]},{\"@type\":\"WebSite\",\"@id\":\"https:\\\/\\\/chiarabevents.com\\\/#website\",\"url\":\"https:\\\/\\\/chiarabevents.com\\\/\",\"name\":\"ChiaraB Events Wedding Planner\",\"description\":\"Un meraviglioso percorso fatto insieme\",\"publisher\":{\"@id\":\"https:\\\/\\\/chiarabevents.com\\\/#organization\"},\"potentialAction\":[{\"@type\":\"SearchAction\",\"target\":{\"@type\":\"EntryPoint\",\"urlTemplate\":\"https:\\\/\\\/chiarabevents.com\\\/?s={search_term_string}\"},\"query-input\":{\"@type\":\"PropertyValueSpecification\",\"valueRequired\":true,\"valueName\":\"search_term_string\"}}],\"inLanguage\":\"es-ES\"},{\"@type\":\"Organization\",\"@id\":\"https:\\\/\\\/chiarabevents.com\\\/#organization\",\"name\":\"ChiaraB Events Wedding Planner\",\"url\":\"https:\\\/\\\/chiarabevents.com\\\/\",\"logo\":{\"@type\":\"ImageObject\",\"inLanguage\":\"es-ES\",\"@id\":\"https:\\\/\\\/chiarabevents.com\\\/#\\\/schema\\\/logo\\\/image\\\/\",\"url\":\"https:\\\/\\\/chiarabevents.com\\\/wp-content\\\/uploads\\\/2023\\\/12\\\/cropped-Monogramma_chiarab.png\",\"contentUrl\":\"https:\\\/\\\/chiarabevents.com\\\/wp-content\\\/uploads\\\/2023\\\/12\\\/cropped-Monogramma_chiarab.png\",\"width\":512,\"height\":512,\"caption\":\"ChiaraB Events Wedding Planner\"},\"image\":{\"@id\":\"https:\\\/\\\/chiarabevents.com\\\/#\\\/schema\\\/logo\\\/image\\\/\"},\"sameAs\":[\"https:\\\/\\\/www.facebook.com\\\/chiarabevent\",\"https:\\\/\\\/www.instagram.com\\\/chiarab_events\\\/\"]}]}<\/script>\n<!-- \/ Yoast SEO Premium plugin. -->","yoast_head_json":{"title":"Planifiquemos tu boda - ChiaraB Events Wedding Planner","description":"Creamos eventos \u00fanicos e inolvidables. Desde bodas de ensue\u00f1o hasta celebraciones especiales, convertimos tus ideas en realidad con elegancia y creatividad.","robots":{"index":"index","follow":"follow","max-snippet":"max-snippet:-1","max-image-preview":"max-image-preview:large","max-video-preview":"max-video-preview:-1"},"canonical":"https:\/\/chiarabevents.com\/es\/planifique-su-boda\/","og_locale":"es_ES","og_type":"article","og_title":"Let's Plan Your Wedding","og_description":"Creiamo eventi unici e indimenticabili. Dalle nozze da sogno alle celebrazioni speciali, trasformiamo le tue idee in realt\u00e0 con eleganza e creativit\u00e0.","og_url":"https:\/\/chiarabevents.com\/es\/planifique-su-boda\/","og_site_name":"ChiaraB Events Wedding Planner","article_publisher":"https:\/\/www.facebook.com\/chiarabevent","article_modified_time":"2024-12-09T03:41:49+00:00","twitter_card":"summary_large_image","schema":{"@context":"https:\/\/schema.org","@graph":[{"@type":"WebPage","@id":"https:\/\/chiarabevents.com\/en\/lets-plan-your-wedding\/","url":"https:\/\/chiarabevents.com\/en\/lets-plan-your-wedding\/","name":"Planifiquemos tu boda - ChiaraB Events Wedding Planner","isPartOf":{"@id":"https:\/\/chiarabevents.com\/#website"},"datePublished":"2020-01-14T15:05:45+00:00","dateModified":"2024-12-09T03:41:49+00:00","description":"Creamos eventos \u00fanicos e inolvidables. Desde bodas de ensue\u00f1o hasta celebraciones especiales, convertimos tus ideas en realidad con elegancia y creatividad.","breadcrumb":{"@id":"https:\/\/chiarabevents.com\/en\/lets-plan-your-wedding\/#breadcrumb"},"inLanguage":"es-ES","potentialAction":[{"@type":"ReadAction","target":["https:\/\/chiarabevents.com\/en\/lets-plan-your-wedding\/"]}]},{"@type":"BreadcrumbList","@id":"https:\/\/chiarabevents.com\/en\/lets-plan-your-wedding\/#breadcrumb","itemListElement":[{"@type":"ListItem","position":1,"name":"Home","item":"https:\/\/chiarabevents.com\/"},{"@type":"ListItem","position":2,"name":"Let&#8217;s Plan Your Wedding"}]},{"@type":"WebSite","@id":"https:\/\/chiarabevents.com\/#website","url":"https:\/\/chiarabevents.com\/","name":"Organizadora de bodas de ChiaraB Events","description":"Un maravilloso viaje hecho juntos","publisher":{"@id":"https:\/\/chiarabevents.com\/#organization"},"potentialAction":[{"@type":"SearchAction","target":{"@type":"EntryPoint","urlTemplate":"https:\/\/chiarabevents.com\/?s={search_term_string}"},"query-input":{"@type":"PropertyValueSpecification","valueRequired":true,"valueName":"search_term_string"}}],"inLanguage":"es-ES"},{"@type":"Organization","@id":"https:\/\/chiarabevents.com\/#organization","name":"Organizadora de bodas de ChiaraB Events","url":"https:\/\/chiarabevents.com\/","logo":{"@type":"ImageObject","inLanguage":"es-ES","@id":"https:\/\/chiarabevents.com\/#\/schema\/logo\/image\/","url":"https:\/\/chiarabevents.com\/wp-content\/uploads\/2023\/12\/cropped-Monogramma_chiarab.png","contentUrl":"https:\/\/chiarabevents.com\/wp-content\/uploads\/2023\/12\/cropped-Monogramma_chiarab.png","width":512,"height":512,"caption":"ChiaraB Events Wedding Planner"},"image":{"@id":"https:\/\/chiarabevents.com\/#\/schema\/logo\/image\/"},"sameAs":["https:\/\/www.facebook.com\/chiarabevent","https:\/\/www.instagram.com\/chiarab_events\/"]}]}},"_links":{"self":[{"href":"https:\/\/chiarabevents.com\/es\/wp-json\/wp\/v2\/pages\/2531","targetHints":{"allow":["GET"]}}],"collection":[{"href":"https:\/\/chiarabevents.com\/es\/wp-json\/wp\/v2\/pages"}],"about":[{"href":"https:\/\/chiarabevents.com\/es\/wp-json\/wp\/v2\/types\/page"}],"author":[{"embeddable":true,"href":"https:\/\/chiarabevents.com\/es\/wp-json\/wp\/v2\/users\/2"}],"replies":[{"embeddable":true,"href":"https:\/\/chiarabevents.com\/es\/wp-json\/wp\/v2\/comments?post=2531"}],"version-history":[{"count":0,"href":"https:\/\/chiarabevents.com\/es\/wp-json\/wp\/v2\/pages\/2531\/revisions"}],"wp:attachment":[{"href":"https:\/\/chiarabevents.com\/es\/wp-json\/wp\/v2\/media?parent=2531"}],"curies":[{"name":"wp","href":"https:\/\/api.w.org\/{rel}","templated":true}]}}