{"id":8082,"date":"2024-05-11T07:11:37","date_gmt":"2024-05-11T07:11:37","guid":{"rendered":"https:\/\/chiarabevents.com\/?page_id=8082"},"modified":"2024-12-08T11:28:27","modified_gmt":"2024-12-08T09:28:27","slug":"faq","status":"publish","type":"page","link":"https:\/\/chiarabevents.com\/es\/faq\/","title":{"rendered":"Preguntas frecuentes"},"content":{"rendered":"<h2>FAQ - Preguntas frecuentes sobre los eventos de ChiaraB<\/h2>\n<h4>1. <strong>\u00bfPor qu\u00e9 deber\u00eda contratar a un organizador de bodas?<\/strong><\/h4>\n<p>Y <a href=\"https:\/\/chiarabevents.com\/es\/\">organizador de bodas<\/a> puede marcar la diferencia entre un d\u00eda estresante y un evento perfectamente coordinado. Un planificador profesional:<\/p>\n<ul>\n<li><strong>Ahorra tiempo:<\/strong> Gestiona toda la comunicaci\u00f3n y los plazos con los proveedores, lo que le permite centrarse en lo m\u00e1s importante.<\/li>\n<li><strong>Reduce el estr\u00e9s:<\/strong> Se ocupa de los detalles log\u00edsticos y resuelve los problemas que puedan surgir.<\/li>\n<li><strong>Ofrece asesoramiento especializado:<\/strong> Tiene experiencia en el sector y puede guiarle en decisiones cruciales, ayud\u00e1ndole a no salirse de su presupuesto.<\/li>\n<li><strong>Personalice el evento:<\/strong> Hace realidad su visi\u00f3n mediante el asesoramiento sobre estilo, dise\u00f1o y organizaci\u00f3n.<\/li>\n<\/ul>\n<h4>2. <strong>\u00bfQu\u00e9 servicios ofrece ChiaraB Events?<\/strong><\/h4>\n<p>Ofrecemos una gama completa de servicios, entre los que se incluyen:<\/p>\n<ul>\n<li><strong>Organizaci\u00f3n completa:<\/strong> Desde la planificaci\u00f3n hasta la ejecuci\u00f3n, nos ocupamos de todos los detalles, asegur\u00e1ndonos de que todo est\u00e9 coordinado.<\/li>\n<li><strong>Coordinaci\u00f3n del d\u00eda:<\/strong> Gestionamos todos los aspectos log\u00edsticos el d\u00eda del evento, asegur\u00e1ndonos de que todo salga seg\u00fan lo previsto.<\/li>\n<li><strong>Asesoramiento parcial:<\/strong> Si ya ha empezado a planificar pero necesita orientaci\u00f3n, le asesoramos para ayudarle a completar el proyecto.<\/li>\n<li><strong><a href=\"https:\/\/chiarabevents.com\/es\/la-boda-de-destino-por-que-elegirla-y-como-organizarla\/\">Boda de destino<\/a>:<\/strong> Planificaci\u00f3n y coordinaci\u00f3n de <a href=\"https:\/\/chiarabevents.com\/es\/tendencias-y-estilos\/bodas-en-la-playa-consejos-para-un-evento-de-ensueno\/\">matrimonio<\/a> en diferentes lugares de Italia.<\/li>\n<li><strong>Dise\u00f1o creativo:<\/strong> Crear temas y decoraciones \u00fanicos que reflejen tu personalidad.<\/li>\n<\/ul>\n<h4>3. <strong>\u00bfCu\u00e1ndo debo empezar a planificar mi boda?<\/strong><\/h4>\n<p>Lo ideal es que la planificaci\u00f3n comience al menos entre 12 y 18 meses antes de la fecha prevista. As\u00ed tendr\u00e1 tiempo suficiente para encontrar el lugar adecuado, contratar a los proveedores que prefiera y organizar todos los detalles sin prisas. No obstante, si dispone de menos tiempo, podemos ayudarle a organizar un evento maravilloso.<\/p>\n<h4>4. <strong>\u00bfPuedo contratar a un organizador de bodas si ya he elegido a algunos proveedores?<\/strong><\/h4>\n<p>Por supuesto. Si ya ha seleccionado algunos proveedores, trabajaremos con ellos para asegurarnos de que todo est\u00e9 bien coordinado. Podemos intervenir en cualquier momento de la planificaci\u00f3n para ayudarle con el resto del proceso.<\/p>\n<h4>5. <strong>\u00bfQui\u00e9n se ocupar\u00e1 de cualquier problema el d\u00eda de la boda?<\/strong><\/h4>\n<p>Nuestra <a href=\"https:\/\/chiarabevents.com\/es\/equipo\/\">equipo<\/a> estar\u00e1 in situ para gestionar todos los aspectos de la boda, incluida la resoluci\u00f3n de cualquier problema de \u00faltima hora. Nuestra experiencia nos permite anticipar y prevenir muchos problemas, pero siempre estamos preparados para cualquier reto imprevisto con el fin de garantizar que todo transcurra sin problemas.<\/p>\n<h4>6. <strong>\u00bfC\u00f3mo puedo asegurarme de que mi boda sea \u00fanica?<\/strong><\/h4>\n<p>La clave de una boda \u00fanica es la planificaci\u00f3n personalizada y el dise\u00f1o creativo. En ChiaraB Events, escuchamos atentamente sus ideas y sugerimos elementos que reflejen su personalidad. Mediante la colaboraci\u00f3n con proveedores creativos y nuestro equipo de dise\u00f1o, crearemos una experiencia a medida que dejar\u00e1 una impresi\u00f3n imborrable en usted y sus invitados.<\/p>\n<h4>7. <strong>\u00bfCu\u00e1nto cuesta un organizador de bodas?<\/strong><\/h4>\n<p>El coste var\u00eda en funci\u00f3n del tipo de servicio requerido y de la complejidad del evento. Tras una consulta inicial gratuita para conocer sus necesidades, le proporcionamos un presupuesto detallado y transparente. Nuestro objetivo es ofrecerle el mejor valor posible dentro de su presupuesto.<\/p>\n<h4>8. <strong>\u00bfC\u00f3mo puedo ajustarme a mi presupuesto?<\/strong><\/h4>\n<p>He aqu\u00ed algunos consejos para ajustarse al presupuesto:<\/p>\n<ul>\n<li><strong>Prioridades:<\/strong> Identifica qu\u00e9 aspectos son m\u00e1s importantes para ti e invierte m\u00e1s en ellos.<\/li>\n<li><strong>N\u00famero de invitados:<\/strong> Reducir el n\u00famero de invitados es una de las formas m\u00e1s f\u00e1ciles de controlar los costes.<\/li>\n<li><strong>Flexibilidad:<\/strong> Elegir una fecha menos popular o un lugar m\u00e1s conveniente puede reducir considerablemente los costes.<\/li>\n<li><strong>Consulta profesional:<\/strong> Un organizador de bodas puede ayudarte a encontrar proveedores de calidad que se ajusten a tu presupuesto.<\/li>\n<\/ul>\n<h4>9. <strong>\u00bfTrabaja ChiaraB Events con proveedores espec\u00edficos?<\/strong><\/h4>\n<p>Contamos con una red establecida de proveedores de confianza con los que trabajamos frecuentemente, pero siempre estamos abiertos a nuevas colaboraciones. Si ya tiene proveedores preferidos o desea elegir otros, estaremos encantados de trabajar con ellos para garantizar una experiencia sin contratiempos.<\/p>\n<h4>10. <strong>\u00bfOfrecen servicios para bodas en destino?<\/strong><\/h4>\n<p>S\u00ed, tambi\u00e9n estamos especializados en bodas en algunos de los lugares m\u00e1s bellos de Italia. Nos ocupamos de toda la log\u00edstica por usted, desde la reserva del lugar hasta la organizaci\u00f3n del transporte y el alojamiento, para que pueda concentrarse en la celebraci\u00f3n.<\/p>\n<h4>11. <strong>\u00bfEs necesario un coordinador para el d\u00eda de la boda?<\/strong><\/h4>\n<p>Un coordinador para el d\u00eda de la boda es esencial para que todo vaya sobre ruedas. Se asegura de que cada detalle se ejecute seg\u00fan lo previsto y resuelve cualquier problema en tiempo real. Tambi\u00e9n permite que usted y su familia disfruten del d\u00eda sin preocupaciones.<\/p>\n<h4>12. <strong>\u00bfC\u00f3mo se gestiona la comunicaci\u00f3n durante la planificaci\u00f3n?<\/strong><\/h4>\n<p>Preferimos una comunicaci\u00f3n constante y transparente con nuestros clientes. Creamos un plan de comunicaci\u00f3n que incluye correos electr\u00f3nicos, llamadas telef\u00f3nicas y reuniones peri\u00f3dicas para hablar de los progresos. Adaptamos el m\u00e9todo de comunicaci\u00f3n a las preferencias de cada cliente.<\/p>\n<h4>13. <strong>\u00bfC\u00f3mo puedo contratar a ChiaraB Events para mi boda?<\/strong><\/h4>\n<p>Puede ponerse en contacto con nosotros a trav\u00e9s del formulario de nuestro sitio web o por correo electr\u00f3nico para reservar una primera consulta gratuita. Tras la consulta, le facilitaremos un presupuesto detallado y un plan de trabajo para iniciar el proceso de planificaci\u00f3n.<\/p>\n<h4>14. <strong>\u00bfQu\u00e9 medidas de seguridad se adoptaron durante la pandemia de COVID-19?<\/strong><\/h4>\n<p>Seguimos todas las directrices locales y nacionales para garantizar la seguridad de todos los participantes. Esto incluye el distanciamiento social, el uso de equipos de protecci\u00f3n personal y la higienizaci\u00f3n de los espacios. Adem\u00e1s, colaboramos estrechamente con el lugar de celebraci\u00f3n y los proveedores para aplicar medidas de seguridad espec\u00edficas para su boda.<\/p>\n<h4>15. <strong>\u00bfC\u00f3mo puedo hacer que mi matrimonio sea m\u00e1s sostenible?<\/strong><\/h4>\n<p>He aqu\u00ed algunas ideas para una boda ecol\u00f3gica:<\/p>\n<ul>\n<li><strong>Decoraciones reutilizables:<\/strong> Utiliza adornos que puedan reutilizarse o reciclarse.<\/li>\n<li><strong><a href=\"https:\/\/chiarabevents.com\/es\/guias-y-consejos\/consejos-para-elegir-el-catering-perfecto-para-su-boda-en-sicilia\/\">Catering<\/a> local:<\/strong> Elija proveedores de alimentos que utilicen ingredientes locales y de temporada.<\/li>\n<li><strong>Invitaciones digitales:<\/strong> Considere las invitaciones electr\u00f3nicas para reducir el uso de papel.<\/li>\n<li><strong>Regalos solidarios:<\/strong> Ofrezca regalos de boda que apoyen causas ben\u00e9ficas.<\/li>\n<\/ul>\n<h4>16. <strong>\u00bfPuedo cambiar de opini\u00f3n sobre los detalles del evento durante la planificaci\u00f3n?<\/strong><\/h4>\n<p>S\u00ed, entendemos que las preferencias y las circunstancias pueden cambiar. Somos flexibles y trabajaremos con usted para actualizar el plan en consecuencia, siempre sin perder de vista el presupuesto y los plazos.<\/p>\n<h4>17. <strong>\u00bfTiene experiencia con matrimonios de diferentes culturas y religiones?<\/strong><\/h4>\n<p>S\u00ed, hemos organizado bodas de diferentes culturas y religiones. Respetamos las tradiciones \u00fanicas de cada cliente y hacemos todo lo posible por incorporar estos detalles con autenticidad al evento.<\/p>\n<h4>18. <strong>\u00bfQu\u00e9 tendencias est\u00e1s viendo \u00faltimamente en las bodas?<\/strong><\/h4>\n<p>Algunas de las tendencias recientes son:<\/p>\n<ul>\n<li><strong>Matrimonios \u00edntimos:<\/strong> Bodas peque\u00f1as con una lista de invitados reducida.<\/li>\n<li><strong>Colores llamativos:<\/strong> Paletas de colores vivos como el verde esmeralda, el rojo rub\u00ed y el dorado.<\/li>\n<li><strong>Decoraciones naturales:<\/strong> Uso de flores silvestres y elementos org\u00e1nicos para decorar los espacios.<\/li>\n<li><strong>Experiencias para los hu\u00e9spedes:<\/strong> <a href=\"https:\/\/chiarabevents.com\/es\/eventos\/\">Eventos<\/a> a medida para involucrar a los invitados, como catas de vino y m\u00fasica en directo.<\/li>\n<\/ul>\n<h4>19. <strong>\u00bfOfrecen servicios de dise\u00f1o creativo independientes de la planificaci\u00f3n?<\/strong><\/h4>\n<p>S\u00ed, nuestro equipo de dise\u00f1o puede crear un proyecto de decoraci\u00f3n a medida aunque no necesite servicios completos de planificaci\u00f3n. Podemos ayudarle con temas, colores, dise\u00f1os y accesorios para garantizar un aspecto coherente.<\/p>\n<h4>20. <strong>\u00bfQu\u00e9 diferencia a ChiaraB Events de otros organizadores de bodas?<\/strong><\/h4>\n<p>Nuestro enfoque personalizado y orientado al detalle nos distingue. Trabajamos en estrecha colaboraci\u00f3n con nuestros clientes, escuchando atentamente sus preferencias y elaborando un plan a medida que refleje su visi\u00f3n. Adem\u00e1s, nuestra experiencia y nuestra red de proveedores de confianza nos permiten ofrecer servicios de alta calidad y soluciones creativas para cada reto de planificaci\u00f3n.<\/p>","protected":false},"excerpt":{"rendered":"<p>FAQ &#8211; Domande Frequenti su ChiaraB Events 1. Perch\u00e9 dovrei assumere un wedding planner? Un wedding planner pu\u00f2 fare la differenza tra una giornata stressante e un evento perfettamente coordinato. Un planner professionista: Risparmia Tempo: Gestisce tutte le comunicazioni e le scadenze con i fornitori, consentendo a te di concentrarti su ci\u00f2 che \u00e8 pi\u00f9 importante. Riduce [&hellip;]<\/p>","protected":false},"author":2,"featured_media":0,"parent":0,"menu_order":0,"comment_status":"closed","ping_status":"closed","template":"","meta":{"footnotes":""},"class_list":["post-8082","page","type-page","status-publish","hentry"],"yoast_head":"<!-- This site is optimized with the Yoast SEO Premium plugin v21.8 (Yoast SEO v27.3) - https:\/\/yoast.com\/product\/yoast-seo-premium-wordpress\/ -->\n<title>FAQ - ChiaraB Events Wedding Planner<\/title>\n<meta name=\"description\" content=\"Trova le risposte alle domande pi\u00f9 comuni sul wedding planner, sui costi e sui suggerimenti per la programmazione del tuo giorno speciale.\" \/>\n<meta name=\"robots\" content=\"index, follow, max-snippet:-1, max-image-preview:large, max-video-preview:-1\" \/>\n<link rel=\"canonical\" href=\"https:\/\/chiarabevents.com\/es\/faq\/\" \/>\n<meta property=\"og:locale\" content=\"es_ES\" \/>\n<meta property=\"og:type\" content=\"article\" \/>\n<meta property=\"og:title\" content=\"FAQ\" \/>\n<meta property=\"og:description\" content=\"Trova le risposte alle domande pi\u00f9 comuni sul wedding planner, sui costi e sui suggerimenti per la programmazione del tuo giorno speciale.\" \/>\n<meta property=\"og:url\" content=\"https:\/\/chiarabevents.com\/es\/faq\/\" \/>\n<meta property=\"og:site_name\" content=\"ChiaraB Events Wedding Planner\" \/>\n<meta property=\"article:publisher\" content=\"https:\/\/www.facebook.com\/chiarabevent\" \/>\n<meta property=\"article:modified_time\" content=\"2024-12-08T09:28:27+00:00\" \/>\n<meta name=\"twitter:card\" content=\"summary_large_image\" \/>\n<meta name=\"twitter:label1\" content=\"Est. reading time\" \/>\n\t<meta name=\"twitter:data1\" content=\"7 minutes\" \/>\n<script type=\"application\/ld+json\" class=\"yoast-schema-graph\">{\"@context\":\"https:\\\/\\\/schema.org\",\"@graph\":[{\"@type\":\"WebPage\",\"@id\":\"https:\\\/\\\/chiarabevents.com\\\/faq\\\/\",\"url\":\"https:\\\/\\\/chiarabevents.com\\\/faq\\\/\",\"name\":\"FAQ - ChiaraB Events Wedding Planner\",\"isPartOf\":{\"@id\":\"https:\\\/\\\/chiarabevents.com\\\/#website\"},\"datePublished\":\"2024-05-11T07:11:37+00:00\",\"dateModified\":\"2024-12-08T09:28:27+00:00\",\"description\":\"Trova le risposte alle domande pi\u00f9 comuni sul wedding planner, sui costi e sui suggerimenti per la programmazione del tuo giorno speciale.\",\"breadcrumb\":{\"@id\":\"https:\\\/\\\/chiarabevents.com\\\/faq\\\/#breadcrumb\"},\"inLanguage\":\"es-ES\",\"potentialAction\":[{\"@type\":\"ReadAction\",\"target\":[\"https:\\\/\\\/chiarabevents.com\\\/faq\\\/\"]}]},{\"@type\":\"BreadcrumbList\",\"@id\":\"https:\\\/\\\/chiarabevents.com\\\/faq\\\/#breadcrumb\",\"itemListElement\":[{\"@type\":\"ListItem\",\"position\":1,\"name\":\"Home\",\"item\":\"https:\\\/\\\/chiarabevents.com\\\/\"},{\"@type\":\"ListItem\",\"position\":2,\"name\":\"FAQ\"}]},{\"@type\":\"WebSite\",\"@id\":\"https:\\\/\\\/chiarabevents.com\\\/#website\",\"url\":\"https:\\\/\\\/chiarabevents.com\\\/\",\"name\":\"ChiaraB Events Wedding Planner\",\"description\":\"Un meraviglioso percorso fatto insieme\",\"publisher\":{\"@id\":\"https:\\\/\\\/chiarabevents.com\\\/#organization\"},\"potentialAction\":[{\"@type\":\"SearchAction\",\"target\":{\"@type\":\"EntryPoint\",\"urlTemplate\":\"https:\\\/\\\/chiarabevents.com\\\/?s={search_term_string}\"},\"query-input\":{\"@type\":\"PropertyValueSpecification\",\"valueRequired\":true,\"valueName\":\"search_term_string\"}}],\"inLanguage\":\"es-ES\"},{\"@type\":\"Organization\",\"@id\":\"https:\\\/\\\/chiarabevents.com\\\/#organization\",\"name\":\"ChiaraB Events Wedding Planner\",\"url\":\"https:\\\/\\\/chiarabevents.com\\\/\",\"logo\":{\"@type\":\"ImageObject\",\"inLanguage\":\"es-ES\",\"@id\":\"https:\\\/\\\/chiarabevents.com\\\/#\\\/schema\\\/logo\\\/image\\\/\",\"url\":\"https:\\\/\\\/chiarabevents.com\\\/wp-content\\\/uploads\\\/2023\\\/12\\\/cropped-Monogramma_chiarab.png\",\"contentUrl\":\"https:\\\/\\\/chiarabevents.com\\\/wp-content\\\/uploads\\\/2023\\\/12\\\/cropped-Monogramma_chiarab.png\",\"width\":512,\"height\":512,\"caption\":\"ChiaraB Events Wedding Planner\"},\"image\":{\"@id\":\"https:\\\/\\\/chiarabevents.com\\\/#\\\/schema\\\/logo\\\/image\\\/\"},\"sameAs\":[\"https:\\\/\\\/www.facebook.com\\\/chiarabevent\",\"https:\\\/\\\/www.instagram.com\\\/chiarab_events\\\/\"]}]}<\/script>\n<!-- \/ Yoast SEO Premium plugin. -->","yoast_head_json":{"title":"FAQ - ChiaraB Events Organizadora de Bodas","description":"Encuentre respuestas a las preguntas m\u00e1s frecuentes sobre organizadores de bodas, costes y consejos para planificar su d\u00eda especial.","robots":{"index":"index","follow":"follow","max-snippet":"max-snippet:-1","max-image-preview":"max-image-preview:large","max-video-preview":"max-video-preview:-1"},"canonical":"https:\/\/chiarabevents.com\/es\/faq\/","og_locale":"es_ES","og_type":"article","og_title":"FAQ","og_description":"Trova le risposte alle domande pi\u00f9 comuni sul wedding planner, sui costi e sui suggerimenti per la programmazione del tuo giorno speciale.","og_url":"https:\/\/chiarabevents.com\/es\/faq\/","og_site_name":"ChiaraB Events Wedding Planner","article_publisher":"https:\/\/www.facebook.com\/chiarabevent","article_modified_time":"2024-12-08T09:28:27+00:00","twitter_card":"summary_large_image","twitter_misc":{"Est. reading time":"7 minutes"},"schema":{"@context":"https:\/\/schema.org","@graph":[{"@type":"WebPage","@id":"https:\/\/chiarabevents.com\/faq\/","url":"https:\/\/chiarabevents.com\/faq\/","name":"FAQ - ChiaraB Events Organizadora de Bodas","isPartOf":{"@id":"https:\/\/chiarabevents.com\/#website"},"datePublished":"2024-05-11T07:11:37+00:00","dateModified":"2024-12-08T09:28:27+00:00","description":"Encuentre respuestas a las preguntas m\u00e1s frecuentes sobre organizadores de bodas, costes y consejos para planificar su d\u00eda especial.","breadcrumb":{"@id":"https:\/\/chiarabevents.com\/faq\/#breadcrumb"},"inLanguage":"es-ES","potentialAction":[{"@type":"ReadAction","target":["https:\/\/chiarabevents.com\/faq\/"]}]},{"@type":"BreadcrumbList","@id":"https:\/\/chiarabevents.com\/faq\/#breadcrumb","itemListElement":[{"@type":"ListItem","position":1,"name":"Home","item":"https:\/\/chiarabevents.com\/"},{"@type":"ListItem","position":2,"name":"FAQ"}]},{"@type":"WebSite","@id":"https:\/\/chiarabevents.com\/#website","url":"https:\/\/chiarabevents.com\/","name":"Organizadora de bodas de ChiaraB Events","description":"Un maravilloso viaje hecho juntos","publisher":{"@id":"https:\/\/chiarabevents.com\/#organization"},"potentialAction":[{"@type":"SearchAction","target":{"@type":"EntryPoint","urlTemplate":"https:\/\/chiarabevents.com\/?s={search_term_string}"},"query-input":{"@type":"PropertyValueSpecification","valueRequired":true,"valueName":"search_term_string"}}],"inLanguage":"es-ES"},{"@type":"Organization","@id":"https:\/\/chiarabevents.com\/#organization","name":"Organizadora de bodas de ChiaraB Events","url":"https:\/\/chiarabevents.com\/","logo":{"@type":"ImageObject","inLanguage":"es-ES","@id":"https:\/\/chiarabevents.com\/#\/schema\/logo\/image\/","url":"https:\/\/chiarabevents.com\/wp-content\/uploads\/2023\/12\/cropped-Monogramma_chiarab.png","contentUrl":"https:\/\/chiarabevents.com\/wp-content\/uploads\/2023\/12\/cropped-Monogramma_chiarab.png","width":512,"height":512,"caption":"ChiaraB Events Wedding Planner"},"image":{"@id":"https:\/\/chiarabevents.com\/#\/schema\/logo\/image\/"},"sameAs":["https:\/\/www.facebook.com\/chiarabevent","https:\/\/www.instagram.com\/chiarab_events\/"]}]}},"_links":{"self":[{"href":"https:\/\/chiarabevents.com\/es\/wp-json\/wp\/v2\/pages\/8082","targetHints":{"allow":["GET"]}}],"collection":[{"href":"https:\/\/chiarabevents.com\/es\/wp-json\/wp\/v2\/pages"}],"about":[{"href":"https:\/\/chiarabevents.com\/es\/wp-json\/wp\/v2\/types\/page"}],"author":[{"embeddable":true,"href":"https:\/\/chiarabevents.com\/es\/wp-json\/wp\/v2\/users\/2"}],"replies":[{"embeddable":true,"href":"https:\/\/chiarabevents.com\/es\/wp-json\/wp\/v2\/comments?post=8082"}],"version-history":[{"count":0,"href":"https:\/\/chiarabevents.com\/es\/wp-json\/wp\/v2\/pages\/8082\/revisions"}],"wp:attachment":[{"href":"https:\/\/chiarabevents.com\/es\/wp-json\/wp\/v2\/media?parent=8082"}],"curies":[{"name":"wp","href":"https:\/\/api.w.org\/{rel}","templated":true}]}}