{"id":34441,"date":"2026-03-01T15:53:29","date_gmt":"2026-03-01T13:53:29","guid":{"rendered":"https:\/\/chiarabevents.com\/"},"modified":"2026-03-03T15:20:53","modified_gmt":"2026-03-03T13:20:53","slug":"mariage-a-capri","status":"publish","type":"page","link":"https:\/\/chiarabevents.com\/fr\/mariage-a-capri\/","title":{"rendered":"Mariage \u00e0 Capri"},"content":{"rendered":"","protected":false},"excerpt":{"rendered":"","protected":false},"author":1,"featured_media":34258,"parent":0,"menu_order":0,"comment_status":"closed","ping_status":"closed","template":"page-matrimonio-capri.php","meta":{"footnotes":""},"class_list":["post-34441","page","type-page","status-publish","has-post-thumbnail","hentry"],"yoast_head":"<!-- This site is optimized with the Yoast SEO Premium plugin v21.8 (Yoast SEO v27.3) - https:\/\/yoast.com\/product\/yoast-seo-premium-wordpress\/ -->\n<title>Matrimonio a Capri: la location da sogno per il tuo s\u00ec<\/title>\n<meta name=\"description\" content=\"Scopri come organizzare un matrimonio a Capri indimenticabile. Location esclusive e consigli per il tuo giorno speciale. Clicca e inizia a sognare!\" \/>\n<meta name=\"robots\" content=\"index, follow, max-snippet:-1, max-image-preview:large, max-video-preview:-1\" \/>\n<link rel=\"canonical\" href=\"https:\/\/chiarabevents.com\/fr\/mariage-a-capri\/\" \/>\n<meta property=\"og:locale\" content=\"fr_FR\" \/>\n<meta property=\"og:type\" content=\"article\" \/>\n<meta property=\"og:title\" content=\"Matrimonio a Capri\" \/>\n<meta property=\"og:description\" content=\"Scopri come organizzare un matrimonio a Capri indimenticabile. Location esclusive e consigli per il tuo giorno speciale. Clicca e inizia a sognare!\" \/>\n<meta property=\"og:url\" content=\"https:\/\/chiarabevents.com\/fr\/mariage-a-capri\/\" \/>\n<meta property=\"og:site_name\" content=\"ChiaraB Events Wedding Planner\" \/>\n<meta property=\"article:publisher\" content=\"https:\/\/www.facebook.com\/chiarabevent\" \/>\n<meta property=\"article:modified_time\" content=\"2026-03-03T13:20:53+00:00\" \/>\n<meta property=\"og:image\" content=\"https:\/\/chiarabevents.com\/wp-content\/uploads\/2026\/02\/KenyaDarko-171-scaled.jpeg\" \/>\n\t<meta property=\"og:image:width\" content=\"2560\" \/>\n\t<meta property=\"og:image:height\" content=\"1707\" \/>\n\t<meta property=\"og:image:type\" content=\"image\/jpeg\" \/>\n<meta name=\"twitter:card\" content=\"summary_large_image\" \/>\n<meta name=\"twitter:label1\" content=\"Est. reading time\" \/>\n\t<meta name=\"twitter:data1\" content=\"1 minute\" \/>\n<script type=\"application\/ld+json\" class=\"yoast-schema-graph\">{\"@context\":\"https:\\\/\\\/schema.org\",\"@graph\":[{\"@type\":\"WebPage\",\"@id\":\"https:\\\/\\\/chiarabevents.com\\\/matrimonio-a-capri\\\/\",\"url\":\"https:\\\/\\\/chiarabevents.com\\\/matrimonio-a-capri\\\/\",\"name\":\"Matrimonio a Capri: la location da sogno per il tuo s\u00ec\",\"isPartOf\":{\"@id\":\"https:\\\/\\\/chiarabevents.com\\\/#website\"},\"primaryImageOfPage\":{\"@id\":\"https:\\\/\\\/chiarabevents.com\\\/matrimonio-a-capri\\\/#primaryimage\"},\"image\":{\"@id\":\"https:\\\/\\\/chiarabevents.com\\\/matrimonio-a-capri\\\/#primaryimage\"},\"thumbnailUrl\":\"https:\\\/\\\/chiarabevents.com\\\/wp-content\\\/uploads\\\/2026\\\/02\\\/KenyaDarko-171-scaled.jpeg\",\"datePublished\":\"2026-03-01T13:53:29+00:00\",\"dateModified\":\"2026-03-03T13:20:53+00:00\",\"description\":\"Scopri come organizzare un matrimonio a Capri indimenticabile. Location esclusive e consigli per il tuo giorno speciale. Clicca e inizia a sognare!\",\"breadcrumb\":{\"@id\":\"https:\\\/\\\/chiarabevents.com\\\/matrimonio-a-capri\\\/#breadcrumb\"},\"inLanguage\":\"fr-FR\",\"potentialAction\":[{\"@type\":\"ReadAction\",\"target\":[\"https:\\\/\\\/chiarabevents.com\\\/matrimonio-a-capri\\\/\"]}]},{\"@type\":\"ImageObject\",\"inLanguage\":\"fr-FR\",\"@id\":\"https:\\\/\\\/chiarabevents.com\\\/matrimonio-a-capri\\\/#primaryimage\",\"url\":\"https:\\\/\\\/chiarabevents.com\\\/wp-content\\\/uploads\\\/2026\\\/02\\\/KenyaDarko-171-scaled.jpeg\",\"contentUrl\":\"https:\\\/\\\/chiarabevents.com\\\/wp-content\\\/uploads\\\/2026\\\/02\\\/KenyaDarko-171-scaled.jpeg\",\"width\":2560,\"height\":1707,\"caption\":\"Una wedding planner aiuta la sposa a prepararsi per il grande giorno, offrendo supporto e consigli su abiti, decorazioni e organizzazione. La scena si svolge in un ambiente elegante, riflettendo l'attenzione ai dettagli e la cura per ogni aspetto del.\"},{\"@type\":\"BreadcrumbList\",\"@id\":\"https:\\\/\\\/chiarabevents.com\\\/matrimonio-a-capri\\\/#breadcrumb\",\"itemListElement\":[{\"@type\":\"ListItem\",\"position\":1,\"name\":\"Home\",\"item\":\"https:\\\/\\\/chiarabevents.com\\\/\"},{\"@type\":\"ListItem\",\"position\":2,\"name\":\"Matrimonio a Capri\"}]},{\"@type\":\"WebSite\",\"@id\":\"https:\\\/\\\/chiarabevents.com\\\/#website\",\"url\":\"https:\\\/\\\/chiarabevents.com\\\/\",\"name\":\"ChiaraB Events Wedding Planner\",\"description\":\"Un meraviglioso percorso fatto insieme\",\"publisher\":{\"@id\":\"https:\\\/\\\/chiarabevents.com\\\/#organization\"},\"potentialAction\":[{\"@type\":\"SearchAction\",\"target\":{\"@type\":\"EntryPoint\",\"urlTemplate\":\"https:\\\/\\\/chiarabevents.com\\\/?s={search_term_string}\"},\"query-input\":{\"@type\":\"PropertyValueSpecification\",\"valueRequired\":true,\"valueName\":\"search_term_string\"}}],\"inLanguage\":\"fr-FR\"},{\"@type\":\"Organization\",\"@id\":\"https:\\\/\\\/chiarabevents.com\\\/#organization\",\"name\":\"ChiaraB Events Wedding Planner\",\"url\":\"https:\\\/\\\/chiarabevents.com\\\/\",\"logo\":{\"@type\":\"ImageObject\",\"inLanguage\":\"fr-FR\",\"@id\":\"https:\\\/\\\/chiarabevents.com\\\/#\\\/schema\\\/logo\\\/image\\\/\",\"url\":\"https:\\\/\\\/chiarabevents.com\\\/wp-content\\\/uploads\\\/2023\\\/12\\\/cropped-Monogramma_chiarab.png\",\"contentUrl\":\"https:\\\/\\\/chiarabevents.com\\\/wp-content\\\/uploads\\\/2023\\\/12\\\/cropped-Monogramma_chiarab.png\",\"width\":512,\"height\":512,\"caption\":\"ChiaraB Events Wedding Planner\"},\"image\":{\"@id\":\"https:\\\/\\\/chiarabevents.com\\\/#\\\/schema\\\/logo\\\/image\\\/\"},\"sameAs\":[\"https:\\\/\\\/www.facebook.com\\\/chiarabevent\",\"https:\\\/\\\/www.instagram.com\\\/chiarab_events\\\/\"]}]}<\/script>\n<!-- \/ Yoast SEO Premium plugin. -->","yoast_head_json":{"title":"Mariage \u00e0 Capri : le lieu de r\u00eave pour votre oui","description":"D\u00e9couvrez comment organiser un mariage inoubliable \u00e0 Capri. Lieux exclusifs et conseils pour votre jour sp\u00e9cial. Cliquez et commencez \u00e0 r\u00eaver !","robots":{"index":"index","follow":"follow","max-snippet":"max-snippet:-1","max-image-preview":"max-image-preview:large","max-video-preview":"max-video-preview:-1"},"canonical":"https:\/\/chiarabevents.com\/fr\/mariage-a-capri\/","og_locale":"fr_FR","og_type":"article","og_title":"Matrimonio a Capri","og_description":"Scopri come organizzare un matrimonio a Capri indimenticabile. Location esclusive e consigli per il tuo giorno speciale. Clicca e inizia a sognare!","og_url":"https:\/\/chiarabevents.com\/fr\/mariage-a-capri\/","og_site_name":"ChiaraB Events Wedding Planner","article_publisher":"https:\/\/www.facebook.com\/chiarabevent","article_modified_time":"2026-03-03T13:20:53+00:00","og_image":[{"width":2560,"height":1707,"url":"https:\/\/chiarabevents.com\/wp-content\/uploads\/2026\/02\/KenyaDarko-171-scaled.jpeg","type":"image\/jpeg"}],"twitter_card":"summary_large_image","twitter_misc":{"Est. reading time":"1 minute"},"schema":{"@context":"https:\/\/schema.org","@graph":[{"@type":"WebPage","@id":"https:\/\/chiarabevents.com\/matrimonio-a-capri\/","url":"https:\/\/chiarabevents.com\/matrimonio-a-capri\/","name":"Mariage \u00e0 Capri : le lieu de r\u00eave pour votre oui","isPartOf":{"@id":"https:\/\/chiarabevents.com\/#website"},"primaryImageOfPage":{"@id":"https:\/\/chiarabevents.com\/matrimonio-a-capri\/#primaryimage"},"image":{"@id":"https:\/\/chiarabevents.com\/matrimonio-a-capri\/#primaryimage"},"thumbnailUrl":"https:\/\/chiarabevents.com\/wp-content\/uploads\/2026\/02\/KenyaDarko-171-scaled.jpeg","datePublished":"2026-03-01T13:53:29+00:00","dateModified":"2026-03-03T13:20:53+00:00","description":"D\u00e9couvrez comment organiser un mariage inoubliable \u00e0 Capri. Lieux exclusifs et conseils pour votre jour sp\u00e9cial. Cliquez et commencez \u00e0 r\u00eaver !","breadcrumb":{"@id":"https:\/\/chiarabevents.com\/matrimonio-a-capri\/#breadcrumb"},"inLanguage":"fr-FR","potentialAction":[{"@type":"ReadAction","target":["https:\/\/chiarabevents.com\/matrimonio-a-capri\/"]}]},{"@type":"ImageObject","inLanguage":"fr-FR","@id":"https:\/\/chiarabevents.com\/matrimonio-a-capri\/#primaryimage","url":"https:\/\/chiarabevents.com\/wp-content\/uploads\/2026\/02\/KenyaDarko-171-scaled.jpeg","contentUrl":"https:\/\/chiarabevents.com\/wp-content\/uploads\/2026\/02\/KenyaDarko-171-scaled.jpeg","width":2560,"height":1707,"caption":"Una wedding planner aiuta la sposa a prepararsi per il grande giorno, offrendo supporto e consigli su abiti, decorazioni e organizzazione. La scena si svolge in un ambiente elegante, riflettendo l'attenzione ai dettagli e la cura per ogni aspetto del."},{"@type":"BreadcrumbList","@id":"https:\/\/chiarabevents.com\/matrimonio-a-capri\/#breadcrumb","itemListElement":[{"@type":"ListItem","position":1,"name":"Home","item":"https:\/\/chiarabevents.com\/"},{"@type":"ListItem","position":2,"name":"Matrimonio a Capri"}]},{"@type":"WebSite","@id":"https:\/\/chiarabevents.com\/#website","url":"https:\/\/chiarabevents.com\/","name":"ChiaraB Events Organisatrice de mariage","description":"Un merveilleux voyage ensemble","publisher":{"@id":"https:\/\/chiarabevents.com\/#organization"},"potentialAction":[{"@type":"SearchAction","target":{"@type":"EntryPoint","urlTemplate":"https:\/\/chiarabevents.com\/?s={search_term_string}"},"query-input":{"@type":"PropertyValueSpecification","valueRequired":true,"valueName":"search_term_string"}}],"inLanguage":"fr-FR"},{"@type":"Organization","@id":"https:\/\/chiarabevents.com\/#organization","name":"ChiaraB Events Organisatrice de mariage","url":"https:\/\/chiarabevents.com\/","logo":{"@type":"ImageObject","inLanguage":"fr-FR","@id":"https:\/\/chiarabevents.com\/#\/schema\/logo\/image\/","url":"https:\/\/chiarabevents.com\/wp-content\/uploads\/2023\/12\/cropped-Monogramma_chiarab.png","contentUrl":"https:\/\/chiarabevents.com\/wp-content\/uploads\/2023\/12\/cropped-Monogramma_chiarab.png","width":512,"height":512,"caption":"ChiaraB Events Wedding Planner"},"image":{"@id":"https:\/\/chiarabevents.com\/#\/schema\/logo\/image\/"},"sameAs":["https:\/\/www.facebook.com\/chiarabevent","https:\/\/www.instagram.com\/chiarab_events\/"]}]}},"_links":{"self":[{"href":"https:\/\/chiarabevents.com\/fr\/wp-json\/wp\/v2\/pages\/34441","targetHints":{"allow":["GET"]}}],"collection":[{"href":"https:\/\/chiarabevents.com\/fr\/wp-json\/wp\/v2\/pages"}],"about":[{"href":"https:\/\/chiarabevents.com\/fr\/wp-json\/wp\/v2\/types\/page"}],"author":[{"embeddable":true,"href":"https:\/\/chiarabevents.com\/fr\/wp-json\/wp\/v2\/users\/1"}],"replies":[{"embeddable":true,"href":"https:\/\/chiarabevents.com\/fr\/wp-json\/wp\/v2\/comments?post=34441"}],"version-history":[{"count":2,"href":"https:\/\/chiarabevents.com\/fr\/wp-json\/wp\/v2\/pages\/34441\/revisions"}],"predecessor-version":[{"id":34467,"href":"https:\/\/chiarabevents.com\/fr\/wp-json\/wp\/v2\/pages\/34441\/revisions\/34467"}],"wp:featuredmedia":[{"embeddable":true,"href":"https:\/\/chiarabevents.com\/fr\/wp-json\/wp\/v2\/media\/34258"}],"wp:attachment":[{"href":"https:\/\/chiarabevents.com\/fr\/wp-json\/wp\/v2\/media?parent=34441"}],"curies":[{"name":"wp","href":"https:\/\/api.w.org\/{rel}","templated":true}]}}