{"id":8082,"date":"2024-05-11T07:11:37","date_gmt":"2024-05-11T07:11:37","guid":{"rendered":"https:\/\/chiarabevents.com\/?page_id=8082"},"modified":"2024-12-08T11:28:27","modified_gmt":"2024-12-08T09:28:27","slug":"faq","status":"publish","type":"page","link":"https:\/\/chiarabevents.com\/fr\/faq\/","title":{"rendered":"FAQ"},"content":{"rendered":"<h2>FAQ - Foire aux questions sur les \u00e9v\u00e9nements de ChiaraB<\/h2>\n<h4>1. <strong>Pourquoi faire appel \u00e0 un organisateur de mariage ?<\/strong><\/h4>\n<p>A <a href=\"https:\/\/chiarabevents.com\/fr\/\">organisateur de mariage<\/a> peut faire la diff\u00e9rence entre une journ\u00e9e stressante et un \u00e9v\u00e9nement parfaitement coordonn\u00e9. Un organisateur professionnel :<\/p>\n<ul>\n<li><strong>Gain de temps :<\/strong> Il g\u00e8re l'ensemble de la communication et des d\u00e9lais avec les fournisseurs, ce qui vous permet de vous concentrer sur ce qui est le plus important.<\/li>\n<li><strong>R\u00e9duit le stress :<\/strong> Il s'occupe des d\u00e9tails logistiques et r\u00e9sout les probl\u00e8mes qui peuvent se poser.<\/li>\n<li><strong>Il offre des conseils d'experts :<\/strong> Il a de l'exp\u00e9rience dans le secteur et peut vous guider dans les d\u00e9cisions cruciales, en vous aidant \u00e0 respecter votre budget.<\/li>\n<li><strong>Personnaliser l'\u00e9v\u00e9nement :<\/strong> Il fait de votre vision une r\u00e9alit\u00e9 gr\u00e2ce \u00e0 des conseils en mati\u00e8re de style, de conception et d'organisation.<\/li>\n<\/ul>\n<h4>2. <strong>Quels sont les services offerts par ChiaraB Events ?<\/strong><\/h4>\n<p>Nous offrons une gamme compl\u00e8te de services, y compris :<\/p>\n<ul>\n<li><strong>Organisation compl\u00e8te :<\/strong> De la planification \u00e0 l'ex\u00e9cution, nous nous occupons de chaque d\u00e9tail et veillons \u00e0 ce que tout soit coordonn\u00e9.<\/li>\n<li><strong>Coordination du jour :<\/strong> Nous g\u00e9rons tous les aspects logistiques le jour de l'\u00e9v\u00e9nement, en veillant \u00e0 ce que tout se d\u00e9roule comme pr\u00e9vu.<\/li>\n<li><strong>Conseils partiels :<\/strong> Si vous avez d\u00e9j\u00e0 commenc\u00e9 \u00e0 planifier mais que vous avez besoin d'\u00eatre guid\u00e9, nous vous donnons des conseils pour vous aider \u00e0 mener \u00e0 bien votre projet.<\/li>\n<li><strong><a href=\"https:\/\/chiarabevents.com\/fr\/mariage-a-destination-pourquoi-le-choisir-et-comment-lorganiser\/\">Mariage \u00e0 destination<\/a>:<\/strong> Planification et coordination des <a href=\"https:\/\/chiarabevents.com\/fr\/tendances-et-styles\/mariages-sur-la-plage-conseils-pour-un-evenement-de-reve\/\">mariages<\/a> dans diff\u00e9rents lieux en Italie.<\/li>\n<li><strong>Conception cr\u00e9ative :<\/strong> Cr\u00e9er des th\u00e8mes et des d\u00e9corations uniques qui refl\u00e8tent votre personnalit\u00e9.<\/li>\n<\/ul>\n<h4>3. <strong>Quand dois-je commencer \u00e0 organiser mon mariage ?<\/strong><\/h4>\n<p>Id\u00e9alement, les pr\u00e9paratifs devraient commencer au moins 12 \u00e0 18 mois avant la date pr\u00e9vue. Cela laisse suffisamment de temps pour trouver le bon endroit, s'assurer les services des fournisseurs pr\u00e9f\u00e9r\u00e9s et organiser tous les d\u00e9tails sans se pr\u00e9cipiter. Toutefois, si vous disposez de moins de temps, nous pouvons tout de m\u00eame vous aider \u00e0 organiser un \u00e9v\u00e9nement magnifique.<\/p>\n<h4>4. <strong>Puis-je faire appel \u00e0 un organisateur de mariage si j'ai d\u00e9j\u00e0 choisi certains fournisseurs ?<\/strong><\/h4>\n<p>Absolument ! Si vous avez d\u00e9j\u00e0 s\u00e9lectionn\u00e9 des fournisseurs, nous travaillerons avec eux pour nous assurer que tout est bien coordonn\u00e9. Nous pouvons intervenir \u00e0 tout moment de la planification pour vous aider dans la suite du processus.<\/p>\n<h4>5. <strong>Qui s'occupera des probl\u00e8mes \u00e9ventuels le jour du mariage ?<\/strong><\/h4>\n<p>Notre <a href=\"https:\/\/chiarabevents.com\/fr\/equipe\/\">\u00e9quipe<\/a> sera sur place pour s'occuper de tous les aspects du mariage, y compris pour r\u00e9soudre les probl\u00e8mes de derni\u00e8re minute. Notre exp\u00e9rience nous permet d'anticiper et de pr\u00e9venir de nombreux probl\u00e8mes, mais nous sommes toujours pr\u00eats \u00e0 faire face aux impr\u00e9vus pour que tout se passe bien.<\/p>\n<h4>6. <strong>Comment faire en sorte que mon mariage soit unique ?<\/strong><\/h4>\n<p>La cl\u00e9 d'un mariage unique r\u00e9side dans une planification personnalis\u00e9e et une conception cr\u00e9ative. Chez ChiaraB Events, nous \u00e9coutons attentivement vos id\u00e9es et sugg\u00e9rons des \u00e9l\u00e9ments qui refl\u00e8tent votre personnalit\u00e9. En collaborant avec des fournisseurs cr\u00e9atifs et notre \u00e9quipe de conception, nous cr\u00e9erons une exp\u00e9rience sur mesure qui laissera une impression ind\u00e9l\u00e9bile sur vous et vos invit\u00e9s.<\/p>\n<h4>7. <strong>Combien co\u00fbte un organisateur de mariage ?<\/strong><\/h4>\n<p>Le co\u00fbt varie en fonction du type de service requis et de la complexit\u00e9 de l'\u00e9v\u00e9nement. Apr\u00e8s une premi\u00e8re consultation gratuite pour comprendre vos besoins, nous vous fournissons un devis d\u00e9taill\u00e9 et transparent. Notre objectif est de vous offrir le meilleur rapport qualit\u00e9-prix possible tout en respectant votre budget.<\/p>\n<h4>8. <strong>Comment respecter mon budget ?<\/strong><\/h4>\n<p>Voici quelques conseils pour respecter le budget :<\/p>\n<ul>\n<li><strong>Priorit\u00e9s :<\/strong> Identifiez les aspects les plus importants pour vous et investissez davantage dans ces domaines.<\/li>\n<li><strong>Nombre d'invit\u00e9s :<\/strong> R\u00e9duire le nombre d'invit\u00e9s est l'un des moyens les plus simples de ma\u00eetriser les co\u00fbts.<\/li>\n<li><strong>Flexibilit\u00e9 :<\/strong> Le choix d'une date moins populaire ou d'un lieu plus pratique peut r\u00e9duire consid\u00e9rablement les co\u00fbts.<\/li>\n<li><strong>Consultation professionnelle :<\/strong> Un organisateur de mariage peut vous aider \u00e0 trouver des fournisseurs de qualit\u00e9 dans les limites de votre budget.<\/li>\n<\/ul>\n<h4>9. <strong>ChiaraB Events travaille-t-elle avec des fournisseurs sp\u00e9cifiques ?<\/strong><\/h4>\n<p>Nous disposons d'un r\u00e9seau \u00e9tabli de fournisseurs de confiance avec lesquels nous travaillons fr\u00e9quemment, mais nous sommes toujours ouverts \u00e0 de nouvelles collaborations. Si vous avez d\u00e9j\u00e0 des fournisseurs privil\u00e9gi\u00e9s ou si vous souhaitez en choisir d'autres, nous serons heureux de collaborer avec eux afin de garantir une exp\u00e9rience harmonieuse.<\/p>\n<h4>10. <strong>Proposez-vous des services pour les mariages \u00e0 destination ?<\/strong><\/h4>\n<p>Oui, nous sommes \u00e9galement sp\u00e9cialis\u00e9s dans les mariages \u00e0 destination de certains des plus beaux sites d'Italie. Nous nous occupons de toute la logistique, de la r\u00e9servation du lieu \u00e0 l'organisation du transport et de l'h\u00e9bergement, afin que vous puissiez vous concentrer sur la c\u00e9l\u00e9bration.<\/p>\n<h4>11. <strong>Un coordinateur de mariage est-il n\u00e9cessaire ?<\/strong><\/h4>\n<p>Un coordinateur de mariage est essentiel pour garantir que tout se passe bien. Il veille \u00e0 ce que chaque d\u00e9tail soit ex\u00e9cut\u00e9 comme pr\u00e9vu et r\u00e9sout les probl\u00e8mes \u00e9ventuels en temps r\u00e9el. Il vous permet \u00e9galement, \u00e0 vous et \u00e0 votre famille, de profiter de la journ\u00e9e sans inqui\u00e9tude.<\/p>\n<h4>12. <strong>Comment la communication est-elle g\u00e9r\u00e9e pendant la planification ?<\/strong><\/h4>\n<p>Nous privil\u00e9gions une communication constante et transparente avec nos clients. Nous \u00e9tablissons un plan de communication qui comprend des courriels, des appels t\u00e9l\u00e9phoniques et des r\u00e9unions r\u00e9guli\u00e8res pour discuter de l'avancement des travaux. Nous adaptons la m\u00e9thode de communication aux pr\u00e9f\u00e9rences de chaque client.<\/p>\n<h4>13. <strong>Comment puis-je r\u00e9server ChiaraB Events pour mon mariage ?<\/strong><\/h4>\n<p>Vous pouvez nous contacter via le formulaire de notre site web ou par e-mail pour prendre rendez-vous pour une premi\u00e8re consultation gratuite. Apr\u00e8s la consultation, nous vous fournirons un devis d\u00e9taill\u00e9 et un plan de travail pour commencer le processus de planification.<\/p>\n<h4>14. <strong>Quelles mesures de s\u00e9curit\u00e9 ont \u00e9t\u00e9 prises pendant la pand\u00e9mie de COVID-19 ?<\/strong><\/h4>\n<p>Nous suivons toutes les directives locales et nationales pour garantir la s\u00e9curit\u00e9 de tous les participants. Cela comprend la distanciation sociale, l'utilisation d'\u00e9quipements de protection individuelle et l'assainissement des espaces. En outre, nous travaillons en \u00e9troite collaboration avec le lieu et les fournisseurs pour mettre en \u0153uvre des mesures de s\u00e9curit\u00e9 sp\u00e9cifiques \u00e0 votre mariage.<\/p>\n<h4>15. <strong>Comment puis-je rendre mon mariage plus durable ?<\/strong><\/h4>\n<p>Voici quelques id\u00e9es pour un mariage respectueux de l'environnement :<\/p>\n<ul>\n<li><strong>D\u00e9corations r\u00e9utilisables :<\/strong> Utilisez des d\u00e9corations qui peuvent \u00eatre r\u00e9utilis\u00e9es ou recycl\u00e9es.<\/li>\n<li><strong><a href=\"https:\/\/chiarabevents.com\/fr\/guides-et-conseils\/conseils-pour-choisir-le-traiteur-ideal-pour-votre-mariage-en-sicile\/\">Restauration<\/a> local :<\/strong> Choisissez des fournisseurs de produits alimentaires qui utilisent des ingr\u00e9dients locaux et de saison.<\/li>\n<li><strong>Invitations num\u00e9riques :<\/strong> Envisagez des invitations \u00e9lectroniques pour r\u00e9duire l'utilisation du papier.<\/li>\n<li><strong>Cadeaux de solidarit\u00e9 :<\/strong> Offrez des cadeaux de mariage qui soutiennent des causes caritatives.<\/li>\n<\/ul>\n<h4>16. <strong>Puis-je changer d'avis sur les d\u00e9tails de l'\u00e9v\u00e9nement au cours de la planification ?<\/strong><\/h4>\n<p>Oui, nous comprenons que les pr\u00e9f\u00e9rences et les circonstances peuvent changer. Nous sommes flexibles et nous travaillerons avec vous pour mettre \u00e0 jour le plan en cons\u00e9quence, en gardant toujours \u00e0 l'esprit le budget et le calendrier.<\/p>\n<h4>17. <strong>Avez-vous de l'exp\u00e9rience en mati\u00e8re de mariages de cultures et de religions diff\u00e9rentes ?<\/strong><\/h4>\n<p>Oui, nous avons organis\u00e9 des mariages dans diff\u00e9rentes cultures et religions. Nous respectons les traditions uniques de chaque client et faisons de notre mieux pour int\u00e9grer ces d\u00e9tails de mani\u00e8re authentique dans l'\u00e9v\u00e9nement.<\/p>\n<h4>18. <strong>Quelles sont les tendances que vous observez dans les mariages ces derniers temps ?<\/strong><\/h4>\n<p>Parmi les tendances r\u00e9centes, on peut citer<\/p>\n<ul>\n<li><strong>Mariages intimes :<\/strong> Petits mariages avec une petite liste d'invit\u00e9s.<\/li>\n<li><strong>Couleurs vives :<\/strong> Palettes de couleurs vives telles que le vert \u00e9meraude, le rouge rubis et l'or.<\/li>\n<li><strong>D\u00e9corations naturelles :<\/strong> Utilisation de fleurs sauvages et d'\u00e9l\u00e9ments organiques pour d\u00e9corer les espaces.<\/li>\n<li><strong>Exp\u00e9riences pour les h\u00f4tes :<\/strong> <a href=\"https:\/\/chiarabevents.com\/fr\/evenements\/\">Ev\u00e9nements<\/a> Les activit\u00e9s sont con\u00e7ues pour impliquer les invit\u00e9s, comme les d\u00e9gustations de vins et la musique en direct.<\/li>\n<\/ul>\n<h4>19. <strong>Proposez-vous des services de conception cr\u00e9ative distincts de la planification ?<\/strong><\/h4>\n<p>Oui, notre \u00e9quipe de conception peut cr\u00e9er un projet de d\u00e9coration personnalis\u00e9 m\u00eame si vous n'avez pas besoin de services de planification complets. Nous pouvons vous aider \u00e0 choisir des th\u00e8mes, des couleurs, des am\u00e9nagements et des \u00e9quipements afin de garantir un aspect coh\u00e9rent.<\/p>\n<h4>20. <strong>Qu'est-ce qui diff\u00e9rencie ChiaraB Events des autres organisateurs de mariage ?<\/strong><\/h4>\n<p>Nous nous distinguons par notre approche personnalis\u00e9e, ax\u00e9e sur les d\u00e9tails. Nous travaillons en \u00e9troite collaboration avec nos clients, en \u00e9coutant attentivement leurs pr\u00e9f\u00e9rences et en produisant un plan sur mesure qui refl\u00e8te leur vision. En outre, notre exp\u00e9rience et notre r\u00e9seau de fournisseurs de confiance nous permettent d'offrir des services de haute qualit\u00e9 et des solutions cr\u00e9atives \u00e0 chaque d\u00e9fi de planification.<\/p>","protected":false},"excerpt":{"rendered":"<p>FAQ &#8211; Domande Frequenti su ChiaraB Events 1. Perch\u00e9 dovrei assumere un wedding planner? Un wedding planner pu\u00f2 fare la differenza tra una giornata stressante e un evento perfettamente coordinato. Un planner professionista: Risparmia Tempo: Gestisce tutte le comunicazioni e le scadenze con i fornitori, consentendo a te di concentrarti su ci\u00f2 che \u00e8 pi\u00f9 importante. Riduce [&hellip;]<\/p>","protected":false},"author":2,"featured_media":0,"parent":0,"menu_order":0,"comment_status":"closed","ping_status":"closed","template":"","meta":{"footnotes":""},"class_list":["post-8082","page","type-page","status-publish","hentry"],"yoast_head":"<!-- This site is optimized with the Yoast SEO Premium plugin v21.8 (Yoast SEO v27.3) - https:\/\/yoast.com\/product\/yoast-seo-premium-wordpress\/ -->\n<title>FAQ - ChiaraB Events Wedding Planner<\/title>\n<meta name=\"description\" content=\"Trova le risposte alle domande pi\u00f9 comuni sul wedding planner, sui costi e sui suggerimenti per la programmazione del tuo giorno speciale.\" \/>\n<meta name=\"robots\" content=\"index, follow, max-snippet:-1, max-image-preview:large, max-video-preview:-1\" \/>\n<link rel=\"canonical\" href=\"https:\/\/chiarabevents.com\/fr\/faq\/\" \/>\n<meta property=\"og:locale\" content=\"fr_FR\" \/>\n<meta property=\"og:type\" content=\"article\" \/>\n<meta property=\"og:title\" content=\"FAQ\" \/>\n<meta property=\"og:description\" content=\"Trova le risposte alle domande pi\u00f9 comuni sul wedding planner, sui costi e sui suggerimenti per la programmazione del tuo giorno speciale.\" \/>\n<meta property=\"og:url\" content=\"https:\/\/chiarabevents.com\/fr\/faq\/\" \/>\n<meta property=\"og:site_name\" content=\"ChiaraB Events Wedding Planner\" \/>\n<meta property=\"article:publisher\" content=\"https:\/\/www.facebook.com\/chiarabevent\" \/>\n<meta property=\"article:modified_time\" content=\"2024-12-08T09:28:27+00:00\" \/>\n<meta name=\"twitter:card\" content=\"summary_large_image\" \/>\n<meta name=\"twitter:label1\" content=\"Est. reading time\" \/>\n\t<meta name=\"twitter:data1\" content=\"7 minutes\" \/>\n<script type=\"application\/ld+json\" class=\"yoast-schema-graph\">{\"@context\":\"https:\\\/\\\/schema.org\",\"@graph\":[{\"@type\":\"WebPage\",\"@id\":\"https:\\\/\\\/chiarabevents.com\\\/faq\\\/\",\"url\":\"https:\\\/\\\/chiarabevents.com\\\/faq\\\/\",\"name\":\"FAQ - ChiaraB Events Wedding Planner\",\"isPartOf\":{\"@id\":\"https:\\\/\\\/chiarabevents.com\\\/#website\"},\"datePublished\":\"2024-05-11T07:11:37+00:00\",\"dateModified\":\"2024-12-08T09:28:27+00:00\",\"description\":\"Trova le risposte alle domande pi\u00f9 comuni sul wedding planner, sui costi e sui suggerimenti per la programmazione del tuo giorno speciale.\",\"breadcrumb\":{\"@id\":\"https:\\\/\\\/chiarabevents.com\\\/faq\\\/#breadcrumb\"},\"inLanguage\":\"fr-FR\",\"potentialAction\":[{\"@type\":\"ReadAction\",\"target\":[\"https:\\\/\\\/chiarabevents.com\\\/faq\\\/\"]}]},{\"@type\":\"BreadcrumbList\",\"@id\":\"https:\\\/\\\/chiarabevents.com\\\/faq\\\/#breadcrumb\",\"itemListElement\":[{\"@type\":\"ListItem\",\"position\":1,\"name\":\"Home\",\"item\":\"https:\\\/\\\/chiarabevents.com\\\/\"},{\"@type\":\"ListItem\",\"position\":2,\"name\":\"FAQ\"}]},{\"@type\":\"WebSite\",\"@id\":\"https:\\\/\\\/chiarabevents.com\\\/#website\",\"url\":\"https:\\\/\\\/chiarabevents.com\\\/\",\"name\":\"ChiaraB Events Wedding Planner\",\"description\":\"Un meraviglioso percorso fatto insieme\",\"publisher\":{\"@id\":\"https:\\\/\\\/chiarabevents.com\\\/#organization\"},\"potentialAction\":[{\"@type\":\"SearchAction\",\"target\":{\"@type\":\"EntryPoint\",\"urlTemplate\":\"https:\\\/\\\/chiarabevents.com\\\/?s={search_term_string}\"},\"query-input\":{\"@type\":\"PropertyValueSpecification\",\"valueRequired\":true,\"valueName\":\"search_term_string\"}}],\"inLanguage\":\"fr-FR\"},{\"@type\":\"Organization\",\"@id\":\"https:\\\/\\\/chiarabevents.com\\\/#organization\",\"name\":\"ChiaraB Events Wedding Planner\",\"url\":\"https:\\\/\\\/chiarabevents.com\\\/\",\"logo\":{\"@type\":\"ImageObject\",\"inLanguage\":\"fr-FR\",\"@id\":\"https:\\\/\\\/chiarabevents.com\\\/#\\\/schema\\\/logo\\\/image\\\/\",\"url\":\"https:\\\/\\\/chiarabevents.com\\\/wp-content\\\/uploads\\\/2023\\\/12\\\/cropped-Monogramma_chiarab.png\",\"contentUrl\":\"https:\\\/\\\/chiarabevents.com\\\/wp-content\\\/uploads\\\/2023\\\/12\\\/cropped-Monogramma_chiarab.png\",\"width\":512,\"height\":512,\"caption\":\"ChiaraB Events Wedding Planner\"},\"image\":{\"@id\":\"https:\\\/\\\/chiarabevents.com\\\/#\\\/schema\\\/logo\\\/image\\\/\"},\"sameAs\":[\"https:\\\/\\\/www.facebook.com\\\/chiarabevent\",\"https:\\\/\\\/www.instagram.com\\\/chiarab_events\\\/\"]}]}<\/script>\n<!-- \/ Yoast SEO Premium plugin. -->","yoast_head_json":{"title":"FAQ - ChiaraB Events Wedding Planner","description":"Trouvez les r\u00e9ponses aux questions les plus courantes sur les organisateurs de mariage, les co\u00fbts et les conseils pour l'organisation de votre journ\u00e9e sp\u00e9ciale.","robots":{"index":"index","follow":"follow","max-snippet":"max-snippet:-1","max-image-preview":"max-image-preview:large","max-video-preview":"max-video-preview:-1"},"canonical":"https:\/\/chiarabevents.com\/fr\/faq\/","og_locale":"fr_FR","og_type":"article","og_title":"FAQ","og_description":"Trova le risposte alle domande pi\u00f9 comuni sul wedding planner, sui costi e sui suggerimenti per la programmazione del tuo giorno speciale.","og_url":"https:\/\/chiarabevents.com\/fr\/faq\/","og_site_name":"ChiaraB Events Wedding Planner","article_publisher":"https:\/\/www.facebook.com\/chiarabevent","article_modified_time":"2024-12-08T09:28:27+00:00","twitter_card":"summary_large_image","twitter_misc":{"Est. reading time":"7 minutes"},"schema":{"@context":"https:\/\/schema.org","@graph":[{"@type":"WebPage","@id":"https:\/\/chiarabevents.com\/faq\/","url":"https:\/\/chiarabevents.com\/faq\/","name":"FAQ - ChiaraB Events Wedding Planner","isPartOf":{"@id":"https:\/\/chiarabevents.com\/#website"},"datePublished":"2024-05-11T07:11:37+00:00","dateModified":"2024-12-08T09:28:27+00:00","description":"Trouvez les r\u00e9ponses aux questions les plus courantes sur les organisateurs de mariage, les co\u00fbts et les conseils pour l'organisation de votre journ\u00e9e sp\u00e9ciale.","breadcrumb":{"@id":"https:\/\/chiarabevents.com\/faq\/#breadcrumb"},"inLanguage":"fr-FR","potentialAction":[{"@type":"ReadAction","target":["https:\/\/chiarabevents.com\/faq\/"]}]},{"@type":"BreadcrumbList","@id":"https:\/\/chiarabevents.com\/faq\/#breadcrumb","itemListElement":[{"@type":"ListItem","position":1,"name":"Home","item":"https:\/\/chiarabevents.com\/"},{"@type":"ListItem","position":2,"name":"FAQ"}]},{"@type":"WebSite","@id":"https:\/\/chiarabevents.com\/#website","url":"https:\/\/chiarabevents.com\/","name":"ChiaraB Events Organisatrice de mariage","description":"Un merveilleux voyage ensemble","publisher":{"@id":"https:\/\/chiarabevents.com\/#organization"},"potentialAction":[{"@type":"SearchAction","target":{"@type":"EntryPoint","urlTemplate":"https:\/\/chiarabevents.com\/?s={search_term_string}"},"query-input":{"@type":"PropertyValueSpecification","valueRequired":true,"valueName":"search_term_string"}}],"inLanguage":"fr-FR"},{"@type":"Organization","@id":"https:\/\/chiarabevents.com\/#organization","name":"ChiaraB Events Organisatrice de mariage","url":"https:\/\/chiarabevents.com\/","logo":{"@type":"ImageObject","inLanguage":"fr-FR","@id":"https:\/\/chiarabevents.com\/#\/schema\/logo\/image\/","url":"https:\/\/chiarabevents.com\/wp-content\/uploads\/2023\/12\/cropped-Monogramma_chiarab.png","contentUrl":"https:\/\/chiarabevents.com\/wp-content\/uploads\/2023\/12\/cropped-Monogramma_chiarab.png","width":512,"height":512,"caption":"ChiaraB Events Wedding Planner"},"image":{"@id":"https:\/\/chiarabevents.com\/#\/schema\/logo\/image\/"},"sameAs":["https:\/\/www.facebook.com\/chiarabevent","https:\/\/www.instagram.com\/chiarab_events\/"]}]}},"_links":{"self":[{"href":"https:\/\/chiarabevents.com\/fr\/wp-json\/wp\/v2\/pages\/8082","targetHints":{"allow":["GET"]}}],"collection":[{"href":"https:\/\/chiarabevents.com\/fr\/wp-json\/wp\/v2\/pages"}],"about":[{"href":"https:\/\/chiarabevents.com\/fr\/wp-json\/wp\/v2\/types\/page"}],"author":[{"embeddable":true,"href":"https:\/\/chiarabevents.com\/fr\/wp-json\/wp\/v2\/users\/2"}],"replies":[{"embeddable":true,"href":"https:\/\/chiarabevents.com\/fr\/wp-json\/wp\/v2\/comments?post=8082"}],"version-history":[{"count":0,"href":"https:\/\/chiarabevents.com\/fr\/wp-json\/wp\/v2\/pages\/8082\/revisions"}],"wp:attachment":[{"href":"https:\/\/chiarabevents.com\/fr\/wp-json\/wp\/v2\/media?parent=8082"}],"curies":[{"name":"wp","href":"https:\/\/api.w.org\/{rel}","templated":true}]}}