{"id":8082,"date":"2024-05-11T07:11:37","date_gmt":"2024-05-11T07:11:37","guid":{"rendered":"https:\/\/chiarabevents.com\/?page_id=8082"},"modified":"2024-12-08T11:28:27","modified_gmt":"2024-12-08T09:28:27","slug":"gyik","status":"publish","type":"page","link":"https:\/\/chiarabevents.com\/hu\/gyik\/","title":{"rendered":"GYIK"},"content":{"rendered":"<h2>GYIK \u2013 Gyakran Ism\u00e9telt K\u00e9rd\u00e9sek a ChiaraB Events-r\u0151l<\/h2>\n<h4>1. <strong>Mi\u00e9rt \u00e9rdemes esk\u00fcv\u0151szervez\u0151t fogadnom?<\/strong><\/h4>\n<p>Egy <a href=\"https:\/\/chiarabevents.com\/hu\/\">esk\u00fcv\u0151szervez\u0151<\/a> k\u00fcl\u00f6nbs\u00e9get tehet egy stresszes nap \u00e9s egy t\u00f6k\u00e9letesen koordin\u00e1lt esem\u00e9ny k\u00f6z\u00f6tt. Egy profi szervez\u0151:<\/p>\n<ul>\n<li><strong>Id\u0151t takar\u00edt meg:<\/strong> Kezeli az \u00f6sszes kommunik\u00e1ci\u00f3t \u00e9s hat\u00e1rid\u0151t a szolg\u00e1ltat\u00f3kkal, lehet\u0151v\u00e9 t\u00e9ve, hogy te a legfontosabb dolgokra koncentr\u00e1lj.<\/li>\n<li><strong>Cs\u00f6kkenti a stresszt:<\/strong> Gondoskodik a logisztikai r\u00e9szletekr\u0151l \u00e9s megoldja az esetlegesen felmer\u00fcl\u0151 probl\u00e9m\u00e1kat.<\/li>\n<li><strong>Szak\u00e9rt\u0151 tan\u00e1csad\u00e1st ny\u00fajt:<\/strong> Tapasztalattal rendelkezik az ipar\u00e1gban, \u00e9s v\u00e9gigvezet a fontos d\u00f6nt\u00e9seken, seg\u00edtve, hogy a k\u00f6lts\u00e9gvet\u00e9sen bel\u00fcl maradj.<\/li>\n<li><strong>Szem\u00e9lyre szabja az esem\u00e9nyt:<\/strong> Val\u00f3ra v\u00e1ltja az elk\u00e9pzel\u00e9seidet st\u00edlus, diz\u00e1jn \u00e9s szervez\u00e9s ter\u00e9n adott tan\u00e1csokkal.<\/li>\n<\/ul>\n<h4>2. <strong>Milyen szolg\u00e1ltat\u00e1sokat k\u00edn\u00e1l a ChiaraB Events?<\/strong><\/h4>\n<p>Teljes k\u00f6r\u0171 szolg\u00e1ltat\u00e1sokat k\u00edn\u00e1lunk, t\u00f6bbek k\u00f6z\u00f6tt:<\/p>\n<ul>\n<li><strong>Teljes szervez\u00e9s:<\/strong> A tervez\u00e9st\u0151l a kivitelez\u00e9sig minden r\u00e9szlettel foglalkozunk, biztos\u00edtva, hogy minden \u00f6sszehangolt legyen.<\/li>\n<li><strong>Az esem\u00e9ny napj\u00e1nak koordin\u00e1l\u00e1sa:<\/strong> Kezelj\u00fck az esem\u00e9ny napj\u00e1nak minden logisztikai aspektus\u00e1t, biztos\u00edtva, hogy minden a tervek szerint alakuljon.<\/li>\n<li><strong>R\u00e9szleges tan\u00e1csad\u00e1s:<\/strong> Ha m\u00e1r elkezdted a tervez\u00e9st, de \u00fatmutat\u00e1sra van sz\u00fcks\u00e9ged, tan\u00e1csad\u00e1st ny\u00fajtunk a projekt befejez\u00e9s\u00e9hez.<\/li>\n<li><strong><a href=\"https:\/\/chiarabevents.com\/hu\/destination-wedding-dolgok-miert-valasszuk-es-hogyan-szervezzuk-meg\/\">Destination Wedding<\/a>:<\/strong> Tervez\u00e9s \u00e9s koordin\u00e1l\u00e1s <a href=\"https:\/\/chiarabevents.com\/hu\/trendek-es-stilusok\/tengeri-eskuvok-tippek-egy-alom-esemenyhez\/\">Miut\u00e1n kiv\u00e1lasztottad az esk\u00fcv\u0151 helysz\u00edn\u00e9t, fontos r\u00e9szletes kutat\u00e1st v\u00e9gezni a helyi szolg\u00e1ltat\u00f3kr\u00f3l \u00e9s szolg\u00e1ltat\u00e1sokr\u00f3l. Keresd a fot\u00f3sokat,<\/a> k\u00fcl\u00f6nb\u00f6z\u0151 helysz\u00edneken Olaszorsz\u00e1gban.<\/li>\n<li><strong>Kreat\u00edv diz\u00e1jn:<\/strong> Egyedi t\u00e9m\u00e1k \u00e9s dekor\u00e1ci\u00f3k l\u00e9trehoz\u00e1sa, amelyek t\u00fckr\u00f6zik a szem\u00e9lyis\u00e9gedet.<\/li>\n<\/ul>\n<h4>3. <strong>Mikor kezdjem el tervezni az esk\u00fcv\u0151met?<\/strong><\/h4>\n<p>Ide\u00e1lis esetben a tervez\u00e9st legal\u00e1bb 12-18 h\u00f3nappal a tervezett d\u00e1tum el\u0151tt kell elkezdeni. Ez elegend\u0151 id\u0151t biztos\u00edt a megfelel\u0151 helysz\u00edn megtal\u00e1l\u00e1s\u00e1ra, a kedvenc szolg\u00e1ltat\u00f3k biztos\u00edt\u00e1s\u00e1ra \u00e9s minden r\u00e9szlet kapkod\u00e1s n\u00e9lk\u00fcli megszervez\u00e9s\u00e9re. Ha azonban kevesebb id\u0151d van, akkor is seg\u00edthet\u00fcnk egy csod\u00e1latos esem\u00e9ny megszervez\u00e9s\u00e9ben.<\/p>\n<h4>4. <strong>Felb\u00e9relhetek egy esk\u00fcv\u0151szervez\u0151t, ha m\u00e1r kiv\u00e1lasztottam n\u00e9h\u00e1ny szolg\u00e1ltat\u00f3t?<\/strong><\/h4>\n<p>Abszol\u00fat igen! Ha m\u00e1r kiv\u00e1lasztott\u00e1l n\u00e9h\u00e1ny szolg\u00e1ltat\u00f3t, egy\u00fctt fogunk dolgozni vel\u00fck, hogy minden j\u00f3l koordin\u00e1lt legyen. A tervez\u00e9s b\u00e1rmely pontj\u00e1n be tudunk avatkozni, hogy seg\u00edts\u00fcnk a folyamat t\u00f6bbi r\u00e9sz\u00e9nek kezel\u00e9s\u00e9ben.<\/p>\n<h4>5. <strong>Ki fog foglalkozni az esetleges probl\u00e9m\u00e1kkal az esk\u00fcv\u0151 napj\u00e1n?<\/strong><\/h4>\n<p>A mi\u00e9nk <a href=\"https:\/\/chiarabevents.com\/hu\/minden-eskuvo-a\/\">Minden esk\u00fcv\u0151 a<\/a> helysz\u00ednen lesz, hogy kezelje az esk\u00fcv\u0151 minden aspektus\u00e1t, bele\u00e9rtve az utols\u00f3 pillanatban felmer\u00fcl\u0151 probl\u00e9m\u00e1k megold\u00e1s\u00e1t is. Tapasztalatunk lehet\u0151v\u00e9 teszi, hogy sok probl\u00e9m\u00e1t el\u0151re l\u00e1ssunk \u00e9s megel\u0151zz\u00fcnk, de mindig k\u00e9szen \u00e1llunk arra, hogy szemben\u00e9zz\u00fcnk a v\u00e1ratlan kih\u00edv\u00e1sokkal, hogy minden z\u00f6kken\u0151mentesen menjen.<\/p>\n<h4>6. <strong>Hogyan biztos\u00edthatom, hogy az esk\u00fcv\u0151m egyedi legyen?<\/strong><\/h4>\n<p>Az egyedi esk\u00fcv\u0151 kulcsa a szem\u00e9lyre szabott tervez\u00e9s \u00e9s a kreat\u00edv diz\u00e1jn. A ChiaraB Events-n\u00e9l figyelmesen meghallgatjuk az \u00f6tleteidet, \u00e9s olyan elemeket javaslunk, amelyek t\u00fckr\u00f6zik a szem\u00e9lyis\u00e9gedet. Kreat\u00edv szolg\u00e1ltat\u00f3kkal \u00e9s a diz\u00e1jn csapatunkkal egy\u00fcttm\u0171k\u00f6dve egy testreszabott \u00e9lm\u00e9nyt hozunk l\u00e9tre, amely maradand\u00f3 benyom\u00e1st kelt benned \u00e9s vend\u00e9geidben.<\/p>\n<h4>7. <strong>Mennyibe ker\u00fcl egy esk\u00fcv\u0151szervez\u0151?<\/strong><\/h4>\n<p>Az \u00e1r a k\u00e9rt szolg\u00e1ltat\u00e1s t\u00edpus\u00e1t\u00f3l \u00e9s az esem\u00e9ny \u00f6sszetetts\u00e9g\u00e9t\u0151l f\u00fcgg. Egy ingyenes els\u0151 konzult\u00e1ci\u00f3 ut\u00e1n, hogy meg\u00e9rts\u00fck az ig\u00e9nyeidet, r\u00e9szletes \u00e9s \u00e1tl\u00e1that\u00f3 \u00e1raj\u00e1nlatot adunk. C\u00e9lunk, hogy a lehet\u0151 legjobb \u00e9rt\u00e9ket ny\u00fajtsuk a k\u00f6lts\u00e9gvet\u00e9sed betart\u00e1sa mellett.<\/p>\n<h4>8. <strong>Hogyan tarthatom be a k\u00f6lts\u00e9gvet\u00e9semet?<\/strong><\/h4>\n<p>\u00cdme n\u00e9h\u00e1ny tan\u00e1cs a k\u00f6lts\u00e9gvet\u00e9s betart\u00e1s\u00e1hoz:<\/p>\n<ul>\n<li><strong>Priorit\u00e1sok:<\/strong> Hat\u00e1rozd meg, mely szempontok a legfontosabbak sz\u00e1modra, \u00e9s fektess t\u00f6bbet ezekbe a ter\u00fcletekbe.<\/li>\n<li><strong>Vend\u00e9gek sz\u00e1ma:<\/strong> A vend\u00e9gek sz\u00e1m\u00e1nak cs\u00f6kkent\u00e9se az egyik legegyszer\u0171bb m\u00f3dja a k\u00f6lts\u00e9gek ellen\u0151rz\u00e9s\u00e9nek.<\/li>\n<li><strong>Rugalmass\u00e1g:<\/strong> Egy kev\u00e9sb\u00e9 n\u00e9pszer\u0171 d\u00e1tum vagy egy kedvez\u0151bb helysz\u00edn v\u00e1laszt\u00e1sa jelent\u0151sen cs\u00f6kkentheti a k\u00f6lts\u00e9geket.<\/li>\n<li><strong>Szakmai konzult\u00e1ci\u00f3:<\/strong> Egy esk\u00fcv\u0151szervez\u0151 seg\u00edthet min\u0151s\u00e9gi szolg\u00e1ltat\u00f3kat tal\u00e1lni, akik belef\u00e9rnek a k\u00f6lts\u00e9gvet\u00e9sedbe.<\/li>\n<\/ul>\n<h4>9. <strong>Dolgozik a ChiaraB Events meghat\u00e1rozott szolg\u00e1ltat\u00f3kkal?<\/strong><\/h4>\n<p>Van egy j\u00f3l bev\u00e1lt, megb\u00edzhat\u00f3 szolg\u00e1ltat\u00f3i h\u00e1l\u00f3zatunk, akikkel gyakran dolgozunk, de mindig nyitottak vagyunk \u00faj egy\u00fcttm\u0171k\u00f6d\u00e9sekre. Ha m\u00e1r vannak kedvenc szolg\u00e1ltat\u00f3id, vagy m\u00e1sokat szeretn\u00e9l v\u00e1lasztani, \u00f6r\u00f6mmel dolgozunk vel\u00fck, hogy z\u00f6kken\u0151mentes \u00e9lm\u00e9nyt biztos\u00edtsunk.<\/p>\n<h4>10. <strong>K\u00edn\u00e1lnak szolg\u00e1ltat\u00e1sokat \u00fati esk\u00fcv\u0151kh\u00f6z?<\/strong><\/h4>\n<p>Igen, specializ\u00e1l\u00f3dtunk \u00fati esk\u00fcv\u0151kre is Olaszorsz\u00e1g n\u00e9h\u00e1ny legszebb helysz\u00edn\u00e9n. Mi int\u00e9zz\u00fck az \u00f6sszes logisztik\u00e1t, a helysz\u00edn foglal\u00e1s\u00e1t\u00f3l a sz\u00e1ll\u00edt\u00e1s \u00e9s sz\u00e1ll\u00e1s szervez\u00e9s\u00e9ig, hogy te a \u00fcnnepl\u00e9sre koncentr\u00e1lhass.<\/p>\n<h4>11. <strong>Sz\u00fcks\u00e9g van koordin\u00e1torra az esk\u00fcv\u0151 napj\u00e1n?<\/strong><\/h4>\n<p>Az esk\u00fcv\u0151 napj\u00e1nak koordin\u00e1tora alapvet\u0151 fontoss\u00e1g\u00fa annak biztos\u00edt\u00e1s\u00e1hoz, hogy minden sim\u00e1n menjen. Gondoskodik arr\u00f3l, hogy minden r\u00e9szlet a tervek szerint val\u00f3suljon meg, \u00e9s val\u00f3s id\u0151ben oldja meg az esetleges probl\u00e9m\u00e1kat. Emellett lehet\u0151v\u00e9 teszi, hogy te \u00e9s a csal\u00e1dod gondtalanul \u00e9lvezz\u00e9tek a napot.<\/p>\n<h4>12. <strong>Hogyan zajlik a kommunik\u00e1ci\u00f3 a tervez\u00e9s sor\u00e1n?<\/strong><\/h4>\n<p>El\u0151nyben r\u00e9szes\u00edtj\u00fck az \u00e1lland\u00f3 \u00e9s \u00e1tl\u00e1that\u00f3 kommunik\u00e1ci\u00f3t \u00fcgyfeleinkkel. Kommunik\u00e1ci\u00f3s tervet k\u00e9sz\u00edt\u00fcnk, amely e-maileket, telefonh\u00edv\u00e1sokat \u00e9s rendszeres tal\u00e1lkoz\u00f3kat tartalmaz a halad\u00e1s megbesz\u00e9l\u00e9s\u00e9re. A kommunik\u00e1ci\u00f3 m\u00f3dj\u00e1t az egyes \u00fcgyfelek preferenci\u00e1ihoz igaz\u00edtjuk.<\/p>\n<h4>13. <strong>Hogyan foglalhatom le a ChiaraB Events-et az esk\u00fcv\u0151mre?<\/strong><\/h4>\n<p>Kapcsolatba l\u00e9phetsz vel\u00fcnk a weboldalunkon tal\u00e1lhat\u00f3 \u0171rlapon vagy e-mailben, hogy lefoglald az els\u0151 ingyenes konzult\u00e1ci\u00f3t. A konzult\u00e1ci\u00f3 ut\u00e1n r\u00e9szletes \u00e1raj\u00e1nlatot \u00e9s munkatervet adunk a tervez\u00e9si folyamat megkezd\u00e9s\u00e9hez.<\/p>\n<h4>14. <strong>Milyen biztons\u00e1gi int\u00e9zked\u00e9seket alkalmaztok a COVID-19 j\u00e1rv\u00e1ny idej\u00e9n?<\/strong><\/h4>\n<p>K\u00f6vetj\u00fck az \u00f6sszes helyi \u00e9s nemzeti ir\u00e1nyelvet, hogy minden r\u00e9sztvev\u0151 biztons\u00e1g\u00e1t garant\u00e1ljuk. Ez mag\u00e1ban foglalja a t\u00e1rsadalmi t\u00e1vols\u00e1gtart\u00e1st, az egy\u00e9ni v\u00e9d\u0151eszk\u00f6z\u00f6k haszn\u00e1lat\u00e1t \u00e9s a helysz\u00ednek fert\u0151tlen\u00edt\u00e9s\u00e9t. Emellett szorosan egy\u00fcttm\u0171k\u00f6d\u00fcnk a helysz\u00ednnel \u00e9s a szolg\u00e1ltat\u00f3kkal, hogy a te esk\u00fcv\u0151dre specifikus biztons\u00e1gi int\u00e9zked\u00e9seket vezess\u00fcnk be.<\/p>\n<h4>15. <strong>Hogyan tehetem fenntarthat\u00f3bb\u00e1 az esk\u00fcv\u0151met?<\/strong><\/h4>\n<p>\u00cdme n\u00e9h\u00e1ny \u00f6tlet egy k\u00f6rnyezetbar\u00e1t esk\u00fcv\u0151h\u00f6z:<\/p>\n<ul>\n<li><strong>\u00dajrahaszn\u00e1lhat\u00f3 dekor\u00e1ci\u00f3k:<\/strong> Haszn\u00e1lj olyan dekor\u00e1ci\u00f3kat, amelyeket \u00fajra lehet haszn\u00e1lni vagy \u00fajra lehet hasznos\u00edtani.<\/li>\n<li><strong><a href=\"https:\/\/chiarabevents.com\/hu\/utmutatok-es-tippek\/tanacsok-a-tokeletes-catering-kivalasztasahoz-a-sziciliai-eskuvodhoz\/\">Catering<\/a> helyi:<\/strong> V\u00e1lassz olyan \u00e9telszolg\u00e1ltat\u00f3kat, akik helyi \u00e9s szezon\u00e1lis alapanyagokat haszn\u00e1lnak.<\/li>\n<li><strong>Digit\u00e1lis megh\u00edv\u00f3k:<\/strong> Fontold meg az elektronikus megh\u00edv\u00f3k haszn\u00e1lat\u00e1t a pap\u00edrfelhaszn\u00e1l\u00e1s cs\u00f6kkent\u00e9se \u00e9rdek\u00e9ben.<\/li>\n<li><strong>J\u00f3t\u00e9kony aj\u00e1nd\u00e9kok:<\/strong> Aj\u00e1nlj olyan esk\u00fcv\u0151i aj\u00e1nd\u00e9kokat, amelyek j\u00f3t\u00e9konys\u00e1gi c\u00e9lokat t\u00e1mogatnak.<\/li>\n<\/ul>\n<h4>16. <strong>Megv\u00e1ltoztathatom az esem\u00e9ny r\u00e9szleteit a tervez\u00e9s sor\u00e1n?<\/strong><\/h4>\n<p>Igen, meg\u00e9rtj\u00fck, hogy az \u00edzl\u00e9sek \u00e9s k\u00f6r\u00fclm\u00e9nyek v\u00e1ltozhatnak. Rugalmasak vagyunk, \u00e9s egy\u00fctt dolgozunk veled a terv friss\u00edt\u00e9s\u00e9n, mik\u00f6zben mindig figyel\u00fcnk a k\u00f6lts\u00e9gvet\u00e9sre \u00e9s az id\u0151keretre.<\/p>\n<h4>17. <strong>Van tapasztalatotok k\u00fcl\u00f6nb\u00f6z\u0151 kult\u00far\u00e1k \u00e9s vall\u00e1sok esk\u00fcv\u0151inek szervez\u00e9s\u00e9ben?<\/strong><\/h4>\n<p>Igen, szervezt\u00fcnk m\u00e1r k\u00fcl\u00f6nb\u00f6z\u0151 kult\u00far\u00e1k \u00e9s vall\u00e1sok esk\u00fcv\u0151it. Tiszteletben tartjuk minden \u00fcgyf\u00e9l egyedi hagyom\u00e1nyait, \u00e9s mindent megtesz\u00fcnk, hogy ezeket hitelesen be\u00e9p\u00edts\u00fck az esem\u00e9nybe.<\/p>\n<h4>18. <strong>Milyen trendeket l\u00e1ttok mostan\u00e1ban az esk\u00fcv\u0151k\u00f6n?<\/strong><\/h4>\n<p>N\u00e9h\u00e1ny leg\u00fajabb trend a k\u00f6vetkez\u0151ket tartalmazza:<\/p>\n<ul>\n<li><strong>Intim esk\u00fcv\u0151k:<\/strong> Kis l\u00e9tsz\u00e1m\u00fa esk\u00fcv\u0151k sz\u0171k vend\u00e9glist\u00e1val.<\/li>\n<li><strong>Mer\u00e9sz sz\u00ednek:<\/strong> \u00c9l\u00e9nk sz\u00ednpalett\u00e1k, mint smaragd z\u00f6ld, rubin piros \u00e9s arany.<\/li>\n<li><strong>Term\u00e9szetes dekor\u00e1ci\u00f3k:<\/strong> Vadvir\u00e1gok \u00e9s organikus elemek haszn\u00e1lata a helysz\u00ednek d\u00edsz\u00edt\u00e9s\u00e9re.<\/li>\n<li><strong>Vend\u00e9g\u00e9lm\u00e9nyek:<\/strong> <a href=\"https:\/\/chiarabevents.com\/hu\/intimebb\/\">Esem\u00e9nyek<\/a> az esem\u00e9nyre szabva, hogy bevonj\u00e1k a megh\u00edvottakat, p\u00e9ld\u00e1ul bork\u00f3stol\u00f3k \u00e9s \u00e9l\u0151 zene.<\/li>\n<\/ul>\n<h4>19. <strong>K\u00fcl\u00f6n k\u00edn\u00e1lnak kreat\u00edv tervez\u00e9si szolg\u00e1ltat\u00e1sokat a szervez\u00e9st\u0151l f\u00fcggetlen\u00fcl?<\/strong><\/h4>\n<p>Igen, tervez\u0151csapatunk egyedi dekor\u00e1ci\u00f3s tervet k\u00e9sz\u00edthet akkor is, ha nem k\u00e9r teljes k\u00f6r\u0171 szervez\u00e9si szolg\u00e1ltat\u00e1st. Seg\u00edthet\u00fcnk t\u00e9m\u00e1k, sz\u00ednek, elrendez\u00e9sek \u00e9s dekor\u00e1ci\u00f3k kialak\u00edt\u00e1s\u00e1ban, hogy egys\u00e9ges megjelen\u00e9st biztos\u00edtsunk.<\/p>\n<h4>20. <strong>Mi teszi a ChiaraB Events-et m\u00e1s esk\u00fcv\u0151szervez\u0151kt\u0151l elt\u00e9r\u0151v\u00e9?<\/strong><\/h4>\n<p>Szem\u00e9lyre szabott \u00e9s r\u00e9szletekre figyel\u0151 megk\u00f6zel\u00edt\u00e9s\u00fcnk megk\u00fcl\u00f6nb\u00f6ztet minket. Szorosan egy\u00fcttm\u0171k\u00f6d\u00fcnk \u00fcgyfeleinkkel, figyelmesen meghallgatva preferenci\u00e1ikat, \u00e9s egy testreszabott tervet k\u00e9sz\u00edt\u00fcnk, amely t\u00fckr\u00f6zi elk\u00e9pzel\u00e9seiket. Emellett tapasztalatunk \u00e9s megb\u00edzhat\u00f3 besz\u00e1ll\u00edt\u00f3i h\u00e1l\u00f3zatunk lehet\u0151v\u00e9 teszi, hogy magas sz\u00ednvonal\u00fa szolg\u00e1ltat\u00e1sokat \u00e9s kreat\u00edv megold\u00e1sokat k\u00edn\u00e1ljunk minden szervez\u00e9si kih\u00edv\u00e1sra.<\/p>","protected":false},"excerpt":{"rendered":"<p>FAQ &#8211; Domande Frequenti su ChiaraB Events 1. Perch\u00e9 dovrei assumere un wedding planner? Un wedding planner pu\u00f2 fare la differenza tra una giornata stressante e un evento perfettamente coordinato. Un planner professionista: Risparmia Tempo: Gestisce tutte le comunicazioni e le scadenze con i fornitori, consentendo a te di concentrarti su ci\u00f2 che \u00e8 pi\u00f9 importante. Riduce [&hellip;]<\/p>","protected":false},"author":2,"featured_media":0,"parent":0,"menu_order":0,"comment_status":"closed","ping_status":"closed","template":"","meta":{"footnotes":""},"class_list":["post-8082","page","type-page","status-publish","hentry"],"yoast_head":"<!-- This site is optimized with the Yoast SEO Premium plugin v21.8 (Yoast SEO v27.3) - https:\/\/yoast.com\/product\/yoast-seo-premium-wordpress\/ -->\n<title>FAQ - ChiaraB Events Wedding Planner<\/title>\n<meta name=\"description\" content=\"Trova le risposte alle domande pi\u00f9 comuni sul wedding planner, sui costi e sui suggerimenti per la programmazione del tuo giorno speciale.\" \/>\n<meta name=\"robots\" content=\"index, follow, max-snippet:-1, max-image-preview:large, max-video-preview:-1\" \/>\n<link rel=\"canonical\" href=\"https:\/\/chiarabevents.com\/hu\/gyik\/\" \/>\n<meta property=\"og:locale\" content=\"hu_HU\" \/>\n<meta property=\"og:type\" content=\"article\" \/>\n<meta property=\"og:title\" content=\"FAQ\" \/>\n<meta property=\"og:description\" content=\"Trova le risposte alle domande pi\u00f9 comuni sul wedding planner, sui costi e sui suggerimenti per la programmazione del tuo giorno speciale.\" \/>\n<meta property=\"og:url\" content=\"https:\/\/chiarabevents.com\/hu\/gyik\/\" \/>\n<meta property=\"og:site_name\" content=\"ChiaraB Events Wedding Planner\" \/>\n<meta property=\"article:publisher\" content=\"https:\/\/www.facebook.com\/chiarabevent\" \/>\n<meta property=\"article:modified_time\" content=\"2024-12-08T09:28:27+00:00\" \/>\n<meta name=\"twitter:card\" content=\"summary_large_image\" \/>\n<meta name=\"twitter:label1\" content=\"Est. reading time\" \/>\n\t<meta name=\"twitter:data1\" content=\"7 minutes\" \/>\n<script type=\"application\/ld+json\" class=\"yoast-schema-graph\">{\"@context\":\"https:\\\/\\\/schema.org\",\"@graph\":[{\"@type\":\"WebPage\",\"@id\":\"https:\\\/\\\/chiarabevents.com\\\/faq\\\/\",\"url\":\"https:\\\/\\\/chiarabevents.com\\\/faq\\\/\",\"name\":\"FAQ - ChiaraB Events Wedding Planner\",\"isPartOf\":{\"@id\":\"https:\\\/\\\/chiarabevents.com\\\/#website\"},\"datePublished\":\"2024-05-11T07:11:37+00:00\",\"dateModified\":\"2024-12-08T09:28:27+00:00\",\"description\":\"Trova le risposte alle domande pi\u00f9 comuni sul wedding planner, sui costi e sui suggerimenti per la programmazione del tuo giorno speciale.\",\"breadcrumb\":{\"@id\":\"https:\\\/\\\/chiarabevents.com\\\/faq\\\/#breadcrumb\"},\"inLanguage\":\"hu-HU\",\"potentialAction\":[{\"@type\":\"ReadAction\",\"target\":[\"https:\\\/\\\/chiarabevents.com\\\/faq\\\/\"]}]},{\"@type\":\"BreadcrumbList\",\"@id\":\"https:\\\/\\\/chiarabevents.com\\\/faq\\\/#breadcrumb\",\"itemListElement\":[{\"@type\":\"ListItem\",\"position\":1,\"name\":\"Home\",\"item\":\"https:\\\/\\\/chiarabevents.com\\\/\"},{\"@type\":\"ListItem\",\"position\":2,\"name\":\"FAQ\"}]},{\"@type\":\"WebSite\",\"@id\":\"https:\\\/\\\/chiarabevents.com\\\/#website\",\"url\":\"https:\\\/\\\/chiarabevents.com\\\/\",\"name\":\"ChiaraB Events Wedding Planner\",\"description\":\"Un meraviglioso percorso fatto insieme\",\"publisher\":{\"@id\":\"https:\\\/\\\/chiarabevents.com\\\/#organization\"},\"potentialAction\":[{\"@type\":\"SearchAction\",\"target\":{\"@type\":\"EntryPoint\",\"urlTemplate\":\"https:\\\/\\\/chiarabevents.com\\\/?s={search_term_string}\"},\"query-input\":{\"@type\":\"PropertyValueSpecification\",\"valueRequired\":true,\"valueName\":\"search_term_string\"}}],\"inLanguage\":\"hu-HU\"},{\"@type\":\"Organization\",\"@id\":\"https:\\\/\\\/chiarabevents.com\\\/#organization\",\"name\":\"ChiaraB Events Wedding Planner\",\"url\":\"https:\\\/\\\/chiarabevents.com\\\/\",\"logo\":{\"@type\":\"ImageObject\",\"inLanguage\":\"hu-HU\",\"@id\":\"https:\\\/\\\/chiarabevents.com\\\/#\\\/schema\\\/logo\\\/image\\\/\",\"url\":\"https:\\\/\\\/chiarabevents.com\\\/wp-content\\\/uploads\\\/2023\\\/12\\\/cropped-Monogramma_chiarab.png\",\"contentUrl\":\"https:\\\/\\\/chiarabevents.com\\\/wp-content\\\/uploads\\\/2023\\\/12\\\/cropped-Monogramma_chiarab.png\",\"width\":512,\"height\":512,\"caption\":\"ChiaraB Events Wedding Planner\"},\"image\":{\"@id\":\"https:\\\/\\\/chiarabevents.com\\\/#\\\/schema\\\/logo\\\/image\\\/\"},\"sameAs\":[\"https:\\\/\\\/www.facebook.com\\\/chiarabevent\",\"https:\\\/\\\/www.instagram.com\\\/chiarab_events\\\/\"]}]}<\/script>\n<!-- \/ Yoast SEO Premium plugin. -->","yoast_head_json":{"title":"GYIK - ChiaraB Events Esk\u00fcv\u0151szervez\u0151","description":"Tal\u00e1ld meg a v\u00e1laszokat a leggyakoribb k\u00e9rd\u00e9sekre a wedding plannerrel, a k\u00f6lts\u00e9gekkel \u00e9s a k\u00fcl\u00f6nleges napod megtervez\u00e9s\u00e9re vonatkoz\u00f3 tippekkel kapcsolatban.","robots":{"index":"index","follow":"follow","max-snippet":"max-snippet:-1","max-image-preview":"max-image-preview:large","max-video-preview":"max-video-preview:-1"},"canonical":"https:\/\/chiarabevents.com\/hu\/gyik\/","og_locale":"hu_HU","og_type":"article","og_title":"FAQ","og_description":"Trova le risposte alle domande pi\u00f9 comuni sul wedding planner, sui costi e sui suggerimenti per la programmazione del tuo giorno speciale.","og_url":"https:\/\/chiarabevents.com\/hu\/gyik\/","og_site_name":"ChiaraB Events Wedding Planner","article_publisher":"https:\/\/www.facebook.com\/chiarabevent","article_modified_time":"2024-12-08T09:28:27+00:00","twitter_card":"summary_large_image","twitter_misc":{"Est. reading time":"7 minutes"},"schema":{"@context":"https:\/\/schema.org","@graph":[{"@type":"WebPage","@id":"https:\/\/chiarabevents.com\/faq\/","url":"https:\/\/chiarabevents.com\/faq\/","name":"GYIK - ChiaraB Events Esk\u00fcv\u0151szervez\u0151","isPartOf":{"@id":"https:\/\/chiarabevents.com\/#website"},"datePublished":"2024-05-11T07:11:37+00:00","dateModified":"2024-12-08T09:28:27+00:00","description":"Tal\u00e1ld meg a v\u00e1laszokat a leggyakoribb k\u00e9rd\u00e9sekre a wedding plannerrel, a k\u00f6lts\u00e9gekkel \u00e9s a k\u00fcl\u00f6nleges napod megtervez\u00e9s\u00e9re vonatkoz\u00f3 tippekkel kapcsolatban.","breadcrumb":{"@id":"https:\/\/chiarabevents.com\/faq\/#breadcrumb"},"inLanguage":"hu-HU","potentialAction":[{"@type":"ReadAction","target":["https:\/\/chiarabevents.com\/faq\/"]}]},{"@type":"BreadcrumbList","@id":"https:\/\/chiarabevents.com\/faq\/#breadcrumb","itemListElement":[{"@type":"ListItem","position":1,"name":"Home","item":"https:\/\/chiarabevents.com\/"},{"@type":"ListItem","position":2,"name":"FAQ"}]},{"@type":"WebSite","@id":"https:\/\/chiarabevents.com\/#website","url":"https:\/\/chiarabevents.com\/","name":"ChiaraB Esem\u00e9nyek Esk\u00fcv\u0151szervez\u0151","description":"Egy csod\u00e1latos \u00fat egy\u00fctt megt\u00e9ve","publisher":{"@id":"https:\/\/chiarabevents.com\/#organization"},"potentialAction":[{"@type":"SearchAction","target":{"@type":"EntryPoint","urlTemplate":"https:\/\/chiarabevents.com\/?s={search_term_string}"},"query-input":{"@type":"PropertyValueSpecification","valueRequired":true,"valueName":"search_term_string"}}],"inLanguage":"hu-HU"},{"@type":"Organization","@id":"https:\/\/chiarabevents.com\/#organization","name":"ChiaraB Esem\u00e9nyek Esk\u00fcv\u0151szervez\u0151","url":"https:\/\/chiarabevents.com\/","logo":{"@type":"ImageObject","inLanguage":"hu-HU","@id":"https:\/\/chiarabevents.com\/#\/schema\/logo\/image\/","url":"https:\/\/chiarabevents.com\/wp-content\/uploads\/2023\/12\/cropped-Monogramma_chiarab.png","contentUrl":"https:\/\/chiarabevents.com\/wp-content\/uploads\/2023\/12\/cropped-Monogramma_chiarab.png","width":512,"height":512,"caption":"ChiaraB Events Wedding Planner"},"image":{"@id":"https:\/\/chiarabevents.com\/#\/schema\/logo\/image\/"},"sameAs":["https:\/\/www.facebook.com\/chiarabevent","https:\/\/www.instagram.com\/chiarab_events\/"]}]}},"_links":{"self":[{"href":"https:\/\/chiarabevents.com\/hu\/wp-json\/wp\/v2\/pages\/8082","targetHints":{"allow":["GET"]}}],"collection":[{"href":"https:\/\/chiarabevents.com\/hu\/wp-json\/wp\/v2\/pages"}],"about":[{"href":"https:\/\/chiarabevents.com\/hu\/wp-json\/wp\/v2\/types\/page"}],"author":[{"embeddable":true,"href":"https:\/\/chiarabevents.com\/hu\/wp-json\/wp\/v2\/users\/2"}],"replies":[{"embeddable":true,"href":"https:\/\/chiarabevents.com\/hu\/wp-json\/wp\/v2\/comments?post=8082"}],"version-history":[{"count":0,"href":"https:\/\/chiarabevents.com\/hu\/wp-json\/wp\/v2\/pages\/8082\/revisions"}],"wp:attachment":[{"href":"https:\/\/chiarabevents.com\/hu\/wp-json\/wp\/v2\/media?parent=8082"}],"curies":[{"name":"wp","href":"https:\/\/api.w.org\/{rel}","templated":true}]}}