{"id":34447,"date":"2026-03-01T16:04:42","date_gmt":"2026-03-01T14:04:42","guid":{"rendered":"https:\/\/chiarabevents.com\/"},"modified":"2026-03-03T15:30:45","modified_gmt":"2026-03-03T13:30:45","slug":"slub-w-wenecji","status":"publish","type":"page","link":"https:\/\/chiarabevents.com\/pl\/slub-w-wenecji\/","title":{"rendered":"\u015alub w Wenecji"},"content":{"rendered":"","protected":false},"excerpt":{"rendered":"","protected":false},"author":1,"featured_media":34196,"parent":0,"menu_order":0,"comment_status":"closed","ping_status":"closed","template":"page-matrimonio-venezia.php","meta":{"footnotes":""},"class_list":["post-34447","page","type-page","status-publish","has-post-thumbnail","hentry"],"yoast_head":"<!-- This site is optimized with the Yoast SEO Premium plugin v21.8 (Yoast SEO v27.3) - https:\/\/yoast.com\/product\/yoast-seo-premium-wordpress\/ -->\n<title>Matrimonio a Venezia: la guida per il giorno perfetto<\/title>\n<meta name=\"description\" content=\"Scopri come organizzare il tuo matrimonio a Venezia con consigli unici. Vivi un giorno indimenticabile in una citt\u00e0 da sogno!\" \/>\n<meta name=\"robots\" content=\"index, follow, max-snippet:-1, max-image-preview:large, max-video-preview:-1\" \/>\n<link rel=\"canonical\" href=\"https:\/\/chiarabevents.com\/pl\/slub-w-wenecji\/\" \/>\n<meta property=\"og:locale\" content=\"pl_PL\" \/>\n<meta property=\"og:type\" content=\"article\" \/>\n<meta property=\"og:title\" content=\"Matrimonio a Venezia\" \/>\n<meta property=\"og:description\" content=\"Scopri come organizzare il tuo matrimonio a Venezia con consigli unici. Vivi un giorno indimenticabile in una citt\u00e0 da sogno!\" \/>\n<meta property=\"og:url\" content=\"https:\/\/chiarabevents.com\/pl\/slub-w-wenecji\/\" \/>\n<meta property=\"og:site_name\" content=\"ChiaraB Events Wedding Planner\" \/>\n<meta property=\"article:publisher\" content=\"https:\/\/www.facebook.com\/chiarabevent\" \/>\n<meta property=\"article:modified_time\" content=\"2026-03-03T13:30:45+00:00\" \/>\n<meta property=\"og:image\" content=\"https:\/\/chiarabevents.com\/wp-content\/uploads\/2025\/12\/Philip-Katherine-074-1.jpg\" \/>\n\t<meta property=\"og:image:width\" content=\"2048\" \/>\n\t<meta property=\"og:image:height\" content=\"1366\" \/>\n\t<meta property=\"og:image:type\" content=\"image\/jpeg\" \/>\n<meta name=\"twitter:card\" content=\"summary_large_image\" \/>\n<meta name=\"twitter:label1\" content=\"Est. reading time\" \/>\n\t<meta name=\"twitter:data1\" content=\"1 minute\" \/>\n<script type=\"application\/ld+json\" class=\"yoast-schema-graph\">{\"@context\":\"https:\\\/\\\/schema.org\",\"@graph\":[{\"@type\":\"WebPage\",\"@id\":\"https:\\\/\\\/chiarabevents.com\\\/matrimonio-a-venezia\\\/\",\"url\":\"https:\\\/\\\/chiarabevents.com\\\/matrimonio-a-venezia\\\/\",\"name\":\"Matrimonio a Venezia: la guida per il giorno perfetto\",\"isPartOf\":{\"@id\":\"https:\\\/\\\/chiarabevents.com\\\/#website\"},\"primaryImageOfPage\":{\"@id\":\"https:\\\/\\\/chiarabevents.com\\\/matrimonio-a-venezia\\\/#primaryimage\"},\"image\":{\"@id\":\"https:\\\/\\\/chiarabevents.com\\\/matrimonio-a-venezia\\\/#primaryimage\"},\"thumbnailUrl\":\"https:\\\/\\\/chiarabevents.com\\\/wp-content\\\/uploads\\\/2025\\\/12\\\/Philip-Katherine-074-1.jpg\",\"datePublished\":\"2026-03-01T14:04:42+00:00\",\"dateModified\":\"2026-03-03T13:30:45+00:00\",\"description\":\"Scopri come organizzare il tuo matrimonio a Venezia con consigli unici. Vivi un giorno indimenticabile in una citt\u00e0 da sogno!\",\"breadcrumb\":{\"@id\":\"https:\\\/\\\/chiarabevents.com\\\/matrimonio-a-venezia\\\/#breadcrumb\"},\"inLanguage\":\"pl-PL\",\"potentialAction\":[{\"@type\":\"ReadAction\",\"target\":[\"https:\\\/\\\/chiarabevents.com\\\/matrimonio-a-venezia\\\/\"]}]},{\"@type\":\"ImageObject\",\"inLanguage\":\"pl-PL\",\"@id\":\"https:\\\/\\\/chiarabevents.com\\\/matrimonio-a-venezia\\\/#primaryimage\",\"url\":\"https:\\\/\\\/chiarabevents.com\\\/wp-content\\\/uploads\\\/2025\\\/12\\\/Philip-Katherine-074-1.jpg\",\"contentUrl\":\"https:\\\/\\\/chiarabevents.com\\\/wp-content\\\/uploads\\\/2025\\\/12\\\/Philip-Katherine-074-1.jpg\",\"width\":2048,\"height\":1366,\"caption\":\"Coppia di sposi in Vespa vintage, ideale per servizi fotografici di matrimonio e eventi romantici in stile retr\u00f2.\"},{\"@type\":\"BreadcrumbList\",\"@id\":\"https:\\\/\\\/chiarabevents.com\\\/matrimonio-a-venezia\\\/#breadcrumb\",\"itemListElement\":[{\"@type\":\"ListItem\",\"position\":1,\"name\":\"Home\",\"item\":\"https:\\\/\\\/chiarabevents.com\\\/\"},{\"@type\":\"ListItem\",\"position\":2,\"name\":\"Matrimonio a Venezia\"}]},{\"@type\":\"WebSite\",\"@id\":\"https:\\\/\\\/chiarabevents.com\\\/#website\",\"url\":\"https:\\\/\\\/chiarabevents.com\\\/\",\"name\":\"ChiaraB Events Wedding Planner\",\"description\":\"Un meraviglioso percorso fatto insieme\",\"publisher\":{\"@id\":\"https:\\\/\\\/chiarabevents.com\\\/#organization\"},\"potentialAction\":[{\"@type\":\"SearchAction\",\"target\":{\"@type\":\"EntryPoint\",\"urlTemplate\":\"https:\\\/\\\/chiarabevents.com\\\/?s={search_term_string}\"},\"query-input\":{\"@type\":\"PropertyValueSpecification\",\"valueRequired\":true,\"valueName\":\"search_term_string\"}}],\"inLanguage\":\"pl-PL\"},{\"@type\":\"Organization\",\"@id\":\"https:\\\/\\\/chiarabevents.com\\\/#organization\",\"name\":\"ChiaraB Events Wedding Planner\",\"url\":\"https:\\\/\\\/chiarabevents.com\\\/\",\"logo\":{\"@type\":\"ImageObject\",\"inLanguage\":\"pl-PL\",\"@id\":\"https:\\\/\\\/chiarabevents.com\\\/#\\\/schema\\\/logo\\\/image\\\/\",\"url\":\"https:\\\/\\\/chiarabevents.com\\\/wp-content\\\/uploads\\\/2023\\\/12\\\/cropped-Monogramma_chiarab.png\",\"contentUrl\":\"https:\\\/\\\/chiarabevents.com\\\/wp-content\\\/uploads\\\/2023\\\/12\\\/cropped-Monogramma_chiarab.png\",\"width\":512,\"height\":512,\"caption\":\"ChiaraB Events Wedding Planner\"},\"image\":{\"@id\":\"https:\\\/\\\/chiarabevents.com\\\/#\\\/schema\\\/logo\\\/image\\\/\"},\"sameAs\":[\"https:\\\/\\\/www.facebook.com\\\/chiarabevent\",\"https:\\\/\\\/www.instagram.com\\\/chiarab_events\\\/\"]}]}<\/script>\n<!-- \/ Yoast SEO Premium plugin. -->","yoast_head_json":{"title":"\u015alub w Wenecji: przewodnik po idealnym dniu","description":"Dowiedz si\u0119, jak zorganizowa\u0107 swoje wesele w Wenecji z unikalnymi wskaz\u00f3wkami. Prze\u017cyj niezapomniany dzie\u0144 w mie\u015bcie marze\u0144!","robots":{"index":"index","follow":"follow","max-snippet":"max-snippet:-1","max-image-preview":"max-image-preview:large","max-video-preview":"max-video-preview:-1"},"canonical":"https:\/\/chiarabevents.com\/pl\/slub-w-wenecji\/","og_locale":"pl_PL","og_type":"article","og_title":"Matrimonio a Venezia","og_description":"Scopri come organizzare il tuo matrimonio a Venezia con consigli unici. Vivi un giorno indimenticabile in una citt\u00e0 da sogno!","og_url":"https:\/\/chiarabevents.com\/pl\/slub-w-wenecji\/","og_site_name":"ChiaraB Events Wedding Planner","article_publisher":"https:\/\/www.facebook.com\/chiarabevent","article_modified_time":"2026-03-03T13:30:45+00:00","og_image":[{"width":2048,"height":1366,"url":"https:\/\/chiarabevents.com\/wp-content\/uploads\/2025\/12\/Philip-Katherine-074-1.jpg","type":"image\/jpeg"}],"twitter_card":"summary_large_image","twitter_misc":{"Est. reading time":"1 minute"},"schema":{"@context":"https:\/\/schema.org","@graph":[{"@type":"WebPage","@id":"https:\/\/chiarabevents.com\/matrimonio-a-venezia\/","url":"https:\/\/chiarabevents.com\/matrimonio-a-venezia\/","name":"\u015alub w Wenecji: przewodnik po idealnym dniu","isPartOf":{"@id":"https:\/\/chiarabevents.com\/#website"},"primaryImageOfPage":{"@id":"https:\/\/chiarabevents.com\/matrimonio-a-venezia\/#primaryimage"},"image":{"@id":"https:\/\/chiarabevents.com\/matrimonio-a-venezia\/#primaryimage"},"thumbnailUrl":"https:\/\/chiarabevents.com\/wp-content\/uploads\/2025\/12\/Philip-Katherine-074-1.jpg","datePublished":"2026-03-01T14:04:42+00:00","dateModified":"2026-03-03T13:30:45+00:00","description":"Dowiedz si\u0119, jak zorganizowa\u0107 swoje wesele w Wenecji z unikalnymi wskaz\u00f3wkami. Prze\u017cyj niezapomniany dzie\u0144 w mie\u015bcie marze\u0144!","breadcrumb":{"@id":"https:\/\/chiarabevents.com\/matrimonio-a-venezia\/#breadcrumb"},"inLanguage":"pl-PL","potentialAction":[{"@type":"ReadAction","target":["https:\/\/chiarabevents.com\/matrimonio-a-venezia\/"]}]},{"@type":"ImageObject","inLanguage":"pl-PL","@id":"https:\/\/chiarabevents.com\/matrimonio-a-venezia\/#primaryimage","url":"https:\/\/chiarabevents.com\/wp-content\/uploads\/2025\/12\/Philip-Katherine-074-1.jpg","contentUrl":"https:\/\/chiarabevents.com\/wp-content\/uploads\/2025\/12\/Philip-Katherine-074-1.jpg","width":2048,"height":1366,"caption":"Coppia di sposi in Vespa vintage, ideale per servizi fotografici di matrimonio e eventi romantici in stile retr\u00f2."},{"@type":"BreadcrumbList","@id":"https:\/\/chiarabevents.com\/matrimonio-a-venezia\/#breadcrumb","itemListElement":[{"@type":"ListItem","position":1,"name":"Home","item":"https:\/\/chiarabevents.com\/"},{"@type":"ListItem","position":2,"name":"Matrimonio a Venezia"}]},{"@type":"WebSite","@id":"https:\/\/chiarabevents.com\/#website","url":"https:\/\/chiarabevents.com\/","name":"ChiaraB Events Wedding Planner","description":"Wspania\u0142a wsp\u00f3lna podr\u00f3\u017c","publisher":{"@id":"https:\/\/chiarabevents.com\/#organization"},"potentialAction":[{"@type":"SearchAction","target":{"@type":"EntryPoint","urlTemplate":"https:\/\/chiarabevents.com\/?s={search_term_string}"},"query-input":{"@type":"PropertyValueSpecification","valueRequired":true,"valueName":"search_term_string"}}],"inLanguage":"pl-PL"},{"@type":"Organization","@id":"https:\/\/chiarabevents.com\/#organization","name":"ChiaraB Events Wedding Planner","url":"https:\/\/chiarabevents.com\/","logo":{"@type":"ImageObject","inLanguage":"pl-PL","@id":"https:\/\/chiarabevents.com\/#\/schema\/logo\/image\/","url":"https:\/\/chiarabevents.com\/wp-content\/uploads\/2023\/12\/cropped-Monogramma_chiarab.png","contentUrl":"https:\/\/chiarabevents.com\/wp-content\/uploads\/2023\/12\/cropped-Monogramma_chiarab.png","width":512,"height":512,"caption":"ChiaraB Events Wedding Planner"},"image":{"@id":"https:\/\/chiarabevents.com\/#\/schema\/logo\/image\/"},"sameAs":["https:\/\/www.facebook.com\/chiarabevent","https:\/\/www.instagram.com\/chiarab_events\/"]}]}},"_links":{"self":[{"href":"https:\/\/chiarabevents.com\/pl\/wp-json\/wp\/v2\/pages\/34447","targetHints":{"allow":["GET"]}}],"collection":[{"href":"https:\/\/chiarabevents.com\/pl\/wp-json\/wp\/v2\/pages"}],"about":[{"href":"https:\/\/chiarabevents.com\/pl\/wp-json\/wp\/v2\/types\/page"}],"author":[{"embeddable":true,"href":"https:\/\/chiarabevents.com\/pl\/wp-json\/wp\/v2\/users\/1"}],"replies":[{"embeddable":true,"href":"https:\/\/chiarabevents.com\/pl\/wp-json\/wp\/v2\/comments?post=34447"}],"version-history":[{"count":1,"href":"https:\/\/chiarabevents.com\/pl\/wp-json\/wp\/v2\/pages\/34447\/revisions"}],"predecessor-version":[{"id":34448,"href":"https:\/\/chiarabevents.com\/pl\/wp-json\/wp\/v2\/pages\/34447\/revisions\/34448"}],"wp:featuredmedia":[{"embeddable":true,"href":"https:\/\/chiarabevents.com\/pl\/wp-json\/wp\/v2\/media\/34196"}],"wp:attachment":[{"href":"https:\/\/chiarabevents.com\/pl\/wp-json\/wp\/v2\/media?parent=34447"}],"curies":[{"name":"wp","href":"https:\/\/api.w.org\/{rel}","templated":true}]}}