{"id":8082,"date":"2024-05-11T07:11:37","date_gmt":"2024-05-11T07:11:37","guid":{"rendered":"https:\/\/chiarabevents.com\/?page_id=8082"},"modified":"2024-12-08T11:28:27","modified_gmt":"2024-12-08T09:28:27","slug":"faq","status":"publish","type":"page","link":"https:\/\/chiarabevents.com\/pl\/faq\/","title":{"rendered":"FAQ"},"content":{"rendered":"<h2>FAQ - Najcz\u0119\u015bciej zadawane pytania dotycz\u0105ce wydarze\u0144 ChiaraB<\/h2>\n<h4>1. <strong>Dlaczego warto zatrudni\u0107 wedding plannera?<\/strong><\/h4>\n<p>A <a href=\"https:\/\/chiarabevents.com\/pl\/\">wedding planner<\/a> mo\u017ce stanowi\u0107 r\u00f3\u017cnic\u0119 mi\u0119dzy stresuj\u0105cym dniem a doskonale skoordynowanym wydarzeniem. Profesjonalny planista:<\/p>\n<ul>\n<li><strong>Oszcz\u0119dno\u015b\u0107 czasu:<\/strong> Zarz\u0105dza ca\u0142\u0105 komunikacj\u0105 i terminami z dostawcami, pozwalaj\u0105c skupi\u0107 si\u0119 na tym, co najwa\u017cniejsze.<\/li>\n<li><strong>Zmniejsza stres:<\/strong> Dba o szczeg\u00f3\u0142y logistyczne i rozwi\u0105zuje problemy, kt\u00f3re mog\u0105 si\u0119 pojawi\u0107.<\/li>\n<li><strong>Oferuje porady ekspert\u00f3w:<\/strong> Ma do\u015bwiadczenie w bran\u017cy i mo\u017ce poprowadzi\u0107 Ci\u0119 przez kluczowe decyzje, pomagaj\u0105c Ci utrzyma\u0107 si\u0119 w bud\u017cecie.<\/li>\n<li><strong>Dostosuj wydarzenie:<\/strong> Sprawia, \u017ce Twoja wizja staje si\u0119 rzeczywisto\u015bci\u0105 dzi\u0119ki poradom dotycz\u0105cym stylu, projektu i organizacji.<\/li>\n<\/ul>\n<h4>2. <strong>Jakie us\u0142ugi oferuje ChiaraB Events?<\/strong><\/h4>\n<p>Oferujemy pe\u0142en zakres us\u0142ug, w tym:<\/p>\n<ul>\n<li><strong>Kompletna organizacja:<\/strong> Od planowania do realizacji, dbamy o ka\u017cdy szczeg\u00f3\u0142, zapewniaj\u0105c, \u017ce wszystko jest skoordynowane.<\/li>\n<li><strong>Koordynacja dnia:<\/strong> Zarz\u0105dzamy wszystkimi aspektami logistycznymi w dniu wydarzenia, zapewniaj\u0105c, \u017ce wszystko p\u00f3jdzie zgodnie z planem.<\/li>\n<li><strong>Cz\u0119\u015bciowe doradztwo:<\/strong> Je\u015bli ju\u017c rozpocz\u0105\u0142e\u015b planowanie, ale potrzebujesz wskaz\u00f3wek, zapewniamy porady, kt\u00f3re pomog\u0105 Ci uko\u0144czy\u0107 projekt.<\/li>\n<li><strong><a href=\"https:\/\/chiarabevents.com\/pl\/slub-w-miejscu-docelowym-dlaczego-warto-go-wybrac-i-jak-go-zorganizowac\/\">\u015alub w miejscu docelowym<\/a>:<\/strong> Planowanie i koordynacja <a href=\"https:\/\/chiarabevents.com\/pl\/trendy-i-style\/sluby-na-plazy-wskazowki-dotyczace-wymarzonego-wydarzenia\/\">wesela<\/a> w r\u00f3\u017cnych lokalizacjach we W\u0142oszech.<\/li>\n<li><strong>Kreatywny projekt:<\/strong> Tworzenie unikalnych motyw\u00f3w i dekoracji, kt\u00f3re odzwierciedlaj\u0105 Twoj\u0105 osobowo\u015b\u0107.<\/li>\n<\/ul>\n<h4>3. <strong>Kiedy powinienem zacz\u0105\u0107 planowa\u0107 \u015blub?<\/strong><\/h4>\n<p>Idealnie by\u0142oby, gdyby planowanie rozpocz\u0119\u0142o si\u0119 co najmniej 12-18 miesi\u0119cy przed planowan\u0105 dat\u0105. Daje to wystarczaj\u0105co du\u017co czasu na znalezienie odpowiedniej lokalizacji, zabezpieczenie preferowanych dostawc\u00f3w i zorganizowanie wszystkich szczeg\u00f3\u0142\u00f3w bez po\u015bpiechu. Je\u015bli jednak masz mniej czasu, nadal mo\u017cemy pom\u00f3c Ci zorganizowa\u0107 wspania\u0142e wydarzenie.<\/p>\n<h4>4. <strong>Czy mog\u0119 zatrudni\u0107 wedding plannera, je\u015bli wybra\u0142em ju\u017c dostawc\u00f3w?<\/strong><\/h4>\n<p>Oczywi\u015bcie! Je\u015bli wybra\u0142e\u015b ju\u017c dostawc\u00f3w, b\u0119dziemy z nimi wsp\u00f3\u0142pracowa\u0107, aby upewni\u0107 si\u0119, \u017ce wszystko jest dobrze skoordynowane. Mo\u017cemy interweniowa\u0107 w dowolnym momencie planowania, aby pom\u00f3c ci w pozosta\u0142ej cz\u0119\u015bci procesu.<\/p>\n<h4>5. <strong>Kto zajmie si\u0119 ewentualnymi problemami w dniu \u015blubu?<\/strong><\/h4>\n<p>Nasz <a href=\"https:\/\/chiarabevents.com\/pl\/zespol\/\">zesp\u00f3\u0142<\/a> b\u0119dzie na miejscu, aby zarz\u0105dza\u0107 ka\u017cdym aspektem wesela, w tym rozwi\u0105zywa\u0107 wszelkie problemy w ostatniej chwili. Nasze do\u015bwiadczenie pozwala nam przewidywa\u0107 i zapobiega\u0107 wielu problemom, ale zawsze jeste\u015bmy przygotowani na wszelkie nieprzewidziane wyzwania, aby zapewni\u0107, \u017ce wszystko przebiegnie g\u0142adko.<\/p>\n<h4>6. <strong>Jak mog\u0119 si\u0119 upewni\u0107, \u017ce m\u00f3j \u015blub b\u0119dzie wyj\u0105tkowy?<\/strong><\/h4>\n<p>Kluczem do wyj\u0105tkowego \u015blubu jest spersonalizowane planowanie i kreatywny projekt. W ChiaraB Events uwa\u017cnie s\u0142uchamy twoich pomys\u0142\u00f3w i sugerujemy elementy, kt\u00f3re odzwierciedlaj\u0105 twoj\u0105 osobowo\u015b\u0107. Dzi\u0119ki wsp\u00f3\u0142pracy z kreatywnymi dostawcami i naszym zespo\u0142em projektowym stworzymy dostosowane do potrzeb do\u015bwiadczenie, kt\u00f3re pozostawi niezatarte wra\u017cenie na Tobie i Twoich go\u015bciach.<\/p>\n<h4>7. <strong>Ile kosztuje wedding planner?<\/strong><\/h4>\n<p>Koszt r\u00f3\u017cni si\u0119 w zale\u017cno\u015bci od rodzaju wymaganej us\u0142ugi i z\u0142o\u017cono\u015bci wydarzenia. Po wst\u0119pnej bezp\u0142atnej konsultacji w celu zrozumienia Twoich potrzeb, zapewniamy szczeg\u00f3\u0142ow\u0105 i przejrzyst\u0105 wycen\u0119. Naszym celem jest zaoferowanie najlepszej mo\u017cliwej warto\u015bci w ramach bud\u017cetu.<\/p>\n<h4>8. <strong>Jak mog\u0119 zmie\u015bci\u0107 si\u0119 w bud\u017cecie?<\/strong><\/h4>\n<p>Oto kilka wskaz\u00f3wek, jak trzyma\u0107 si\u0119 bud\u017cetu:<\/p>\n<ul>\n<li><strong>Priorytety:<\/strong> Okre\u015bl, kt\u00f3re aspekty s\u0105 dla Ciebie najwa\u017cniejsze i inwestuj wi\u0119cej w te obszary.<\/li>\n<li><strong>Liczba go\u015bci:<\/strong> Zmniejszenie liczby go\u015bci jest jednym z najprostszych sposob\u00f3w kontrolowania koszt\u00f3w.<\/li>\n<li><strong>Elastyczno\u015b\u0107:<\/strong> Wyb\u00f3r mniej popularnej daty lub bardziej dogodnej lokalizacji mo\u017ce znacznie obni\u017cy\u0107 koszty.<\/li>\n<li><strong>Profesjonalne konsultacje:<\/strong> Wedding planner mo\u017ce pom\u00f3c w znalezieniu wysokiej jako\u015bci dostawc\u00f3w w ramach bud\u017cetu.<\/li>\n<\/ul>\n<h4>9. <strong>Czy ChiaraB Events wsp\u00f3\u0142pracuje z konkretnymi dostawcami?<\/strong><\/h4>\n<p>Mamy ugruntowan\u0105 sie\u0107 zaufanych dostawc\u00f3w, z kt\u00f3rymi cz\u0119sto wsp\u00f3\u0142pracujemy, ale zawsze jeste\u015bmy otwarci na now\u0105 wsp\u00f3\u0142prac\u0119. Je\u015bli masz ju\u017c preferowanych dostawc\u00f3w lub chcesz wybra\u0107 innych, ch\u0119tnie z nimi wsp\u00f3\u0142pracujemy, aby zapewni\u0107 p\u0142ynne do\u015bwiadczenie.<\/p>\n<h4>10. <strong>Czy oferujecie us\u0142ugi dla \u015blub\u00f3w w miejscu docelowym?<\/strong><\/h4>\n<p>Tak, specjalizujemy si\u0119 r\u00f3wnie\u017c w organizacji \u015blub\u00f3w w najpi\u0119kniejszych miejscach we W\u0142oszech. Zajmujemy si\u0119 ca\u0142\u0105 logistyk\u0105, od rezerwacji lokalizacji po organizacj\u0119 transportu i zakwaterowania, dzi\u0119ki czemu mo\u017cesz skoncentrowa\u0107 si\u0119 na uroczysto\u015bci.<\/p>\n<h4>11. <strong>Czy potrzebny jest koordynator dnia \u015blubu?<\/strong><\/h4>\n<p>Koordynator w dniu \u015blubu jest niezb\u0119dny, aby wszystko przebiega\u0142o sprawnie. Zapewnia on, \u017ce ka\u017cdy szczeg\u00f3\u0142 jest wykonywany zgodnie z planem i rozwi\u0105zuje wszelkie problemy w czasie rzeczywistym. Pozwala on r\u00f3wnie\u017c Tobie i Twojej rodzinie cieszy\u0107 si\u0119 tym dniem bez zmartwie\u0144.<\/p>\n<h4>12. <strong>Jak przebiega komunikacja podczas planowania?<\/strong><\/h4>\n<p>Preferujemy sta\u0142\u0105 i przejrzyst\u0105 komunikacj\u0119 z naszymi klientami. Tworzymy plan komunikacji, kt\u00f3ry obejmuje wiadomo\u015bci e-mail, rozmowy telefoniczne i regularne spotkania w celu om\u00f3wienia post\u0119p\u00f3w. Spos\u00f3b komunikacji dostosowujemy do preferencji ka\u017cdego klienta.<\/p>\n<h4>13. <strong>Jak mog\u0119 zarezerwowa\u0107 ChiaraB Events na m\u00f3j \u015blub?<\/strong><\/h4>\n<p>Mo\u017cesz skontaktowa\u0107 si\u0119 z nami za po\u015brednictwem formularza na naszej stronie internetowej lub e-mailem, aby um\u00f3wi\u0107 si\u0119 na bezp\u0142atn\u0105 wst\u0119pn\u0105 konsultacj\u0119. Po konsultacji przedstawimy szczeg\u00f3\u0142ow\u0105 wycen\u0119 i plan pracy, aby rozpocz\u0105\u0107 proces planowania.<\/p>\n<h4>14. <strong>Jakie \u015brodki bezpiecze\u0144stwa podj\u0119to podczas pandemii COVID-19?<\/strong><\/h4>\n<p>Przestrzegamy wszystkich lokalnych i krajowych wytycznych, aby zapewni\u0107 bezpiecze\u0144stwo wszystkim uczestnikom. Obejmuje to zachowanie dystansu spo\u0142ecznego, stosowanie \u015brodk\u00f3w ochrony osobistej i odka\u017canie przestrzeni. Ponadto \u015bci\u015ble wsp\u00f3\u0142pracujemy z obiektem i dostawcami w celu wdro\u017cenia \u015brodk\u00f3w bezpiecze\u0144stwa specyficznych dla danego \u015blubu.<\/p>\n<h4>15. <strong>Jak mog\u0119 uczyni\u0107 moje ma\u0142\u017ce\u0144stwo bardziej trwa\u0142ym?<\/strong><\/h4>\n<p>Oto kilka pomys\u0142\u00f3w na ekologiczne wesele:<\/p>\n<ul>\n<li><strong>Dekoracje wielokrotnego u\u017cytku:<\/strong> U\u017cywaj dekoracji, kt\u00f3re mo\u017cna ponownie wykorzysta\u0107 lub podda\u0107 recyklingowi.<\/li>\n<li><strong><a href=\"https:\/\/chiarabevents.com\/pl\/przewodniki-i-wskazowki\/wskazowki-dotyczace-wyboru-idealnej-firmy-cateringowej-na-wesele-na-sycylii\/\">Catering<\/a> lokalny:<\/strong> Wybieraj dostawc\u00f3w \u017cywno\u015bci, kt\u00f3rzy korzystaj\u0105 z lokalnych i sezonowych sk\u0142adnik\u00f3w.<\/li>\n<li><strong>Zaproszenia cyfrowe:<\/strong> Rozwa\u017c zaproszenia elektroniczne, aby ograniczy\u0107 zu\u017cycie papieru.<\/li>\n<li><strong>Prezenty solidarno\u015bciowe:<\/strong> Oferuj prezenty \u015blubne, kt\u00f3re wspieraj\u0105 cele charytatywne.<\/li>\n<\/ul>\n<h4>16. <strong>Czy mog\u0119 zmieni\u0107 zdanie na temat szczeg\u00f3\u0142\u00f3w wydarzenia w trakcie jego planowania?<\/strong><\/h4>\n<p>Tak, rozumiemy, \u017ce preferencje i okoliczno\u015bci mog\u0105 ulec zmianie. Jeste\u015bmy elastyczni i b\u0119dziemy wsp\u00f3\u0142pracowa\u0107 z Tob\u0105, aby odpowiednio zaktualizowa\u0107 plan, zawsze maj\u0105c na uwadze bud\u017cet i harmonogram.<\/p>\n<h4>17. <strong>Czy masz do\u015bwiadczenie z ma\u0142\u017ce\u0144stwami z r\u00f3\u017cnych kultur i religii?<\/strong><\/h4>\n<p>Tak, organizowali\u015bmy wesela r\u00f3\u017cnych kultur i religii. Szanujemy unikalne tradycje ka\u017cdego klienta i dok\u0142adamy wszelkich stara\u0144, aby autentycznie w\u0142\u0105czy\u0107 te szczeg\u00f3\u0142y do wydarzenia.<\/p>\n<h4>18. <strong>Jakie trendy obserwujesz ostatnio na weselach?<\/strong><\/h4>\n<p>Niekt\u00f3re z najnowszych trend\u00f3w obejmuj\u0105:<\/p>\n<ul>\n<li><strong>Intymne ma\u0142\u017ce\u0144stwa:<\/strong> Ma\u0142e wesela z ma\u0142\u0105 list\u0105 go\u015bci.<\/li>\n<li><strong>Odwa\u017cne kolory:<\/strong> Jasne palety kolor\u00f3w, takie jak szmaragdowa ziele\u0144, rubinowa czerwie\u0144 i z\u0142oto.<\/li>\n<li><strong>Naturalne dekoracje:<\/strong> Wykorzystanie dzikich kwiat\u00f3w i element\u00f3w organicznych do dekoracji przestrzeni.<\/li>\n<li><strong>Do\u015bwiadczenia dla go\u015bci:<\/strong> <a href=\"https:\/\/chiarabevents.com\/pl\/wydarzenia\/\">Wydarzenia<\/a> dostosowane do zaanga\u017cowania go\u015bci, takie jak degustacje wina i muzyka na \u017cywo.<\/li>\n<\/ul>\n<h4>19. <strong>Czy oferujecie us\u0142ugi kreatywnego projektowania niezale\u017cnie od planowania?<\/strong><\/h4>\n<p>Tak, nasz zesp\u00f3\u0142 projektant\u00f3w mo\u017ce stworzy\u0107 spersonalizowany projekt dekoracji, nawet je\u015bli nie potrzebujesz pe\u0142nych us\u0142ug planowania. Mo\u017cemy pom\u00f3c w doborze motyw\u00f3w, kolor\u00f3w, uk\u0142ad\u00f3w i wyposa\u017cenia, aby zapewni\u0107 sp\u00f3jny wygl\u0105d.<\/p>\n<h4>20. <strong>Co odr\u00f3\u017cnia ChiaraB Events od innych organizator\u00f3w \u015blub\u00f3w?<\/strong><\/h4>\n<p>Wyr\u00f3\u017cnia nas spersonalizowane, zorientowane na szczeg\u00f3\u0142y podej\u015bcie. \u015aci\u015ble wsp\u00f3\u0142pracujemy z naszymi klientami, uwa\u017cnie s\u0142uchaj\u0105c ich preferencji i opracowuj\u0105c dostosowany do ich potrzeb plan, kt\u00f3ry odzwierciedla ich wizj\u0119. Ponadto nasze do\u015bwiadczenie i sie\u0107 zaufanych dostawc\u00f3w pozwalaj\u0105 nam oferowa\u0107 wysokiej jako\u015bci us\u0142ugi i kreatywne rozwi\u0105zania dla ka\u017cdego wyzwania zwi\u0105zanego z planowaniem.<\/p>","protected":false},"excerpt":{"rendered":"<p>FAQ &#8211; Domande Frequenti su ChiaraB Events 1. Perch\u00e9 dovrei assumere un wedding planner? Un wedding planner pu\u00f2 fare la differenza tra una giornata stressante e un evento perfettamente coordinato. Un planner professionista: Risparmia Tempo: Gestisce tutte le comunicazioni e le scadenze con i fornitori, consentendo a te di concentrarti su ci\u00f2 che \u00e8 pi\u00f9 importante. Riduce [&hellip;]<\/p>","protected":false},"author":2,"featured_media":0,"parent":0,"menu_order":0,"comment_status":"closed","ping_status":"closed","template":"","meta":{"footnotes":""},"class_list":["post-8082","page","type-page","status-publish","hentry"],"yoast_head":"<!-- This site is optimized with the Yoast SEO Premium plugin v21.8 (Yoast SEO v27.3) - https:\/\/yoast.com\/product\/yoast-seo-premium-wordpress\/ -->\n<title>FAQ - ChiaraB Events Wedding Planner<\/title>\n<meta name=\"description\" content=\"Trova le risposte alle domande pi\u00f9 comuni sul wedding planner, sui costi e sui suggerimenti per la programmazione del tuo giorno speciale.\" \/>\n<meta name=\"robots\" content=\"index, follow, max-snippet:-1, max-image-preview:large, max-video-preview:-1\" \/>\n<link rel=\"canonical\" href=\"https:\/\/chiarabevents.com\/pl\/faq\/\" \/>\n<meta property=\"og:locale\" content=\"pl_PL\" \/>\n<meta property=\"og:type\" content=\"article\" \/>\n<meta property=\"og:title\" content=\"FAQ\" \/>\n<meta property=\"og:description\" content=\"Trova le risposte alle domande pi\u00f9 comuni sul wedding planner, sui costi e sui suggerimenti per la programmazione del tuo giorno speciale.\" \/>\n<meta property=\"og:url\" content=\"https:\/\/chiarabevents.com\/pl\/faq\/\" \/>\n<meta property=\"og:site_name\" content=\"ChiaraB Events Wedding Planner\" \/>\n<meta property=\"article:publisher\" content=\"https:\/\/www.facebook.com\/chiarabevent\" \/>\n<meta property=\"article:modified_time\" content=\"2024-12-08T09:28:27+00:00\" \/>\n<meta name=\"twitter:card\" content=\"summary_large_image\" \/>\n<meta name=\"twitter:label1\" content=\"Est. reading time\" \/>\n\t<meta name=\"twitter:data1\" content=\"7 minutes\" \/>\n<script type=\"application\/ld+json\" class=\"yoast-schema-graph\">{\"@context\":\"https:\\\/\\\/schema.org\",\"@graph\":[{\"@type\":\"WebPage\",\"@id\":\"https:\\\/\\\/chiarabevents.com\\\/faq\\\/\",\"url\":\"https:\\\/\\\/chiarabevents.com\\\/faq\\\/\",\"name\":\"FAQ - ChiaraB Events Wedding Planner\",\"isPartOf\":{\"@id\":\"https:\\\/\\\/chiarabevents.com\\\/#website\"},\"datePublished\":\"2024-05-11T07:11:37+00:00\",\"dateModified\":\"2024-12-08T09:28:27+00:00\",\"description\":\"Trova le risposte alle domande pi\u00f9 comuni sul wedding planner, sui costi e sui suggerimenti per la programmazione del tuo giorno speciale.\",\"breadcrumb\":{\"@id\":\"https:\\\/\\\/chiarabevents.com\\\/faq\\\/#breadcrumb\"},\"inLanguage\":\"pl-PL\",\"potentialAction\":[{\"@type\":\"ReadAction\",\"target\":[\"https:\\\/\\\/chiarabevents.com\\\/faq\\\/\"]}]},{\"@type\":\"BreadcrumbList\",\"@id\":\"https:\\\/\\\/chiarabevents.com\\\/faq\\\/#breadcrumb\",\"itemListElement\":[{\"@type\":\"ListItem\",\"position\":1,\"name\":\"Home\",\"item\":\"https:\\\/\\\/chiarabevents.com\\\/\"},{\"@type\":\"ListItem\",\"position\":2,\"name\":\"FAQ\"}]},{\"@type\":\"WebSite\",\"@id\":\"https:\\\/\\\/chiarabevents.com\\\/#website\",\"url\":\"https:\\\/\\\/chiarabevents.com\\\/\",\"name\":\"ChiaraB Events Wedding Planner\",\"description\":\"Un meraviglioso percorso fatto insieme\",\"publisher\":{\"@id\":\"https:\\\/\\\/chiarabevents.com\\\/#organization\"},\"potentialAction\":[{\"@type\":\"SearchAction\",\"target\":{\"@type\":\"EntryPoint\",\"urlTemplate\":\"https:\\\/\\\/chiarabevents.com\\\/?s={search_term_string}\"},\"query-input\":{\"@type\":\"PropertyValueSpecification\",\"valueRequired\":true,\"valueName\":\"search_term_string\"}}],\"inLanguage\":\"pl-PL\"},{\"@type\":\"Organization\",\"@id\":\"https:\\\/\\\/chiarabevents.com\\\/#organization\",\"name\":\"ChiaraB Events Wedding Planner\",\"url\":\"https:\\\/\\\/chiarabevents.com\\\/\",\"logo\":{\"@type\":\"ImageObject\",\"inLanguage\":\"pl-PL\",\"@id\":\"https:\\\/\\\/chiarabevents.com\\\/#\\\/schema\\\/logo\\\/image\\\/\",\"url\":\"https:\\\/\\\/chiarabevents.com\\\/wp-content\\\/uploads\\\/2023\\\/12\\\/cropped-Monogramma_chiarab.png\",\"contentUrl\":\"https:\\\/\\\/chiarabevents.com\\\/wp-content\\\/uploads\\\/2023\\\/12\\\/cropped-Monogramma_chiarab.png\",\"width\":512,\"height\":512,\"caption\":\"ChiaraB Events Wedding Planner\"},\"image\":{\"@id\":\"https:\\\/\\\/chiarabevents.com\\\/#\\\/schema\\\/logo\\\/image\\\/\"},\"sameAs\":[\"https:\\\/\\\/www.facebook.com\\\/chiarabevent\",\"https:\\\/\\\/www.instagram.com\\\/chiarab_events\\\/\"]}]}<\/script>\n<!-- \/ Yoast SEO Premium plugin. -->","yoast_head_json":{"title":"FAQ - ChiaraB Events Wedding Planner","description":"Znajd\u017a odpowiedzi na najcz\u0119stsze pytania dotycz\u0105ce organizator\u00f3w \u015blub\u00f3w, koszt\u00f3w i wskaz\u00f3wek dotycz\u0105cych planowania tego wyj\u0105tkowego dnia.","robots":{"index":"index","follow":"follow","max-snippet":"max-snippet:-1","max-image-preview":"max-image-preview:large","max-video-preview":"max-video-preview:-1"},"canonical":"https:\/\/chiarabevents.com\/pl\/faq\/","og_locale":"pl_PL","og_type":"article","og_title":"FAQ","og_description":"Trova le risposte alle domande pi\u00f9 comuni sul wedding planner, sui costi e sui suggerimenti per la programmazione del tuo giorno speciale.","og_url":"https:\/\/chiarabevents.com\/pl\/faq\/","og_site_name":"ChiaraB Events Wedding Planner","article_publisher":"https:\/\/www.facebook.com\/chiarabevent","article_modified_time":"2024-12-08T09:28:27+00:00","twitter_card":"summary_large_image","twitter_misc":{"Est. reading time":"7 minutes"},"schema":{"@context":"https:\/\/schema.org","@graph":[{"@type":"WebPage","@id":"https:\/\/chiarabevents.com\/faq\/","url":"https:\/\/chiarabevents.com\/faq\/","name":"FAQ - ChiaraB Events Wedding Planner","isPartOf":{"@id":"https:\/\/chiarabevents.com\/#website"},"datePublished":"2024-05-11T07:11:37+00:00","dateModified":"2024-12-08T09:28:27+00:00","description":"Znajd\u017a odpowiedzi na najcz\u0119stsze pytania dotycz\u0105ce organizator\u00f3w \u015blub\u00f3w, koszt\u00f3w i wskaz\u00f3wek dotycz\u0105cych planowania tego wyj\u0105tkowego dnia.","breadcrumb":{"@id":"https:\/\/chiarabevents.com\/faq\/#breadcrumb"},"inLanguage":"pl-PL","potentialAction":[{"@type":"ReadAction","target":["https:\/\/chiarabevents.com\/faq\/"]}]},{"@type":"BreadcrumbList","@id":"https:\/\/chiarabevents.com\/faq\/#breadcrumb","itemListElement":[{"@type":"ListItem","position":1,"name":"Home","item":"https:\/\/chiarabevents.com\/"},{"@type":"ListItem","position":2,"name":"FAQ"}]},{"@type":"WebSite","@id":"https:\/\/chiarabevents.com\/#website","url":"https:\/\/chiarabevents.com\/","name":"ChiaraB Events Wedding Planner","description":"Wspania\u0142a wsp\u00f3lna podr\u00f3\u017c","publisher":{"@id":"https:\/\/chiarabevents.com\/#organization"},"potentialAction":[{"@type":"SearchAction","target":{"@type":"EntryPoint","urlTemplate":"https:\/\/chiarabevents.com\/?s={search_term_string}"},"query-input":{"@type":"PropertyValueSpecification","valueRequired":true,"valueName":"search_term_string"}}],"inLanguage":"pl-PL"},{"@type":"Organization","@id":"https:\/\/chiarabevents.com\/#organization","name":"ChiaraB Events Wedding Planner","url":"https:\/\/chiarabevents.com\/","logo":{"@type":"ImageObject","inLanguage":"pl-PL","@id":"https:\/\/chiarabevents.com\/#\/schema\/logo\/image\/","url":"https:\/\/chiarabevents.com\/wp-content\/uploads\/2023\/12\/cropped-Monogramma_chiarab.png","contentUrl":"https:\/\/chiarabevents.com\/wp-content\/uploads\/2023\/12\/cropped-Monogramma_chiarab.png","width":512,"height":512,"caption":"ChiaraB Events Wedding Planner"},"image":{"@id":"https:\/\/chiarabevents.com\/#\/schema\/logo\/image\/"},"sameAs":["https:\/\/www.facebook.com\/chiarabevent","https:\/\/www.instagram.com\/chiarab_events\/"]}]}},"_links":{"self":[{"href":"https:\/\/chiarabevents.com\/pl\/wp-json\/wp\/v2\/pages\/8082","targetHints":{"allow":["GET"]}}],"collection":[{"href":"https:\/\/chiarabevents.com\/pl\/wp-json\/wp\/v2\/pages"}],"about":[{"href":"https:\/\/chiarabevents.com\/pl\/wp-json\/wp\/v2\/types\/page"}],"author":[{"embeddable":true,"href":"https:\/\/chiarabevents.com\/pl\/wp-json\/wp\/v2\/users\/2"}],"replies":[{"embeddable":true,"href":"https:\/\/chiarabevents.com\/pl\/wp-json\/wp\/v2\/comments?post=8082"}],"version-history":[{"count":0,"href":"https:\/\/chiarabevents.com\/pl\/wp-json\/wp\/v2\/pages\/8082\/revisions"}],"wp:attachment":[{"href":"https:\/\/chiarabevents.com\/pl\/wp-json\/wp\/v2\/media?parent=8082"}],"curies":[{"name":"wp","href":"https:\/\/api.w.org\/{rel}","templated":true}]}}