{"id":1402,"date":"2019-12-05T14:03:34","date_gmt":"2019-12-05T14:03:34","guid":{"rendered":"https:\/\/solene.qodeinteractive.com\/elementor\/?page_id=1402"},"modified":"2024-12-30T15:00:38","modified_gmt":"2024-12-30T13:00:38","slug":"quem-sao","status":"publish","type":"page","link":"https:\/\/chiarabevents.com\/pt\/quem-sao\/","title":{"rendered":"Quem sou eu"},"content":{"rendered":"<div data-elementor-type=\"wp-page\" data-elementor-id=\"1402\" class=\"elementor elementor-1402\">\n\t\t\t\t\t\t<section class=\"elementor-section elementor-top-section elementor-element elementor-element-66de222 elementor-section-boxed elementor-section-height-default elementor-section-height-default eltdf-parallax-row-no eltdf-content-aligment-left eltdf-elementor-row-grid-no eltdf-disabled-bg-image-bellow-no\" data-id=\"66de222\" data-element_type=\"section\">\n\t\t\t\t\t\t<div class=\"elementor-container elementor-column-gap-default\">\n\t\t\t\t\t<div class=\"elementor-column elementor-col-100 elementor-top-column elementor-element elementor-element-57d2bba\" data-id=\"57d2bba\" data-element_type=\"column\">\n\t\t\t<div class=\"elementor-widget-wrap\">\n\t\t\t\t\t\t\t<\/div>\n\t\t<\/div>\n\t\t\t\t\t<\/div>\n\t\t<\/section>\n\t\t\t\t<section class=\"elementor-section elementor-top-section elementor-element elementor-element-fe4a6dd elementor-section-boxed elementor-section-height-default elementor-section-height-default eltdf-parallax-row-no eltdf-content-aligment-left eltdf-elementor-row-grid-no eltdf-disabled-bg-image-bellow-no\" data-id=\"fe4a6dd\" data-element_type=\"section\">\n\t\t\t\t\t\t<div class=\"elementor-container elementor-column-gap-default\">\n\t\t\t\t\t<div class=\"elementor-column elementor-col-100 elementor-top-column elementor-element elementor-element-ad79567\" data-id=\"ad79567\" data-element_type=\"column\">\n\t\t\t<div class=\"elementor-widget-wrap elementor-element-populated\">\n\t\t\t\t\t\t<div class=\"elementor-element elementor-element-c122d09 elementor-widget elementor-widget-eltdf_section_title\" data-id=\"c122d09\" data-element_type=\"widget\" data-widget_type=\"eltdf_section_title.default\">\n\t\t\t\t<div class=\"elementor-widget-container\">\n\t\t\t\t\t<div class=\"eltdf-section-title-holder\" style=\"text-align: center\">\n\t<div class=\"eltdf-st-inner\">\n\t\t\t\t\t\t\t<h1 class=\"eltdf-st-title\" >\n\t\t\t\tEu e a minha fam\u00edlia\t\t\t\t\t\t\t<\/h1>\n\t\t\t\t\t\t\t<h2  class=\"eltdf-st-subtitle\" style=\"text-transform: none\">\n\t\t\t\t<span>\n\t\t\t\t\tEventos ChiaraB\t\t\t\t\t\t\t\t\t<\/span>\n\t\t\t<\/h2>\n\t\t\t\t\t\t\t<\/div>\n<\/div>\t\t\t\t<\/div>\n\t\t\t\t<\/div>\n\t\t\t\t\t<\/div>\n\t\t<\/div>\n\t\t\t\t\t<\/div>\n\t\t<\/section>\n\t\t\t\t<section class=\"elementor-section elementor-top-section elementor-element elementor-element-50a5694 elementor-section-boxed elementor-section-height-default elementor-section-height-default eltdf-parallax-row-no eltdf-content-aligment-left eltdf-elementor-row-grid-no eltdf-disabled-bg-image-bellow-no\" data-id=\"50a5694\" data-element_type=\"section\">\n\t\t\t\t\t\t<div class=\"elementor-container elementor-column-gap-default\">\n\t\t\t\t\t<div class=\"elementor-column elementor-col-50 elementor-top-column elementor-element elementor-element-8959660\" data-id=\"8959660\" data-element_type=\"column\">\n\t\t\t<div class=\"elementor-widget-wrap elementor-element-populated\">\n\t\t\t\t\t\t<section class=\"elementor-section elementor-inner-section elementor-element elementor-element-c582f94 elementor-section-boxed elementor-section-height-default elementor-section-height-default eltdf-parallax-row-no eltdf-content-aligment-left eltdf-elementor-row-grid-no eltdf-disabled-bg-image-bellow-no\" data-id=\"c582f94\" data-element_type=\"section\">\n\t\t\t\t\t\t<div class=\"elementor-container elementor-column-gap-default\">\n\t\t\t\t\t<div class=\"elementor-column elementor-col-100 elementor-inner-column elementor-element elementor-element-f145e5b\" data-id=\"f145e5b\" data-element_type=\"column\">\n\t\t\t<div class=\"elementor-widget-wrap elementor-element-populated\">\n\t\t\t\t\t\t<div class=\"elementor-element elementor-element-6c92998 elementor-widget elementor-widget-image\" data-id=\"6c92998\" data-element_type=\"widget\" data-widget_type=\"image.default\">\n\t\t\t\t<div class=\"elementor-widget-container\">\n\t\t\t\t\t\t\t\t\t\t\t\t\t\t\t<img fetchpriority=\"high\" decoding=\"async\" width=\"1024\" height=\"681\" src=\"https:\/\/chiarabevents.com\/wp-content\/uploads\/2023\/11\/DSC_7457-1024x681.jpg\" class=\"attachment-large size-large wp-image-7384\" alt=\"Pai Natal com crian\u00e7as, decora\u00e7\u00f5es de Natal para festas de anivers\u00e1rio, montagem de eventos, wedding planner e wedding coordinator, ChiaraB Events.\" srcset=\"https:\/\/chiarabevents.com\/wp-content\/uploads\/2023\/11\/DSC_7457-1024x681.jpg 1024w, https:\/\/chiarabevents.com\/wp-content\/uploads\/2023\/11\/DSC_7457-300x200.jpg 300w, https:\/\/chiarabevents.com\/wp-content\/uploads\/2023\/11\/DSC_7457-768x511.jpg 768w, https:\/\/chiarabevents.com\/wp-content\/uploads\/2023\/11\/DSC_7457-1536x1022.jpg 1536w\" sizes=\"(max-width: 1024px) 100vw, 1024px\" \/>\t\t\t\t\t\t\t\t\t\t\t\t\t\t\t<\/div>\n\t\t\t\t<\/div>\n\t\t\t\t<div class=\"elementor-element elementor-element-c5e78da elementor-widget__width-initial elementor-widget elementor-widget-image\" data-id=\"c5e78da\" data-element_type=\"widget\" data-widget_type=\"image.default\">\n\t\t\t\t<div class=\"elementor-widget-container\">\n\t\t\t\t\t\t\t\t\t\t\t\t\t\t\t<img decoding=\"async\" width=\"683\" height=\"1024\" src=\"https:\/\/chiarabevents.com\/wp-content\/uploads\/2023\/11\/DSC_7574-683x1024.jpg\" class=\"attachment-large size-large wp-image-7381\" alt=\"Planeamento emocionante do casamento entre duas pessoas com elegantes decora\u00e7\u00f5es de Natal e um ambiente acolhedor.\" srcset=\"https:\/\/chiarabevents.com\/wp-content\/uploads\/2023\/11\/DSC_7574-683x1024.jpg 683w, https:\/\/chiarabevents.com\/wp-content\/uploads\/2023\/11\/DSC_7574-200x300.jpg 200w, https:\/\/chiarabevents.com\/wp-content\/uploads\/2023\/11\/DSC_7574-768x1152.jpg 768w, https:\/\/chiarabevents.com\/wp-content\/uploads\/2023\/11\/DSC_7574-1024x1536.jpg 1024w, https:\/\/chiarabevents.com\/wp-content\/uploads\/2023\/11\/DSC_7574-1365x2048.jpg 1365w, https:\/\/chiarabevents.com\/wp-content\/uploads\/2023\/11\/DSC_7574-scaled.jpg 1707w\" sizes=\"(max-width: 683px) 100vw, 683px\" \/>\t\t\t\t\t\t\t\t\t\t\t\t\t\t\t<\/div>\n\t\t\t\t<\/div>\n\t\t\t\t\t<\/div>\n\t\t<\/div>\n\t\t\t\t\t<\/div>\n\t\t<\/section>\n\t\t\t\t\t<\/div>\n\t\t<\/div>\n\t\t\t\t<div class=\"elementor-column elementor-col-50 elementor-top-column elementor-element elementor-element-e2e780f\" data-id=\"e2e780f\" data-element_type=\"column\">\n\t\t\t<div class=\"elementor-widget-wrap elementor-element-populated\">\n\t\t\t\t\t\t<div class=\"elementor-element elementor-element-521b45d elementor-widget__width-initial elementor-widget elementor-widget-text-editor\" data-id=\"521b45d\" data-element_type=\"widget\" data-widget_type=\"text-editor.default\">\n\t\t\t\t<div class=\"elementor-widget-container\">\n\t\t\t\t\t\t\t\t\t<p>Ol\u00e1, chamo-me Chiara, sou criadora de eventos, mas tamb\u00e9m esposa e m\u00e3e de tr\u00eas filhos maravilhosos. Acredito firmemente na fam\u00edlia e tiro for\u00e7a e energia dela todos os dias para o meu trabalho. Nasci e cresci em <a href=\"https:\/\/chiarabevents.com\/pt\/tendencias-e-estilos\/casar-nas-ilhas-eolias-o-casamento-entre-o-mar-e-os-vulcoes\/\">Sic\u00edlia<\/a> e organizar <a href=\"https:\/\/chiarabevents.com\/pt\/eventos\/\">eventos<\/a> estilo contempor\u00e2neo e moderno. Sempre quis ser um <a href=\"https:\/\/chiarabevents.com\/pt\/\">Organizador de casamentos<\/a>. Depois de anos a estudar medicina veterin\u00e1ria, decidi que tinha de dar uma oportunidade ao meu sonho e aqui estou eu. Ao longo dos anos, adquiri experi\u00eancia no mundo dos eventos. Ap\u00f3s v\u00e1rios cursos de forma\u00e7\u00e3o avan\u00e7ada nos melhores organizadores de eventos e casamentos italianos, adquiri conhecimentos no dom\u00ednio da log\u00edstica e das rela\u00e7\u00f5es com os eventos. Recentemente, mergulhei tamb\u00e9m no maravilhoso mundo das flores, gra\u00e7as \u00e0 minha participa\u00e7\u00e3o em cursos de forma\u00e7\u00e3o e MASTER Classes florais com os melhores floristas italianos.<br \/>Atualmente, coloco toda a minha forma\u00e7\u00e3o e experi\u00eancia ao servi\u00e7o dos casais que confiam em mim para o seu dia mais bonito. Gra\u00e7as aos meus conhecimentos na \u00e1rea da floricultura, posso interagir com os floristas tanto na fase de planeamento como na fase de realiza\u00e7\u00e3o no dia do casamento. A minha aten\u00e7\u00e3o vai para a beleza do evento e a aten\u00e7\u00e3o aos pormenores, mas tamb\u00e9m para o estudo e a organiza\u00e7\u00e3o da log\u00edstica com o objetivo de obter uma sinergia total de todos os fornecedores, o que \u00e9 fundamental para aspirar \u00e0 melhor realiza\u00e7\u00e3o do evento.<br \/>Obrigado a todos os <a href=\"https:\/\/chiarabevents.com\/pt\/equipa\/\">equipa<\/a> Consigo satisfazer todos os pedidos dos noivos. Planeio todo o evento com o objetivo de satisfazer os desejos do casal, mas tamb\u00e9m me deixo guiar pelo bom gosto e pelo amor. Sinto-me uma alma colorida e, com um olho nas tend\u00eancias do momento e outro nos desejos dos noivos, procuro sempre a paleta mais fresca e os tons mais elegantes e sofisticados porque acredito que a escolha certa da cor \u00e9 fundamental para caraterizar um evento, tornando-o \u00fanico e especial. Nada \u00e9 deixado ao acaso, trabalhamos em equipa com o \u00fanico objetivo de tornar realidade o vosso dia mais bonito. Planeio, coordeno e fa\u00e7o a curadoria tanto de casamentos civis e religiosos como simb\u00f3licos, mas tamb\u00e9m de fugas na minha linda terra.<\/p>\t\t\t\t\t\t\t\t<\/div>\n\t\t\t\t<\/div>\n\t\t\t\t<div class=\"elementor-element elementor-element-4fa92ca elementor-widget elementor-widget-image\" data-id=\"4fa92ca\" data-element_type=\"widget\" data-widget_type=\"image.default\">\n\t\t\t\t<div class=\"elementor-widget-container\">\n\t\t\t\t\t\t\t\t\t\t\t\t\t\t\t<img decoding=\"async\" width=\"1024\" height=\"683\" src=\"https:\/\/chiarabevents.com\/wp-content\/uploads\/2023\/11\/DSC_7677-1024x683.jpg\" class=\"attachment-large size-large wp-image-7382\" alt=\"\u00c1rvore de Natal decorada com ornamentos cor-de-rosa e brancos, rodeada de presentes e estatuetas, com uma fam\u00edlia feliz a admir\u00e1-la, numa sala acolhedora decorada para as f\u00e9rias de Natal.\" srcset=\"https:\/\/chiarabevents.com\/wp-content\/uploads\/2023\/11\/DSC_7677-1024x683.jpg 1024w, https:\/\/chiarabevents.com\/wp-content\/uploads\/2023\/11\/DSC_7677-300x200.jpg 300w, https:\/\/chiarabevents.com\/wp-content\/uploads\/2023\/11\/DSC_7677-768x512.jpg 768w, https:\/\/chiarabevents.com\/wp-content\/uploads\/2023\/11\/DSC_7677-1536x1024.jpg 1536w\" sizes=\"(max-width: 1024px) 100vw, 1024px\" \/>\t\t\t\t\t\t\t\t\t\t\t\t\t\t\t<\/div>\n\t\t\t\t<\/div>\n\t\t\t\t\t<\/div>\n\t\t<\/div>\n\t\t\t\t\t<\/div>\n\t\t<\/section>\n\t\t\t\t<\/div>","protected":false},"excerpt":{"rendered":"<p>Me &amp; my Family ChiaraB Events &lt;\/h2&gt; Salve sono Chiara, sono una Event Creator ma anche moglie e madre di tre meravigliosi bimbi. Credo molto nella famiglia e ne traggo ogni giorno la forza e l&rsquo;energia per il mio lavoro. Sono nata e cresciuta in Sicilia ed organizzo eventi dallo stile contemporaneo e moderno. Da sempre [&hellip;]<\/p>","protected":false},"author":2,"featured_media":7384,"parent":0,"menu_order":0,"comment_status":"closed","ping_status":"closed","template":"","meta":{"footnotes":""},"class_list":["post-1402","page","type-page","status-publish","has-post-thumbnail","hentry"],"yoast_head":"<!-- This site is optimized with the Yoast SEO Premium plugin v21.8 (Yoast SEO v27.3) - https:\/\/yoast.com\/product\/yoast-seo-premium-wordpress\/ -->\n<title>Chiara Beninati - ChiaraB Events Wedding Planner<\/title>\n<meta name=\"description\" content=\"Sono Chiara, sono una Event Creator ma anche moglie e madre di tre meravigliosi bimbi. Credo molto nella famiglia e ne traggo ogni giorno la forza\" \/>\n<meta name=\"robots\" content=\"index, follow, max-snippet:-1, max-image-preview:large, max-video-preview:-1\" \/>\n<link rel=\"canonical\" href=\"https:\/\/chiarabevents.com\/pt\/quem-sao\/\" \/>\n<meta property=\"og:locale\" content=\"pt_PT\" \/>\n<meta property=\"og:type\" content=\"article\" \/>\n<meta property=\"og:title\" content=\"Chi Sono\" \/>\n<meta property=\"og:description\" content=\"Sono Chiara, sono una Event Creator ma anche moglie e madre di tre meravigliosi bimbi. Credo molto nella famiglia e ne traggo ogni giorno la forza\" \/>\n<meta property=\"og:url\" content=\"https:\/\/chiarabevents.com\/pt\/quem-sao\/\" \/>\n<meta property=\"og:site_name\" content=\"ChiaraB Events Wedding Planner\" \/>\n<meta property=\"article:publisher\" content=\"https:\/\/www.facebook.com\/chiarabevent\" \/>\n<meta property=\"article:modified_time\" content=\"2024-12-30T13:00:38+00:00\" \/>\n<meta property=\"og:image\" content=\"https:\/\/chiarabevents.com\/wp-content\/uploads\/2023\/11\/DSC_7457.jpg\" \/>\n\t<meta property=\"og:image:width\" content=\"2000\" \/>\n\t<meta property=\"og:image:height\" content=\"1331\" \/>\n\t<meta property=\"og:image:type\" content=\"image\/jpeg\" \/>\n<meta name=\"twitter:card\" content=\"summary_large_image\" \/>\n<meta name=\"twitter:label1\" content=\"Est. reading time\" \/>\n\t<meta name=\"twitter:data1\" content=\"3 minutes\" \/>\n<script type=\"application\/ld+json\" class=\"yoast-schema-graph\">{\"@context\":\"https:\\\/\\\/schema.org\",\"@graph\":[{\"@type\":\"WebPage\",\"@id\":\"https:\\\/\\\/chiarabevents.com\\\/chi-sono\\\/\",\"url\":\"https:\\\/\\\/chiarabevents.com\\\/chi-sono\\\/\",\"name\":\"Chiara Beninati - ChiaraB Events Wedding Planner\",\"isPartOf\":{\"@id\":\"https:\\\/\\\/chiarabevents.com\\\/#website\"},\"primaryImageOfPage\":{\"@id\":\"https:\\\/\\\/chiarabevents.com\\\/chi-sono\\\/#primaryimage\"},\"image\":{\"@id\":\"https:\\\/\\\/chiarabevents.com\\\/chi-sono\\\/#primaryimage\"},\"thumbnailUrl\":\"https:\\\/\\\/chiarabevents.com\\\/wp-content\\\/uploads\\\/2023\\\/11\\\/DSC_7457.jpg\",\"datePublished\":\"2019-12-05T14:03:34+00:00\",\"dateModified\":\"2024-12-30T13:00:38+00:00\",\"description\":\"Sono Chiara, sono una Event Creator ma anche moglie e madre di tre meravigliosi bimbi. Credo molto nella famiglia e ne traggo ogni giorno la forza\",\"breadcrumb\":{\"@id\":\"https:\\\/\\\/chiarabevents.com\\\/chi-sono\\\/#breadcrumb\"},\"inLanguage\":\"pt-PT\",\"potentialAction\":[{\"@type\":\"ReadAction\",\"target\":[\"https:\\\/\\\/chiarabevents.com\\\/chi-sono\\\/\"]}]},{\"@type\":\"ImageObject\",\"inLanguage\":\"pt-PT\",\"@id\":\"https:\\\/\\\/chiarabevents.com\\\/chi-sono\\\/#primaryimage\",\"url\":\"https:\\\/\\\/chiarabevents.com\\\/wp-content\\\/uploads\\\/2023\\\/11\\\/DSC_7457.jpg\",\"contentUrl\":\"https:\\\/\\\/chiarabevents.com\\\/wp-content\\\/uploads\\\/2023\\\/11\\\/DSC_7457.jpg\",\"width\":2000,\"height\":1331,\"caption\":\"Babbo Natale con bambini, decorazioni natalizie per feste di compleanno, allestimenti di eventi, wedding planner e coordinatrice matrimoni, ChiaraB Events.\"},{\"@type\":\"BreadcrumbList\",\"@id\":\"https:\\\/\\\/chiarabevents.com\\\/chi-sono\\\/#breadcrumb\",\"itemListElement\":[{\"@type\":\"ListItem\",\"position\":1,\"name\":\"Home\",\"item\":\"https:\\\/\\\/chiarabevents.com\\\/\"},{\"@type\":\"ListItem\",\"position\":2,\"name\":\"Chi Sono\"}]},{\"@type\":\"WebSite\",\"@id\":\"https:\\\/\\\/chiarabevents.com\\\/#website\",\"url\":\"https:\\\/\\\/chiarabevents.com\\\/\",\"name\":\"ChiaraB Events Wedding Planner\",\"description\":\"Un meraviglioso percorso fatto insieme\",\"publisher\":{\"@id\":\"https:\\\/\\\/chiarabevents.com\\\/#organization\"},\"potentialAction\":[{\"@type\":\"SearchAction\",\"target\":{\"@type\":\"EntryPoint\",\"urlTemplate\":\"https:\\\/\\\/chiarabevents.com\\\/?s={search_term_string}\"},\"query-input\":{\"@type\":\"PropertyValueSpecification\",\"valueRequired\":true,\"valueName\":\"search_term_string\"}}],\"inLanguage\":\"pt-PT\"},{\"@type\":\"Organization\",\"@id\":\"https:\\\/\\\/chiarabevents.com\\\/#organization\",\"name\":\"ChiaraB Events Wedding Planner\",\"url\":\"https:\\\/\\\/chiarabevents.com\\\/\",\"logo\":{\"@type\":\"ImageObject\",\"inLanguage\":\"pt-PT\",\"@id\":\"https:\\\/\\\/chiarabevents.com\\\/#\\\/schema\\\/logo\\\/image\\\/\",\"url\":\"https:\\\/\\\/chiarabevents.com\\\/wp-content\\\/uploads\\\/2023\\\/12\\\/cropped-Monogramma_chiarab.png\",\"contentUrl\":\"https:\\\/\\\/chiarabevents.com\\\/wp-content\\\/uploads\\\/2023\\\/12\\\/cropped-Monogramma_chiarab.png\",\"width\":512,\"height\":512,\"caption\":\"ChiaraB Events Wedding Planner\"},\"image\":{\"@id\":\"https:\\\/\\\/chiarabevents.com\\\/#\\\/schema\\\/logo\\\/image\\\/\"},\"sameAs\":[\"https:\\\/\\\/www.facebook.com\\\/chiarabevent\",\"https:\\\/\\\/www.instagram.com\\\/chiarab_events\\\/\"]}]}<\/script>\n<!-- \/ Yoast SEO Premium plugin. -->","yoast_head_json":{"title":"Chiara Beninati - Organizadora de casamentos ChiaraB Events","description":"Chamo-me Chiara, sou criadora de eventos, mas tamb\u00e9m esposa e m\u00e3e de tr\u00eas filhos maravilhosos. Acredito firmemente na fam\u00edlia e tiro for\u00e7a dela todos os dias.","robots":{"index":"index","follow":"follow","max-snippet":"max-snippet:-1","max-image-preview":"max-image-preview:large","max-video-preview":"max-video-preview:-1"},"canonical":"https:\/\/chiarabevents.com\/pt\/quem-sao\/","og_locale":"pt_PT","og_type":"article","og_title":"Chi Sono","og_description":"Sono Chiara, sono una Event Creator ma anche moglie e madre di tre meravigliosi bimbi. Credo molto nella famiglia e ne traggo ogni giorno la forza","og_url":"https:\/\/chiarabevents.com\/pt\/quem-sao\/","og_site_name":"ChiaraB Events Wedding Planner","article_publisher":"https:\/\/www.facebook.com\/chiarabevent","article_modified_time":"2024-12-30T13:00:38+00:00","og_image":[{"width":2000,"height":1331,"url":"https:\/\/chiarabevents.com\/wp-content\/uploads\/2023\/11\/DSC_7457.jpg","type":"image\/jpeg"}],"twitter_card":"summary_large_image","twitter_misc":{"Est. reading time":"3 minutes"},"schema":{"@context":"https:\/\/schema.org","@graph":[{"@type":"WebPage","@id":"https:\/\/chiarabevents.com\/chi-sono\/","url":"https:\/\/chiarabevents.com\/chi-sono\/","name":"Chiara Beninati - Organizadora de casamentos ChiaraB Events","isPartOf":{"@id":"https:\/\/chiarabevents.com\/#website"},"primaryImageOfPage":{"@id":"https:\/\/chiarabevents.com\/chi-sono\/#primaryimage"},"image":{"@id":"https:\/\/chiarabevents.com\/chi-sono\/#primaryimage"},"thumbnailUrl":"https:\/\/chiarabevents.com\/wp-content\/uploads\/2023\/11\/DSC_7457.jpg","datePublished":"2019-12-05T14:03:34+00:00","dateModified":"2024-12-30T13:00:38+00:00","description":"Chamo-me Chiara, sou criadora de eventos, mas tamb\u00e9m esposa e m\u00e3e de tr\u00eas filhos maravilhosos. Acredito firmemente na fam\u00edlia e tiro for\u00e7a dela todos os dias.","breadcrumb":{"@id":"https:\/\/chiarabevents.com\/chi-sono\/#breadcrumb"},"inLanguage":"pt-PT","potentialAction":[{"@type":"ReadAction","target":["https:\/\/chiarabevents.com\/chi-sono\/"]}]},{"@type":"ImageObject","inLanguage":"pt-PT","@id":"https:\/\/chiarabevents.com\/chi-sono\/#primaryimage","url":"https:\/\/chiarabevents.com\/wp-content\/uploads\/2023\/11\/DSC_7457.jpg","contentUrl":"https:\/\/chiarabevents.com\/wp-content\/uploads\/2023\/11\/DSC_7457.jpg","width":2000,"height":1331,"caption":"Babbo Natale con bambini, decorazioni natalizie per feste di compleanno, allestimenti di eventi, wedding planner e coordinatrice matrimoni, ChiaraB Events."},{"@type":"BreadcrumbList","@id":"https:\/\/chiarabevents.com\/chi-sono\/#breadcrumb","itemListElement":[{"@type":"ListItem","position":1,"name":"Home","item":"https:\/\/chiarabevents.com\/"},{"@type":"ListItem","position":2,"name":"Chi Sono"}]},{"@type":"WebSite","@id":"https:\/\/chiarabevents.com\/#website","url":"https:\/\/chiarabevents.com\/","name":"ChiaraB Events Organizador de casamentos","description":"Uma viagem maravilhosa juntos","publisher":{"@id":"https:\/\/chiarabevents.com\/#organization"},"potentialAction":[{"@type":"SearchAction","target":{"@type":"EntryPoint","urlTemplate":"https:\/\/chiarabevents.com\/?s={search_term_string}"},"query-input":{"@type":"PropertyValueSpecification","valueRequired":true,"valueName":"search_term_string"}}],"inLanguage":"pt-PT"},{"@type":"Organization","@id":"https:\/\/chiarabevents.com\/#organization","name":"ChiaraB Events Organizador de casamentos","url":"https:\/\/chiarabevents.com\/","logo":{"@type":"ImageObject","inLanguage":"pt-PT","@id":"https:\/\/chiarabevents.com\/#\/schema\/logo\/image\/","url":"https:\/\/chiarabevents.com\/wp-content\/uploads\/2023\/12\/cropped-Monogramma_chiarab.png","contentUrl":"https:\/\/chiarabevents.com\/wp-content\/uploads\/2023\/12\/cropped-Monogramma_chiarab.png","width":512,"height":512,"caption":"ChiaraB Events Wedding Planner"},"image":{"@id":"https:\/\/chiarabevents.com\/#\/schema\/logo\/image\/"},"sameAs":["https:\/\/www.facebook.com\/chiarabevent","https:\/\/www.instagram.com\/chiarab_events\/"]}]}},"_links":{"self":[{"href":"https:\/\/chiarabevents.com\/pt\/wp-json\/wp\/v2\/pages\/1402","targetHints":{"allow":["GET"]}}],"collection":[{"href":"https:\/\/chiarabevents.com\/pt\/wp-json\/wp\/v2\/pages"}],"about":[{"href":"https:\/\/chiarabevents.com\/pt\/wp-json\/wp\/v2\/types\/page"}],"author":[{"embeddable":true,"href":"https:\/\/chiarabevents.com\/pt\/wp-json\/wp\/v2\/users\/2"}],"replies":[{"embeddable":true,"href":"https:\/\/chiarabevents.com\/pt\/wp-json\/wp\/v2\/comments?post=1402"}],"version-history":[{"count":0,"href":"https:\/\/chiarabevents.com\/pt\/wp-json\/wp\/v2\/pages\/1402\/revisions"}],"wp:featuredmedia":[{"embeddable":true,"href":"https:\/\/chiarabevents.com\/pt\/wp-json\/wp\/v2\/media\/7384"}],"wp:attachment":[{"href":"https:\/\/chiarabevents.com\/pt\/wp-json\/wp\/v2\/media?parent=1402"}],"curies":[{"name":"wp","href":"https:\/\/api.w.org\/{rel}","templated":true}]}}