{"id":8082,"date":"2024-05-11T07:11:37","date_gmt":"2024-05-11T07:11:37","guid":{"rendered":"https:\/\/chiarabevents.com\/?page_id=8082"},"modified":"2024-12-08T11:28:27","modified_gmt":"2024-12-08T09:28:27","slug":"faq","status":"publish","type":"page","link":"https:\/\/chiarabevents.com\/pt\/faq\/","title":{"rendered":"FAQ"},"content":{"rendered":"<h2>FAQ - Perguntas mais frequentes sobre os eventos ChiaraB<\/h2>\n<h4>1. <strong>Por que raz\u00e3o devo contratar um organizador de casamentos?<\/strong><\/h4>\n<p>A <a href=\"https:\/\/chiarabevents.com\/pt\/\">organizador de casamentos<\/a> pode fazer a diferen\u00e7a entre um dia stressante e um evento perfeitamente coordenado. Um planeador profissional:<\/p>\n<ul>\n<li><strong>Poupa tempo:<\/strong> Gere todas as comunica\u00e7\u00f5es e prazos com os fornecedores, permitindo-lhe concentrar-se no que \u00e9 mais importante.<\/li>\n<li><strong>Reduz o stress:<\/strong> Trata dos pormenores log\u00edsticos e resolve os problemas que possam surgir.<\/li>\n<li><strong>Oferece aconselhamento especializado:<\/strong> Ele tem experi\u00eancia no sector e pode gui\u00e1-lo atrav\u00e9s de decis\u00f5es cruciais, ajudando-o a manter-se dentro do or\u00e7amento.<\/li>\n<li><strong>Personalizar o evento:<\/strong> Torna a sua vis\u00e3o uma realidade atrav\u00e9s de conselhos sobre estilo, conce\u00e7\u00e3o e organiza\u00e7\u00e3o.<\/li>\n<\/ul>\n<h4>2. <strong>Quais s\u00e3o os servi\u00e7os oferecidos pela ChiaraB Events?<\/strong><\/h4>\n<p>Oferecemos uma gama completa de servi\u00e7os, incluindo:<\/p>\n<ul>\n<li><strong>Organiza\u00e7\u00e3o completa:<\/strong> Desde o planeamento at\u00e9 \u00e0 execu\u00e7\u00e3o, tratamos de todos os pormenores, garantindo que tudo est\u00e1 coordenado.<\/li>\n<li><strong>Coordena\u00e7\u00e3o do dia:<\/strong> Gerimos todos os aspectos log\u00edsticos no dia do evento, garantindo que tudo corre como planeado.<\/li>\n<li><strong>Aconselhamento parcial:<\/strong> Se j\u00e1 come\u00e7ou a planear mas precisa de orienta\u00e7\u00e3o, prestamos aconselhamento para o ajudar a concluir o projeto.<\/li>\n<li><strong><a href=\"https:\/\/chiarabevents.com\/pt\/coisas-para-um-destination-wedding-porque-escolhe-lo-e-como-organiza-lo\/\">Casamento de destino<\/a>:<\/strong> Planeamento e coordena\u00e7\u00e3o de <a href=\"https:\/\/chiarabevents.com\/pt\/tendencias-e-estilos\/casamentos-na-praia-dicas-para-um-evento-de-sonho\/\">casamentos<\/a> em diferentes locais em It\u00e1lia.<\/li>\n<li><strong>Conce\u00e7\u00e3o criativa:<\/strong> Criar temas e decora\u00e7\u00f5es \u00fanicos que reflictam a sua personalidade.<\/li>\n<\/ul>\n<h4>3. <strong>Quando devo come\u00e7ar a planear o meu casamento?<\/strong><\/h4>\n<p>Idealmente, o planeamento deve come\u00e7ar pelo menos 12-18 meses antes da data prevista. Isto d\u00e1 tempo suficiente para encontrar o local certo, assegurar os fornecedores preferidos e organizar todos os pormenores sem pressas. No entanto, se dispuser de menos tempo, podemos ajud\u00e1-lo a organizar um evento maravilhoso.<\/p>\n<h4>4. <strong>Posso contratar uma wedding planner se j\u00e1 tiver escolhido alguns fornecedores?<\/strong><\/h4>\n<p>Sem d\u00favida! Se j\u00e1 tiverem selecionado alguns fornecedores, trabalharemos com eles para garantir que tudo est\u00e1 bem coordenado. Podemos intervir em qualquer momento do planeamento para o ajudar no resto do processo.<\/p>\n<h4>5. <strong>Quem se encarregar\u00e1 de resolver eventuais problemas no dia do casamento?<\/strong><\/h4>\n<p>O nosso <a href=\"https:\/\/chiarabevents.com\/pt\/equipa\/\">equipa<\/a> estar\u00e1 no local para tratar de todos os aspectos do casamento, incluindo a resolu\u00e7\u00e3o de quaisquer problemas de \u00faltima hora. A nossa experi\u00eancia permite-nos antecipar e prevenir muitos problemas, mas estamos sempre preparados para qualquer imprevisto para garantir que tudo corre bem.<\/p>\n<h4>6. <strong>Como \u00e9 que posso garantir que o meu casamento \u00e9 \u00fanico?<\/strong><\/h4>\n<p>A chave para um casamento \u00fanico \u00e9 o planeamento personalizado e o design criativo. Na ChiaraB Events, ouvimos atentamente as vossas ideias e propomos elementos que reflectem a vossa personalidade. Atrav\u00e9s da colabora\u00e7\u00e3o com fornecedores criativos e com a nossa equipa de design, criamos uma experi\u00eancia personalizada que deixar\u00e1 uma impress\u00e3o indel\u00e9vel em si e nos seus convidados.<\/p>\n<h4>7. <strong>Quanto custa um organizador de casamentos?<\/strong><\/h4>\n<p>O custo varia consoante o tipo de servi\u00e7o necess\u00e1rio e a complexidade do evento. Ap\u00f3s uma primeira consulta gratuita para compreender as suas necessidades, apresentamos um or\u00e7amento pormenorizado e transparente. O nosso objetivo \u00e9 oferecer-lhe o melhor valor poss\u00edvel dentro do seu or\u00e7amento.<\/p>\n<h4>8. <strong>Como posso manter-me dentro do meu or\u00e7amento?<\/strong><\/h4>\n<p>Eis algumas dicas para respeitar o or\u00e7amento:<\/p>\n<ul>\n<li><strong>Prioridades:<\/strong> Identifique os aspectos que s\u00e3o mais importantes para si e invista mais nessas \u00e1reas.<\/li>\n<li><strong>N\u00famero de convidados:<\/strong> Reduzir o n\u00famero de convidados \u00e9 uma das formas mais f\u00e1ceis de controlar os custos.<\/li>\n<li><strong>Flexibilidade:<\/strong> A escolha de uma data menos popular ou de um local mais conveniente pode reduzir significativamente os custos.<\/li>\n<li><strong>Consulta profissional:<\/strong> Um organizador de casamentos pode ajud\u00e1-lo a encontrar fornecedores de qualidade dentro do seu or\u00e7amento.<\/li>\n<\/ul>\n<h4>9. <strong>ChiaraB Events trabalha com fornecedores espec\u00edficos?<\/strong><\/h4>\n<p>Temos uma rede estabelecida de fornecedores de confian\u00e7a com quem trabalhamos frequentemente, mas estamos sempre abertos a novas colabora\u00e7\u00f5es. Se j\u00e1 tem fornecedores preferidos ou gostaria de escolher outros fornecedores, teremos todo o gosto em trabalhar com eles para garantir uma experi\u00eancia tranquila.<\/p>\n<h4>10. <strong>Oferecem servi\u00e7os para destination weddings?<\/strong><\/h4>\n<p>Sim, tamb\u00e9m nos especializamos em destination weddings em alguns dos locais mais bonitos de It\u00e1lia. Tratamos de toda a log\u00edstica por si, desde a reserva do local at\u00e9 \u00e0 organiza\u00e7\u00e3o do transporte e do alojamento, para que se possa concentrar na celebra\u00e7\u00e3o.<\/p>\n<h4>11. <strong>\u00c9 necess\u00e1rio um coordenador do dia do casamento?<\/strong><\/h4>\n<p>Um coordenador do dia do casamento \u00e9 essencial para garantir que tudo corre bem. Ele garante que todos os pormenores s\u00e3o executados de acordo com o plano e resolve quaisquer problemas em tempo real. Al\u00e9m disso, permite-lhe a si e \u00e0 sua fam\u00edlia desfrutar do dia sem preocupa\u00e7\u00f5es.<\/p>\n<h4>12. <strong>Como se processa a comunica\u00e7\u00e3o durante o planeamento?<\/strong><\/h4>\n<p>Preferimos uma comunica\u00e7\u00e3o constante e transparente com os nossos clientes. Criamos um plano de comunica\u00e7\u00e3o que inclui e-mails, chamadas telef\u00f3nicas e reuni\u00f5es regulares para discutir o progresso. Adaptamos o m\u00e9todo de comunica\u00e7\u00e3o \u00e0s prefer\u00eancias de cada cliente.<\/p>\n<h4>13. <strong>Como posso reservar ChiaraB Events para o meu casamento?<\/strong><\/h4>\n<p>Pode contactar-nos atrav\u00e9s do formul\u00e1rio no nosso s\u00edtio Web ou por correio eletr\u00f3nico para marcar uma primeira consulta gratuita. Ap\u00f3s a consulta, fornecer-lhe-emos um or\u00e7amento detalhado e um plano de trabalho para iniciar o processo de planeamento.<\/p>\n<h4>14. <strong>Que medidas de seguran\u00e7a foram tomadas durante a pandemia de COVID-19?<\/strong><\/h4>\n<p>Seguimos todas as diretrizes locais e nacionais para garantir a seguran\u00e7a de todos os participantes. Isto inclui o distanciamento social, a utiliza\u00e7\u00e3o de equipamento de prote\u00e7\u00e3o individual e a higieniza\u00e7\u00e3o dos espa\u00e7os. Al\u00e9m disso, trabalhamos em estreita colabora\u00e7\u00e3o com o local e os fornecedores para implementar medidas de seguran\u00e7a espec\u00edficas para o seu casamento.<\/p>\n<h4>15. <strong>Como \u00e9 que posso tornar o meu casamento mais sustent\u00e1vel?<\/strong><\/h4>\n<p>Aqui est\u00e3o algumas ideias para um casamento amigo do ambiente:<\/p>\n<ul>\n<li><strong>Decora\u00e7\u00f5es reutiliz\u00e1veis:<\/strong> Utilize decora\u00e7\u00f5es que possam ser reutilizadas ou recicladas.<\/li>\n<li><strong><a href=\"https:\/\/chiarabevents.com\/pt\/guias-e-dicas\/dicas-para-escolher-o-fornecedor-perfeito-para-o-seu-casamento-na-sicilia\/\">Restaura\u00e7\u00e3o<\/a> local:<\/strong> Escolha fornecedores de alimentos que utilizem ingredientes locais e sazonais.<\/li>\n<li><strong>Convites digitais:<\/strong> Considere convites electr\u00f3nicos para reduzir a utiliza\u00e7\u00e3o de papel.<\/li>\n<li><strong>Presentes de solidariedade:<\/strong> Ofere\u00e7a presentes de casamento que apoiem causas de caridade.<\/li>\n<\/ul>\n<h4>16. <strong>Posso mudar de ideias sobre os pormenores do evento durante o planeamento?<\/strong><\/h4>\n<p>Sim, compreendemos que as prefer\u00eancias e as circunst\u00e2ncias podem mudar. Somos flex\u00edveis e trabalharemos consigo para atualizar o plano em conformidade, tendo sempre em aten\u00e7\u00e3o o or\u00e7amento e o calend\u00e1rio.<\/p>\n<h4>17. <strong>Tem experi\u00eancia com casamentos de diferentes culturas e religi\u00f5es?<\/strong><\/h4>\n<p>Sim, j\u00e1 organiz\u00e1mos casamentos de diferentes culturas e religi\u00f5es. Respeitamos as tradi\u00e7\u00f5es \u00fanicas de cada cliente e fazemos o nosso melhor para incorporar esses pormenores de forma aut\u00eantica no evento.<\/p>\n<h4>18. <strong>Que tend\u00eancias tem visto nos casamentos ultimamente?<\/strong><\/h4>\n<p>Algumas das tend\u00eancias recentes incluem:<\/p>\n<ul>\n<li><strong>Casamentos \u00edntimos:<\/strong> Casamentos pequenos com uma lista de convidados pequena.<\/li>\n<li><strong>Cores arrojadas:<\/strong> Paletas de cores vivas, como o verde-esmeralda, o vermelho-rubi e o dourado.<\/li>\n<li><strong>Decora\u00e7\u00f5es naturais:<\/strong> Utiliza\u00e7\u00e3o de flores silvestres e elementos org\u00e2nicos na decora\u00e7\u00e3o de espa\u00e7os.<\/li>\n<li><strong>Experi\u00eancias para os h\u00f3spedes:<\/strong> <a href=\"https:\/\/chiarabevents.com\/pt\/eventos\/\">Eventos<\/a> adaptados para envolver os convidados, como provas de vinhos e m\u00fasica ao vivo.<\/li>\n<\/ul>\n<h4>19. <strong>Oferecem servi\u00e7os de conce\u00e7\u00e3o criativa separadamente do planeamento?<\/strong><\/h4>\n<p>Sim, a nossa equipa de design pode criar um projeto de decora\u00e7\u00e3o personalizado, mesmo que n\u00e3o necessite de servi\u00e7os de planeamento completos. Podemos ajud\u00e1-lo com temas, cores, layouts e acess\u00f3rios para garantir uma apar\u00eancia coesa.<\/p>\n<h4>20. <strong>O que distingue a ChiaraB Events dos outros organizadores de casamentos?<\/strong><\/h4>\n<p>A nossa abordagem personalizada e orientada para os pormenores distingue-nos. Trabalhamos em estreita colabora\u00e7\u00e3o com os nossos clientes, ouvindo atentamente as suas prefer\u00eancias e produzindo um plano feito \u00e0 medida que reflecte a sua vis\u00e3o. Al\u00e9m disso, a nossa experi\u00eancia e a nossa rede de fornecedores de confian\u00e7a permitem-nos oferecer servi\u00e7os de alta qualidade e solu\u00e7\u00f5es criativas para cada desafio de planeamento.<\/p>","protected":false},"excerpt":{"rendered":"<p>FAQ &#8211; Domande Frequenti su ChiaraB Events 1. Perch\u00e9 dovrei assumere un wedding planner? Un wedding planner pu\u00f2 fare la differenza tra una giornata stressante e un evento perfettamente coordinato. Un planner professionista: Risparmia Tempo: Gestisce tutte le comunicazioni e le scadenze con i fornitori, consentendo a te di concentrarti su ci\u00f2 che \u00e8 pi\u00f9 importante. Riduce [&hellip;]<\/p>","protected":false},"author":2,"featured_media":0,"parent":0,"menu_order":0,"comment_status":"closed","ping_status":"closed","template":"","meta":{"footnotes":""},"class_list":["post-8082","page","type-page","status-publish","hentry"],"yoast_head":"<!-- This site is optimized with the Yoast SEO Premium plugin v21.8 (Yoast SEO v27.3) - https:\/\/yoast.com\/product\/yoast-seo-premium-wordpress\/ -->\n<title>FAQ - ChiaraB Events Wedding Planner<\/title>\n<meta name=\"description\" content=\"Trova le risposte alle domande pi\u00f9 comuni sul wedding planner, sui costi e sui suggerimenti per la programmazione del tuo giorno speciale.\" \/>\n<meta name=\"robots\" content=\"index, follow, max-snippet:-1, max-image-preview:large, max-video-preview:-1\" \/>\n<link rel=\"canonical\" href=\"https:\/\/chiarabevents.com\/pt\/faq\/\" \/>\n<meta property=\"og:locale\" content=\"pt_PT\" \/>\n<meta property=\"og:type\" content=\"article\" \/>\n<meta property=\"og:title\" content=\"FAQ\" \/>\n<meta property=\"og:description\" content=\"Trova le risposte alle domande pi\u00f9 comuni sul wedding planner, sui costi e sui suggerimenti per la programmazione del tuo giorno speciale.\" \/>\n<meta property=\"og:url\" content=\"https:\/\/chiarabevents.com\/pt\/faq\/\" \/>\n<meta property=\"og:site_name\" content=\"ChiaraB Events Wedding Planner\" \/>\n<meta property=\"article:publisher\" content=\"https:\/\/www.facebook.com\/chiarabevent\" \/>\n<meta property=\"article:modified_time\" content=\"2024-12-08T09:28:27+00:00\" \/>\n<meta name=\"twitter:card\" content=\"summary_large_image\" \/>\n<meta name=\"twitter:label1\" content=\"Est. reading time\" \/>\n\t<meta name=\"twitter:data1\" content=\"7 minutes\" \/>\n<script type=\"application\/ld+json\" class=\"yoast-schema-graph\">{\"@context\":\"https:\\\/\\\/schema.org\",\"@graph\":[{\"@type\":\"WebPage\",\"@id\":\"https:\\\/\\\/chiarabevents.com\\\/faq\\\/\",\"url\":\"https:\\\/\\\/chiarabevents.com\\\/faq\\\/\",\"name\":\"FAQ - ChiaraB Events Wedding Planner\",\"isPartOf\":{\"@id\":\"https:\\\/\\\/chiarabevents.com\\\/#website\"},\"datePublished\":\"2024-05-11T07:11:37+00:00\",\"dateModified\":\"2024-12-08T09:28:27+00:00\",\"description\":\"Trova le risposte alle domande pi\u00f9 comuni sul wedding planner, sui costi e sui suggerimenti per la programmazione del tuo giorno speciale.\",\"breadcrumb\":{\"@id\":\"https:\\\/\\\/chiarabevents.com\\\/faq\\\/#breadcrumb\"},\"inLanguage\":\"pt-PT\",\"potentialAction\":[{\"@type\":\"ReadAction\",\"target\":[\"https:\\\/\\\/chiarabevents.com\\\/faq\\\/\"]}]},{\"@type\":\"BreadcrumbList\",\"@id\":\"https:\\\/\\\/chiarabevents.com\\\/faq\\\/#breadcrumb\",\"itemListElement\":[{\"@type\":\"ListItem\",\"position\":1,\"name\":\"Home\",\"item\":\"https:\\\/\\\/chiarabevents.com\\\/\"},{\"@type\":\"ListItem\",\"position\":2,\"name\":\"FAQ\"}]},{\"@type\":\"WebSite\",\"@id\":\"https:\\\/\\\/chiarabevents.com\\\/#website\",\"url\":\"https:\\\/\\\/chiarabevents.com\\\/\",\"name\":\"ChiaraB Events Wedding Planner\",\"description\":\"Un meraviglioso percorso fatto insieme\",\"publisher\":{\"@id\":\"https:\\\/\\\/chiarabevents.com\\\/#organization\"},\"potentialAction\":[{\"@type\":\"SearchAction\",\"target\":{\"@type\":\"EntryPoint\",\"urlTemplate\":\"https:\\\/\\\/chiarabevents.com\\\/?s={search_term_string}\"},\"query-input\":{\"@type\":\"PropertyValueSpecification\",\"valueRequired\":true,\"valueName\":\"search_term_string\"}}],\"inLanguage\":\"pt-PT\"},{\"@type\":\"Organization\",\"@id\":\"https:\\\/\\\/chiarabevents.com\\\/#organization\",\"name\":\"ChiaraB Events Wedding Planner\",\"url\":\"https:\\\/\\\/chiarabevents.com\\\/\",\"logo\":{\"@type\":\"ImageObject\",\"inLanguage\":\"pt-PT\",\"@id\":\"https:\\\/\\\/chiarabevents.com\\\/#\\\/schema\\\/logo\\\/image\\\/\",\"url\":\"https:\\\/\\\/chiarabevents.com\\\/wp-content\\\/uploads\\\/2023\\\/12\\\/cropped-Monogramma_chiarab.png\",\"contentUrl\":\"https:\\\/\\\/chiarabevents.com\\\/wp-content\\\/uploads\\\/2023\\\/12\\\/cropped-Monogramma_chiarab.png\",\"width\":512,\"height\":512,\"caption\":\"ChiaraB Events Wedding Planner\"},\"image\":{\"@id\":\"https:\\\/\\\/chiarabevents.com\\\/#\\\/schema\\\/logo\\\/image\\\/\"},\"sameAs\":[\"https:\\\/\\\/www.facebook.com\\\/chiarabevent\",\"https:\\\/\\\/www.instagram.com\\\/chiarab_events\\\/\"]}]}<\/script>\n<!-- \/ Yoast SEO Premium plugin. -->","yoast_head_json":{"title":"FAQ - ChiaraB Events Wedding Planner","description":"Encontre respostas para as perguntas mais comuns sobre organizadores de casamentos, custos e dicas para planear o seu dia especial.","robots":{"index":"index","follow":"follow","max-snippet":"max-snippet:-1","max-image-preview":"max-image-preview:large","max-video-preview":"max-video-preview:-1"},"canonical":"https:\/\/chiarabevents.com\/pt\/faq\/","og_locale":"pt_PT","og_type":"article","og_title":"FAQ","og_description":"Trova le risposte alle domande pi\u00f9 comuni sul wedding planner, sui costi e sui suggerimenti per la programmazione del tuo giorno speciale.","og_url":"https:\/\/chiarabevents.com\/pt\/faq\/","og_site_name":"ChiaraB Events Wedding Planner","article_publisher":"https:\/\/www.facebook.com\/chiarabevent","article_modified_time":"2024-12-08T09:28:27+00:00","twitter_card":"summary_large_image","twitter_misc":{"Est. reading time":"7 minutes"},"schema":{"@context":"https:\/\/schema.org","@graph":[{"@type":"WebPage","@id":"https:\/\/chiarabevents.com\/faq\/","url":"https:\/\/chiarabevents.com\/faq\/","name":"FAQ - ChiaraB Events Wedding Planner","isPartOf":{"@id":"https:\/\/chiarabevents.com\/#website"},"datePublished":"2024-05-11T07:11:37+00:00","dateModified":"2024-12-08T09:28:27+00:00","description":"Encontre respostas para as perguntas mais comuns sobre organizadores de casamentos, custos e dicas para planear o seu dia especial.","breadcrumb":{"@id":"https:\/\/chiarabevents.com\/faq\/#breadcrumb"},"inLanguage":"pt-PT","potentialAction":[{"@type":"ReadAction","target":["https:\/\/chiarabevents.com\/faq\/"]}]},{"@type":"BreadcrumbList","@id":"https:\/\/chiarabevents.com\/faq\/#breadcrumb","itemListElement":[{"@type":"ListItem","position":1,"name":"Home","item":"https:\/\/chiarabevents.com\/"},{"@type":"ListItem","position":2,"name":"FAQ"}]},{"@type":"WebSite","@id":"https:\/\/chiarabevents.com\/#website","url":"https:\/\/chiarabevents.com\/","name":"ChiaraB Events Organizador de casamentos","description":"Uma viagem maravilhosa juntos","publisher":{"@id":"https:\/\/chiarabevents.com\/#organization"},"potentialAction":[{"@type":"SearchAction","target":{"@type":"EntryPoint","urlTemplate":"https:\/\/chiarabevents.com\/?s={search_term_string}"},"query-input":{"@type":"PropertyValueSpecification","valueRequired":true,"valueName":"search_term_string"}}],"inLanguage":"pt-PT"},{"@type":"Organization","@id":"https:\/\/chiarabevents.com\/#organization","name":"ChiaraB Events Organizador de casamentos","url":"https:\/\/chiarabevents.com\/","logo":{"@type":"ImageObject","inLanguage":"pt-PT","@id":"https:\/\/chiarabevents.com\/#\/schema\/logo\/image\/","url":"https:\/\/chiarabevents.com\/wp-content\/uploads\/2023\/12\/cropped-Monogramma_chiarab.png","contentUrl":"https:\/\/chiarabevents.com\/wp-content\/uploads\/2023\/12\/cropped-Monogramma_chiarab.png","width":512,"height":512,"caption":"ChiaraB Events Wedding Planner"},"image":{"@id":"https:\/\/chiarabevents.com\/#\/schema\/logo\/image\/"},"sameAs":["https:\/\/www.facebook.com\/chiarabevent","https:\/\/www.instagram.com\/chiarab_events\/"]}]}},"_links":{"self":[{"href":"https:\/\/chiarabevents.com\/pt\/wp-json\/wp\/v2\/pages\/8082","targetHints":{"allow":["GET"]}}],"collection":[{"href":"https:\/\/chiarabevents.com\/pt\/wp-json\/wp\/v2\/pages"}],"about":[{"href":"https:\/\/chiarabevents.com\/pt\/wp-json\/wp\/v2\/types\/page"}],"author":[{"embeddable":true,"href":"https:\/\/chiarabevents.com\/pt\/wp-json\/wp\/v2\/users\/2"}],"replies":[{"embeddable":true,"href":"https:\/\/chiarabevents.com\/pt\/wp-json\/wp\/v2\/comments?post=8082"}],"version-history":[{"count":0,"href":"https:\/\/chiarabevents.com\/pt\/wp-json\/wp\/v2\/pages\/8082\/revisions"}],"wp:attachment":[{"href":"https:\/\/chiarabevents.com\/pt\/wp-json\/wp\/v2\/media?parent=8082"}],"curies":[{"name":"wp","href":"https:\/\/api.w.org\/{rel}","templated":true}]}}