{"id":34432,"date":"2026-02-27T23:17:41","date_gmt":"2026-02-27T21:17:41","guid":{"rendered":"https:\/\/chiarabevents.com\/"},"modified":"2026-03-03T14:19:28","modified_gmt":"2026-03-03T12:19:28","slug":"planifikues-dasmash-sicilia","status":"publish","type":"page","link":"https:\/\/chiarabevents.com\/sq\/planifikues-dasmash-sicilia\/","title":{"rendered":"Planifikuesi i Dasmave Sicilia"},"content":{"rendered":"","protected":false},"excerpt":{"rendered":"","protected":false},"author":1,"featured_media":34360,"parent":0,"menu_order":0,"comment_status":"closed","ping_status":"closed","template":"page-wedding-planner.php","meta":{"footnotes":""},"class_list":["post-34432","page","type-page","status-publish","has-post-thumbnail","hentry"],"yoast_head":"<!-- This site is optimized with the Yoast SEO Premium plugin v21.8 (Yoast SEO v27.3) - https:\/\/yoast.com\/product\/yoast-seo-premium-wordpress\/ -->\n<title>Wedding Planner Sicilia: Organizza il Matrimonio Perfetto<\/title>\n<meta name=\"description\" content=\"Scopri il miglior Wedding Planner Sicilia per un matrimonio indimenticabile. Affidati a esperti e realizza il tuo sogno. Contattaci ora!\" \/>\n<meta name=\"robots\" content=\"index, follow, max-snippet:-1, max-image-preview:large, max-video-preview:-1\" \/>\n<link rel=\"canonical\" href=\"https:\/\/chiarabevents.com\/sq\/planifikues-dasmash-sicilia\/\" \/>\n<meta property=\"og:locale\" content=\"sq_AL\" \/>\n<meta property=\"og:type\" content=\"article\" \/>\n<meta property=\"og:title\" content=\"Wedding Planner Sicilia\" \/>\n<meta property=\"og:description\" content=\"Scopri il miglior Wedding Planner Sicilia per un matrimonio indimenticabile. Affidati a esperti e realizza il tuo sogno. Contattaci ora!\" \/>\n<meta property=\"og:url\" content=\"https:\/\/chiarabevents.com\/sq\/planifikues-dasmash-sicilia\/\" \/>\n<meta property=\"og:site_name\" content=\"ChiaraB Events Wedding Planner\" \/>\n<meta property=\"article:publisher\" content=\"https:\/\/www.facebook.com\/chiarabevent\" \/>\n<meta property=\"article:modified_time\" content=\"2026-03-03T12:19:28+00:00\" \/>\n<meta property=\"og:image\" content=\"https:\/\/chiarabevents.com\/wp-content\/uploads\/2026\/02\/groom-twists-his-bride-his-arms-against-backdrop-woods-scaled.jpg\" \/>\n\t<meta property=\"og:image:width\" content=\"2560\" \/>\n\t<meta property=\"og:image:height\" content=\"1707\" \/>\n\t<meta property=\"og:image:type\" content=\"image\/jpeg\" \/>\n<meta name=\"twitter:card\" content=\"summary_large_image\" \/>\n<meta name=\"twitter:label1\" content=\"Est. reading time\" \/>\n\t<meta name=\"twitter:data1\" content=\"1 minute\" \/>\n<script type=\"application\/ld+json\" class=\"yoast-schema-graph\">{\"@context\":\"https:\\\/\\\/schema.org\",\"@graph\":[{\"@type\":\"WebPage\",\"@id\":\"https:\\\/\\\/chiarabevents.com\\\/wedding-planner-sicilia\\\/\",\"url\":\"https:\\\/\\\/chiarabevents.com\\\/wedding-planner-sicilia\\\/\",\"name\":\"Wedding Planner Sicilia: Organizza il Matrimonio Perfetto\",\"isPartOf\":{\"@id\":\"https:\\\/\\\/chiarabevents.com\\\/#website\"},\"primaryImageOfPage\":{\"@id\":\"https:\\\/\\\/chiarabevents.com\\\/wedding-planner-sicilia\\\/#primaryimage\"},\"image\":{\"@id\":\"https:\\\/\\\/chiarabevents.com\\\/wedding-planner-sicilia\\\/#primaryimage\"},\"thumbnailUrl\":\"https:\\\/\\\/chiarabevents.com\\\/wp-content\\\/uploads\\\/2026\\\/02\\\/groom-twists-his-bride-his-arms-against-backdrop-woods-scaled.jpg\",\"datePublished\":\"2026-02-27T21:17:41+00:00\",\"dateModified\":\"2026-03-03T12:19:28+00:00\",\"description\":\"Scopri il miglior Wedding Planner Sicilia per un matrimonio indimenticabile. Affidati a esperti e realizza il tuo sogno. Contattaci ora!\",\"breadcrumb\":{\"@id\":\"https:\\\/\\\/chiarabevents.com\\\/wedding-planner-sicilia\\\/#breadcrumb\"},\"inLanguage\":\"sq\",\"potentialAction\":[{\"@type\":\"ReadAction\",\"target\":[\"https:\\\/\\\/chiarabevents.com\\\/wedding-planner-sicilia\\\/\"]}]},{\"@type\":\"ImageObject\",\"inLanguage\":\"sq\",\"@id\":\"https:\\\/\\\/chiarabevents.com\\\/wedding-planner-sicilia\\\/#primaryimage\",\"url\":\"https:\\\/\\\/chiarabevents.com\\\/wp-content\\\/uploads\\\/2026\\\/02\\\/groom-twists-his-bride-his-arms-against-backdrop-woods-scaled.jpg\",\"contentUrl\":\"https:\\\/\\\/chiarabevents.com\\\/wp-content\\\/uploads\\\/2026\\\/02\\\/groom-twists-his-bride-his-arms-against-backdrop-woods-scaled.jpg\",\"width\":2560,\"height\":1707,\"caption\":\"The groom twists his bride in his arms against the backdrop of the woods. The bride hugs the groom. happy the veil flutters in the wind.\"},{\"@type\":\"BreadcrumbList\",\"@id\":\"https:\\\/\\\/chiarabevents.com\\\/wedding-planner-sicilia\\\/#breadcrumb\",\"itemListElement\":[{\"@type\":\"ListItem\",\"position\":1,\"name\":\"Home\",\"item\":\"https:\\\/\\\/chiarabevents.com\\\/\"},{\"@type\":\"ListItem\",\"position\":2,\"name\":\"Wedding Planner Sicilia\"}]},{\"@type\":\"WebSite\",\"@id\":\"https:\\\/\\\/chiarabevents.com\\\/#website\",\"url\":\"https:\\\/\\\/chiarabevents.com\\\/\",\"name\":\"ChiaraB Events Wedding Planner\",\"description\":\"Un meraviglioso percorso fatto insieme\",\"publisher\":{\"@id\":\"https:\\\/\\\/chiarabevents.com\\\/#organization\"},\"potentialAction\":[{\"@type\":\"SearchAction\",\"target\":{\"@type\":\"EntryPoint\",\"urlTemplate\":\"https:\\\/\\\/chiarabevents.com\\\/?s={search_term_string}\"},\"query-input\":{\"@type\":\"PropertyValueSpecification\",\"valueRequired\":true,\"valueName\":\"search_term_string\"}}],\"inLanguage\":\"sq\"},{\"@type\":\"Organization\",\"@id\":\"https:\\\/\\\/chiarabevents.com\\\/#organization\",\"name\":\"ChiaraB Events Wedding Planner\",\"url\":\"https:\\\/\\\/chiarabevents.com\\\/\",\"logo\":{\"@type\":\"ImageObject\",\"inLanguage\":\"sq\",\"@id\":\"https:\\\/\\\/chiarabevents.com\\\/#\\\/schema\\\/logo\\\/image\\\/\",\"url\":\"https:\\\/\\\/chiarabevents.com\\\/wp-content\\\/uploads\\\/2023\\\/12\\\/cropped-Monogramma_chiarab.png\",\"contentUrl\":\"https:\\\/\\\/chiarabevents.com\\\/wp-content\\\/uploads\\\/2023\\\/12\\\/cropped-Monogramma_chiarab.png\",\"width\":512,\"height\":512,\"caption\":\"ChiaraB Events Wedding Planner\"},\"image\":{\"@id\":\"https:\\\/\\\/chiarabevents.com\\\/#\\\/schema\\\/logo\\\/image\\\/\"},\"sameAs\":[\"https:\\\/\\\/www.facebook.com\\\/chiarabevent\",\"https:\\\/\\\/www.instagram.com\\\/chiarab_events\\\/\"]}]}<\/script>\n<!-- \/ Yoast SEO Premium plugin. -->","yoast_head_json":{"title":"Planifikuesi i Dasm\u00ebs n\u00eb Si\u00e7ili: Organizoni Dasm\u00ebn e P\u00ebrkryer","description":"Zbuloni Wedding Planner-in m\u00eb t\u00eb mir\u00eb n\u00eb Sicili p\u00ebr nj\u00eb martes\u00eb t\u00eb paharrueshme. Besoni ekspert\u00ebve dhe realizoni \u00ebndrr\u00ebn tuaj. Na kontaktoni tani!","robots":{"index":"index","follow":"follow","max-snippet":"max-snippet:-1","max-image-preview":"max-image-preview:large","max-video-preview":"max-video-preview:-1"},"canonical":"https:\/\/chiarabevents.com\/sq\/planifikues-dasmash-sicilia\/","og_locale":"sq_AL","og_type":"article","og_title":"Wedding Planner Sicilia","og_description":"Scopri il miglior Wedding Planner Sicilia per un matrimonio indimenticabile. Affidati a esperti e realizza il tuo sogno. Contattaci ora!","og_url":"https:\/\/chiarabevents.com\/sq\/planifikues-dasmash-sicilia\/","og_site_name":"ChiaraB Events Wedding Planner","article_publisher":"https:\/\/www.facebook.com\/chiarabevent","article_modified_time":"2026-03-03T12:19:28+00:00","og_image":[{"width":2560,"height":1707,"url":"https:\/\/chiarabevents.com\/wp-content\/uploads\/2026\/02\/groom-twists-his-bride-his-arms-against-backdrop-woods-scaled.jpg","type":"image\/jpeg"}],"twitter_card":"summary_large_image","twitter_misc":{"Est. reading time":"1 minute"},"schema":{"@context":"https:\/\/schema.org","@graph":[{"@type":"WebPage","@id":"https:\/\/chiarabevents.com\/wedding-planner-sicilia\/","url":"https:\/\/chiarabevents.com\/wedding-planner-sicilia\/","name":"Planifikuesi i Dasm\u00ebs n\u00eb Si\u00e7ili: Organizoni Dasm\u00ebn e P\u00ebrkryer","isPartOf":{"@id":"https:\/\/chiarabevents.com\/#website"},"primaryImageOfPage":{"@id":"https:\/\/chiarabevents.com\/wedding-planner-sicilia\/#primaryimage"},"image":{"@id":"https:\/\/chiarabevents.com\/wedding-planner-sicilia\/#primaryimage"},"thumbnailUrl":"https:\/\/chiarabevents.com\/wp-content\/uploads\/2026\/02\/groom-twists-his-bride-his-arms-against-backdrop-woods-scaled.jpg","datePublished":"2026-02-27T21:17:41+00:00","dateModified":"2026-03-03T12:19:28+00:00","description":"Zbuloni Wedding Planner-in m\u00eb t\u00eb mir\u00eb n\u00eb Sicili p\u00ebr nj\u00eb martes\u00eb t\u00eb paharrueshme. Besoni ekspert\u00ebve dhe realizoni \u00ebndrr\u00ebn tuaj. Na kontaktoni tani!","breadcrumb":{"@id":"https:\/\/chiarabevents.com\/wedding-planner-sicilia\/#breadcrumb"},"inLanguage":"sq","potentialAction":[{"@type":"ReadAction","target":["https:\/\/chiarabevents.com\/wedding-planner-sicilia\/"]}]},{"@type":"ImageObject","inLanguage":"sq","@id":"https:\/\/chiarabevents.com\/wedding-planner-sicilia\/#primaryimage","url":"https:\/\/chiarabevents.com\/wp-content\/uploads\/2026\/02\/groom-twists-his-bride-his-arms-against-backdrop-woods-scaled.jpg","contentUrl":"https:\/\/chiarabevents.com\/wp-content\/uploads\/2026\/02\/groom-twists-his-bride-his-arms-against-backdrop-woods-scaled.jpg","width":2560,"height":1707,"caption":"The groom twists his bride in his arms against the backdrop of the woods. The bride hugs the groom. happy the veil flutters in the wind."},{"@type":"BreadcrumbList","@id":"https:\/\/chiarabevents.com\/wedding-planner-sicilia\/#breadcrumb","itemListElement":[{"@type":"ListItem","position":1,"name":"Home","item":"https:\/\/chiarabevents.com\/"},{"@type":"ListItem","position":2,"name":"Wedding Planner Sicilia"}]},{"@type":"WebSite","@id":"https:\/\/chiarabevents.com\/#website","url":"https:\/\/chiarabevents.com\/","name":"ChiaraB Events Organizatore Dasmash","description":"Nj\u00eb rrug\u00ebtim i mrekulluesh\u00ebm i b\u00ebr\u00eb s\u00eb bashku","publisher":{"@id":"https:\/\/chiarabevents.com\/#organization"},"potentialAction":[{"@type":"SearchAction","target":{"@type":"EntryPoint","urlTemplate":"https:\/\/chiarabevents.com\/?s={search_term_string}"},"query-input":{"@type":"PropertyValueSpecification","valueRequired":true,"valueName":"search_term_string"}}],"inLanguage":"sq"},{"@type":"Organization","@id":"https:\/\/chiarabevents.com\/#organization","name":"ChiaraB Events Organizatore Dasmash","url":"https:\/\/chiarabevents.com\/","logo":{"@type":"ImageObject","inLanguage":"sq","@id":"https:\/\/chiarabevents.com\/#\/schema\/logo\/image\/","url":"https:\/\/chiarabevents.com\/wp-content\/uploads\/2023\/12\/cropped-Monogramma_chiarab.png","contentUrl":"https:\/\/chiarabevents.com\/wp-content\/uploads\/2023\/12\/cropped-Monogramma_chiarab.png","width":512,"height":512,"caption":"ChiaraB Events Wedding Planner"},"image":{"@id":"https:\/\/chiarabevents.com\/#\/schema\/logo\/image\/"},"sameAs":["https:\/\/www.facebook.com\/chiarabevent","https:\/\/www.instagram.com\/chiarab_events\/"]}]}},"_links":{"self":[{"href":"https:\/\/chiarabevents.com\/sq\/wp-json\/wp\/v2\/pages\/34432","targetHints":{"allow":["GET"]}}],"collection":[{"href":"https:\/\/chiarabevents.com\/sq\/wp-json\/wp\/v2\/pages"}],"about":[{"href":"https:\/\/chiarabevents.com\/sq\/wp-json\/wp\/v2\/types\/page"}],"author":[{"embeddable":true,"href":"https:\/\/chiarabevents.com\/sq\/wp-json\/wp\/v2\/users\/1"}],"replies":[{"embeddable":true,"href":"https:\/\/chiarabevents.com\/sq\/wp-json\/wp\/v2\/comments?post=34432"}],"version-history":[{"count":1,"href":"https:\/\/chiarabevents.com\/sq\/wp-json\/wp\/v2\/pages\/34432\/revisions"}],"predecessor-version":[{"id":34433,"href":"https:\/\/chiarabevents.com\/sq\/wp-json\/wp\/v2\/pages\/34432\/revisions\/34433"}],"wp:featuredmedia":[{"embeddable":true,"href":"https:\/\/chiarabevents.com\/sq\/wp-json\/wp\/v2\/media\/34360"}],"wp:attachment":[{"href":"https:\/\/chiarabevents.com\/sq\/wp-json\/wp\/v2\/media?parent=34432"}],"curies":[{"name":"wp","href":"https:\/\/api.w.org\/{rel}","templated":true}]}}