{"id":995,"date":"2019-12-02T09:01:15","date_gmt":"2019-12-02T09:01:15","guid":{"rendered":"https:\/\/solene.qodeinteractive.com\/elementor\/?page_id=995"},"modified":"2024-09-14T16:15:12","modified_gmt":"2024-09-14T16:15:12","slug":"ngjarje","status":"publish","type":"page","link":"https:\/\/chiarabevents.com\/sq\/ngjarje\/","title":{"rendered":"Evente"},"content":{"rendered":"<div data-elementor-type=\"wp-page\" data-elementor-id=\"995\" class=\"elementor elementor-995\">\n\t\t\t\t\t\t<section class=\"elementor-section elementor-top-section elementor-element elementor-element-67e457f9 elementor-section-full_width elementor-section-height-default elementor-section-height-default eltdf-parallax-row-no eltdf-content-aligment-left eltdf-elementor-row-grid-no eltdf-disabled-bg-image-bellow-no\" data-id=\"67e457f9\" data-element_type=\"section\">\n\t\t\t\t\t\t<div class=\"elementor-container elementor-column-gap-no\">\n\t\t\t\t\t<div class=\"elementor-column elementor-col-100 elementor-top-column elementor-element elementor-element-294960a7\" data-id=\"294960a7\" data-element_type=\"column\">\n\t\t\t<div class=\"elementor-widget-wrap elementor-element-populated\">\n\t\t\t\t\t\t<div class=\"elementor-element elementor-element-c5e158c elementor-widget elementor-widget-eltdf_portfolio_list\" data-id=\"c5e158c\" data-element_type=\"widget\" data-widget_type=\"eltdf_portfolio_list.default\">\n\t\t\t\t<div class=\"elementor-widget-container\">\n\t\t\t\t\t<div class=\"eltdf-portfolio-list-holder eltdf-grid-list eltdf-grid-masonry-list eltdf-pl-masonry eltdf-four-columns eltdf-tiny-space  eltdf-pl-gallery-overlay-predefined   eltdf-pl-has-shadow eltdf-pl-no-content eltdf-pl-pag-load-more eltdf-pl-has-filter\"  data-type=\"masonry\" data-number-of-columns=\"four\" data-space-between-items=\"tiny\" data-number-of-items=\"8\" data-enable-fixed-proportions=\"no\" data-enable-padding=\"no\" data-enable-image-shadow=\"yes\" data-category=\"eventi\" data-orderby=\"date\" data-order=\"ASC\" data-item-style=\"gallery-overlay-predefined\" data-enable-title=\"no\" data-enable-category=\"no\" data-enable-excerpt=\"no\" data-pagination-type=\"load-more\" data-load-more-top-margin=\"99px\" data-filter=\"yes\" data-filter-order-by=\"name\" data-enable-article-animation=\"no\" data-portfolio-slider-on=\"no\" data-enable-loop=\"yes\" data-enable-autoplay=\"yes\" data-slider-speed=\"5000\" data-slider-speed-animation=\"600\" data-enable-navigation=\"yes\" data-enable-pagination=\"yes\" data-main-title-tag=\"h3\" data-max-num-pages=\"0\" data-next-page=\"2\">\n\t\t<div class=\"eltdf-pl-filter-holder\" >\n\t\t<div class=\"eltdf-plf-inner\">\n\t\t\t\t\t\t\t<ul >\n\t\t\t\t\t<li class=\"eltdf-pl-filter\" data-filter=\"\">\n\t\t\t\t\t\t<span>Show all<\/span>\n\t\t\t\t\t<\/li>\n\t\t\t\t\t\t\t\t\t\t\t<li class=\"eltdf-pl-filter\" data-filter=\".portfolio-category-wedding\">\n\t\t\t\t\t\t\t<span>Dasma<\/span>\n\t\t\t\t\t\t<\/li>\n\t\t\t\t\t\t\t\t\t<\/ul>\n\t\t\t\t\t<\/div>\n\t<\/div>\n\t<div class=\"eltdf-pl-inner eltdf-outer-space eltdf-masonry-list-wrapper clearfix\">\n\t\t<div class=\"eltdf-masonry-grid-sizer\"><\/div>\n\t\t<div class=\"eltdf-masonry-grid-gutter\"><\/div>\n\t\t<p class=\"eltdf-pl-not-found\">Sorry, no posts matched your criteria.<\/p>\t<\/div>\n\t\n\t<\/div>\t\t\t\t<\/div>\n\t\t\t\t<\/div>\n\t\t\t\t\t<\/div>\n\t\t<\/div>\n\t\t\t\t\t<\/div>\n\t\t<\/section>\n\t\t\t\t<section class=\"elementor-section elementor-top-section elementor-element elementor-element-ee54a4b elementor-section-boxed elementor-section-height-default elementor-section-height-default eltdf-parallax-row-no eltdf-content-aligment-left eltdf-elementor-row-grid-no eltdf-disabled-bg-image-bellow-no\" data-id=\"ee54a4b\" data-element_type=\"section\">\n\t\t\t\t\t\t<div class=\"elementor-container elementor-column-gap-default\">\n\t\t\t\t\t<div class=\"elementor-column elementor-col-100 elementor-top-column elementor-element elementor-element-073a9b4\" data-id=\"073a9b4\" data-element_type=\"column\">\n\t\t\t<div class=\"elementor-widget-wrap\">\n\t\t\t\t\t\t\t<\/div>\n\t\t<\/div>\n\t\t\t\t\t<\/div>\n\t\t<\/section>\n\t\t\t\t<\/div>","protected":false},"excerpt":{"rendered":"","protected":false},"author":2,"featured_media":0,"parent":0,"menu_order":0,"comment_status":"closed","ping_status":"closed","template":"","meta":{"footnotes":""},"class_list":["post-995","page","type-page","status-publish","hentry"],"yoast_head":"<!-- This site is optimized with the Yoast SEO Premium plugin v21.8 (Yoast SEO v27.3) - https:\/\/yoast.com\/product\/yoast-seo-premium-wordpress\/ -->\n<title>Eventi - ChiaraB Events Wedding Planner<\/title>\n<meta name=\"robots\" content=\"index, follow, max-snippet:-1, max-image-preview:large, max-video-preview:-1\" \/>\n<link rel=\"canonical\" href=\"https:\/\/chiarabevents.com\/sq\/ngjarje\/\" \/>\n<meta property=\"og:locale\" content=\"sq_AL\" \/>\n<meta property=\"og:type\" content=\"article\" \/>\n<meta property=\"og:title\" content=\"Eventi\" \/>\n<meta property=\"og:url\" content=\"https:\/\/chiarabevents.com\/sq\/ngjarje\/\" \/>\n<meta property=\"og:site_name\" content=\"ChiaraB Events Wedding Planner\" \/>\n<meta property=\"article:publisher\" content=\"https:\/\/www.facebook.com\/chiarabevent\" \/>\n<meta property=\"article:modified_time\" content=\"2024-09-14T16:15:12+00:00\" \/>\n<meta name=\"twitter:card\" content=\"summary_large_image\" \/>\n<script type=\"application\/ld+json\" class=\"yoast-schema-graph\">{\"@context\":\"https:\\\/\\\/schema.org\",\"@graph\":[{\"@type\":\"WebPage\",\"@id\":\"https:\\\/\\\/chiarabevents.com\\\/eventi\\\/\",\"url\":\"https:\\\/\\\/chiarabevents.com\\\/eventi\\\/\",\"name\":\"Eventi - ChiaraB Events Wedding Planner\",\"isPartOf\":{\"@id\":\"https:\\\/\\\/chiarabevents.com\\\/#website\"},\"datePublished\":\"2019-12-02T09:01:15+00:00\",\"dateModified\":\"2024-09-14T16:15:12+00:00\",\"breadcrumb\":{\"@id\":\"https:\\\/\\\/chiarabevents.com\\\/eventi\\\/#breadcrumb\"},\"inLanguage\":\"sq\",\"potentialAction\":[{\"@type\":\"ReadAction\",\"target\":[\"https:\\\/\\\/chiarabevents.com\\\/eventi\\\/\"]}]},{\"@type\":\"BreadcrumbList\",\"@id\":\"https:\\\/\\\/chiarabevents.com\\\/eventi\\\/#breadcrumb\",\"itemListElement\":[{\"@type\":\"ListItem\",\"position\":1,\"name\":\"Home\",\"item\":\"https:\\\/\\\/chiarabevents.com\\\/\"},{\"@type\":\"ListItem\",\"position\":2,\"name\":\"Eventi\"}]},{\"@type\":\"WebSite\",\"@id\":\"https:\\\/\\\/chiarabevents.com\\\/#website\",\"url\":\"https:\\\/\\\/chiarabevents.com\\\/\",\"name\":\"ChiaraB Events Wedding Planner\",\"description\":\"Un meraviglioso percorso fatto insieme\",\"publisher\":{\"@id\":\"https:\\\/\\\/chiarabevents.com\\\/#organization\"},\"potentialAction\":[{\"@type\":\"SearchAction\",\"target\":{\"@type\":\"EntryPoint\",\"urlTemplate\":\"https:\\\/\\\/chiarabevents.com\\\/?s={search_term_string}\"},\"query-input\":{\"@type\":\"PropertyValueSpecification\",\"valueRequired\":true,\"valueName\":\"search_term_string\"}}],\"inLanguage\":\"sq\"},{\"@type\":\"Organization\",\"@id\":\"https:\\\/\\\/chiarabevents.com\\\/#organization\",\"name\":\"ChiaraB Events Wedding Planner\",\"url\":\"https:\\\/\\\/chiarabevents.com\\\/\",\"logo\":{\"@type\":\"ImageObject\",\"inLanguage\":\"sq\",\"@id\":\"https:\\\/\\\/chiarabevents.com\\\/#\\\/schema\\\/logo\\\/image\\\/\",\"url\":\"https:\\\/\\\/chiarabevents.com\\\/wp-content\\\/uploads\\\/2023\\\/12\\\/cropped-Monogramma_chiarab.png\",\"contentUrl\":\"https:\\\/\\\/chiarabevents.com\\\/wp-content\\\/uploads\\\/2023\\\/12\\\/cropped-Monogramma_chiarab.png\",\"width\":512,\"height\":512,\"caption\":\"ChiaraB Events Wedding Planner\"},\"image\":{\"@id\":\"https:\\\/\\\/chiarabevents.com\\\/#\\\/schema\\\/logo\\\/image\\\/\"},\"sameAs\":[\"https:\\\/\\\/www.facebook.com\\\/chiarabevent\",\"https:\\\/\\\/www.instagram.com\\\/chiarab_events\\\/\"]}]}<\/script>\n<!-- \/ Yoast SEO Premium plugin. -->","yoast_head_json":{"title":"Ngjarjet - ChiaraB Events Wedding Planner","robots":{"index":"index","follow":"follow","max-snippet":"max-snippet:-1","max-image-preview":"max-image-preview:large","max-video-preview":"max-video-preview:-1"},"canonical":"https:\/\/chiarabevents.com\/sq\/ngjarje\/","og_locale":"sq_AL","og_type":"article","og_title":"Eventi","og_url":"https:\/\/chiarabevents.com\/sq\/ngjarje\/","og_site_name":"ChiaraB Events Wedding Planner","article_publisher":"https:\/\/www.facebook.com\/chiarabevent","article_modified_time":"2024-09-14T16:15:12+00:00","twitter_card":"summary_large_image","schema":{"@context":"https:\/\/schema.org","@graph":[{"@type":"WebPage","@id":"https:\/\/chiarabevents.com\/eventi\/","url":"https:\/\/chiarabevents.com\/eventi\/","name":"Ngjarjet - ChiaraB Events Wedding Planner","isPartOf":{"@id":"https:\/\/chiarabevents.com\/#website"},"datePublished":"2019-12-02T09:01:15+00:00","dateModified":"2024-09-14T16:15:12+00:00","breadcrumb":{"@id":"https:\/\/chiarabevents.com\/eventi\/#breadcrumb"},"inLanguage":"sq","potentialAction":[{"@type":"ReadAction","target":["https:\/\/chiarabevents.com\/eventi\/"]}]},{"@type":"BreadcrumbList","@id":"https:\/\/chiarabevents.com\/eventi\/#breadcrumb","itemListElement":[{"@type":"ListItem","position":1,"name":"Home","item":"https:\/\/chiarabevents.com\/"},{"@type":"ListItem","position":2,"name":"Eventi"}]},{"@type":"WebSite","@id":"https:\/\/chiarabevents.com\/#website","url":"https:\/\/chiarabevents.com\/","name":"ChiaraB Events Organizatore Dasmash","description":"Nj\u00eb rrug\u00ebtim i mrekulluesh\u00ebm i b\u00ebr\u00eb s\u00eb bashku","publisher":{"@id":"https:\/\/chiarabevents.com\/#organization"},"potentialAction":[{"@type":"SearchAction","target":{"@type":"EntryPoint","urlTemplate":"https:\/\/chiarabevents.com\/?s={search_term_string}"},"query-input":{"@type":"PropertyValueSpecification","valueRequired":true,"valueName":"search_term_string"}}],"inLanguage":"sq"},{"@type":"Organization","@id":"https:\/\/chiarabevents.com\/#organization","name":"ChiaraB Events Organizatore Dasmash","url":"https:\/\/chiarabevents.com\/","logo":{"@type":"ImageObject","inLanguage":"sq","@id":"https:\/\/chiarabevents.com\/#\/schema\/logo\/image\/","url":"https:\/\/chiarabevents.com\/wp-content\/uploads\/2023\/12\/cropped-Monogramma_chiarab.png","contentUrl":"https:\/\/chiarabevents.com\/wp-content\/uploads\/2023\/12\/cropped-Monogramma_chiarab.png","width":512,"height":512,"caption":"ChiaraB Events Wedding Planner"},"image":{"@id":"https:\/\/chiarabevents.com\/#\/schema\/logo\/image\/"},"sameAs":["https:\/\/www.facebook.com\/chiarabevent","https:\/\/www.instagram.com\/chiarab_events\/"]}]}},"_links":{"self":[{"href":"https:\/\/chiarabevents.com\/sq\/wp-json\/wp\/v2\/pages\/995","targetHints":{"allow":["GET"]}}],"collection":[{"href":"https:\/\/chiarabevents.com\/sq\/wp-json\/wp\/v2\/pages"}],"about":[{"href":"https:\/\/chiarabevents.com\/sq\/wp-json\/wp\/v2\/types\/page"}],"author":[{"embeddable":true,"href":"https:\/\/chiarabevents.com\/sq\/wp-json\/wp\/v2\/users\/2"}],"replies":[{"embeddable":true,"href":"https:\/\/chiarabevents.com\/sq\/wp-json\/wp\/v2\/comments?post=995"}],"version-history":[{"count":0,"href":"https:\/\/chiarabevents.com\/sq\/wp-json\/wp\/v2\/pages\/995\/revisions"}],"wp:attachment":[{"href":"https:\/\/chiarabevents.com\/sq\/wp-json\/wp\/v2\/media?parent=995"}],"curies":[{"name":"wp","href":"https:\/\/api.w.org\/{rel}","templated":true}]}}