{"id":8082,"date":"2024-05-11T07:11:37","date_gmt":"2024-05-11T07:11:37","guid":{"rendered":"https:\/\/chiarabevents.com\/?page_id=8082"},"modified":"2024-12-08T11:28:27","modified_gmt":"2024-12-08T09:28:27","slug":"fragor-och-svar","status":"publish","type":"page","link":"https:\/\/chiarabevents.com\/sv\/fragor-och-svar\/","title":{"rendered":"VANLIGA FR\u00c5GOR"},"content":{"rendered":"<h2>FAQ - Vanliga fr\u00e5gor och svar om ChiaraB Events<\/h2>\n<h4>1. <strong>Varf\u00f6r ska jag anlita en br\u00f6llopsplanerare?<\/strong><\/h4>\n<p>A <a href=\"https:\/\/chiarabevents.com\/sv\/\">br\u00f6llopsplanerare<\/a> kan g\u00f6ra skillnaden mellan en stressig dag och ett perfekt samordnat evenemang. En professionell planerare:<\/p>\n<ul>\n<li><strong>Sparar tid:<\/strong> Det hanterar all kommunikation och alla deadlines med leverant\u00f6rerna, s\u00e5 att du kan fokusera p\u00e5 det som \u00e4r viktigast.<\/li>\n<li><strong>Minskar stress:<\/strong> Han tar hand om logistiska detaljer och l\u00f6ser problem som kan uppst\u00e5.<\/li>\n<li><strong>Den erbjuder expertr\u00e5dgivning:<\/strong> Han har erfarenhet av branschen och kan v\u00e4gleda dig genom viktiga beslut och hj\u00e4lpa dig att h\u00e5lla dig inom budgetramarna.<\/li>\n<li><strong>Anpassa evenemanget:<\/strong> Den g\u00f6r din vision till verklighet genom r\u00e5d om stil, design och organisation.<\/li>\n<\/ul>\n<h4>2. <strong>Vilka tj\u00e4nster erbjuder ChiaraB Events?<\/strong><\/h4>\n<p>Vi erbjuder ett komplett utbud av tj\u00e4nster, inklusive:<\/p>\n<ul>\n<li><strong>Komplett organisation:<\/strong> Fr\u00e5n planering till genomf\u00f6rande tar vi hand om varje detalj och ser till att allt \u00e4r samordnat.<\/li>\n<li><strong>Dagens samordning:<\/strong> Vi hanterar alla logistiska aspekter p\u00e5 dagen f\u00f6r evenemanget och ser till att allt g\u00e5r enligt plan.<\/li>\n<li><strong>Delvis r\u00e5dgivning:<\/strong> Om du redan har b\u00f6rjat planera men beh\u00f6ver v\u00e4gledning kan vi ge dig r\u00e5d som hj\u00e4lper dig att slutf\u00f6ra projektet.<\/li>\n<li><strong><a href=\"https:\/\/chiarabevents.com\/sv\/destination-brollop-saker-varfor-valja-det-och-hur-man-organiserar-det\/\">Br\u00f6llop p\u00e5 destinationen<\/a>:<\/strong> Planering och samordning av <a href=\"https:\/\/chiarabevents.com\/sv\/trender-och-stilar\/brollop-pa-stranden-tips-for-en-drombegivenhet\/\">br\u00f6llop<\/a> p\u00e5 olika platser i Italien.<\/li>\n<li><strong>Kreativ design:<\/strong> Skapa unika teman och dekorationer som speglar din personlighet.<\/li>\n<\/ul>\n<h4>3. <strong>N\u00e4r ska jag b\u00f6rja planera mitt br\u00f6llop?<\/strong><\/h4>\n<p>Helst b\u00f6r planeringen p\u00e5b\u00f6rjas minst 12-18 m\u00e5nader f\u00f6re det planerade datumet. Det ger tillr\u00e4ckligt med tid f\u00f6r att hitta r\u00e4tt plats, s\u00e4kra \u00f6nskade leverant\u00f6rer och organisera alla detaljer utan att stressa. Men om du har mindre tid p\u00e5 dig kan vi \u00e4nd\u00e5 hj\u00e4lpa dig att ordna ett underbart evenemang.<\/p>\n<h4>4. <strong>Kan jag anlita en br\u00f6llopsplanerare om jag redan har valt n\u00e5gra leverant\u00f6rer?<\/strong><\/h4>\n<p>Ja, absolut! Om ni redan har valt ut n\u00e5gra leverant\u00f6rer kommer vi att samarbeta med dem f\u00f6r att se till att allt \u00e4r v\u00e4l samordnat. Vi kan ingripa n\u00e4r som helst i planeringen f\u00f6r att hj\u00e4lpa dig med resten av processen.<\/p>\n<h4>5. <strong>Vem tar hand om eventuella problem p\u00e5 br\u00f6llopsdagen?<\/strong><\/h4>\n<p>V\u00e5r <a href=\"https:\/\/chiarabevents.com\/sv\/team\/\">Team<\/a> kommer att vara p\u00e5 plats f\u00f6r att hantera alla aspekter av br\u00f6llopet, inklusive att l\u00f6sa eventuella problem i sista minuten. V\u00e5r erfarenhet g\u00f6r att vi kan f\u00f6rutse och f\u00f6rebygga m\u00e5nga problem, men vi \u00e4r alltid beredda p\u00e5 of\u00f6rutsedda utmaningar f\u00f6r att se till att allt g\u00e5r smidigt.<\/p>\n<h4>6. <strong>Hur kan jag se till att mitt br\u00f6llop blir unikt?<\/strong><\/h4>\n<p>Nyckeln till ett unikt br\u00f6llop \u00e4r personlig planering och kreativ design. P\u00e5 ChiaraB Events lyssnar vi noga p\u00e5 dina id\u00e9er och f\u00f6resl\u00e5r element som speglar din personlighet. Genom samarbete med kreativa leverant\u00f6rer och v\u00e5rt designteam skapar vi en skr\u00e4ddarsydd upplevelse som kommer att l\u00e4mna ett outpl\u00e5nligt intryck p\u00e5 dig och dina g\u00e4ster.<\/p>\n<h4>7. <strong>Hur mycket kostar en br\u00f6llopsplanerare?<\/strong><\/h4>\n<p>Kostnaden varierar beroende p\u00e5 vilken typ av tj\u00e4nst som kr\u00e4vs och hur komplicerat evenemanget \u00e4r. Efter en inledande kostnadsfri konsultation f\u00f6r att f\u00f6rst\u00e5 dina behov ger vi dig en detaljerad och transparent offert. V\u00e5rt m\u00e5l \u00e4r att erbjuda dig b\u00e4sta m\u00f6jliga v\u00e4rde inom din budget.<\/p>\n<h4>8. <strong>Hur kan jag h\u00e5lla mig inom min budget?<\/strong><\/h4>\n<p>H\u00e4r \u00e4r n\u00e5gra tips f\u00f6r att h\u00e5lla budgeten:<\/p>\n<ul>\n<li><strong>Prioriteringar:<\/strong> Identifiera vilka aspekter som \u00e4r viktigast f\u00f6r dig och satsa mer p\u00e5 dessa omr\u00e5den.<\/li>\n<li><strong>Antal g\u00e4ster:<\/strong> Att minska antalet g\u00e4ster \u00e4r ett av de enklaste s\u00e4tten att kontrollera kostnaderna.<\/li>\n<li><strong>Flexibilitet:<\/strong> Att v\u00e4lja ett mindre popul\u00e4rt datum eller en mer bekv\u00e4m plats kan minska kostnaderna avsev\u00e4rt.<\/li>\n<li><strong>Professionell konsultation:<\/strong> En br\u00f6llopsplanerare kan hj\u00e4lpa dig att hitta kvalitetsleverant\u00f6rer inom din budget.<\/li>\n<\/ul>\n<h4>9. <strong>Arbetar ChiaraB Events med specifika leverant\u00f6rer?<\/strong><\/h4>\n<p>Vi har ett etablerat n\u00e4tverk av p\u00e5litliga leverant\u00f6rer som vi ofta arbetar med, men vi \u00e4r alltid \u00f6ppna f\u00f6r nya samarbeten. Om du redan har leverant\u00f6rer som du f\u00f6redrar eller om du vill v\u00e4lja andra leverant\u00f6rer, samarbetar vi g\u00e4rna med dem f\u00f6r att s\u00e4kerst\u00e4lla en smidig upplevelse.<\/p>\n<h4>10. <strong>Erbjuder ni tj\u00e4nster f\u00f6r br\u00f6llop p\u00e5 resm\u00e5l?<\/strong><\/h4>\n<p>Ja, vi specialiserar oss ocks\u00e5 p\u00e5 br\u00f6llop p\u00e5 resm\u00e5l p\u00e5 n\u00e5gra av de vackraste platserna i Italien. Vi tar hand om all logistik \u00e5t dig, fr\u00e5n att boka platsen till att organisera transport och boende, s\u00e5 att du kan koncentrera dig p\u00e5 firandet.<\/p>\n<h4>11. <strong>Beh\u00f6vs en koordinator f\u00f6r br\u00f6llopsdagen?<\/strong><\/h4>\n<p>En samordnare f\u00f6r br\u00f6llopsdagen \u00e4r avg\u00f6rande f\u00f6r att allt ska g\u00e5 smidigt. Han ser till att varje detalj utf\u00f6rs enligt plan och l\u00f6ser eventuella problem i realtid. Han g\u00f6r ocks\u00e5 att du och din familj kan njuta av dagen utan bekymmer.<\/p>\n<h4>12. <strong>Hur hanteras kommunikationen under planeringen?<\/strong><\/h4>\n<p>Vi f\u00f6redrar en konstant och transparent kommunikation med v\u00e5ra kunder. Vi skapar en kommunikationsplan som omfattar e-post, telefonsamtal och regelbundna m\u00f6ten f\u00f6r att diskutera framstegen. Vi anpassar kommunikationsmetoden till varje kunds \u00f6nskem\u00e5l.<\/p>\n<h4>13. <strong>Hur kan jag boka ChiaraB Events till mitt br\u00f6llop?<\/strong><\/h4>\n<p>Du kan kontakta oss via formul\u00e4ret p\u00e5 v\u00e5r webbplats eller via e-post f\u00f6r att boka en kostnadsfri inledande konsultation. Efter konsultationen ger vi dig en detaljerad offert och arbetsplan f\u00f6r att p\u00e5b\u00f6rja planeringsprocessen.<\/p>\n<h4>14. <strong>Vilka s\u00e4kerhets\u00e5tg\u00e4rder vidtogs under covid-19-pandemin?<\/strong><\/h4>\n<p>Vi f\u00f6ljer alla lokala och nationella riktlinjer f\u00f6r att garantera alla deltagares s\u00e4kerhet. Detta inkluderar social distansering, anv\u00e4ndning av personlig skyddsutrustning och sanering av utrymmen. Dessutom har vi ett n\u00e4ra samarbete med platsen och leverant\u00f6rerna f\u00f6r att genomf\u00f6ra s\u00e4kerhets\u00e5tg\u00e4rder som \u00e4r specifika f\u00f6r ditt br\u00f6llop.<\/p>\n<h4>15. <strong>Hur kan jag g\u00f6ra mitt \u00e4ktenskap mer h\u00e5llbart?<\/strong><\/h4>\n<p>H\u00e4r \u00e4r n\u00e5gra id\u00e9er f\u00f6r ett milj\u00f6v\u00e4nligt br\u00f6llop:<\/p>\n<ul>\n<li><strong>\u00c5teranv\u00e4ndbara dekorationer:<\/strong> Anv\u00e4nd dekorationer som kan \u00e5teranv\u00e4ndas eller \u00e5tervinnas.<\/li>\n<li><strong><a href=\"https:\/\/chiarabevents.com\/sv\/guider-och-tips\/tips-for-att-valja-den-perfekta-cateringfirman-for-ditt-brollop-pa-sicilien\/\">Catering<\/a> lokal:<\/strong> V\u00e4lj matleverant\u00f6rer som anv\u00e4nder lokala och s\u00e4songsbetonade ingredienser.<\/li>\n<li><strong>Digitala inbjudningar:<\/strong> \u00d6verv\u00e4g elektroniska inbjudningar f\u00f6r att minska pappersanv\u00e4ndningen.<\/li>\n<li><strong>Solidaritetsg\u00e5vor:<\/strong> Erbjud br\u00f6llopsg\u00e5vor som st\u00f6der v\u00e4lg\u00f6rande \u00e4ndam\u00e5l.<\/li>\n<\/ul>\n<h4>16. <strong>Kan jag \u00e4ndra mig om detaljer under planeringen?<\/strong><\/h4>\n<p>Ja, vi f\u00f6rst\u00e5r att preferenser och omst\u00e4ndigheter kan f\u00f6r\u00e4ndras. Vi \u00e4r flexibla och kommer att arbeta tillsammans med dig f\u00f6r att uppdatera planen i enlighet med detta, och alltid h\u00e5lla ett \u00f6ga p\u00e5 budget och timing.<\/p>\n<h4>17. <strong>Har du erfarenhet av \u00e4ktenskap mellan olika kulturer och religioner?<\/strong><\/h4>\n<p>Ja, vi har arrangerat br\u00f6llop i olika kulturer och religioner. Vi respekterar varje kunds unika traditioner och g\u00f6r v\u00e5rt b\u00e4sta f\u00f6r att inf\u00f6rliva dessa detaljer p\u00e5 ett autentiskt s\u00e4tt i evenemanget.<\/p>\n<h4>18. <strong>Vilka trender ser du i br\u00f6llopsbranschen p\u00e5 senare tid?<\/strong><\/h4>\n<p>N\u00e5gra av de senaste trenderna inkluderar:<\/p>\n<ul>\n<li><strong>Intima \u00e4ktenskap:<\/strong> Sm\u00e5 br\u00f6llop med en liten g\u00e4stlista.<\/li>\n<li><strong>Dj\u00e4rva f\u00e4rger:<\/strong> Ljusa f\u00e4rgpaletter som smaragdgr\u00f6nt, rubinr\u00f6tt och guld.<\/li>\n<li><strong>Naturliga dekorationer:<\/strong> Anv\u00e4ndning av vilda blommor och organiska element f\u00f6r att dekorera utrymmen.<\/li>\n<li><strong>Upplevelser f\u00f6r g\u00e4sterna:<\/strong> <a href=\"https:\/\/chiarabevents.com\/sv\/evenemang\/\">H\u00e4ndelser<\/a> skr\u00e4ddarsydda f\u00f6r att involvera g\u00e4sterna, till exempel vinprovningar och livemusik.<\/li>\n<\/ul>\n<h4>19. <strong>Erbjuder du kreativa designtj\u00e4nster separat fr\u00e5n planering?<\/strong><\/h4>\n<p>Ja, v\u00e5rt designteam kan skapa ett skr\u00e4ddarsytt dekorationsprojekt \u00e4ven om du inte beh\u00f6ver fullst\u00e4ndiga planeringstj\u00e4nster. Vi kan hj\u00e4lpa dig med teman, f\u00e4rger, layouter och inredning f\u00f6r att s\u00e4kerst\u00e4lla ett sammanh\u00e4ngande utseende.<\/p>\n<h4>20. <strong>Vad skiljer ChiaraB Events fr\u00e5n andra br\u00f6llopsplanerare?<\/strong><\/h4>\n<p>V\u00e5rt personliga och detaljorienterade arbetss\u00e4tt skiljer oss fr\u00e5n m\u00e4ngden. Vi har ett n\u00e4ra samarbete med v\u00e5ra kunder, lyssnar noga p\u00e5 deras \u00f6nskem\u00e5l och tar fram en skr\u00e4ddarsydd plan som \u00e5terspeglar deras vision. Tack vare v\u00e5r erfarenhet och v\u00e5rt n\u00e4tverk av betrodda leverant\u00f6rer kan vi dessutom erbjuda h\u00f6gkvalitativa tj\u00e4nster och kreativa l\u00f6sningar p\u00e5 alla planeringsutmaningar.<\/p>","protected":false},"excerpt":{"rendered":"<p>FAQ &#8211; Domande Frequenti su ChiaraB Events 1. Perch\u00e9 dovrei assumere un wedding planner? Un wedding planner pu\u00f2 fare la differenza tra una giornata stressante e un evento perfettamente coordinato. Un planner professionista: Risparmia Tempo: Gestisce tutte le comunicazioni e le scadenze con i fornitori, consentendo a te di concentrarti su ci\u00f2 che \u00e8 pi\u00f9 importante. Riduce [&hellip;]<\/p>","protected":false},"author":2,"featured_media":0,"parent":0,"menu_order":0,"comment_status":"closed","ping_status":"closed","template":"","meta":{"footnotes":""},"class_list":["post-8082","page","type-page","status-publish","hentry"],"yoast_head":"<!-- This site is optimized with the Yoast SEO Premium plugin v21.8 (Yoast SEO v27.3) - https:\/\/yoast.com\/product\/yoast-seo-premium-wordpress\/ -->\n<title>FAQ - ChiaraB Events Wedding Planner<\/title>\n<meta name=\"description\" content=\"Trova le risposte alle domande pi\u00f9 comuni sul wedding planner, sui costi e sui suggerimenti per la programmazione del tuo giorno speciale.\" \/>\n<meta name=\"robots\" content=\"index, follow, max-snippet:-1, max-image-preview:large, max-video-preview:-1\" \/>\n<link rel=\"canonical\" href=\"https:\/\/chiarabevents.com\/sv\/fragor-och-svar\/\" \/>\n<meta property=\"og:locale\" content=\"sv_SE\" \/>\n<meta property=\"og:type\" content=\"article\" \/>\n<meta property=\"og:title\" content=\"FAQ\" \/>\n<meta property=\"og:description\" content=\"Trova le risposte alle domande pi\u00f9 comuni sul wedding planner, sui costi e sui suggerimenti per la programmazione del tuo giorno speciale.\" \/>\n<meta property=\"og:url\" content=\"https:\/\/chiarabevents.com\/sv\/fragor-och-svar\/\" \/>\n<meta property=\"og:site_name\" content=\"ChiaraB Events Wedding Planner\" \/>\n<meta property=\"article:publisher\" content=\"https:\/\/www.facebook.com\/chiarabevent\" \/>\n<meta property=\"article:modified_time\" content=\"2024-12-08T09:28:27+00:00\" \/>\n<meta name=\"twitter:card\" content=\"summary_large_image\" \/>\n<meta name=\"twitter:label1\" content=\"Est. reading time\" \/>\n\t<meta name=\"twitter:data1\" content=\"7 minutes\" \/>\n<script type=\"application\/ld+json\" class=\"yoast-schema-graph\">{\"@context\":\"https:\\\/\\\/schema.org\",\"@graph\":[{\"@type\":\"WebPage\",\"@id\":\"https:\\\/\\\/chiarabevents.com\\\/faq\\\/\",\"url\":\"https:\\\/\\\/chiarabevents.com\\\/faq\\\/\",\"name\":\"FAQ - ChiaraB Events Wedding Planner\",\"isPartOf\":{\"@id\":\"https:\\\/\\\/chiarabevents.com\\\/#website\"},\"datePublished\":\"2024-05-11T07:11:37+00:00\",\"dateModified\":\"2024-12-08T09:28:27+00:00\",\"description\":\"Trova le risposte alle domande pi\u00f9 comuni sul wedding planner, sui costi e sui suggerimenti per la programmazione del tuo giorno speciale.\",\"breadcrumb\":{\"@id\":\"https:\\\/\\\/chiarabevents.com\\\/faq\\\/#breadcrumb\"},\"inLanguage\":\"sv-SE\",\"potentialAction\":[{\"@type\":\"ReadAction\",\"target\":[\"https:\\\/\\\/chiarabevents.com\\\/faq\\\/\"]}]},{\"@type\":\"BreadcrumbList\",\"@id\":\"https:\\\/\\\/chiarabevents.com\\\/faq\\\/#breadcrumb\",\"itemListElement\":[{\"@type\":\"ListItem\",\"position\":1,\"name\":\"Home\",\"item\":\"https:\\\/\\\/chiarabevents.com\\\/\"},{\"@type\":\"ListItem\",\"position\":2,\"name\":\"FAQ\"}]},{\"@type\":\"WebSite\",\"@id\":\"https:\\\/\\\/chiarabevents.com\\\/#website\",\"url\":\"https:\\\/\\\/chiarabevents.com\\\/\",\"name\":\"ChiaraB Events Wedding Planner\",\"description\":\"Un meraviglioso percorso fatto insieme\",\"publisher\":{\"@id\":\"https:\\\/\\\/chiarabevents.com\\\/#organization\"},\"potentialAction\":[{\"@type\":\"SearchAction\",\"target\":{\"@type\":\"EntryPoint\",\"urlTemplate\":\"https:\\\/\\\/chiarabevents.com\\\/?s={search_term_string}\"},\"query-input\":{\"@type\":\"PropertyValueSpecification\",\"valueRequired\":true,\"valueName\":\"search_term_string\"}}],\"inLanguage\":\"sv-SE\"},{\"@type\":\"Organization\",\"@id\":\"https:\\\/\\\/chiarabevents.com\\\/#organization\",\"name\":\"ChiaraB Events Wedding Planner\",\"url\":\"https:\\\/\\\/chiarabevents.com\\\/\",\"logo\":{\"@type\":\"ImageObject\",\"inLanguage\":\"sv-SE\",\"@id\":\"https:\\\/\\\/chiarabevents.com\\\/#\\\/schema\\\/logo\\\/image\\\/\",\"url\":\"https:\\\/\\\/chiarabevents.com\\\/wp-content\\\/uploads\\\/2023\\\/12\\\/cropped-Monogramma_chiarab.png\",\"contentUrl\":\"https:\\\/\\\/chiarabevents.com\\\/wp-content\\\/uploads\\\/2023\\\/12\\\/cropped-Monogramma_chiarab.png\",\"width\":512,\"height\":512,\"caption\":\"ChiaraB Events Wedding Planner\"},\"image\":{\"@id\":\"https:\\\/\\\/chiarabevents.com\\\/#\\\/schema\\\/logo\\\/image\\\/\"},\"sameAs\":[\"https:\\\/\\\/www.facebook.com\\\/chiarabevent\",\"https:\\\/\\\/www.instagram.com\\\/chiarab_events\\\/\"]}]}<\/script>\n<!-- \/ Yoast SEO Premium plugin. -->","yoast_head_json":{"title":"Vanliga fr\u00e5gor - ChiaraB Events Br\u00f6llopsplanerare","description":"Hitta svar p\u00e5 de vanligaste fr\u00e5gorna om br\u00f6llopsplanerare, kostnader och tips f\u00f6r att planera din speciella dag.","robots":{"index":"index","follow":"follow","max-snippet":"max-snippet:-1","max-image-preview":"max-image-preview:large","max-video-preview":"max-video-preview:-1"},"canonical":"https:\/\/chiarabevents.com\/sv\/fragor-och-svar\/","og_locale":"sv_SE","og_type":"article","og_title":"FAQ","og_description":"Trova le risposte alle domande pi\u00f9 comuni sul wedding planner, sui costi e sui suggerimenti per la programmazione del tuo giorno speciale.","og_url":"https:\/\/chiarabevents.com\/sv\/fragor-och-svar\/","og_site_name":"ChiaraB Events Wedding Planner","article_publisher":"https:\/\/www.facebook.com\/chiarabevent","article_modified_time":"2024-12-08T09:28:27+00:00","twitter_card":"summary_large_image","twitter_misc":{"Est. reading time":"7 minutes"},"schema":{"@context":"https:\/\/schema.org","@graph":[{"@type":"WebPage","@id":"https:\/\/chiarabevents.com\/faq\/","url":"https:\/\/chiarabevents.com\/faq\/","name":"Vanliga fr\u00e5gor - ChiaraB Events Br\u00f6llopsplanerare","isPartOf":{"@id":"https:\/\/chiarabevents.com\/#website"},"datePublished":"2024-05-11T07:11:37+00:00","dateModified":"2024-12-08T09:28:27+00:00","description":"Hitta svar p\u00e5 de vanligaste fr\u00e5gorna om br\u00f6llopsplanerare, kostnader och tips f\u00f6r att planera din speciella dag.","breadcrumb":{"@id":"https:\/\/chiarabevents.com\/faq\/#breadcrumb"},"inLanguage":"sv-SE","potentialAction":[{"@type":"ReadAction","target":["https:\/\/chiarabevents.com\/faq\/"]}]},{"@type":"BreadcrumbList","@id":"https:\/\/chiarabevents.com\/faq\/#breadcrumb","itemListElement":[{"@type":"ListItem","position":1,"name":"Home","item":"https:\/\/chiarabevents.com\/"},{"@type":"ListItem","position":2,"name":"FAQ"}]},{"@type":"WebSite","@id":"https:\/\/chiarabevents.com\/#website","url":"https:\/\/chiarabevents.com\/","name":"ChiaraB Events Br\u00f6llopsplanerare","description":"En underbar resa tillsammans","publisher":{"@id":"https:\/\/chiarabevents.com\/#organization"},"potentialAction":[{"@type":"SearchAction","target":{"@type":"EntryPoint","urlTemplate":"https:\/\/chiarabevents.com\/?s={search_term_string}"},"query-input":{"@type":"PropertyValueSpecification","valueRequired":true,"valueName":"search_term_string"}}],"inLanguage":"sv-SE"},{"@type":"Organization","@id":"https:\/\/chiarabevents.com\/#organization","name":"ChiaraB Events Br\u00f6llopsplanerare","url":"https:\/\/chiarabevents.com\/","logo":{"@type":"ImageObject","inLanguage":"sv-SE","@id":"https:\/\/chiarabevents.com\/#\/schema\/logo\/image\/","url":"https:\/\/chiarabevents.com\/wp-content\/uploads\/2023\/12\/cropped-Monogramma_chiarab.png","contentUrl":"https:\/\/chiarabevents.com\/wp-content\/uploads\/2023\/12\/cropped-Monogramma_chiarab.png","width":512,"height":512,"caption":"ChiaraB Events Wedding Planner"},"image":{"@id":"https:\/\/chiarabevents.com\/#\/schema\/logo\/image\/"},"sameAs":["https:\/\/www.facebook.com\/chiarabevent","https:\/\/www.instagram.com\/chiarab_events\/"]}]}},"_links":{"self":[{"href":"https:\/\/chiarabevents.com\/sv\/wp-json\/wp\/v2\/pages\/8082","targetHints":{"allow":["GET"]}}],"collection":[{"href":"https:\/\/chiarabevents.com\/sv\/wp-json\/wp\/v2\/pages"}],"about":[{"href":"https:\/\/chiarabevents.com\/sv\/wp-json\/wp\/v2\/types\/page"}],"author":[{"embeddable":true,"href":"https:\/\/chiarabevents.com\/sv\/wp-json\/wp\/v2\/users\/2"}],"replies":[{"embeddable":true,"href":"https:\/\/chiarabevents.com\/sv\/wp-json\/wp\/v2\/comments?post=8082"}],"version-history":[{"count":0,"href":"https:\/\/chiarabevents.com\/sv\/wp-json\/wp\/v2\/pages\/8082\/revisions"}],"wp:attachment":[{"href":"https:\/\/chiarabevents.com\/sv\/wp-json\/wp\/v2\/media?parent=8082"}],"curies":[{"name":"wp","href":"https:\/\/api.w.org\/{rel}","templated":true}]}}