{"id":8082,"date":"2024-05-11T07:11:37","date_gmt":"2024-05-11T07:11:37","guid":{"rendered":"https:\/\/chiarabevents.com\/?page_id=8082"},"modified":"2024-12-08T11:28:27","modified_gmt":"2024-12-08T09:28:27","slug":"%e5%b8%b8%e8%a6%8b%e5%95%8f%e9%a1%8c","status":"publish","type":"page","link":"https:\/\/chiarabevents.com\/zh\/%e5%b8%b8%e8%a6%8b%e5%95%8f%e9%a1%8c\/","title":{"rendered":"\u5e38\u898b\u554f\u984c"},"content":{"rendered":"<h2>FAQ - \u6709\u95dc ChiaraB \u6d3b\u52d5\u7684\u5e38\u898b\u554f\u984c<\/h2>\n<h4>1. <strong>\u70ba\u4ec0\u9ebc\u8981\u8058\u8acb\u5a5a\u79ae\u7b56\u5283\u5e2b\uff1f<\/strong><\/h4>\n<p>A <a href=\"https:\/\/chiarabevents.com\/zh\/\">\u5a5a\u79ae\u7d71\u7c4c<\/a> \u53ef\u4ee5\u8b93\u60a8\u5728\u7dca\u5f35\u7684\u4e00\u5929\u548c\u5b8c\u7f8e\u5354\u8abf\u7684\u6d3b\u52d5\u4e4b\u9593\u505a\u51fa\u5340\u5225\u3002\u5c08\u696d\u7684\u7b56\u5283\u4eba\uff1a<\/p>\n<ul>\n<li><strong>\u7bc0\u7701\u6642\u9593\uff1a<\/strong> \u5b83\u53ef\u4ee5\u7ba1\u7406\u8207\u4f9b\u61c9\u5546\u7684\u6240\u6709\u6e9d\u901a\u548c\u622a\u6b62\u671f\u9650\uff0c\u8b93\u60a8\u5c08\u6ce8\u65bc\u6700\u91cd\u8981\u7684\u4e8b\u60c5\u3002<\/li>\n<li><strong>\u6e1b\u8f15\u58d3\u529b\uff1a<\/strong> \u4ed6\u8ca0\u8cac\u5f8c\u52e4\u7d30\u7bc0\uff0c\u4e26\u89e3\u6c7a\u53ef\u80fd\u51fa\u73fe\u7684\u554f\u984c\u3002<\/li>\n<li><strong>\u5b83\u63d0\u4f9b\u5c08\u5bb6\u5efa\u8b70\uff1a<\/strong> \u4ed6\u64c1\u6709\u8c50\u5bcc\u7684\u7522\u696d\u7d93\u9a57\uff0c\u53ef\u4ee5\u5f15\u5c0e\u60a8\u505a\u51fa\u95dc\u9375\u6027\u7684\u6c7a\u5b9a\uff0c\u5e6b\u52a9\u60a8\u4e0d\u8d85\u51fa\u9810\u7b97\u3002<\/li>\n<li><strong>\u81ea\u8a02\u6d3b\u52d5\uff1a<\/strong> \u900f\u904e\u98a8\u683c\u3001\u8a2d\u8a08\u548c\u7d44\u7e54\u65b9\u9762\u7684\u5efa\u8b70\uff0c\u8b93\u60a8\u7684\u9858\u666f\u6210\u70ba\u73fe\u5be6\u3002<\/li>\n<\/ul>\n<h4>2. <strong>ChiaraB Events \u63d0\u4f9b\u54ea\u4e9b\u670d\u52d9\uff1f<\/strong><\/h4>\n<p>\u6211\u5011\u63d0\u4f9b\u5168\u65b9\u4f4d\u7684\u670d\u52d9\uff0c\u5305\u62ec<\/p>\n<ul>\n<li><strong>\u5b8c\u6574\u7684\u7d44\u7e54\uff1a<\/strong> \u5f9e\u898f\u5283\u5230\u57f7\u884c\uff0c\u6211\u5011\u90fd\u6703\u7167\u9867\u5230\u6bcf\u4e00\u500b\u7d30\u7bc0\uff0c\u78ba\u4fdd\u4e00\u5207\u90fd\u5354\u8abf\u5f97\u5b9c\u3002<\/li>\n<li><strong>\u4eca\u65e5\u5354\u8abf\uff1a<\/strong> \u6211\u5011\u7ba1\u7406\u6d3b\u52d5\u7576\u5929\u7684\u6240\u6709\u5f8c\u52e4\u4e8b\u5b9c\uff0c\u78ba\u4fdd\u4e00\u5207\u6309\u8a08\u5283\u9032\u884c\u3002<\/li>\n<li><strong>\u90e8\u5206\u8f14\u5c0e\uff1a<\/strong> \u5982\u679c\u60a8\u5df2\u7d93\u958b\u59cb\u898f\u5283\uff0c\u4f46\u9700\u8981\u6307\u5c0e\uff0c\u6211\u5011\u6703\u63d0\u4f9b\u5efa\u8b70\uff0c\u5354\u52a9\u60a8\u5b8c\u6210\u5c08\u6848\u3002<\/li>\n<li><strong><a href=\"https:\/\/chiarabevents.com\/zh\/%e7%82%ba%e4%bd%95%e9%81%b8%e6%93%87%e7%9b%ae%e7%9a%84%e5%9c%b0%e5%a9%9a%e7%a6%ae%e4%bb%a5%e5%8f%8a%e5%a6%82%e4%bd%95%e8%88%89%e8%be%a6%e5%a9%9a%e7%a6%ae\/\">\u76ee\u7684\u5730\u5a5a\u79ae<\/a>:<\/strong> \u898f\u5283\u8207\u5354\u8abf <a href=\"https:\/\/chiarabevents.com\/zh\/%e8%b6%a8%e5%8b%a2%e8%88%87%e9%a2%a8%e6%a0%bc\/%e6%b2%99%e7%81%98%e5%a9%9a%e7%a6%ae%ef%bc%9a%e6%89%93%e9%80%a0%e5%a4%a2%e5%b9%bb%e5%a9%9a%e7%a6%ae%e7%9a%84%e7%a7%98%e8%a8%a3\/\">\u5a5a\u5bb4<\/a> \u5728\u7fa9\u5927\u5229\u7684\u4e0d\u540c\u5730\u9ede\u3002<\/li>\n<li><strong>\u5275\u610f\u8a2d\u8a08\uff1a<\/strong> \u5275\u9020\u53cd\u6620\u60a8\u500b\u6027\u7684\u7368\u7279\u4e3b\u984c\u548c\u88dd\u98fe\u3002<\/li>\n<\/ul>\n<h4>3. <strong>\u6211\u61c9\u8a72\u4f55\u6642\u958b\u59cb\u7c4c\u5099\u5a5a\u79ae\uff1f<\/strong><\/h4>\n<p>\u7406\u60f3\u60c5\u6cc1\u4e0b\uff0c\u81f3\u5c11\u61c9\u5728\u8a08\u5283\u65e5\u671f\u524d 12-18 \u500b\u6708\u958b\u59cb\u898f\u5283\u3002\u9019\u53ef\u8b93\u60a8\u6709\u8db3\u5920\u7684\u6642\u9593\u5c0b\u627e\u5408\u9069\u7684\u5730\u9ede\u3001\u7269\u8272\u5408\u9069\u7684\u4f9b\u61c9\u5546\uff0c\u4ee5\u53ca\u5b89\u6392\u6240\u6709\u7684\u7d30\u7bc0\uff0c\u800c\u4e0d\u5fc5\u64cd\u4e4b\u904e\u6025\u3002\u4e0d\u904e\uff0c\u5982\u679c\u60a8\u7684\u6642\u9593\u8f03\u77ed\uff0c\u6211\u5011\u4ecd\u53ef\u5354\u52a9\u60a8\u8209\u8fa6\u7cbe\u5f69\u7684\u6d3b\u52d5\u3002<\/p>\n<h4>4. <strong>\u5982\u679c\u6211\u5df2\u7d93\u9078\u64c7\u4e86\u4e00\u4e9b\u4f9b\u61c9\u5546\uff0c\u6211\u9084\u80fd\u8058\u8acb\u5a5a\u79ae\u7b56\u5283\u5e2b\u55ce\uff1f<\/strong><\/h4>\n<p>\u7d55\u5c0d\u53ef\u4ee5\uff01\u5982\u679c\u60a8\u5df2\u7d93\u9078\u64c7\u4e86\u4e00\u4e9b\u4f9b\u61c9\u5546\uff0c\u6211\u5011\u6703\u8207\u4ed6\u5011\u5408\u4f5c\uff0c\u78ba\u4fdd\u4e00\u5207\u90fd\u5354\u8abf\u5f97\u5f88\u597d\u3002\u6211\u5011\u53ef\u4ee5\u5728\u898f\u5283\u7684\u4efb\u4f55\u968e\u6bb5\u4ecb\u5165\uff0c\u5e6b\u52a9\u60a8\u5b8c\u6210\u5176\u9918\u7684\u7a0b\u5e8f\u3002<\/p>\n<h4>5. <strong>\u5a5a\u79ae\u7576\u5929\u6709\u4efb\u4f55\u554f\u984c\u8ab0\u4f86\u8655\u7406\uff1f<\/strong><\/h4>\n<p>\u6211\u5011\u7684 <a href=\"https:\/\/chiarabevents.com\/zh\/%e5%9c%98%e9%9a%8a\/\">\u5718\u968a<\/a> \u5c07\u5728\u73fe\u5834\u8655\u7406\u5a5a\u79ae\u7684\u5404\u500b\u74b0\u7bc0\uff0c\u5305\u62ec\u89e3\u6c7a\u4efb\u4f55\u6700\u5f8c\u95dc\u982d\u7684\u554f\u984c\u3002\u6211\u5011\u7684\u7d93\u9a57\u8b93\u6211\u5011\u53ef\u4ee5\u9810\u6e2c\u4e26\u9632\u7bc4\u8a31\u591a\u554f\u984c\uff0c\u4f46\u6211\u5011\u4e5f\u96a8\u6642\u6e96\u5099\u597d\u9762\u5c0d\u4efb\u4f55\u4e0d\u53ef\u9810\u898b\u7684\u6311\u6230\uff0c\u4ee5\u78ba\u4fdd\u4e00\u5207\u9806\u5229\u9032\u884c\u3002<\/p>\n<h4>6. <strong>\u5982\u4f55\u78ba\u4fdd\u6211\u7684\u5a5a\u79ae\u7368\u4e00\u7121\u4e8c\uff1f<\/strong><\/h4>\n<p>\u7368\u4e00\u7121\u4e8c\u7684\u5a5a\u79ae\u95dc\u9375\u5728\u65bc\u500b\u4eba\u5316\u7684\u898f\u5283\u8207\u5275\u610f\u7684\u8a2d\u8a08\u3002\u5728 ChiaraB Events\uff0c\u6211\u5011\u6703\u4ed4\u7d30\u8046\u807d\u60a8\u7684\u60f3\u6cd5\uff0c\u4e26\u5efa\u8b70\u80fd\u53cd\u6620\u60a8\u500b\u6027\u7684\u5143\u7d20\u3002\u900f\u904e\u8207\u5275\u610f\u4f9b\u61c9\u5546\u548c\u8a2d\u8a08\u5718\u968a\u7684\u5408\u4f5c\uff0c\u6211\u5011\u5c07\u70ba\u60a8\u548c\u60a8\u7684\u8cd3\u5ba2\u6253\u9020\u91cf\u8eab\u8a02\u505a\u7684\u9ad4\u9a57\uff0c\u8b93\u60a8\u548c\u60a8\u7684\u8cd3\u5ba2\u7559\u4e0b\u96e3\u4ee5\u78e8\u6ec5\u7684\u5370\u8c61\u3002<\/p>\n<h4>7. <strong>\u5a5a\u79ae\u7b56\u5283\u5e2b\u7684\u8cbb\u7528\u662f\u591a\u5c11\uff1f<\/strong><\/h4>\n<p>\u8cbb\u7528\u4f9d\u6240\u9700\u7684\u670d\u52d9\u985e\u578b\u53ca\u6d3b\u52d5\u7684\u8907\u96dc\u6027\u800c\u6709\u6240\u4e0d\u540c\u3002\u7d93\u904e\u521d\u6b65\u514d\u8cbb\u8aee\u8a62\u4e86\u89e3\u60a8\u7684\u9700\u6c42\u5f8c\uff0c\u6211\u5011\u6703\u63d0\u4f9b\u8a73\u7d30\u4e14\u900f\u660e\u7684\u5831\u50f9\u3002\u6211\u5011\u7684\u76ee\u6a19\u662f\u5728\u5c0a\u91cd\u60a8\u9810\u7b97\u7684\u524d\u63d0\u4e0b\u70ba\u60a8\u63d0\u4f9b\u6700\u4f73\u50f9\u503c\u3002<\/p>\n<h4>8. <strong>\u6211\u5982\u4f55\u624d\u80fd\u4e0d\u8d85\u51fa\u9810\u7b97\uff1f<\/strong><\/h4>\n<p>\u4ee5\u4e0b\u662f\u4e00\u4e9b\u5805\u6301\u9810\u7b97\u7684\u79d8\u8a23\uff1a<\/p>\n<ul>\n<li><strong>\u512a\u5148\u9806\u5e8f\uff1a<\/strong> \u627e\u51fa\u54ea\u4e9b\u65b9\u9762\u5c0d\u60a8\u4f86\u8aaa\u6700\u91cd\u8981\uff0c\u4e26\u5728\u9019\u4e9b\u65b9\u9762\u6295\u5165\u66f4\u591a\u3002<\/li>\n<li><strong>\u4f86\u8cd3\u4eba\u6578\uff1a<\/strong> \u6e1b\u5c11\u8cd3\u5ba2\u6578\u91cf\u662f\u63a7\u5236\u6210\u672c\u6700\u7c21\u55ae\u7684\u65b9\u6cd5\u4e4b\u4e00\u3002<\/li>\n<li><strong>\u5f48\u6027\uff1a<\/strong> \u9078\u64c7\u8f03\u4e0d\u71b1\u9580\u7684\u65e5\u671f\u6216\u8f03\u65b9\u4fbf\u7684\u5730\u9ede\u53ef\u4ee5\u5927\u5e45\u964d\u4f4e\u6210\u672c\u3002<\/li>\n<li><strong>\u5c08\u696d\u8aee\u8a62\uff1a<\/strong> \u5a5a\u79ae\u7b56\u5283\u5e2b\u53ef\u4ee5\u5e6b\u52a9\u60a8\u5728\u9810\u7b97\u7bc4\u570d\u5167\u627e\u5230\u512a\u8cea\u7684\u4f9b\u61c9\u5546\u3002<\/li>\n<\/ul>\n<h4>9. <strong>ChiaraB Events \u662f\u5426\u8207\u7279\u5b9a\u4f9b\u61c9\u5546\u5408\u4f5c\uff1f<\/strong><\/h4>\n<p>\u6211\u5011\u5df2\u7d93\u5efa\u7acb\u4e86\u503c\u5f97\u4fe1\u8cf4\u7684\u4f9b\u61c9\u5546\u7db2\u7d61\uff0c\u4e26\u7d93\u5e38\u8207\u4ed6\u5011\u5408\u4f5c\uff0c\u4f46\u6211\u5011\u4e5f\u96a8\u6642\u6b61\u8fce\u65b0\u7684\u5408\u4f5c\u3002\u5982\u679c\u60a8\u5df2\u6709\u9996\u9078\u4f9b\u61c9\u5546\u6216\u5e0c\u671b\u9078\u64c7\u5176\u4ed6\u4f9b\u61c9\u5546\uff0c\u6211\u5011\u5f88\u6a02\u610f\u8207\u4ed6\u5011\u5408\u4f5c\uff0c\u4ee5\u78ba\u4fdd\u60a8\u6709\u9806\u66a2\u7684\u9ad4\u9a57\u3002<\/p>\n<h4>10. <strong>\u60a8\u662f\u5426\u63d0\u4f9b\u76ee\u7684\u5730\u5a5a\u79ae\u670d\u52d9\uff1f<\/strong><\/h4>\n<p>\u662f\u7684\uff0c\u6211\u5011\u4e5f\u64c5\u9577\u5728\u7fa9\u5927\u5229\u6700\u7f8e\u9e97\u7684\u5730\u9ede\u8209\u8fa6\u76ee\u7684\u5730\u5a5a\u79ae\u3002\u6211\u5011\u70ba\u60a8\u8655\u7406\u6240\u6709\u5f8c\u52e4\u4e8b\u5b9c\uff0c\u5f9e\u9810\u8a02\u5730\u9ede\u5230\u5b89\u6392\u4ea4\u901a\u548c\u4f4f\u5bbf\uff0c\u8b93\u60a8\u53ef\u4ee5\u5c08\u6ce8\u65bc\u6176\u795d\u6d3b\u52d5\u3002<\/p>\n<h4>11. <strong>\u662f\u5426\u9700\u8981\u5a5a\u79ae\u7576\u5929\u7684\u7d71\u7c4c\u4eba\uff1f<\/strong><\/h4>\n<p>\u70ba\u4e86\u78ba\u4fdd\u4e00\u5207\u9806\u5229\u9032\u884c\uff0c\u5a5a\u79ae\u7576\u5929\u7684\u5354\u8abf\u54e1\u662f\u4e0d\u53ef\u6216\u7f3a\u7684\u3002\u4ed6\u53ef\u4ee5\u78ba\u4fdd\u6bcf\u500b\u7d30\u7bc0\u90fd\u6309\u7167\u8a08\u5283\u57f7\u884c\uff0c\u4e26\u5373\u6642\u89e3\u6c7a\u4efb\u4f55\u554f\u984c\u3002\u4ed6\u9084\u80fd\u8b93\u60a8\u548c\u60a8\u7684\u5bb6\u4eba\u7121\u5f8c\u9867\u4e4b\u6182\u5730\u4eab\u53d7\u9019\u4e00\u5929\u3002<\/p>\n<h4>12. <strong>\u898f\u5283\u671f\u9593\u5982\u4f55\u8655\u7406\u6e9d\u901a\uff1f<\/strong><\/h4>\n<p>\u6211\u5011\u504f\u597d\u8207\u5ba2\u6236\u9032\u884c\u6301\u7e8c\u4e14\u900f\u660e\u7684\u6e9d\u901a\u3002\u6211\u5011\u5efa\u7acb\u4e86\u4e00\u500b\u6e9d\u901a\u8a08\u5283\uff0c\u5305\u62ec\u96fb\u5b50\u90f5\u4ef6\u3001\u96fb\u8a71\u548c\u5b9a\u671f\u6703\u8b70\u4f86\u8a0e\u8ad6\u9032\u5ea6\u3002\u6211\u5011\u6839\u64da\u6bcf\u4f4d\u5ba2\u6236\u7684\u559c\u597d\u8abf\u6574\u6e9d\u901a\u65b9\u5f0f\u3002<\/p>\n<h4>13. <strong>\u5982\u4f55\u9810\u7d04 ChiaraB Events \u53c3\u52a0\u6211\u7684\u5a5a\u79ae\uff1f<\/strong><\/h4>\n<p>\u60a8\u53ef\u4ee5\u900f\u904e\u6211\u5011\u7db2\u7ad9\u4e0a\u7684\u8868\u683c\u6216\u96fb\u5b50\u90f5\u4ef6\u8207\u6211\u5011\u806f\u7d61\uff0c\u9810\u7d04\u514d\u8cbb\u7684\u521d\u6b65\u8aee\u8a62\u3002\u8aee\u8a62\u5f8c\uff0c\u6211\u5011\u5c07\u70ba\u60a8\u63d0\u4f9b\u8a73\u7d30\u7684\u5831\u50f9\u548c\u5de5\u4f5c\u8a08\u5283\uff0c\u4ee5\u4fbf\u958b\u59cb\u898f\u5283\u6d41\u7a0b\u3002<\/p>\n<h4>14. <strong>COVID-19 \u5927\u6d41\u884c\u671f\u9593\u63a1\u53d6\u4e86\u54ea\u4e9b\u5b89\u5168\u63aa\u65bd\uff1f<\/strong><\/h4>\n<p>\u6211\u5011\u9075\u5faa\u6240\u6709\u7576\u5730\u548c\u570b\u5bb6\u7684\u6e96\u5247\uff0c\u4ee5\u78ba\u4fdd\u6240\u6709\u53c3\u8207\u8005\u7684\u5b89\u5168\u3002\u9019\u5305\u62ec\u793e\u4ea4\u8ddd\u96e2\u3001\u4f7f\u7528\u500b\u4eba\u9632\u8b77\u88dd\u5099\u548c\u5834\u5730\u6d88\u6bd2\u3002\u6b64\u5916\uff0c\u6211\u5011\u6703\u8207\u5834\u5730\u548c\u4f9b\u61c9\u5546\u5bc6\u5207\u5408\u4f5c\uff0c\u91dd\u5c0d\u60a8\u7684\u5a5a\u79ae\u5be6\u65bd\u7279\u5b9a\u7684\u5b89\u5168\u63aa\u65bd\u3002<\/p>\n<h4>15. <strong>\u5982\u4f55\u8b93\u6211\u7684\u5a5a\u59fb\u66f4\u6301\u4e45\uff1f<\/strong><\/h4>\n<p>\u4ee5\u4e0b\u662f\u4e00\u4e9b\u74b0\u4fdd\u5a5a\u79ae\u7684\u69cb\u60f3\uff1a<\/p>\n<ul>\n<li><strong>\u53ef\u91cd\u8907\u4f7f\u7528\u7684\u88dd\u98fe\u54c1\uff1a<\/strong> \u4f7f\u7528\u53ef\u91cd\u8907\u4f7f\u7528\u6216\u56de\u6536\u7684\u88dd\u98fe\u54c1\u3002<\/li>\n<li><strong><a href=\"https:\/\/chiarabevents.com\/zh\/%e6%8c%87%e5%8d%97%e5%92%8c%e6%8f%90%e7%a4%ba\/%e7%82%ba%e6%82%a8%e7%9a%84%e8%a5%bf%e8%a5%bf%e9%87%8c%e5%a9%9a%e7%a6%ae%e9%81%b8%e6%93%87%e5%ae%8c%e7%be%8e%e5%a9%9a%e5%ae%b4%e6%89%bf%e8%be%a6%e5%95%86%e7%9a%84%e7%a7%98%e8%a8%a3\/\">\u9910\u98f2\u670d\u52d9<\/a> \u7576\u5730\uff1a<\/strong> \u9078\u64c7\u4f7f\u7528\u7576\u5730\u548c\u5b63\u7bc0\u6027\u98df\u6750\u7684\u98df\u54c1\u4f9b\u61c9\u5546\u3002<\/li>\n<li><strong>\u6578\u4f4d\u9080\u8acb\u51fd\uff1a<\/strong> \u8003\u616e\u4f7f\u7528\u96fb\u5b50\u9080\u8acb\u51fd\u4f86\u6e1b\u5c11\u7d19\u5f35\u7684\u4f7f\u7528\u3002<\/li>\n<li><strong>\u5718\u7d50\u79ae\u7269\uff1a<\/strong> \u63d0\u4f9b\u652f\u6301\u6148\u5584\u4e8b\u696d\u7684\u7d50\u5a5a\u79ae\u7269\u3002<\/li>\n<\/ul>\n<h4>16. <strong>\u5728\u898f\u5283\u904e\u7a0b\u4e2d\uff0c\u6211\u53ef\u4ee5\u6539\u8b8a\u5c0d\u6d3b\u52d5\u7d30\u7bc0\u7684\u60f3\u6cd5\u55ce\uff1f<\/strong><\/h4>\n<p>\u662f\u7684\uff0c\u6211\u5011\u77ad\u89e3\u559c\u597d\u548c\u60c5\u6cc1\u53ef\u80fd\u6703\u767c\u751f\u8b8a\u5316\u3002\u6211\u5011\u5f88\u6709\u5f48\u6027\uff0c\u6703\u8207\u60a8\u4e00\u8d77\u66f4\u65b0\u8a08\u5283\uff0c\u4e26\u59cb\u7d42\u5bc6\u5207\u6ce8\u610f\u9810\u7b97\u548c\u6642\u9593\u5b89\u6392\u3002<\/p>\n<h4>17. <strong>\u60a8\u5c0d\u4e0d\u540c\u6587\u5316\u548c\u5b97\u6559\u7684\u5a5a\u59fb\u6709\u7d93\u9a57\u55ce\uff1f<\/strong><\/h4>\n<p>\u662f\u7684\uff0c\u6211\u5011\u8209\u8fa6\u904e\u4e0d\u540c\u6587\u5316\u548c\u5b97\u6559\u7684\u5a5a\u79ae\u3002\u6211\u5011\u5c0a\u91cd\u6bcf\u4f4d\u5ba2\u6236\u7368\u7279\u7684\u50b3\u7d71\uff0c\u4e26\u76e1\u6700\u5927\u52aa\u529b\u5c07\u9019\u4e9b\u7d30\u7bc0\u539f\u6c41\u539f\u5473\u5730\u878d\u5165\u5230\u6d3b\u52d5\u4e2d\u3002<\/p>\n<h4>18. <strong>\u60a8\u6700\u8fd1\u5728\u5a5a\u79ae\u4e0a\u770b\u5230\u4ec0\u9ebc\u8da8\u52e2\uff1f<\/strong><\/h4>\n<p>\u6700\u8fd1\u7684\u4e00\u4e9b\u8da8\u52e2\u5305\u62ec<\/p>\n<ul>\n<li><strong>\u89aa\u5bc6\u7684\u5a5a\u59fb\uff1a<\/strong> \u4f86\u8cd3\u540d\u55ae\u4e0d\u591a\u7684\u5c0f\u578b\u5a5a\u79ae\u3002<\/li>\n<li><strong>\u5927\u81bd\u7684\u984f\u8272\uff1a<\/strong> \u660e\u4eae\u7684\u8272\u8abf\uff0c\u5982\u7fe1\u7fe0\u7da0\u3001\u5bf6\u77f3\u7d05\u548c\u91d1\u8272\u3002<\/li>\n<li><strong>\u5929\u7136\u88dd\u98fe\u54c1\uff1a<\/strong> \u4f7f\u7528\u91ce\u82b1\u548c\u6709\u6a5f\u5143\u7d20\u88dd\u98fe\u7a7a\u9593\u3002<\/li>\n<li><strong>\u8cd3\u5ba2\u9ad4\u9a57\uff1a<\/strong> <a href=\"https:\/\/chiarabevents.com\/zh\/%e6%b4%bb%e5%8b%95\/\">\u6d3b\u52d5<\/a> \u70ba\u8cd3\u5ba2\u91cf\u8eab\u6253\u9020\u7684\u6d3b\u52d5\uff0c\u4f8b\u5982\u54c1\u9152\u6703\u548c\u73fe\u5834\u97f3\u6a02\u6703\u3002<\/li>\n<\/ul>\n<h4>19. <strong>\u4f60\u5011\u63d0\u4f9b\u7684\u5275\u610f\u8a2d\u8a08\u670d\u52d9\u662f\u5426\u8207\u898f\u5283\u670d\u52d9\u5206\u958b\uff1f<\/strong><\/h4>\n<p>\u662f\u7684\uff0c\u5373\u4f7f\u60a8\u4e0d\u9700\u8981\u5b8c\u6574\u7684\u898f\u5283\u670d\u52d9\uff0c\u6211\u5011\u7684\u8a2d\u8a08\u5718\u968a\u4e5f\u80fd\u70ba\u60a8\u6253\u9020\u5ba2\u88fd\u5316\u7684\u88dd\u6f62\u5c08\u6848\u3002\u6211\u5011\u53ef\u4ee5\u5e6b\u52a9\u60a8\u8a2d\u8a08\u4e3b\u984c\u3001\u984f\u8272\u3001\u4f48\u5c40\u548c\u88dd\u98fe\uff0c\u78ba\u4fdd\u5916\u89c0\u4e00\u81f4\u3002<\/p>\n<h4>20. <strong>ChiaraB Events \u8207\u5176\u4ed6\u5a5a\u79ae\u7b56\u5283\u516c\u53f8\u6709\u4f55\u4e0d\u540c\uff1f<\/strong><\/h4>\n<p>\u6211\u5011\u7684\u500b\u4eba\u5316\u3001\u6ce8\u91cd\u7d30\u7bc0\u7684\u65b9\u6cd5\u4f7f\u6211\u5011\u8207\u773e\u4e0d\u540c\u3002\u6211\u5011\u8207\u5ba2\u6236\u7dca\u5bc6\u5408\u4f5c\uff0c\u4ed4\u7d30\u8046\u807d\u4ed6\u5011\u7684\u559c\u597d\uff0c\u4e26\u70ba\u4ed6\u5011\u91cf\u8eab\u6253\u9020\u53cd\u6620\u5176\u9858\u666f\u7684\u8a08\u5283\u3002\u6b64\u5916\uff0c\u6211\u5011\u8c50\u5bcc\u7684\u7d93\u9a57\u548c\u503c\u5f97\u4fe1\u8cf4\u7684\u4f9b\u61c9\u5546\u7db2\u8def\uff0c\u8b93\u6211\u5011\u80fd\u5920\u63d0\u4f9b\u9ad8\u54c1\u8cea\u7684\u670d\u52d9\u548c\u5177\u5275\u610f\u7684\u89e3\u6c7a\u65b9\u6848\uff0c\u4ee5\u56e0\u61c9\u6bcf\u9805\u898f\u5283\u6311\u6230\u3002<\/p>","protected":false},"excerpt":{"rendered":"<p>FAQ &#8211; Domande Frequenti su ChiaraB Events 1. Perch\u00e9 dovrei assumere un wedding planner? Un wedding planner pu\u00f2 fare la differenza tra una giornata stressante e un evento perfettamente coordinato. Un planner professionista: Risparmia Tempo: Gestisce tutte le comunicazioni e le scadenze con i fornitori, consentendo a te di concentrarti su ci\u00f2 che \u00e8 pi\u00f9 importante. Riduce [&hellip;]<\/p>","protected":false},"author":2,"featured_media":0,"parent":0,"menu_order":0,"comment_status":"closed","ping_status":"closed","template":"","meta":{"footnotes":""},"class_list":["post-8082","page","type-page","status-publish","hentry"],"yoast_head":"<!-- This site is optimized with the Yoast SEO Premium plugin v21.8 (Yoast SEO v27.3) - https:\/\/yoast.com\/product\/yoast-seo-premium-wordpress\/ -->\n<title>FAQ - ChiaraB Events Wedding Planner<\/title>\n<meta name=\"description\" content=\"Trova le risposte alle domande pi\u00f9 comuni sul wedding planner, sui costi e sui suggerimenti per la programmazione del tuo giorno speciale.\" \/>\n<meta name=\"robots\" content=\"index, follow, max-snippet:-1, max-image-preview:large, max-video-preview:-1\" \/>\n<link rel=\"canonical\" href=\"https:\/\/chiarabevents.com\/zh\/\u5e38\u898b\u554f\u984c\/\" \/>\n<meta property=\"og:locale\" content=\"zh_HK\" \/>\n<meta property=\"og:type\" content=\"article\" \/>\n<meta property=\"og:title\" content=\"FAQ\" \/>\n<meta property=\"og:description\" content=\"Trova le risposte alle domande pi\u00f9 comuni sul wedding planner, sui costi e sui suggerimenti per la programmazione del tuo giorno speciale.\" \/>\n<meta property=\"og:url\" content=\"https:\/\/chiarabevents.com\/zh\/\u5e38\u898b\u554f\u984c\/\" \/>\n<meta property=\"og:site_name\" content=\"ChiaraB Events Wedding Planner\" \/>\n<meta property=\"article:publisher\" content=\"https:\/\/www.facebook.com\/chiarabevent\" \/>\n<meta property=\"article:modified_time\" content=\"2024-12-08T09:28:27+00:00\" \/>\n<meta name=\"twitter:card\" content=\"summary_large_image\" \/>\n<meta name=\"twitter:label1\" content=\"Est. reading time\" \/>\n\t<meta name=\"twitter:data1\" content=\"7 minutes\" \/>\n<script type=\"application\/ld+json\" class=\"yoast-schema-graph\">{\"@context\":\"https:\\\/\\\/schema.org\",\"@graph\":[{\"@type\":\"WebPage\",\"@id\":\"https:\\\/\\\/chiarabevents.com\\\/faq\\\/\",\"url\":\"https:\\\/\\\/chiarabevents.com\\\/faq\\\/\",\"name\":\"FAQ - ChiaraB Events Wedding Planner\",\"isPartOf\":{\"@id\":\"https:\\\/\\\/chiarabevents.com\\\/#website\"},\"datePublished\":\"2024-05-11T07:11:37+00:00\",\"dateModified\":\"2024-12-08T09:28:27+00:00\",\"description\":\"Trova le risposte alle domande pi\u00f9 comuni sul wedding planner, sui costi e sui suggerimenti per la programmazione del tuo giorno speciale.\",\"breadcrumb\":{\"@id\":\"https:\\\/\\\/chiarabevents.com\\\/faq\\\/#breadcrumb\"},\"inLanguage\":\"zh-HK\",\"potentialAction\":[{\"@type\":\"ReadAction\",\"target\":[\"https:\\\/\\\/chiarabevents.com\\\/faq\\\/\"]}]},{\"@type\":\"BreadcrumbList\",\"@id\":\"https:\\\/\\\/chiarabevents.com\\\/faq\\\/#breadcrumb\",\"itemListElement\":[{\"@type\":\"ListItem\",\"position\":1,\"name\":\"Home\",\"item\":\"https:\\\/\\\/chiarabevents.com\\\/\"},{\"@type\":\"ListItem\",\"position\":2,\"name\":\"FAQ\"}]},{\"@type\":\"WebSite\",\"@id\":\"https:\\\/\\\/chiarabevents.com\\\/#website\",\"url\":\"https:\\\/\\\/chiarabevents.com\\\/\",\"name\":\"ChiaraB Events Wedding Planner\",\"description\":\"Un meraviglioso percorso fatto insieme\",\"publisher\":{\"@id\":\"https:\\\/\\\/chiarabevents.com\\\/#organization\"},\"potentialAction\":[{\"@type\":\"SearchAction\",\"target\":{\"@type\":\"EntryPoint\",\"urlTemplate\":\"https:\\\/\\\/chiarabevents.com\\\/?s={search_term_string}\"},\"query-input\":{\"@type\":\"PropertyValueSpecification\",\"valueRequired\":true,\"valueName\":\"search_term_string\"}}],\"inLanguage\":\"zh-HK\"},{\"@type\":\"Organization\",\"@id\":\"https:\\\/\\\/chiarabevents.com\\\/#organization\",\"name\":\"ChiaraB Events Wedding Planner\",\"url\":\"https:\\\/\\\/chiarabevents.com\\\/\",\"logo\":{\"@type\":\"ImageObject\",\"inLanguage\":\"zh-HK\",\"@id\":\"https:\\\/\\\/chiarabevents.com\\\/#\\\/schema\\\/logo\\\/image\\\/\",\"url\":\"https:\\\/\\\/chiarabevents.com\\\/wp-content\\\/uploads\\\/2023\\\/12\\\/cropped-Monogramma_chiarab.png\",\"contentUrl\":\"https:\\\/\\\/chiarabevents.com\\\/wp-content\\\/uploads\\\/2023\\\/12\\\/cropped-Monogramma_chiarab.png\",\"width\":512,\"height\":512,\"caption\":\"ChiaraB Events Wedding Planner\"},\"image\":{\"@id\":\"https:\\\/\\\/chiarabevents.com\\\/#\\\/schema\\\/logo\\\/image\\\/\"},\"sameAs\":[\"https:\\\/\\\/www.facebook.com\\\/chiarabevent\",\"https:\\\/\\\/www.instagram.com\\\/chiarab_events\\\/\"]}]}<\/script>\n<!-- \/ Yoast SEO Premium plugin. -->","yoast_head_json":{"title":"\u5e38\u898b\u554f\u984c - ChiaraB Events \u5a5a\u79ae\u7b56\u5283\u5e2b","description":"\u5c0b\u627e\u6700\u5e38\u898b\u554f\u984c\u7684\u7b54\u6848\uff0c\u5305\u62ec\u5a5a\u79ae\u7b56\u5283\u5e2b\u3001\u8cbb\u7528\u4ee5\u53ca\u898f\u5283\u60a8\u7684\u7279\u5225\u65e5\u5b50\u7684\u79d8\u8a23\u3002","robots":{"index":"index","follow":"follow","max-snippet":"max-snippet:-1","max-image-preview":"max-image-preview:large","max-video-preview":"max-video-preview:-1"},"canonical":"https:\/\/chiarabevents.com\/zh\/\u5e38\u898b\u554f\u984c\/","og_locale":"zh_HK","og_type":"article","og_title":"FAQ","og_description":"Trova le risposte alle domande pi\u00f9 comuni sul wedding planner, sui costi e sui suggerimenti per la programmazione del tuo giorno speciale.","og_url":"https:\/\/chiarabevents.com\/zh\/\u5e38\u898b\u554f\u984c\/","og_site_name":"ChiaraB Events Wedding Planner","article_publisher":"https:\/\/www.facebook.com\/chiarabevent","article_modified_time":"2024-12-08T09:28:27+00:00","twitter_card":"summary_large_image","twitter_misc":{"Est. reading time":"7 minutes"},"schema":{"@context":"https:\/\/schema.org","@graph":[{"@type":"WebPage","@id":"https:\/\/chiarabevents.com\/faq\/","url":"https:\/\/chiarabevents.com\/faq\/","name":"\u5e38\u898b\u554f\u984c - ChiaraB Events \u5a5a\u79ae\u7b56\u5283\u5e2b","isPartOf":{"@id":"https:\/\/chiarabevents.com\/#website"},"datePublished":"2024-05-11T07:11:37+00:00","dateModified":"2024-12-08T09:28:27+00:00","description":"\u5c0b\u627e\u6700\u5e38\u898b\u554f\u984c\u7684\u7b54\u6848\uff0c\u5305\u62ec\u5a5a\u79ae\u7b56\u5283\u5e2b\u3001\u8cbb\u7528\u4ee5\u53ca\u898f\u5283\u60a8\u7684\u7279\u5225\u65e5\u5b50\u7684\u79d8\u8a23\u3002","breadcrumb":{"@id":"https:\/\/chiarabevents.com\/faq\/#breadcrumb"},"inLanguage":"zh-HK","potentialAction":[{"@type":"ReadAction","target":["https:\/\/chiarabevents.com\/faq\/"]}]},{"@type":"BreadcrumbList","@id":"https:\/\/chiarabevents.com\/faq\/#breadcrumb","itemListElement":[{"@type":"ListItem","position":1,"name":"Home","item":"https:\/\/chiarabevents.com\/"},{"@type":"ListItem","position":2,"name":"FAQ"}]},{"@type":"WebSite","@id":"https:\/\/chiarabevents.com\/#website","url":"https:\/\/chiarabevents.com\/","name":"ChiaraB Events \u5a5a\u79ae\u7b56\u5283\u5e2b","description":"\u5171\u5ea6\u7f8e\u597d\u65c5\u7a0b","publisher":{"@id":"https:\/\/chiarabevents.com\/#organization"},"potentialAction":[{"@type":"SearchAction","target":{"@type":"EntryPoint","urlTemplate":"https:\/\/chiarabevents.com\/?s={search_term_string}"},"query-input":{"@type":"PropertyValueSpecification","valueRequired":true,"valueName":"search_term_string"}}],"inLanguage":"zh-HK"},{"@type":"Organization","@id":"https:\/\/chiarabevents.com\/#organization","name":"ChiaraB Events \u5a5a\u79ae\u7b56\u5283\u5e2b","url":"https:\/\/chiarabevents.com\/","logo":{"@type":"ImageObject","inLanguage":"zh-HK","@id":"https:\/\/chiarabevents.com\/#\/schema\/logo\/image\/","url":"https:\/\/chiarabevents.com\/wp-content\/uploads\/2023\/12\/cropped-Monogramma_chiarab.png","contentUrl":"https:\/\/chiarabevents.com\/wp-content\/uploads\/2023\/12\/cropped-Monogramma_chiarab.png","width":512,"height":512,"caption":"ChiaraB Events Wedding Planner"},"image":{"@id":"https:\/\/chiarabevents.com\/#\/schema\/logo\/image\/"},"sameAs":["https:\/\/www.facebook.com\/chiarabevent","https:\/\/www.instagram.com\/chiarab_events\/"]}]}},"_links":{"self":[{"href":"https:\/\/chiarabevents.com\/zh\/wp-json\/wp\/v2\/pages\/8082","targetHints":{"allow":["GET"]}}],"collection":[{"href":"https:\/\/chiarabevents.com\/zh\/wp-json\/wp\/v2\/pages"}],"about":[{"href":"https:\/\/chiarabevents.com\/zh\/wp-json\/wp\/v2\/types\/page"}],"author":[{"embeddable":true,"href":"https:\/\/chiarabevents.com\/zh\/wp-json\/wp\/v2\/users\/2"}],"replies":[{"embeddable":true,"href":"https:\/\/chiarabevents.com\/zh\/wp-json\/wp\/v2\/comments?post=8082"}],"version-history":[{"count":0,"href":"https:\/\/chiarabevents.com\/zh\/wp-json\/wp\/v2\/pages\/8082\/revisions"}],"wp:attachment":[{"href":"https:\/\/chiarabevents.com\/zh\/wp-json\/wp\/v2\/media?parent=8082"}],"curies":[{"name":"wp","href":"https:\/\/api.w.org\/{rel}","templated":true}]}}